{"id":883,"date":"2024-11-06T13:20:13","date_gmt":"2024-11-06T12:20:13","guid":{"rendered":"https:\/\/mariluxe-beauty.ch\/?page_id=883"},"modified":"2025-06-25T11:52:43","modified_gmt":"2025-06-25T09:52:43","slug":"haarentfernung","status":"publish","type":"page","link":"https:\/\/mariluxe-beauty.ch\/it\/haarentfernung\/","title":{"rendered":"Depilazione"},"content":{"rendered":"<div data-elementor-type=\"wp-page\" data-elementor-id=\"883\" class=\"elementor elementor-883\" data-elementor-post-type=\"page\">\n\t\t\t\t<div class=\"elementor-element elementor-element-dc1362d e-flex e-con-boxed e-con e-parent\" data-id=\"dc1362d\" data-element_type=\"container\" data-e-type=\"container\">\n\t\t\t\t\t<div class=\"e-con-inner\">\n\t\t\t\t<div class=\"elementor-element elementor-element-0eb7c21 elementor-widget elementor-widget-spacer\" data-id=\"0eb7c21\" data-element_type=\"widget\" data-e-type=\"widget\" data-widget_type=\"spacer.default\">\n\t\t\t\t<div class=\"elementor-widget-container\">\n\t\t\t\t\t\t\t<div class=\"elementor-spacer\">\n\t\t\t<div class=\"elementor-spacer-inner\"><\/div>\n\t\t<\/div>\n\t\t\t\t\t\t<\/div>\n\t\t\t\t<\/div>\n\t\t\t\t<div class=\"elementor-element elementor-element-eef1104 elementor-widget elementor-widget-heading\" data-id=\"eef1104\" data-element_type=\"widget\" data-e-type=\"widget\" data-widget_type=\"heading.default\">\n\t\t\t\t<div class=\"elementor-widget-container\">\n\t\t\t\t\t<h1 class=\"elementor-heading-title elementor-size-default\">Depilazione<\/h1>\t\t\t\t<\/div>\n\t\t\t\t<\/div>\n\t\t\t\t<div class=\"elementor-element elementor-element-303512f elementor-widget elementor-widget-spacer\" data-id=\"303512f\" data-element_type=\"widget\" data-e-type=\"widget\" data-widget_type=\"spacer.default\">\n\t\t\t\t<div class=\"elementor-widget-container\">\n\t\t\t\t\t\t\t<div class=\"elementor-spacer\">\n\t\t\t<div class=\"elementor-spacer-inner\"><\/div>\n\t\t<\/div>\n\t\t\t\t\t\t<\/div>\n\t\t\t\t<\/div>\n\t\t\t\t<div class=\"elementor-element elementor-element-dd19508 elementor-widget elementor-widget-heading\" data-id=\"dd19508\" data-element_type=\"widget\" data-e-type=\"widget\" data-widget_type=\"heading.default\">\n\t\t\t\t<div class=\"elementor-widget-container\">\n\t\t\t\t\t<h2 class=\"elementor-heading-title elementor-size-default\">Pelle liscia grazie alle tecniche di ceretta professionale<\/h2>\t\t\t\t<\/div>\n\t\t\t\t<\/div>\n\t\t\t\t<div class=\"elementor-element elementor-element-fc428fa elementor-widget elementor-widget-spacer\" data-id=\"fc428fa\" data-element_type=\"widget\" data-e-type=\"widget\" data-widget_type=\"spacer.default\">\n\t\t\t\t<div class=\"elementor-widget-container\">\n\t\t\t\t\t\t\t<div class=\"elementor-spacer\">\n\t\t\t<div class=\"elementor-spacer-inner\"><\/div>\n\t\t<\/div>\n\t\t\t\t\t\t<\/div>\n\t\t\t\t<\/div>\n\t\t\t\t<div class=\"elementor-element elementor-element-8780db6 elementor-widget elementor-widget-text-editor\" data-id=\"8780db6\" data-element_type=\"widget\" data-e-type=\"widget\" data-widget_type=\"text-editor.default\">\n\t\t\t\t<div class=\"elementor-widget-container\">\n\t\t\t\t\t\t\t\t\t<p>Da MariLuxe Beauty offro un metodo di depilazione efficace e duraturo: la ceretta. A differenza dei metodi tradizionali di depilazione, la ceretta garantisce una pelle liscia e setosa pi\u00f9 a lungo, poich\u00e9 il pelo viene rimosso insieme alla radice. Ci\u00f2 si traduce in una minore quantit\u00e0 di peli, in una minore irritazione della pelle e in una pelle liscia che dura fino a quattro settimane.<\/p>\t\t\t\t\t\t\t\t<\/div>\n\t\t\t\t<\/div>\n\t\t\t\t<div class=\"elementor-element elementor-element-b570e76 elementor-align-center elementor-widget elementor-widget-button\" data-id=\"b570e76\" data-element_type=\"widget\" data-e-type=\"widget\" data-widget_type=\"button.default\">\n\t\t\t\t<div class=\"elementor-widget-container\">\n\t\t\t\t\t\t\t\t\t<div class=\"elementor-button-wrapper\">\n\t\t\t\t\t<a class=\"elementor-button elementor-button-link elementor-size-sm\" href=\"http:\/\/sumupbookings.com\/mariluxe-beauty\" target=\"_blank\" rel=\"noopener\">\n\t\t\t\t\t\t<span class=\"elementor-button-content-wrapper\">\n\t\t\t\t\t\t\t\t\t<span class=\"elementor-button-text\">Prenota un appuntamento<\/span>\n\t\t\t\t\t<\/span>\n\t\t\t\t\t<\/a>\n\t\t\t\t<\/div>\n\t\t\t\t\t\t\t\t<\/div>\n\t\t\t\t<\/div>\n\t\t\t\t<div class=\"elementor-element elementor-element-5175f1d elementor-widget elementor-widget-spacer\" data-id=\"5175f1d\" data-element_type=\"widget\" data-e-type=\"widget\" data-widget_type=\"spacer.default\">\n\t\t\t\t<div class=\"elementor-widget-container\">\n\t\t\t\t\t\t\t<div class=\"elementor-spacer\">\n\t\t\t<div class=\"elementor-spacer-inner\"><\/div>\n\t\t<\/div>\n\t\t\t\t\t\t<\/div>\n\t\t\t\t<\/div>\n\t\t\t\t\t<\/div>\n\t\t\t\t<\/div>\n\t\t<div class=\"elementor-element elementor-element-f96f1fa e-flex e-con-boxed e-con e-parent\" data-id=\"f96f1fa\" data-element_type=\"container\" data-e-type=\"container\" data-settings=\"{&quot;background_background&quot;:&quot;classic&quot;}\">\n\t\t\t\t\t<div class=\"e-con-inner\">\n\t\t\t\t<div class=\"elementor-element elementor-element-4e611f6 elementor-widget elementor-widget-spacer\" data-id=\"4e611f6\" data-element_type=\"widget\" data-e-type=\"widget\" data-widget_type=\"spacer.default\">\n\t\t\t\t<div class=\"elementor-widget-container\">\n\t\t\t\t\t\t\t<div class=\"elementor-spacer\">\n\t\t\t<div class=\"elementor-spacer-inner\"><\/div>\n\t\t<\/div>\n\t\t\t\t\t\t<\/div>\n\t\t\t\t<\/div>\n\t\t\t\t<div class=\"elementor-element elementor-element-1d26b66 elementor-widget elementor-widget-heading\" data-id=\"1d26b66\" data-element_type=\"widget\" data-e-type=\"widget\" data-widget_type=\"heading.default\">\n\t\t\t\t<div class=\"elementor-widget-container\">\n\t\t\t\t\t<h2 class=\"elementor-heading-title elementor-size-default\">Perch\u00e9 fare la ceretta? I vantaggi in sintesi<\/h2>\t\t\t\t<\/div>\n\t\t\t\t<\/div>\n\t\t\t\t<div class=\"elementor-element elementor-element-ac4fd2a elementor-widget elementor-widget-text-editor\" data-id=\"ac4fd2a\" data-element_type=\"widget\" data-e-type=\"widget\" data-widget_type=\"text-editor.default\">\n\t\t\t\t<div class=\"elementor-widget-container\">\n\t\t\t\t\t\t\t\t\t<p>La ceretta \u00e8 uno dei metodi di depilazione pi\u00f9 diffusi perch\u00e9 offre molti vantaggi rispetto alla rasatura. Rimuovendo il pelo alla radice, i peli ricrescono pi\u00f9 fini e pi\u00f9 lentamente. Una ceretta regolare pu\u00f2 addirittura portare a una riduzione complessiva della crescita dei peli. Inoltre, questo metodo non provoca urti da rasoio o irritazioni della pelle, che spesso si verificano quando si usa il rasoio.<\/p>\t\t\t\t\t\t\t\t<\/div>\n\t\t\t\t<\/div>\n\t\t\t\t<div class=\"elementor-element elementor-element-faeeb4f elementor-widget elementor-widget-spacer\" data-id=\"faeeb4f\" data-element_type=\"widget\" data-e-type=\"widget\" data-widget_type=\"spacer.default\">\n\t\t\t\t<div class=\"elementor-widget-container\">\n\t\t\t\t\t\t\t<div class=\"elementor-spacer\">\n\t\t\t<div class=\"elementor-spacer-inner\"><\/div>\n\t\t<\/div>\n\t\t\t\t\t\t<\/div>\n\t\t\t\t<\/div>\n\t\t\t\t<div class=\"elementor-element elementor-element-523f3ef elementor-widget elementor-widget-image\" data-id=\"523f3ef\" data-element_type=\"widget\" data-e-type=\"widget\" data-widget_type=\"image.default\">\n\t\t\t\t<div class=\"elementor-widget-container\">\n\t\t\t\t\t\t\t\t\t\t\t\t\t\t\t<img decoding=\"async\" src=\"https:\/\/mariluxe-beauty.ch\/wp-content\/uploads\/2024\/11\/Wachsen.jpg\" title=\"\" alt=\"\" loading=\"lazy\" \/>\t\t\t\t\t\t\t\t\t\t\t\t\t\t\t<\/div>\n\t\t\t\t<\/div>\n\t\t\t\t<div class=\"elementor-element elementor-element-29792e8 elementor-widget elementor-widget-spacer\" data-id=\"29792e8\" data-element_type=\"widget\" data-e-type=\"widget\" data-widget_type=\"spacer.default\">\n\t\t\t\t<div class=\"elementor-widget-container\">\n\t\t\t\t\t\t\t<div class=\"elementor-spacer\">\n\t\t\t<div class=\"elementor-spacer-inner\"><\/div>\n\t\t<\/div>\n\t\t\t\t\t\t<\/div>\n\t\t\t\t<\/div>\n\t\t\t\t\t<\/div>\n\t\t\t\t<\/div>\n\t\t<div class=\"elementor-element elementor-element-9151233 e-flex e-con-boxed e-con e-parent\" data-id=\"9151233\" data-element_type=\"container\" data-e-type=\"container\">\n\t\t\t\t\t<div class=\"e-con-inner\">\n\t\t\t\t<div class=\"elementor-element elementor-element-497f77d elementor-widget elementor-widget-spacer\" data-id=\"497f77d\" data-element_type=\"widget\" data-e-type=\"widget\" data-widget_type=\"spacer.default\">\n\t\t\t\t<div class=\"elementor-widget-container\">\n\t\t\t\t\t\t\t<div class=\"elementor-spacer\">\n\t\t\t<div class=\"elementor-spacer-inner\"><\/div>\n\t\t<\/div>\n\t\t\t\t\t\t<\/div>\n\t\t\t\t<\/div>\n\t\t\t\t<div class=\"elementor-element elementor-element-4543860 elementor-widget elementor-widget-heading\" data-id=\"4543860\" data-element_type=\"widget\" data-e-type=\"widget\" data-widget_type=\"heading.default\">\n\t\t\t\t<div class=\"elementor-widget-container\">\n\t\t\t\t\t<h2 class=\"elementor-heading-title elementor-size-default\">I miei servizi di ceretta: Pelle liscia dalla testa ai piedi<\/h2>\t\t\t\t<\/div>\n\t\t\t\t<\/div>\n\t\t\t\t<div class=\"elementor-element elementor-element-d672137 elementor-widget elementor-widget-text-editor\" data-id=\"d672137\" data-element_type=\"widget\" data-e-type=\"widget\" data-widget_type=\"text-editor.default\">\n\t\t\t\t<div class=\"elementor-widget-container\">\n\t\t\t\t\t\t\t\t\t<p>Offro la depilazione con la cera per diverse zone del corpo, in modo che tu possa sentirti completamente a tuo agio. Ecco le aree che puoi trattare da me:<\/p><ul><li><span style=\"text-decoration: underline;\"><strong>Braccia:<\/strong><\/span> Le braccia lisce sono un must per molte persone, soprattutto nei mesi estivi, quando maniche corte e top senza maniche sono all'ordine del giorno. Con la ceretta alle braccia, la pelle rimane libera da peli e liscia. La ceretta in questa zona \u00e8 rapida ed efficace e i risultati durano per diverse settimane.<\/li><\/ul><div>\u00a0<\/div><ul><li><span style=\"text-decoration: underline;\"><strong>Gambe:<\/strong><\/span> La ceretta alle gambe \u00e8 uno dei trattamenti pi\u00f9 popolari e permette di avere gambe lisce pi\u00f9 a lungo. Indipendentemente dal fatto che si voglia fare la ceretta solo alla parte inferiore delle gambe o a tutta la gamba, la rimozione dei peli alla radice mantiene la pelle liscia e curata pi\u00f9 a lungo. La ceretta alle gambe \u00e8 un'opzione particolarmente apprezzata durante la stagione balneare, che consente di sentirsi completamente a proprio agio e pronte per gli outfit estivi in qualsiasi momento.<\/li><\/ul><div>\u00a0<\/div><ul><li><strong><span style=\"text-decoration: underline;\">Ascelle:<\/span>\u00a0<\/strong>La ceretta ascellare non \u00e8 solo igienica, ma garantisce anche un aspetto curato. La depilazione con la cera mantiene le ascelle lisce e fresche pi\u00f9 a lungo. La rasatura spesso provoca piccoli brufoli o irritazioni della pelle, che possono essere evitate con trattamenti regolari di ceretta. Dopo alcuni trattamenti, i peli diventano spesso pi\u00f9 fini e ricrescono pi\u00f9 lentamente.<\/li><\/ul><div>\u00a0<\/div><ul><li><p><span style=\"text-decoration: underline;\"><strong>Naso:<\/strong><\/span> La ceretta al naso \u00e8 un metodo relativamente sconosciuto ma molto efficace per rimuovere i piccoli peli dal naso. Questo trattamento permette di far scomparire i peli del naso visibili e di ottenere un aspetto curato. La ceretta al naso viene eseguita in modo delicato e sicuro, per cui il disagio \u00e8 minimo. \u00c8 una soluzione rapida ed efficace che consente di ottenere un aspetto curato per diverse settimane.<\/p><\/li><\/ul>\t\t\t\t\t\t\t\t<\/div>\n\t\t\t\t<\/div>\n\t\t\t\t<div class=\"elementor-element elementor-element-6e3e6ce elementor-align-center elementor-widget elementor-widget-button\" data-id=\"6e3e6ce\" data-element_type=\"widget\" data-e-type=\"widget\" data-widget_type=\"button.default\">\n\t\t\t\t<div class=\"elementor-widget-container\">\n\t\t\t\t\t\t\t\t\t<div class=\"elementor-button-wrapper\">\n\t\t\t\t\t<a class=\"elementor-button elementor-button-link elementor-size-sm\" href=\"http:\/\/sumupbookings.com\/mariluxe-beauty\" target=\"_blank\" rel=\"noopener\">\n\t\t\t\t\t\t<span class=\"elementor-button-content-wrapper\">\n\t\t\t\t\t\t\t\t\t<span class=\"elementor-button-text\">Prenota un appuntamento<\/span>\n\t\t\t\t\t<\/span>\n\t\t\t\t\t<\/a>\n\t\t\t\t<\/div>\n\t\t\t\t\t\t\t\t<\/div>\n\t\t\t\t<\/div>\n\t\t\t\t<div class=\"elementor-element elementor-element-46670f7 elementor-widget elementor-widget-spacer\" data-id=\"46670f7\" data-element_type=\"widget\" data-e-type=\"widget\" data-widget_type=\"spacer.default\">\n\t\t\t\t<div class=\"elementor-widget-container\">\n\t\t\t\t\t\t\t<div class=\"elementor-spacer\">\n\t\t\t<div class=\"elementor-spacer-inner\"><\/div>\n\t\t<\/div>\n\t\t\t\t\t\t<\/div>\n\t\t\t\t<\/div>\n\t\t\t\t\t<\/div>\n\t\t\t\t<\/div>\n\t\t<div class=\"elementor-element elementor-element-a9ffef8 e-flex e-con-boxed e-con e-parent\" data-id=\"a9ffef8\" data-element_type=\"container\" data-e-type=\"container\" data-settings=\"{&quot;background_background&quot;:&quot;classic&quot;}\">\n\t\t\t\t\t<div class=\"e-con-inner\">\n\t\t\t\t<div class=\"elementor-element elementor-element-7b3c74e elementor-widget elementor-widget-spacer\" data-id=\"7b3c74e\" data-element_type=\"widget\" data-e-type=\"widget\" data-widget_type=\"spacer.default\">\n\t\t\t\t<div class=\"elementor-widget-container\">\n\t\t\t\t\t\t\t<div class=\"elementor-spacer\">\n\t\t\t<div class=\"elementor-spacer-inner\"><\/div>\n\t\t<\/div>\n\t\t\t\t\t\t<\/div>\n\t\t\t\t<\/div>\n\t\t\t\t<div class=\"elementor-element elementor-element-fd6d106 elementor-widget elementor-widget-heading\" data-id=\"fd6d106\" data-element_type=\"widget\" data-e-type=\"widget\" data-widget_type=\"heading.default\">\n\t\t\t\t<div class=\"elementor-widget-container\">\n\t\t\t\t\t<h2 class=\"elementor-heading-title elementor-size-default\">Il processo di ceratura: passo dopo passo<\/h2>\t\t\t\t<\/div>\n\t\t\t\t<\/div>\n\t\t\t\t<div class=\"elementor-element elementor-element-06c66e7 elementor-widget elementor-widget-text-editor\" data-id=\"06c66e7\" data-element_type=\"widget\" data-e-type=\"widget\" data-widget_type=\"text-editor.default\">\n\t\t\t\t<div class=\"elementor-widget-container\">\n\t\t\t\t\t\t\t\t\t<p>Per me \u00e8 molto importante che i miei clienti si sentano a proprio agio e si godano il trattamento. Ecco una panoramica dello svolgimento tipico di un trattamento di ceretta:<\/p><ul><li><span style=\"text-decoration: underline;\"><strong>Preparazione della pelle:<\/strong><\/span> Prima della ceretta preparo accuratamente la pelle. Questo include la pulizia e la disinfezione dell'area di trattamento per garantire una buona aderenza della cera e un risultato ottimale. Mi assicuro che la pelle sia priva di oli o creme, in modo che la cera possa essere applicata in modo uniforme.<br \/><br \/><\/li><li>\u00a0<strong><span style=\"text-decoration: underline;\">Applicazione della cera:<\/span>\u00a0<\/strong>La cera viene applicata sulla zona della pelle desiderata. A seconda del tipo di pelle e della sensibilit\u00e0, utilizzo cera calda o dura, appositamente sviluppata per una depilazione delicata ed efficace. La cera aderisce al pelo e ne garantisce l'eliminazione alla radice.<\/li><\/ul><p>\u00a0<\/p><ul><li><span style=\"text-decoration: underline;\"><strong>Rimozione dei peli:<\/strong><\/span> Una volta che la cera si \u00e8 asciugata sulla pelle, viene rimossa con un unico rapido movimento. Questa operazione pu\u00f2 risultare un po' fastidiosa su aree sensibili come il naso o le ascelle, ma l'effetto vale il breve disagio. Una volta rimossa la cera, la pelle risulta immediatamente pi\u00f9 liscia e confortevole.<\/li><\/ul><p>\u00a0<\/p><ul><li><span style=\"text-decoration: underline;\"><strong>Trattamento successivo della pelle:<\/strong><\/span> Dopo la ceretta, la pelle viene trattata con prodotti lenitivi per ridurre al minimo gli arrossamenti e prevenire le irritazioni. Utilizzo prodotti di alta qualit\u00e0 e rispettosi della pelle, che la idratano e la aiutano a riprendersi rapidamente. In questo modo la pelle risulta morbida, liscia e priva di irritazioni.<\/li><\/ul>\t\t\t\t\t\t\t\t<\/div>\n\t\t\t\t<\/div>\n\t\t\t\t<div class=\"elementor-element elementor-element-b2c7458 elementor-widget elementor-widget-spacer\" data-id=\"b2c7458\" data-element_type=\"widget\" data-e-type=\"widget\" data-widget_type=\"spacer.default\">\n\t\t\t\t<div class=\"elementor-widget-container\">\n\t\t\t\t\t\t\t<div class=\"elementor-spacer\">\n\t\t\t<div class=\"elementor-spacer-inner\"><\/div>\n\t\t<\/div>\n\t\t\t\t\t\t<\/div>\n\t\t\t\t<\/div>\n\t\t\t\t<div class=\"elementor-element elementor-element-6640622 elementor-widget elementor-widget-image\" data-id=\"6640622\" data-element_type=\"widget\" data-e-type=\"widget\" data-widget_type=\"image.default\">\n\t\t\t\t<div class=\"elementor-widget-container\">\n\t\t\t\t\t\t\t\t\t\t\t\t\t\t\t<img decoding=\"async\" src=\"https:\/\/mariluxe-beauty.ch\/wp-content\/uploads\/2024\/11\/Wachsen-gesicht.jpg\" title=\"\" alt=\"\" loading=\"lazy\" \/>\t\t\t\t\t\t\t\t\t\t\t\t\t\t\t<\/div>\n\t\t\t\t<\/div>\n\t\t\t\t<div class=\"elementor-element elementor-element-521b71c elementor-widget elementor-widget-spacer\" data-id=\"521b71c\" data-element_type=\"widget\" data-e-type=\"widget\" data-widget_type=\"spacer.default\">\n\t\t\t\t<div class=\"elementor-widget-container\">\n\t\t\t\t\t\t\t<div class=\"elementor-spacer\">\n\t\t\t<div class=\"elementor-spacer-inner\"><\/div>\n\t\t<\/div>\n\t\t\t\t\t\t<\/div>\n\t\t\t\t<\/div>\n\t\t\t\t\t<\/div>\n\t\t\t\t<\/div>\n\t\t<div class=\"elementor-element elementor-element-82ba10e e-flex e-con-boxed e-con e-parent\" data-id=\"82ba10e\" data-element_type=\"container\" data-e-type=\"container\">\n\t\t\t\t\t<div class=\"e-con-inner\">\n\t\t\t\t<div class=\"elementor-element elementor-element-952161b elementor-widget elementor-widget-spacer\" data-id=\"952161b\" data-element_type=\"widget\" data-e-type=\"widget\" data-widget_type=\"spacer.default\">\n\t\t\t\t<div class=\"elementor-widget-container\">\n\t\t\t\t\t\t\t<div class=\"elementor-spacer\">\n\t\t\t<div class=\"elementor-spacer-inner\"><\/div>\n\t\t<\/div>\n\t\t\t\t\t\t<\/div>\n\t\t\t\t<\/div>\n\t\t\t\t<div class=\"elementor-element elementor-element-34ebbf2 elementor-widget elementor-widget-heading\" data-id=\"34ebbf2\" data-element_type=\"widget\" data-e-type=\"widget\" data-widget_type=\"heading.default\">\n\t\t\t\t<div class=\"elementor-widget-container\">\n\t\t\t\t\t<h2 class=\"elementor-heading-title elementor-size-default\">Consigli per la cura dopo la ceretta<\/h2>\t\t\t\t<\/div>\n\t\t\t\t<\/div>\n\t\t\t\t<div class=\"elementor-element elementor-element-24a4060 elementor-widget elementor-widget-text-editor\" data-id=\"24a4060\" data-element_type=\"widget\" data-e-type=\"widget\" data-widget_type=\"text-editor.default\">\n\t\t\t\t<div class=\"elementor-widget-container\">\n\t\t\t\t\t\t\t\t\t<p>Per ottenere i migliori risultati dopo la ceretta, \u00e8 necessario seguire alcuni consigli:<\/p><ul><li>Evita di esporre la pelle alla luce del sole subito dopo il trattamento, perch\u00e9 potrebbe irritarla.<\/li><\/ul><div>\u00a0<\/div><ul><li>Indossa abiti larghi per evitare l'attrito sulla pelle appena depilata.<\/li><\/ul><div>\u00a0<\/div><ul><li>Evita docce molto calde, saune o attivit\u00e0 sportive intense per le prime 24 ore.<\/li><\/ul><div>\u00a0<\/div><ul><li>Mantieni la pelle idratata applicando regolarmente una crema idratante delicata.<\/li><\/ul>\t\t\t\t\t\t\t\t<\/div>\n\t\t\t\t<\/div>\n\t\t\t\t<div class=\"elementor-element elementor-element-4bbc914 elementor-widget elementor-widget-spacer\" data-id=\"4bbc914\" data-element_type=\"widget\" data-e-type=\"widget\" data-widget_type=\"spacer.default\">\n\t\t\t\t<div class=\"elementor-widget-container\">\n\t\t\t\t\t\t\t<div class=\"elementor-spacer\">\n\t\t\t<div class=\"elementor-spacer-inner\"><\/div>\n\t\t<\/div>\n\t\t\t\t\t\t<\/div>\n\t\t\t\t<\/div>\n\t\t\t\t\t<\/div>\n\t\t\t\t<\/div>\n\t\t<div class=\"elementor-element elementor-element-e6248de e-flex e-con-boxed e-con e-parent\" data-id=\"e6248de\" data-element_type=\"container\" data-e-type=\"container\" data-settings=\"{&quot;background_background&quot;:&quot;classic&quot;}\">\n\t\t\t\t\t<div class=\"e-con-inner\">\n\t\t\t\t<div class=\"elementor-element elementor-element-478b54a elementor-widget elementor-widget-spacer\" data-id=\"478b54a\" data-element_type=\"widget\" data-e-type=\"widget\" data-widget_type=\"spacer.default\">\n\t\t\t\t<div class=\"elementor-widget-container\">\n\t\t\t\t\t\t\t<div class=\"elementor-spacer\">\n\t\t\t<div class=\"elementor-spacer-inner\"><\/div>\n\t\t<\/div>\n\t\t\t\t\t\t<\/div>\n\t\t\t\t<\/div>\n\t\t\t\t<div class=\"elementor-element elementor-element-4c786d3 elementor-widget elementor-widget-heading\" data-id=\"4c786d3\" data-element_type=\"widget\" data-e-type=\"widget\" data-widget_type=\"heading.default\">\n\t\t\t\t<div class=\"elementor-widget-container\">\n\t\t\t\t\t<h2 class=\"elementor-heading-title elementor-size-default\">Perch\u00e9 fare la ceretta da me?<\/h2>\t\t\t\t<\/div>\n\t\t\t\t<\/div>\n\t\t\t\t<div class=\"elementor-element elementor-element-53e68bc elementor-widget elementor-widget-text-editor\" data-id=\"53e68bc\" data-element_type=\"widget\" data-e-type=\"widget\" data-widget_type=\"text-editor.default\">\n\t\t\t\t<div class=\"elementor-widget-container\">\n\t\t\t\t\t\t\t\t\t<p>Do molta importanza all'igiene, alla professionalit\u00e0 e al benessere dei miei clienti. Ogni trattamento viene eseguito con la massima cura e utilizzo solo prodotti di alta qualit\u00e0, adatti a tutti i tipi di pelle. Con me, la ceretta \u00e8 una certezza di essere in mani sicure e di ottenere i migliori risultati possibili. Il mio obiettivo \u00e8 farti sentire completamente a tuo agio e ben curata.<\/p>\t\t\t\t\t\t\t\t<\/div>\n\t\t\t\t<\/div>\n\t\t\t\t<div class=\"elementor-element elementor-element-b685155 elementor-widget elementor-widget-text-editor\" data-id=\"b685155\" data-element_type=\"widget\" data-e-type=\"widget\" data-widget_type=\"text-editor.default\">\n\t\t\t\t<div class=\"elementor-widget-container\">\n\t\t\t\t\t\t\t\t\t<p>Scegli una depilazione professionale non solo efficace ma anche delicata per la vostra pelle. Non vedo l'ora di utilizzare le mie conoscenze e la mia esperienza per offrirti una piacevole esperienza di ceretta che lasci la tua pelle liscia e bella.<\/p>\t\t\t\t\t\t\t\t<\/div>\n\t\t\t\t<\/div>\n\t\t\t\t<div class=\"elementor-element elementor-element-8da541f elementor-widget elementor-widget-spacer\" data-id=\"8da541f\" data-element_type=\"widget\" data-e-type=\"widget\" data-widget_type=\"spacer.default\">\n\t\t\t\t<div class=\"elementor-widget-container\">\n\t\t\t\t\t\t\t<div class=\"elementor-spacer\">\n\t\t\t<div class=\"elementor-spacer-inner\"><\/div>\n\t\t<\/div>\n\t\t\t\t\t\t<\/div>\n\t\t\t\t<\/div>\n\t\t\t\t<div class=\"elementor-element elementor-element-ceebeeb elementor-align-center elementor-widget elementor-widget-button\" data-id=\"ceebeeb\" data-element_type=\"widget\" data-e-type=\"widget\" data-widget_type=\"button.default\">\n\t\t\t\t<div class=\"elementor-widget-container\">\n\t\t\t\t\t\t\t\t\t<div class=\"elementor-button-wrapper\">\n\t\t\t\t\t<a class=\"elementor-button elementor-button-link elementor-size-sm\" href=\"http:\/\/sumupbookings.com\/mariluxe-beauty\" target=\"_blank\" rel=\"noopener\">\n\t\t\t\t\t\t<span class=\"elementor-button-content-wrapper\">\n\t\t\t\t\t\t\t\t\t<span class=\"elementor-button-text\">Prenota un appuntamento<\/span>\n\t\t\t\t\t<\/span>\n\t\t\t\t\t<\/a>\n\t\t\t\t<\/div>\n\t\t\t\t\t\t\t\t<\/div>\n\t\t\t\t<\/div>\n\t\t\t\t<div class=\"elementor-element elementor-element-a9f4ce7 elementor-widget elementor-widget-spacer\" data-id=\"a9f4ce7\" data-element_type=\"widget\" data-e-type=\"widget\" data-widget_type=\"spacer.default\">\n\t\t\t\t<div class=\"elementor-widget-container\">\n\t\t\t\t\t\t\t<div class=\"elementor-spacer\">\n\t\t\t<div class=\"elementor-spacer-inner\"><\/div>\n\t\t<\/div>\n\t\t\t\t\t\t<\/div>\n\t\t\t\t<\/div>\n\t\t\t\t\t<\/div>\n\t\t\t\t<\/div>\n\t\t\t\t<\/div>","protected":false},"excerpt":{"rendered":"<p>Haarentfernung Glatte Haut durch professionelle Wachstechniken Bei MariLuxe Beauty biete ich dir eine effektive und langanhaltende Methode zur Haarentfernung an: das Waxing. Im Gegensatz zu herk\u00f6mmlichen Rasurmethoden sorgt Waxing daf\u00fcr, dass die Haut l\u00e4nger glatt und seidig bleibt, da die Haare samt Wurzel entfernt werden. Das bedeutet weniger Stoppeln, weniger Hautirritationen und eine glatte Haut, [&hellip;]<\/p>\n","protected":false},"author":1,"featured_media":0,"parent":0,"menu_order":0,"comment_status":"closed","ping_status":"closed","template":"","meta":{"footnotes":""},"class_list":["post-883","page","type-page","status-publish","hentry"],"_links":{"self":[{"href":"https:\/\/mariluxe-beauty.ch\/it\/wp-json\/wp\/v2\/pages\/883","targetHints":{"allow":["GET"]}}],"collection":[{"href":"https:\/\/mariluxe-beauty.ch\/it\/wp-json\/wp\/v2\/pages"}],"about":[{"href":"https:\/\/mariluxe-beauty.ch\/it\/wp-json\/wp\/v2\/types\/page"}],"author":[{"embeddable":true,"href":"https:\/\/mariluxe-beauty.ch\/it\/wp-json\/wp\/v2\/users\/1"}],"replies":[{"embeddable":true,"href":"https:\/\/mariluxe-beauty.ch\/it\/wp-json\/wp\/v2\/comments?post=883"}],"version-history":[{"count":10,"href":"https:\/\/mariluxe-beauty.ch\/it\/wp-json\/wp\/v2\/pages\/883\/revisions"}],"predecessor-version":[{"id":1763,"href":"https:\/\/mariluxe-beauty.ch\/it\/wp-json\/wp\/v2\/pages\/883\/revisions\/1763"}],"wp:attachment":[{"href":"https:\/\/mariluxe-beauty.ch\/it\/wp-json\/wp\/v2\/media?parent=883"}],"curies":[{"name":"wp","href":"https:\/\/api.w.org\/{rel}","templated":true}]}}