{"id":326,"date":"2024-09-24T14:58:56","date_gmt":"2024-09-24T12:58:56","guid":{"rendered":"https:\/\/mariluxe-beauty.ch\/?page_id=326"},"modified":"2026-04-07T16:07:08","modified_gmt":"2026-04-07T14:07:08","slug":"ueber-mich","status":"publish","type":"page","link":"https:\/\/mariluxe-beauty.ch\/it\/ueber-mich\/","title":{"rendered":"Su di me"},"content":{"rendered":"<div data-elementor-type=\"wp-page\" data-elementor-id=\"326\" class=\"elementor elementor-326\" data-elementor-post-type=\"page\">\n\t\t\t\t<div class=\"elementor-element elementor-element-142ece6c e-flex e-con-boxed e-con e-parent\" data-id=\"142ece6c\" data-element_type=\"container\" data-e-type=\"container\">\n\t\t\t\t\t<div class=\"e-con-inner\">\n\t\t\t\t<div class=\"elementor-element elementor-element-3fe1dd1 elementor-widget elementor-widget-spacer\" data-id=\"3fe1dd1\" data-element_type=\"widget\" data-e-type=\"widget\" data-widget_type=\"spacer.default\">\n\t\t\t\t<div class=\"elementor-widget-container\">\n\t\t\t\t\t\t\t<div class=\"elementor-spacer\">\n\t\t\t<div class=\"elementor-spacer-inner\"><\/div>\n\t\t<\/div>\n\t\t\t\t\t\t<\/div>\n\t\t\t\t<\/div>\n\t\t\t\t<div class=\"elementor-element elementor-element-12746b31 elementor-widget elementor-widget-heading\" data-id=\"12746b31\" data-element_type=\"widget\" data-e-type=\"widget\" data-widget_type=\"heading.default\">\n\t\t\t\t<div class=\"elementor-widget-container\">\n\t\t\t\t\t<h1 class=\"elementor-heading-title elementor-size-default\">Su di me<\/h1>\t\t\t\t<\/div>\n\t\t\t\t<\/div>\n\t\t\t\t<div class=\"elementor-element elementor-element-996348e elementor-widget elementor-widget-spacer\" data-id=\"996348e\" data-element_type=\"widget\" data-e-type=\"widget\" data-widget_type=\"spacer.default\">\n\t\t\t\t<div class=\"elementor-widget-container\">\n\t\t\t\t\t\t\t<div class=\"elementor-spacer\">\n\t\t\t<div class=\"elementor-spacer-inner\"><\/div>\n\t\t<\/div>\n\t\t\t\t\t\t<\/div>\n\t\t\t\t<\/div>\n\t\t\t\t<div class=\"elementor-element elementor-element-38a79ed9 elementor-widget elementor-widget-heading\" data-id=\"38a79ed9\" data-element_type=\"widget\" data-e-type=\"widget\" data-widget_type=\"heading.default\">\n\t\t\t\t<div class=\"elementor-widget-container\">\n\t\t\t\t\t<h2 class=\"elementor-heading-title elementor-size-default\">Il mio viaggio nel mondo della bellezza<\/h2>\t\t\t\t<\/div>\n\t\t\t\t<\/div>\n\t\t\t\t<div class=\"elementor-element elementor-element-a7483f4 elementor-widget elementor-widget-spacer\" data-id=\"a7483f4\" data-element_type=\"widget\" data-e-type=\"widget\" data-widget_type=\"spacer.default\">\n\t\t\t\t<div class=\"elementor-widget-container\">\n\t\t\t\t\t\t\t<div class=\"elementor-spacer\">\n\t\t\t<div class=\"elementor-spacer-inner\"><\/div>\n\t\t<\/div>\n\t\t\t\t\t\t<\/div>\n\t\t\t\t<\/div>\n\t\t\t\t<div class=\"elementor-element elementor-element-567c9973 elementor-widget elementor-widget-text-editor\" data-id=\"567c9973\" data-element_type=\"widget\" data-e-type=\"widget\" data-widget_type=\"text-editor.default\">\n\t\t\t\t<div class=\"elementor-widget-container\">\n\t\t\t\t\t\t\t\t\t<p>Mi chiamo Marilena, ho 25 anni e vengo dall'Italia. Fin da bambina ho avuto un legame speciale con la bellezza e l'estetica. Essendo cresciuta in un ambiente in cui lo stile e l'eleganza facevano parte della vita quotidiana, \u00e8 stato naturale per me interessarmi alla bellezza. Ma ci\u00f2 che mi ha veramente entusiasmato \u00e8 stato il mondo dei servizi di bellezza, soprattutto unghie e ciglia. Questo mi ha portato a realizzare il mio sogno di diventare un lavoratore autonomo e di lavorare in questo settore.<\/p>\t\t\t\t\t\t\t\t<\/div>\n\t\t\t\t<\/div>\n\t\t\t\t\t<\/div>\n\t\t\t\t<\/div>\n\t\t<div class=\"elementor-element elementor-element-11324030 e-flex e-con-boxed e-con e-parent\" data-id=\"11324030\" data-element_type=\"container\" data-e-type=\"container\">\n\t\t\t\t\t<div class=\"e-con-inner\">\n\t\t\t\t<div class=\"elementor-element elementor-element-3688d9da elementor-align-center elementor-widget elementor-widget-button\" data-id=\"3688d9da\" data-element_type=\"widget\" data-e-type=\"widget\" data-widget_type=\"button.default\">\n\t\t\t\t<div class=\"elementor-widget-container\">\n\t\t\t\t\t\t\t\t\t<div class=\"elementor-button-wrapper\">\n\t\t\t\t\t<a class=\"elementor-button elementor-button-link elementor-size-sm\" href=\"http:\/\/sumupbookings.com\/mariluxe-beauty\" target=\"_blank\" rel=\"noopener\">\n\t\t\t\t\t\t<span class=\"elementor-button-content-wrapper\">\n\t\t\t\t\t\t\t\t\t<span class=\"elementor-button-text\">Prenota un appuntamento<\/span>\n\t\t\t\t\t<\/span>\n\t\t\t\t\t<\/a>\n\t\t\t\t<\/div>\n\t\t\t\t\t\t\t\t<\/div>\n\t\t\t\t<\/div>\n\t\t\t\t<div class=\"elementor-element elementor-element-758f4a83 elementor-widget elementor-widget-spacer\" data-id=\"758f4a83\" data-element_type=\"widget\" data-e-type=\"widget\" data-widget_type=\"spacer.default\">\n\t\t\t\t<div class=\"elementor-widget-container\">\n\t\t\t\t\t\t\t<div class=\"elementor-spacer\">\n\t\t\t<div class=\"elementor-spacer-inner\"><\/div>\n\t\t<\/div>\n\t\t\t\t\t\t<\/div>\n\t\t\t\t<\/div>\n\t\t\t\t\t<\/div>\n\t\t\t\t<\/div>\n\t\t<div class=\"elementor-element elementor-element-28cb4ed3 e-flex e-con-boxed e-con e-parent\" data-id=\"28cb4ed3\" data-element_type=\"container\" data-e-type=\"container\">\n\t\t\t\t\t<div class=\"e-con-inner\">\n\t\t\t\t<div class=\"elementor-element elementor-element-2d50f8b elementor-widget elementor-widget-spacer\" data-id=\"2d50f8b\" data-element_type=\"widget\" data-e-type=\"widget\" data-widget_type=\"spacer.default\">\n\t\t\t\t<div class=\"elementor-widget-container\">\n\t\t\t\t\t\t\t<div class=\"elementor-spacer\">\n\t\t\t<div class=\"elementor-spacer-inner\"><\/div>\n\t\t<\/div>\n\t\t\t\t\t\t<\/div>\n\t\t\t\t<\/div>\n\t\t\t\t<div class=\"elementor-element elementor-element-728c7d7 elementor-widget elementor-widget-heading\" data-id=\"728c7d7\" data-element_type=\"widget\" data-e-type=\"widget\" data-widget_type=\"heading.default\">\n\t\t\t\t<div class=\"elementor-widget-container\">\n\t\t\t\t\t<h2 class=\"elementor-heading-title elementor-size-default\">La passione per i dettagli<\/h2>\t\t\t\t<\/div>\n\t\t\t\t<\/div>\n\t\t\t\t<div class=\"elementor-element elementor-element-6895a7bd elementor-widget elementor-widget-text-editor\" data-id=\"6895a7bd\" data-element_type=\"widget\" data-e-type=\"widget\" data-widget_type=\"text-editor.default\">\n\t\t\t\t<div class=\"elementor-widget-container\">\n\t\t\t\t\t\t\t\t\t<p>Uno dei miei pi\u00f9 grandi punti di forza \u00e8 l'amore per i dettagli. Ho capito presto che la perfezione e la bellezza stanno nelle piccole cose. Questa convinzione mi ha portato ad affrontare tutto ci\u00f2 che faccio con la massima precisione e dedizione. Che si tratti di ottenere il ricciolo perfetto nelle estensioni delle ciglia o di creare unghie impeccabili, lavoro sempre con l'obiettivo di rendere ogni dettaglio il pi\u00f9 perfetto possibile.<\/p><p>La ricerca della perfezione mi accompagna ogni giorno nel mio lavoro di estetista. Considero ogni trattamento come un'opera d'arte, dove ogni piccolo dettaglio conta per ottenere un risultato impeccabile. Questo amore per i dettagli non solo mi ha aiutato a sviluppare il mio mestiere, ma ha anche ispirato molti dei miei clienti, che apprezzano la mia precisione e dedizione.<\/p>\t\t\t\t\t\t\t\t<\/div>\n\t\t\t\t<\/div>\n\t\t\t\t<div class=\"elementor-element elementor-element-31304ed elementor-widget elementor-widget-spacer\" data-id=\"31304ed\" data-element_type=\"widget\" data-e-type=\"widget\" data-widget_type=\"spacer.default\">\n\t\t\t\t<div class=\"elementor-widget-container\">\n\t\t\t\t\t\t\t<div class=\"elementor-spacer\">\n\t\t\t<div class=\"elementor-spacer-inner\"><\/div>\n\t\t<\/div>\n\t\t\t\t\t\t<\/div>\n\t\t\t\t<\/div>\n\t\t\t\t<div class=\"elementor-element elementor-element-2af733f5 elementor-widget elementor-widget-image\" data-id=\"2af733f5\" data-element_type=\"widget\" data-e-type=\"widget\" data-widget_type=\"image.default\">\n\t\t\t\t<div class=\"elementor-widget-container\">\n\t\t\t\t\t\t\t\t\t\t\t\t\t\t\t<img fetchpriority=\"high\" decoding=\"async\" width=\"683\" height=\"1024\" src=\"https:\/\/mariluxe-beauty.ch\/wp-content\/uploads\/2025\/04\/IMG_2626-2-683x1024.jpg\" class=\"attachment-large size-large wp-image-1245\" alt=\"\" srcset=\"https:\/\/mariluxe-beauty.ch\/wp-content\/uploads\/2025\/04\/IMG_2626-2-683x1024.jpg 683w, https:\/\/mariluxe-beauty.ch\/wp-content\/uploads\/2025\/04\/IMG_2626-2-200x300.jpg 200w, https:\/\/mariluxe-beauty.ch\/wp-content\/uploads\/2025\/04\/IMG_2626-2-768x1152.jpg 768w, https:\/\/mariluxe-beauty.ch\/wp-content\/uploads\/2025\/04\/IMG_2626-2-1024x1536.jpg 1024w, https:\/\/mariluxe-beauty.ch\/wp-content\/uploads\/2025\/04\/IMG_2626-2-1365x2048.jpg 1365w, https:\/\/mariluxe-beauty.ch\/wp-content\/uploads\/2025\/04\/IMG_2626-2-8x12.jpg 8w, https:\/\/mariluxe-beauty.ch\/wp-content\/uploads\/2025\/04\/IMG_2626-2-scaled.jpg 1707w\" sizes=\"(max-width: 683px) 100vw, 683px\" \/>\t\t\t\t\t\t\t\t\t\t\t\t\t\t\t<\/div>\n\t\t\t\t<\/div>\n\t\t\t\t<div class=\"elementor-element elementor-element-c17e71f elementor-widget elementor-widget-spacer\" data-id=\"c17e71f\" data-element_type=\"widget\" data-e-type=\"widget\" data-widget_type=\"spacer.default\">\n\t\t\t\t<div class=\"elementor-widget-container\">\n\t\t\t\t\t\t\t<div class=\"elementor-spacer\">\n\t\t\t<div class=\"elementor-spacer-inner\"><\/div>\n\t\t<\/div>\n\t\t\t\t\t\t<\/div>\n\t\t\t\t<\/div>\n\t\t\t\t\t<\/div>\n\t\t\t\t<\/div>\n\t\t<div class=\"elementor-element elementor-element-5dc46f54 e-flex e-con-boxed e-con e-parent\" data-id=\"5dc46f54\" data-element_type=\"container\" data-e-type=\"container\">\n\t\t\t\t\t<div class=\"e-con-inner\">\n\t\t\t\t<div class=\"elementor-element elementor-element-75be30d elementor-widget elementor-widget-spacer\" data-id=\"75be30d\" data-element_type=\"widget\" data-e-type=\"widget\" data-widget_type=\"spacer.default\">\n\t\t\t\t<div class=\"elementor-widget-container\">\n\t\t\t\t\t\t\t<div class=\"elementor-spacer\">\n\t\t\t<div class=\"elementor-spacer-inner\"><\/div>\n\t\t<\/div>\n\t\t\t\t\t\t<\/div>\n\t\t\t\t<\/div>\n\t\t\t\t<div class=\"elementor-element elementor-element-7f1757c0 elementor-widget elementor-widget-heading\" data-id=\"7f1757c0\" data-element_type=\"widget\" data-e-type=\"widget\" data-widget_type=\"heading.default\">\n\t\t\t\t<div class=\"elementor-widget-container\">\n\t\t\t\t\t<h2 class=\"elementor-heading-title elementor-size-default\">Il percorso verso il lavoro indipendente<\/h2>\t\t\t\t<\/div>\n\t\t\t\t<\/div>\n\t\t\t\t<div class=\"elementor-element elementor-element-28bed54 elementor-widget elementor-widget-text-editor\" data-id=\"28bed54\" data-element_type=\"widget\" data-e-type=\"widget\" data-widget_type=\"text-editor.default\">\n\t\t\t\t<div class=\"elementor-widget-container\">\n\t\t\t\t\t\t\t\t\t<p>Ho capito subito che un giorno avrei voluto avere una mia azienda. L'idea di essere indipendente e di prendere le mie decisioni mi ha sempre affascinato. Certo, non \u00e8 stato sempre facile arrivarci, ma la mia passione per la bellezza e la mia attenzione per i dettagli mi hanno sempre motivato ad andare avanti e a perseguire il mio sogno.<\/p>\n<p>Dopo aver frequentato diversi corsi di formazione nel settore della bellezza, ero pronta a lanciarmi nel mondo del lavoro autonomo. Ho intrapreso un percorso di formazione continua per assicurarmi di padroneggiare le tecniche e le tendenze pi\u00f9 recenti. Le mie clienti possono essere certe che sono sempre aggiornata sugli ultimi sviluppi del settore.<\/p>\t\t\t\t\t\t\t\t<\/div>\n\t\t\t\t<\/div>\n\t\t\t\t\t<\/div>\n\t\t\t\t<\/div>\n\t\t<div class=\"elementor-element elementor-element-26108f3b e-flex e-con-boxed e-con e-parent\" data-id=\"26108f3b\" data-element_type=\"container\" data-e-type=\"container\">\n\t\t\t\t\t<div class=\"e-con-inner\">\n\t\t\t\t<div class=\"elementor-element elementor-element-11d56b72 elementor-widget elementor-widget-spacer\" data-id=\"11d56b72\" data-element_type=\"widget\" data-e-type=\"widget\" data-widget_type=\"spacer.default\">\n\t\t\t\t<div class=\"elementor-widget-container\">\n\t\t\t\t\t\t\t<div class=\"elementor-spacer\">\n\t\t\t<div class=\"elementor-spacer-inner\"><\/div>\n\t\t<\/div>\n\t\t\t\t\t\t<\/div>\n\t\t\t\t<\/div>\n\t\t\t\t\t<\/div>\n\t\t\t\t<\/div>\n\t\t<div class=\"elementor-element elementor-element-f752c75 e-flex e-con-boxed e-con e-parent\" data-id=\"f752c75\" data-element_type=\"container\" data-e-type=\"container\">\n\t\t\t\t\t<div class=\"e-con-inner\">\n\t\t\t\t<div class=\"elementor-element elementor-element-51ff5fc elementor-widget elementor-widget-spacer\" data-id=\"51ff5fc\" data-element_type=\"widget\" data-e-type=\"widget\" data-widget_type=\"spacer.default\">\n\t\t\t\t<div class=\"elementor-widget-container\">\n\t\t\t\t\t\t\t<div class=\"elementor-spacer\">\n\t\t\t<div class=\"elementor-spacer-inner\"><\/div>\n\t\t<\/div>\n\t\t\t\t\t\t<\/div>\n\t\t\t\t<\/div>\n\t\t\t\t<div class=\"elementor-element elementor-element-12108000 elementor-widget elementor-widget-heading\" data-id=\"12108000\" data-element_type=\"widget\" data-e-type=\"widget\" data-widget_type=\"heading.default\">\n\t\t\t\t<div class=\"elementor-widget-container\">\n\t\t\t\t\t<h2 class=\"elementor-heading-title elementor-size-default\">Beauty als Leidenschaft<\/h2>\t\t\t\t<\/div>\n\t\t\t\t<\/div>\n\t\t\t\t<div class=\"elementor-element elementor-element-7af79494 elementor-widget elementor-widget-text-editor\" data-id=\"7af79494\" data-element_type=\"widget\" data-e-type=\"widget\" data-widget_type=\"text-editor.default\">\n\t\t\t\t<div class=\"elementor-widget-container\">\n\t\t\t\t\t\t\t\t\t<p>Il mio lavoro riunisce diversi ambiti di trattamento che rispecchiano la mia passione per la bellezza, la cura e la precisione: unghie, ciglia, trattamenti viso e epilazione laser. Ognuno di questi settori mi affascina in modo particolare, perch\u00e9 contribuisce a valorizzare il benessere, la bellezza e la sicurezza in s\u00e9 delle mie clienti.<\/p><p><strong>Unghie<\/strong><br \/>Mi sono specializzata in diverse tecniche e design per unghie, tra cui Shellac, unghie in gel e AcriGel. Per me le unghie sono molto pi\u00f9 di un semplice dettaglio: sono un\u2019espressione di personalit\u00e0, stile e creativit\u00e0. Che si tratti di look naturali ed eleganti oppure di design pi\u00f9 particolari e d\u2019impatto, amo trasformare i desideri delle mie clienti in realt\u00e0, creando un risultato perfettamente adatto a loro.<\/p><p>Presto grande attenzione all\u2019utilizzo di prodotti di alta qualit\u00e0 e a un metodo di lavoro accurato, affinch\u00e9 le unghie non siano solo belle da vedere, ma rimangano anche sane. Dedico il giusto tempo a ogni trattamento, per garantire risultati precisi, puliti e curati nei minimi dettagli.<\/p><p><strong>Ciglia e sopracciglia<\/strong><br \/>Anche i trattamenti per ciglia e sopracciglia mi stanno particolarmente a cuore. Sono affascinata da come le extension per ciglia, la laminazione delle ciglia o la laminazione delle sopracciglia possano aprire lo sguardo ed esaltare la bellezza naturale. Utilizzo diverse tecniche per soddisfare i desideri individuali delle mie clienti, da risultati discreti e naturali a look pi\u00f9 espressivi e voluminosi.<\/p><p>La precisione \u00e8 fondamentale soprattutto quando si tratta di ciglia e sopracciglia. Questo lavoro richiede pazienza, mano ferma e cura meticolosa, ed \u00e8 proprio questo che lo rende cos\u00ec speciale per me. Mi riempie di gioia ogni volta che le mie clienti sono soddisfatte del risultato.<\/p><p><strong>Trattamenti viso<\/strong><br \/>I trattamenti viso rappresentano per me una parte importante della bellezza e della cura a 360 gradi. Una pelle curata, luminosa e sana contribuisce in modo essenziale al benessere e all\u2019aspetto di ogni persona. Per questo per me \u00e8 fondamentale adattare ogni trattamento alle esigenze specifiche della pelle e svolgerlo con la massima attenzione.<\/p><p>Il mio obiettivo non \u00e8 solo offrire risultati visibili, ma anche regalare alle mie clienti un momento di relax, benessere e cura personale. I trattamenti viso uniscono bellezza, rigenerazione e benessere in modo unico.<\/p><p><strong>Epilazione laser<\/strong><br \/>Un altro importante ambito del mio lavoro \u00e8 l\u2019epilazione laser. Apprezzo particolarmente questo trattamento perch\u00e9 unisce comfort, precisione e risultati duraturi. Per molte clienti rappresenta una grande comodit\u00e0 nella vita quotidiana e un passo importante verso un maggiore benessere personale.<\/p><p>In questo settore, competenza, sicurezza e professionalit\u00e0 sono particolarmente importanti. Per questo dispongo del certificato VNISSG, che conferma la mia qualifica nell\u2019ambito dell\u2019epilazione laser. In questo modo posso offrire il trattamento in modo responsabile, professionale e con le competenze necessarie.<\/p><p>In tutti i miei trattamenti, qualit\u00e0, precisione e benessere delle mie clienti sono sempre al centro. La mia passione \u00e8 valorizzare la bellezza in modo personale e unico, regalando a ogni cliente una piacevole sensazione di cura e fiducia, con professionalit\u00e0, dedizione e grande attenzione ai dettagli.<\/p>\t\t\t\t\t\t\t\t<\/div>\n\t\t\t\t<\/div>\n\t\t\t\t<div class=\"elementor-element elementor-element-74605d4 elementor-widget elementor-widget-spacer\" data-id=\"74605d4\" data-element_type=\"widget\" data-e-type=\"widget\" data-widget_type=\"spacer.default\">\n\t\t\t\t<div class=\"elementor-widget-container\">\n\t\t\t\t\t\t\t<div class=\"elementor-spacer\">\n\t\t\t<div class=\"elementor-spacer-inner\"><\/div>\n\t\t<\/div>\n\t\t\t\t\t\t<\/div>\n\t\t\t\t<\/div>\n\t\t\t\t<div class=\"elementor-element elementor-element-66fb2de3 elementor-widget elementor-widget-image\" data-id=\"66fb2de3\" data-element_type=\"widget\" data-e-type=\"widget\" data-widget_type=\"image.default\">\n\t\t\t\t<div class=\"elementor-widget-container\">\n\t\t\t\t\t\t\t\t\t\t\t\t\t\t\t<img decoding=\"async\" width=\"1290\" height=\"1470\" src=\"https:\/\/mariluxe-beauty.ch\/wp-content\/uploads\/2025\/11\/IMG_2205.jpeg\" class=\"attachment-2048x2048 size-2048x2048 wp-image-1890\" alt=\"\" srcset=\"https:\/\/mariluxe-beauty.ch\/wp-content\/uploads\/2025\/11\/IMG_2205.jpeg 1290w, https:\/\/mariluxe-beauty.ch\/wp-content\/uploads\/2025\/11\/IMG_2205-263x300.jpeg 263w, https:\/\/mariluxe-beauty.ch\/wp-content\/uploads\/2025\/11\/IMG_2205-899x1024.jpeg 899w, https:\/\/mariluxe-beauty.ch\/wp-content\/uploads\/2025\/11\/IMG_2205-768x875.jpeg 768w, https:\/\/mariluxe-beauty.ch\/wp-content\/uploads\/2025\/11\/IMG_2205-11x12.jpeg 11w\" sizes=\"(max-width: 1290px) 100vw, 1290px\" \/>\t\t\t\t\t\t\t\t\t\t\t\t\t\t\t<\/div>\n\t\t\t\t<\/div>\n\t\t\t\t<div class=\"elementor-element elementor-element-e6079b3 elementor-widget elementor-widget-spacer\" data-id=\"e6079b3\" data-element_type=\"widget\" data-e-type=\"widget\" data-widget_type=\"spacer.default\">\n\t\t\t\t<div class=\"elementor-widget-container\">\n\t\t\t\t\t\t\t<div class=\"elementor-spacer\">\n\t\t\t<div class=\"elementor-spacer-inner\"><\/div>\n\t\t<\/div>\n\t\t\t\t\t\t<\/div>\n\t\t\t\t<\/div>\n\t\t\t\t\t<\/div>\n\t\t\t\t<\/div>\n\t\t<div class=\"elementor-element elementor-element-947c1af e-flex e-con-boxed e-con e-parent\" data-id=\"947c1af\" data-element_type=\"container\" data-e-type=\"container\">\n\t\t\t\t\t<div class=\"e-con-inner\">\n\t\t\t\t<div class=\"elementor-element elementor-element-30e687e elementor-widget elementor-widget-spacer\" data-id=\"30e687e\" data-element_type=\"widget\" data-e-type=\"widget\" data-widget_type=\"spacer.default\">\n\t\t\t\t<div class=\"elementor-widget-container\">\n\t\t\t\t\t\t\t<div class=\"elementor-spacer\">\n\t\t\t<div class=\"elementor-spacer-inner\"><\/div>\n\t\t<\/div>\n\t\t\t\t\t\t<\/div>\n\t\t\t\t<\/div>\n\t\t\t\t<div class=\"elementor-element elementor-element-6e664344 elementor-widget elementor-widget-heading\" data-id=\"6e664344\" data-element_type=\"widget\" data-e-type=\"widget\" data-widget_type=\"heading.default\">\n\t\t\t\t<div class=\"elementor-widget-container\">\n\t\t\t\t\t<h2 class=\"elementor-heading-title elementor-size-default\">Perch\u00e9 amo il mio lavoro<\/h2>\t\t\t\t<\/div>\n\t\t\t\t<\/div>\n\t\t\t\t<div class=\"elementor-element elementor-element-253ef253 elementor-widget elementor-widget-text-editor\" data-id=\"253ef253\" data-element_type=\"widget\" data-e-type=\"widget\" data-widget_type=\"text-editor.default\">\n\t\t\t\t<div class=\"elementor-widget-container\">\n\t\t\t\t\t\t\t\t\t<p>Ci\u00f2 che mi appaga di pi\u00f9 del mio lavoro \u00e8 l'opportunit\u00e0 di aumentare la fiducia in s\u00e9 stesse delle mie clienti. Spesso le donne vengono da me desiderose di un piccolo cambiamento e quando concludiamo il nostro appuntamento con un sorriso, so di aver fatto bene il mio lavoro. Sono questi momenti che mi motivano a continuare a imparare e a perfezionare il mio mestiere.<\/p><p>Il mio lavoro mi d\u00e0 la libert\u00e0 di essere creativa, ma anche la responsabilit\u00e0 di fornire a ogni cliente un'esperienza unica e perfetta. Per me la bellezza \u00e8 nei dettagli e non vedo l'ora di trasformare la mia passione in realt\u00e0 ogni giorno.<\/p>\t\t\t\t\t\t\t\t<\/div>\n\t\t\t\t<\/div>\n\t\t\t\t\t<\/div>\n\t\t\t\t<\/div>\n\t\t<div class=\"elementor-element elementor-element-67d32922 e-flex e-con-boxed e-con e-parent\" data-id=\"67d32922\" data-element_type=\"container\" data-e-type=\"container\">\n\t\t\t\t\t<div class=\"e-con-inner\">\n\t\t\t\t<div class=\"elementor-element elementor-element-135663b3 elementor-widget elementor-widget-spacer\" data-id=\"135663b3\" data-element_type=\"widget\" data-e-type=\"widget\" data-widget_type=\"spacer.default\">\n\t\t\t\t<div class=\"elementor-widget-container\">\n\t\t\t\t\t\t\t<div class=\"elementor-spacer\">\n\t\t\t<div class=\"elementor-spacer-inner\"><\/div>\n\t\t<\/div>\n\t\t\t\t\t\t<\/div>\n\t\t\t\t<\/div>\n\t\t\t\t\t<\/div>\n\t\t\t\t<\/div>\n\t\t<div class=\"elementor-element elementor-element-3b656b9 e-flex e-con-boxed e-con e-parent\" data-id=\"3b656b9\" data-element_type=\"container\" data-e-type=\"container\">\n\t\t\t\t\t<div class=\"e-con-inner\">\n\t\t\t\t<div class=\"elementor-element elementor-element-63d7e29 elementor-widget elementor-widget-spacer\" data-id=\"63d7e29\" data-element_type=\"widget\" data-e-type=\"widget\" data-widget_type=\"spacer.default\">\n\t\t\t\t<div class=\"elementor-widget-container\">\n\t\t\t\t\t\t\t<div class=\"elementor-spacer\">\n\t\t\t<div class=\"elementor-spacer-inner\"><\/div>\n\t\t<\/div>\n\t\t\t\t\t\t<\/div>\n\t\t\t\t<\/div>\n\t\t\t\t<div class=\"elementor-element elementor-element-2db5aa13 elementor-widget elementor-widget-heading\" data-id=\"2db5aa13\" data-element_type=\"widget\" data-e-type=\"widget\" data-widget_type=\"heading.default\">\n\t\t\t\t<div class=\"elementor-widget-container\">\n\t\t\t\t\t<h2 class=\"elementor-heading-title elementor-size-default\">Uno sguardo al futuro<\/h2>\t\t\t\t<\/div>\n\t\t\t\t<\/div>\n\t\t\t\t<div class=\"elementor-element elementor-element-1892bd6 elementor-widget elementor-widget-text-editor\" data-id=\"1892bd6\" data-element_type=\"widget\" data-e-type=\"widget\" data-widget_type=\"text-editor.default\">\n\t\t\t\t<div class=\"elementor-widget-container\">\n\t\t\t\t\t\t\t\t\t<p>Ho ancora molti progetti per il futuro. Il mio obiettivo \u00e8 aprire uno studio di bellezza tutto mio e offrire ancora pi\u00f9 servizi per aiutare i miei clienti a sentirsi bene nella loro pelle. Mi concentrer\u00f2 sempre sulla qualit\u00e0, sulla precisione e sull'attenzione ai dettagli, valori che mi accompagnano fin dall'inizio e che considero indispensabili nel mondo della bellezza.<\/p>\t\t\t\t\t\t\t\t<\/div>\n\t\t\t\t<\/div>\n\t\t\t\t\t<\/div>\n\t\t\t\t<\/div>\n\t\t<div class=\"elementor-element elementor-element-28d8e20e e-flex e-con-boxed e-con e-parent\" data-id=\"28d8e20e\" data-element_type=\"container\" data-e-type=\"container\">\n\t\t\t\t\t<div class=\"e-con-inner\">\n\t\t\t\t<div class=\"elementor-element elementor-element-64f83cc5 elementor-widget elementor-widget-spacer\" data-id=\"64f83cc5\" data-element_type=\"widget\" data-e-type=\"widget\" data-widget_type=\"spacer.default\">\n\t\t\t\t<div class=\"elementor-widget-container\">\n\t\t\t\t\t\t\t<div class=\"elementor-spacer\">\n\t\t\t<div class=\"elementor-spacer-inner\"><\/div>\n\t\t<\/div>\n\t\t\t\t\t\t<\/div>\n\t\t\t\t<\/div>\n\t\t\t\t<div class=\"elementor-element elementor-element-54c2ebf elementor-align-center elementor-widget elementor-widget-button\" data-id=\"54c2ebf\" data-element_type=\"widget\" data-e-type=\"widget\" data-widget_type=\"button.default\">\n\t\t\t\t<div class=\"elementor-widget-container\">\n\t\t\t\t\t\t\t\t\t<div class=\"elementor-button-wrapper\">\n\t\t\t\t\t<a class=\"elementor-button elementor-button-link elementor-size-sm\" href=\"http:\/\/sumupbookings.com\/mariluxe-beauty\" target=\"_blank\" rel=\"noopener\">\n\t\t\t\t\t\t<span class=\"elementor-button-content-wrapper\">\n\t\t\t\t\t\t\t\t\t<span class=\"elementor-button-text\">Prenota un appuntamento<\/span>\n\t\t\t\t\t<\/span>\n\t\t\t\t\t<\/a>\n\t\t\t\t<\/div>\n\t\t\t\t\t\t\t\t<\/div>\n\t\t\t\t<\/div>\n\t\t\t\t\t<\/div>\n\t\t\t\t<\/div>\n\t\t<div class=\"elementor-element elementor-element-a3adaa9 e-flex e-con-boxed e-con e-parent\" data-id=\"a3adaa9\" data-element_type=\"container\" data-e-type=\"container\">\n\t\t\t\t\t<div class=\"e-con-inner\">\n\t\t\t\t\t<\/div>\n\t\t\t\t<\/div>\n\t\t\t\t<\/div>","protected":false},"excerpt":{"rendered":"<p>\u00dcber mich Meine Reise in die Welt der Sch\u00f6nheit Mein Name ist Marilena, ich bin 25 Jahre alt und komme aus Italien. Schon seit meiner Kindheit habe ich einen besonderen Bezug zur Sch\u00f6nheit und \u00c4sthetik gehabt. Aufgewachsen in einer Umgebung, in der Stil und Eleganz zum Alltag geh\u00f6ren, war es f\u00fcr mich selbstverst\u00e4ndlich, mich f\u00fcr [&hellip;]<\/p>\n","protected":false},"author":1,"featured_media":0,"parent":0,"menu_order":0,"comment_status":"closed","ping_status":"closed","template":"","meta":{"footnotes":""},"class_list":["post-326","page","type-page","status-publish","hentry"],"_links":{"self":[{"href":"https:\/\/mariluxe-beauty.ch\/it\/wp-json\/wp\/v2\/pages\/326","targetHints":{"allow":["GET"]}}],"collection":[{"href":"https:\/\/mariluxe-beauty.ch\/it\/wp-json\/wp\/v2\/pages"}],"about":[{"href":"https:\/\/mariluxe-beauty.ch\/it\/wp-json\/wp\/v2\/types\/page"}],"author":[{"embeddable":true,"href":"https:\/\/mariluxe-beauty.ch\/it\/wp-json\/wp\/v2\/users\/1"}],"replies":[{"embeddable":true,"href":"https:\/\/mariluxe-beauty.ch\/it\/wp-json\/wp\/v2\/comments?post=326"}],"version-history":[{"count":10,"href":"https:\/\/mariluxe-beauty.ch\/it\/wp-json\/wp\/v2\/pages\/326\/revisions"}],"predecessor-version":[{"id":1930,"href":"https:\/\/mariluxe-beauty.ch\/it\/wp-json\/wp\/v2\/pages\/326\/revisions\/1930"}],"wp:attachment":[{"href":"https:\/\/mariluxe-beauty.ch\/it\/wp-json\/wp\/v2\/media?parent=326"}],"curies":[{"name":"wp","href":"https:\/\/api.w.org\/{rel}","templated":true}]}}