{"id":280,"date":"2024-09-24T13:42:02","date_gmt":"2024-09-24T11:42:02","guid":{"rendered":"https:\/\/mariluxe-beauty.ch\/?page_id=280"},"modified":"2025-11-10T11:29:50","modified_gmt":"2025-11-10T10:29:50","slug":"nails","status":"publish","type":"page","link":"https:\/\/mariluxe-beauty.ch\/it\/nails\/","title":{"rendered":"Nails"},"content":{"rendered":"<div data-elementor-type=\"wp-page\" data-elementor-id=\"280\" class=\"elementor elementor-280\" data-elementor-post-type=\"page\">\n\t\t\t\t<div class=\"elementor-element elementor-element-34a441cc e-flex e-con-boxed e-con e-parent\" data-id=\"34a441cc\" data-element_type=\"container\" data-e-type=\"container\">\n\t\t\t\t\t<div class=\"e-con-inner\">\n\t\t\t\t<div class=\"elementor-element elementor-element-7aecdad elementor-widget elementor-widget-spacer\" data-id=\"7aecdad\" data-element_type=\"widget\" data-e-type=\"widget\" data-widget_type=\"spacer.default\">\n\t\t\t\t<div class=\"elementor-widget-container\">\n\t\t\t\t\t\t\t<div class=\"elementor-spacer\">\n\t\t\t<div class=\"elementor-spacer-inner\"><\/div>\n\t\t<\/div>\n\t\t\t\t\t\t<\/div>\n\t\t\t\t<\/div>\n\t\t\t\t<div class=\"elementor-element elementor-element-37fa7257 elementor-widget elementor-widget-heading\" data-id=\"37fa7257\" data-element_type=\"widget\" data-e-type=\"widget\" data-widget_type=\"heading.default\">\n\t\t\t\t<div class=\"elementor-widget-container\">\n\t\t\t\t\t<h1 class=\"elementor-heading-title elementor-size-default\">Nails<\/h1>\t\t\t\t<\/div>\n\t\t\t\t<\/div>\n\t\t\t\t<div class=\"elementor-element elementor-element-2791d8e elementor-widget elementor-widget-spacer\" data-id=\"2791d8e\" data-element_type=\"widget\" data-e-type=\"widget\" data-widget_type=\"spacer.default\">\n\t\t\t\t<div class=\"elementor-widget-container\">\n\t\t\t\t\t\t\t<div class=\"elementor-spacer\">\n\t\t\t<div class=\"elementor-spacer-inner\"><\/div>\n\t\t<\/div>\n\t\t\t\t\t\t<\/div>\n\t\t\t\t<\/div>\n\t\t\t\t<div class=\"elementor-element elementor-element-f3b0845 elementor-widget elementor-widget-heading\" data-id=\"f3b0845\" data-element_type=\"widget\" data-e-type=\"widget\" data-widget_type=\"heading.default\">\n\t\t\t\t<div class=\"elementor-widget-container\">\n\t\t\t\t\t<h2 class=\"elementor-heading-title elementor-size-default\">Shellac, Gel e Acrigel<\/h2>\t\t\t\t<\/div>\n\t\t\t\t<\/div>\n\t\t\t\t<div class=\"elementor-element elementor-element-a732b2e elementor-widget elementor-widget-spacer\" data-id=\"a732b2e\" data-element_type=\"widget\" data-e-type=\"widget\" data-widget_type=\"spacer.default\">\n\t\t\t\t<div class=\"elementor-widget-container\">\n\t\t\t\t\t\t\t<div class=\"elementor-spacer\">\n\t\t\t<div class=\"elementor-spacer-inner\"><\/div>\n\t\t<\/div>\n\t\t\t\t\t\t<\/div>\n\t\t\t\t<\/div>\n\t\t\t\t<div class=\"elementor-element elementor-element-d0c36e8 elementor-widget elementor-widget-text-editor\" data-id=\"d0c36e8\" data-element_type=\"widget\" data-e-type=\"widget\" data-widget_type=\"text-editor.default\">\n\t\t\t\t<div class=\"elementor-widget-container\">\n\t\t\t\t\t\t\t\t\t<p>Quando si tratta di curare e ricostruire le unghie, esistono numerosi modi per ottenere un look elegante. Tre dei trattamenti pi\u00f9 popolari sono lo Shellac, il Gel Nails e l'AcriGel. Ognuno di questi metodi ha i suoi vantaggi e ti offre la possibilit\u00e0 di personalizzare le tue unghie. In questo articolo scoprirai le diverse tecniche e i loro benefici specifici.<\/p>\t\t\t\t\t\t\t\t<\/div>\n\t\t\t\t<\/div>\n\t\t\t\t\t<\/div>\n\t\t\t\t<\/div>\n\t\t<div class=\"elementor-element elementor-element-292495af e-flex e-con-boxed e-con e-parent\" data-id=\"292495af\" data-element_type=\"container\" data-e-type=\"container\">\n\t\t\t\t\t<div class=\"e-con-inner\">\n\t\t\t\t<div class=\"elementor-element elementor-element-6f8be6ec elementor-align-center elementor-widget elementor-widget-button\" data-id=\"6f8be6ec\" data-element_type=\"widget\" data-e-type=\"widget\" data-widget_type=\"button.default\">\n\t\t\t\t<div class=\"elementor-widget-container\">\n\t\t\t\t\t\t\t\t\t<div class=\"elementor-button-wrapper\">\n\t\t\t\t\t<a class=\"elementor-button elementor-button-link elementor-size-sm\" href=\"http:\/\/sumupbookings.com\/mariluxe-beauty\" target=\"_blank\" rel=\"noopener\">\n\t\t\t\t\t\t<span class=\"elementor-button-content-wrapper\">\n\t\t\t\t\t\t\t\t\t<span class=\"elementor-button-text\">Prenota un appuntamento<\/span>\n\t\t\t\t\t<\/span>\n\t\t\t\t\t<\/a>\n\t\t\t\t<\/div>\n\t\t\t\t\t\t\t\t<\/div>\n\t\t\t\t<\/div>\n\t\t\t\t<div class=\"elementor-element elementor-element-662c2176 elementor-widget elementor-widget-spacer\" data-id=\"662c2176\" data-element_type=\"widget\" data-e-type=\"widget\" data-widget_type=\"spacer.default\">\n\t\t\t\t<div class=\"elementor-widget-container\">\n\t\t\t\t\t\t\t<div class=\"elementor-spacer\">\n\t\t\t<div class=\"elementor-spacer-inner\"><\/div>\n\t\t<\/div>\n\t\t\t\t\t\t<\/div>\n\t\t\t\t<\/div>\n\t\t\t\t\t<\/div>\n\t\t\t\t<\/div>\n\t\t<div class=\"elementor-element elementor-element-10ebad44 e-flex e-con-boxed e-con e-parent\" data-id=\"10ebad44\" data-element_type=\"container\" data-e-type=\"container\">\n\t\t\t\t\t<div class=\"e-con-inner\">\n\t\t\t\t<div class=\"elementor-element elementor-element-9fb66a8 elementor-widget elementor-widget-spacer\" data-id=\"9fb66a8\" data-element_type=\"widget\" data-e-type=\"widget\" data-widget_type=\"spacer.default\">\n\t\t\t\t<div class=\"elementor-widget-container\">\n\t\t\t\t\t\t\t<div class=\"elementor-spacer\">\n\t\t\t<div class=\"elementor-spacer-inner\"><\/div>\n\t\t<\/div>\n\t\t\t\t\t\t<\/div>\n\t\t\t\t<\/div>\n\t\t\t\t<div class=\"elementor-element elementor-element-311a0e43 elementor-widget elementor-widget-heading\" data-id=\"311a0e43\" data-element_type=\"widget\" data-e-type=\"widget\" data-widget_type=\"heading.default\">\n\t\t\t\t<div class=\"elementor-widget-container\">\n\t\t\t\t\t<h2 class=\"elementor-heading-title elementor-size-default\">Shellac: lucentezza e durata<\/h2>\t\t\t\t<\/div>\n\t\t\t\t<\/div>\n\t\t\t\t<div class=\"elementor-element elementor-element-470008af elementor-widget elementor-widget-text-editor\" data-id=\"470008af\" data-element_type=\"widget\" data-e-type=\"widget\" data-widget_type=\"text-editor.default\">\n\t\t\t\t<div class=\"elementor-widget-container\">\n\t\t\t\t\t\t\t\t\t<p>Shellac \u00e8 una tecnologia di smalto rivoluzionaria che combina le migliori caratteristiche dello smalto tradizionale e del gel. Ecco tre dei principali vantaggi di Shellac:<\/p><ul><li><span style=\"text-decoration: underline;\">Bellezza di lunga durata:<\/span> Lo Shellac offre una durata eccezionale, fino a due settimane, senza scheggiature o scolorimenti. Grazie alla sua superficie antigraffio, il tuo look rimarr\u00e0 impeccabile indipendentemente dalla tua attivit\u00e0 fisica.<\/li><\/ul><div>\u00a0<\/div><ul><li><span style=\"text-decoration: underline;\">Indurimento rapido:<\/span> Lo Shellac viene applicato sotto la luce UV, che indurisce lo smalto in pochissimo tempo. Ci\u00f2 significa che non dovrai aspettare a lungo prima che le tue unghie siano di nuovo pronte per l'uso: l'ideale per le donne con un'agenda fitta di impegni.<\/li><\/ul><div>\u00a0<\/div><ul><li><span style=\"text-decoration: underline;\">Rimozione facile:<\/span> Rispetto alle unghie in gel tradizionali, Shellac pu\u00f2 essere rimosso facilmente e delicatamente. Utilizzando uno speciale remover, lo smalto pu\u00f2 essere rimosso in pochi minuti senza danneggiare le unghie naturali.<\/li><\/ul>\t\t\t\t\t\t\t\t<\/div>\n\t\t\t\t<\/div>\n\t\t\t\t<div class=\"elementor-element elementor-element-10f67c7 elementor-widget elementor-widget-spacer\" data-id=\"10f67c7\" data-element_type=\"widget\" data-e-type=\"widget\" data-widget_type=\"spacer.default\">\n\t\t\t\t<div class=\"elementor-widget-container\">\n\t\t\t\t\t\t\t<div class=\"elementor-spacer\">\n\t\t\t<div class=\"elementor-spacer-inner\"><\/div>\n\t\t<\/div>\n\t\t\t\t\t\t<\/div>\n\t\t\t\t<\/div>\n\t\t\t\t<div class=\"elementor-element elementor-element-6470d0cf elementor-widget elementor-widget-image\" data-id=\"6470d0cf\" data-element_type=\"widget\" data-e-type=\"widget\" data-widget_type=\"image.default\">\n\t\t\t\t<div class=\"elementor-widget-container\">\n\t\t\t\t\t\t\t\t\t\t\t\t\t\t\t<img fetchpriority=\"high\" decoding=\"async\" width=\"768\" height=\"768\" src=\"https:\/\/mariluxe-beauty.ch\/wp-content\/uploads\/2025\/01\/72574ee7-79b5-4e4c-9166-639e1e671175-768x768.jpg\" class=\"attachment-medium_large size-medium_large wp-image-1016\" alt=\"\" srcset=\"https:\/\/mariluxe-beauty.ch\/wp-content\/uploads\/2025\/01\/72574ee7-79b5-4e4c-9166-639e1e671175-768x768.jpg 768w, https:\/\/mariluxe-beauty.ch\/wp-content\/uploads\/2025\/01\/72574ee7-79b5-4e4c-9166-639e1e671175-300x300.jpg 300w, https:\/\/mariluxe-beauty.ch\/wp-content\/uploads\/2025\/01\/72574ee7-79b5-4e4c-9166-639e1e671175-1024x1024.jpg 1024w, https:\/\/mariluxe-beauty.ch\/wp-content\/uploads\/2025\/01\/72574ee7-79b5-4e4c-9166-639e1e671175-150x150.jpg 150w, https:\/\/mariluxe-beauty.ch\/wp-content\/uploads\/2025\/01\/72574ee7-79b5-4e4c-9166-639e1e671175-12x12.jpg 12w, https:\/\/mariluxe-beauty.ch\/wp-content\/uploads\/2025\/01\/72574ee7-79b5-4e4c-9166-639e1e671175.jpg 1079w\" sizes=\"(max-width: 768px) 100vw, 768px\" \/>\t\t\t\t\t\t\t\t\t\t\t\t\t\t\t<\/div>\n\t\t\t\t<\/div>\n\t\t\t\t<div class=\"elementor-element elementor-element-a182bef elementor-widget elementor-widget-spacer\" data-id=\"a182bef\" data-element_type=\"widget\" data-e-type=\"widget\" data-widget_type=\"spacer.default\">\n\t\t\t\t<div class=\"elementor-widget-container\">\n\t\t\t\t\t\t\t<div class=\"elementor-spacer\">\n\t\t\t<div class=\"elementor-spacer-inner\"><\/div>\n\t\t<\/div>\n\t\t\t\t\t\t<\/div>\n\t\t\t\t<\/div>\n\t\t\t\t\t<\/div>\n\t\t\t\t<\/div>\n\t\t<div class=\"elementor-element elementor-element-56aff189 e-flex e-con-boxed e-con e-parent\" data-id=\"56aff189\" data-element_type=\"container\" data-e-type=\"container\">\n\t\t\t\t\t<div class=\"e-con-inner\">\n\t\t\t\t<div class=\"elementor-element elementor-element-d0d89f3 elementor-widget elementor-widget-spacer\" data-id=\"d0d89f3\" data-element_type=\"widget\" data-e-type=\"widget\" data-widget_type=\"spacer.default\">\n\t\t\t\t<div class=\"elementor-widget-container\">\n\t\t\t\t\t\t\t<div class=\"elementor-spacer\">\n\t\t\t<div class=\"elementor-spacer-inner\"><\/div>\n\t\t<\/div>\n\t\t\t\t\t\t<\/div>\n\t\t\t\t<\/div>\n\t\t\t\t<div class=\"elementor-element elementor-element-5c83cf37 elementor-widget elementor-widget-heading\" data-id=\"5c83cf37\" data-element_type=\"widget\" data-e-type=\"widget\" data-widget_type=\"heading.default\">\n\t\t\t\t<div class=\"elementor-widget-container\">\n\t\t\t\t\t<h2 class=\"elementor-heading-title elementor-size-default\">Unghie con gel: stabilit\u00e0 e flessibilit\u00e0<\/h2>\t\t\t\t<\/div>\n\t\t\t\t<\/div>\n\t\t\t\t<div class=\"elementor-element elementor-element-c7659d4 elementor-widget elementor-widget-text-editor\" data-id=\"c7659d4\" data-element_type=\"widget\" data-e-type=\"widget\" data-widget_type=\"text-editor.default\">\n\t\t\t\t<div class=\"elementor-widget-container\">\n\t\t\t\t\t\t\t\t\t<p>Le unghie in gel con estensioni con le cartine sono un'opzione eccellente per chi desidera unghie pi\u00f9 lunghe senza sacrificare la salute delle unghie. Ecco tre vantaggi di questa tecnica:<\/p><ul><li><span style=\"text-decoration: underline;\">Estetica naturale:<\/span> Le unghie in gel offrono un aspetto e una sensazione naturali. I gel trasparenti si adattano perfettamente alla forma naturale dell'unghia, dando un aspetto molto realistico.<\/li><\/ul><div>\u00a0<\/div><ul><li><span style=\"text-decoration: underline;\">Longevit\u00e0:<\/span> L'estensione con le cartine fornisce una base forte e stabile che aumenta la durata delle unghie. Le unghie in gel sono resistenti alle rotture e alle incrinature, per cui potrai goderti il tuo look pi\u00f9 a lungo.<\/li><\/ul><div>\u00a0<\/div><ul><li><span style=\"text-decoration: underline;\">Varie opzioni di design:<\/span> Le unghie in gel costituiscono un'ottima base per la realizzazione di diversi design. \u00c8 possibile scegliere tra un'ampia gamma di colori ed effetti, dal classico french ai disegni creativi di nail art. Le unghie in gel sono perfette per chi apprezza l'individualit\u00e0 e lo stile.<\/li><\/ul>\t\t\t\t\t\t\t\t<\/div>\n\t\t\t\t<\/div>\n\t\t\t\t<div class=\"elementor-element elementor-element-7615cd0 elementor-widget elementor-widget-spacer\" data-id=\"7615cd0\" data-element_type=\"widget\" data-e-type=\"widget\" data-widget_type=\"spacer.default\">\n\t\t\t\t<div class=\"elementor-widget-container\">\n\t\t\t\t\t\t\t<div class=\"elementor-spacer\">\n\t\t\t<div class=\"elementor-spacer-inner\"><\/div>\n\t\t<\/div>\n\t\t\t\t\t\t<\/div>\n\t\t\t\t<\/div>\n\t\t\t\t<div class=\"elementor-element elementor-element-6df5b13 elementor-widget elementor-widget-image\" data-id=\"6df5b13\" data-element_type=\"widget\" data-e-type=\"widget\" data-widget_type=\"image.default\">\n\t\t\t\t<div class=\"elementor-widget-container\">\n\t\t\t\t\t\t\t\t\t\t\t\t\t\t\t<img decoding=\"async\" width=\"768\" height=\"1024\" src=\"https:\/\/mariluxe-beauty.ch\/wp-content\/uploads\/2025\/11\/IMG_0098-768x1024.jpeg\" class=\"attachment-medium_large size-medium_large wp-image-1849\" alt=\"\" srcset=\"https:\/\/mariluxe-beauty.ch\/wp-content\/uploads\/2025\/11\/IMG_0098-768x1024.jpeg 768w, https:\/\/mariluxe-beauty.ch\/wp-content\/uploads\/2025\/11\/IMG_0098-225x300.jpeg 225w, https:\/\/mariluxe-beauty.ch\/wp-content\/uploads\/2025\/11\/IMG_0098-1152x1536.jpeg 1152w, https:\/\/mariluxe-beauty.ch\/wp-content\/uploads\/2025\/11\/IMG_0098-1536x2048.jpeg 1536w, https:\/\/mariluxe-beauty.ch\/wp-content\/uploads\/2025\/11\/IMG_0098-9x12.jpeg 9w, https:\/\/mariluxe-beauty.ch\/wp-content\/uploads\/2025\/11\/IMG_0098-scaled.jpeg 1920w\" sizes=\"(max-width: 768px) 100vw, 768px\" \/>\t\t\t\t\t\t\t\t\t\t\t\t\t\t\t<\/div>\n\t\t\t\t<\/div>\n\t\t\t\t\t<\/div>\n\t\t\t\t<\/div>\n\t\t<div class=\"elementor-element elementor-element-deaeac7 e-flex e-con-boxed e-con e-parent\" data-id=\"deaeac7\" data-element_type=\"container\" data-e-type=\"container\">\n\t\t\t\t\t<div class=\"e-con-inner\">\n\t\t\t\t<div class=\"elementor-element elementor-element-ab2c8b5 elementor-align-center elementor-widget elementor-widget-button\" data-id=\"ab2c8b5\" data-element_type=\"widget\" data-e-type=\"widget\" data-widget_type=\"button.default\">\n\t\t\t\t<div class=\"elementor-widget-container\">\n\t\t\t\t\t\t\t\t\t<div class=\"elementor-button-wrapper\">\n\t\t\t\t\t<a class=\"elementor-button elementor-button-link elementor-size-sm\" href=\"http:\/\/sumupbookings.com\/mariluxe-beauty\" target=\"_blank\" rel=\"noopener\">\n\t\t\t\t\t\t<span class=\"elementor-button-content-wrapper\">\n\t\t\t\t\t\t\t\t\t<span class=\"elementor-button-text\">Prenota un appuntamento<\/span>\n\t\t\t\t\t<\/span>\n\t\t\t\t\t<\/a>\n\t\t\t\t<\/div>\n\t\t\t\t\t\t\t\t<\/div>\n\t\t\t\t<\/div>\n\t\t\t\t<div class=\"elementor-element elementor-element-82070de elementor-widget elementor-widget-spacer\" data-id=\"82070de\" data-element_type=\"widget\" data-e-type=\"widget\" data-widget_type=\"spacer.default\">\n\t\t\t\t<div class=\"elementor-widget-container\">\n\t\t\t\t\t\t\t<div class=\"elementor-spacer\">\n\t\t\t<div class=\"elementor-spacer-inner\"><\/div>\n\t\t<\/div>\n\t\t\t\t\t\t<\/div>\n\t\t\t\t<\/div>\n\t\t\t\t\t<\/div>\n\t\t\t\t<\/div>\n\t\t<div class=\"elementor-element elementor-element-4c4e6628 e-flex e-con-boxed e-con e-parent\" data-id=\"4c4e6628\" data-element_type=\"container\" data-e-type=\"container\">\n\t\t\t\t\t<div class=\"e-con-inner\">\n\t\t\t\t<div class=\"elementor-element elementor-element-25536f1d elementor-widget elementor-widget-spacer\" data-id=\"25536f1d\" data-element_type=\"widget\" data-e-type=\"widget\" data-widget_type=\"spacer.default\">\n\t\t\t\t<div class=\"elementor-widget-container\">\n\t\t\t\t\t\t\t<div class=\"elementor-spacer\">\n\t\t\t<div class=\"elementor-spacer-inner\"><\/div>\n\t\t<\/div>\n\t\t\t\t\t\t<\/div>\n\t\t\t\t<\/div>\n\t\t\t\t\t<\/div>\n\t\t\t\t<\/div>\n\t\t<div class=\"elementor-element elementor-element-13bca265 e-flex e-con-boxed e-con e-parent\" data-id=\"13bca265\" data-element_type=\"container\" data-e-type=\"container\">\n\t\t\t\t\t<div class=\"e-con-inner\">\n\t\t\t\t<div class=\"elementor-element elementor-element-068ee9a elementor-widget elementor-widget-spacer\" data-id=\"068ee9a\" data-element_type=\"widget\" data-e-type=\"widget\" data-widget_type=\"spacer.default\">\n\t\t\t\t<div class=\"elementor-widget-container\">\n\t\t\t\t\t\t\t<div class=\"elementor-spacer\">\n\t\t\t<div class=\"elementor-spacer-inner\"><\/div>\n\t\t<\/div>\n\t\t\t\t\t\t<\/div>\n\t\t\t\t<\/div>\n\t\t\t\t<div class=\"elementor-element elementor-element-672e8715 elementor-widget elementor-widget-heading\" data-id=\"672e8715\" data-element_type=\"widget\" data-e-type=\"widget\" data-widget_type=\"heading.default\">\n\t\t\t\t<div class=\"elementor-widget-container\">\n\t\t\t\t\t<h2 class=\"elementor-heading-title elementor-size-default\">AcriGel: la combinazione perfetta<\/h2>\t\t\t\t<\/div>\n\t\t\t\t<\/div>\n\t\t\t\t<div class=\"elementor-element elementor-element-e681195 elementor-widget elementor-widget-text-editor\" data-id=\"e681195\" data-element_type=\"widget\" data-e-type=\"widget\" data-widget_type=\"text-editor.default\">\n\t\t\t\t<div class=\"elementor-widget-container\">\n\t\t\t\t\t\t\t\t\t<p>AcriGel combina le migliori propriet\u00e0 del gel e dell'acrilico e offre una soluzione innovativa per unghie leggere e resistenti. Ecco tre vantaggi di AcriGel:<\/p><ul><li><span style=\"text-decoration: underline;\">Leggerezza e flessibilit\u00e0:<\/span> L'AcriGel \u00e8 sottile e leggero, per cui le unghie risultano naturali. Questo metodo consente di creare unghie dal peso minimo e dalla massima stabilit\u00e0.<\/li><\/ul><div>\u00a0<\/div><ul><li><span style=\"text-decoration: underline;\">Applicazione versatile:<\/span> AcriGel pu\u00f2 essere utilizzato sia per allungare le unghie che per rinforzare quelle naturali. Questa flessibilit\u00e0 lo rende una scelta ideale per chiunque voglia personalizzare le proprie unghie.<\/li><\/ul><div>\u00a0<\/div><ul><li><span style=\"text-decoration: underline;\">Odori e vapori ridotti al minimo:<\/span> Un altro vantaggio di AcriGel \u00e8 che provoca meno odori e vapori sgradevoli rispetto ai metodi acrilici tradizionali. Ci\u00f2 rende pi\u00f9 piacevole l'esperienza del trattamento.<\/li><\/ul>\t\t\t\t\t\t\t\t<\/div>\n\t\t\t\t<\/div>\n\t\t\t\t<div class=\"elementor-element elementor-element-37ea4f2 elementor-widget elementor-widget-spacer\" data-id=\"37ea4f2\" data-element_type=\"widget\" data-e-type=\"widget\" data-widget_type=\"spacer.default\">\n\t\t\t\t<div class=\"elementor-widget-container\">\n\t\t\t\t\t\t\t<div class=\"elementor-spacer\">\n\t\t\t<div class=\"elementor-spacer-inner\"><\/div>\n\t\t<\/div>\n\t\t\t\t\t\t<\/div>\n\t\t\t\t<\/div>\n\t\t\t\t<div class=\"elementor-element elementor-element-6a6e7adc elementor-widget elementor-widget-image\" data-id=\"6a6e7adc\" data-element_type=\"widget\" data-e-type=\"widget\" data-widget_type=\"image.default\">\n\t\t\t\t<div class=\"elementor-widget-container\">\n\t\t\t\t\t\t\t\t\t\t\t\t\t\t\t<img decoding=\"async\" width=\"768\" height=\"768\" src=\"https:\/\/mariluxe-beauty.ch\/wp-content\/uploads\/2025\/06\/Acrigel-Nails.png-768x768.png\" class=\"attachment-medium_large size-medium_large wp-image-1782\" alt=\"\" srcset=\"https:\/\/mariluxe-beauty.ch\/wp-content\/uploads\/2025\/06\/Acrigel-Nails.png-768x768.png 768w, https:\/\/mariluxe-beauty.ch\/wp-content\/uploads\/2025\/06\/Acrigel-Nails.png-300x300.png 300w, https:\/\/mariluxe-beauty.ch\/wp-content\/uploads\/2025\/06\/Acrigel-Nails.png-1024x1024.png 1024w, https:\/\/mariluxe-beauty.ch\/wp-content\/uploads\/2025\/06\/Acrigel-Nails.png-150x150.png 150w, https:\/\/mariluxe-beauty.ch\/wp-content\/uploads\/2025\/06\/Acrigel-Nails.png-1536x1536.png 1536w, https:\/\/mariluxe-beauty.ch\/wp-content\/uploads\/2025\/06\/Acrigel-Nails.png-2048x2048.png 2048w, https:\/\/mariluxe-beauty.ch\/wp-content\/uploads\/2025\/06\/Acrigel-Nails.png-12x12.png 12w\" sizes=\"(max-width: 768px) 100vw, 768px\" \/>\t\t\t\t\t\t\t\t\t\t\t\t\t\t\t<\/div>\n\t\t\t\t<\/div>\n\t\t\t\t<div class=\"elementor-element elementor-element-bfe63a0 elementor-widget elementor-widget-spacer\" data-id=\"bfe63a0\" data-element_type=\"widget\" data-e-type=\"widget\" data-widget_type=\"spacer.default\">\n\t\t\t\t<div class=\"elementor-widget-container\">\n\t\t\t\t\t\t\t<div class=\"elementor-spacer\">\n\t\t\t<div class=\"elementor-spacer-inner\"><\/div>\n\t\t<\/div>\n\t\t\t\t\t\t<\/div>\n\t\t\t\t<\/div>\n\t\t\t\t\t<\/div>\n\t\t\t\t<\/div>\n\t\t<div class=\"elementor-element elementor-element-446c35f8 e-flex e-con-boxed e-con e-parent\" data-id=\"446c35f8\" data-element_type=\"container\" data-e-type=\"container\">\n\t\t\t\t\t<div class=\"e-con-inner\">\n\t\t\t\t<div class=\"elementor-element elementor-element-e470043 elementor-widget elementor-widget-spacer\" data-id=\"e470043\" data-element_type=\"widget\" data-e-type=\"widget\" data-widget_type=\"spacer.default\">\n\t\t\t\t<div class=\"elementor-widget-container\">\n\t\t\t\t\t\t\t<div class=\"elementor-spacer\">\n\t\t\t<div class=\"elementor-spacer-inner\"><\/div>\n\t\t<\/div>\n\t\t\t\t\t\t<\/div>\n\t\t\t\t<\/div>\n\t\t\t\t<div class=\"elementor-element elementor-element-4ff1a7b1 elementor-widget elementor-widget-heading\" data-id=\"4ff1a7b1\" data-element_type=\"widget\" data-e-type=\"widget\" data-widget_type=\"heading.default\">\n\t\t\t\t<div class=\"elementor-widget-container\">\n\t\t\t\t\t<h2 class=\"elementor-heading-title elementor-size-default\">Conclusione<\/h2>\t\t\t\t<\/div>\n\t\t\t\t<\/div>\n\t\t\t\t<div class=\"elementor-element elementor-element-694fc63f elementor-widget elementor-widget-text-editor\" data-id=\"694fc63f\" data-element_type=\"widget\" data-e-type=\"widget\" data-widget_type=\"text-editor.default\">\n\t\t\t\t<div class=\"elementor-widget-container\">\n\t\t\t\t\t\t\t\t\t<p>La scelta tra Shellac, Gel e AcriGel dipende dalle tue esigenze e preferenze. Ognuno di questi metodi offre benefici specifici che non solo abbelliscono le unghie, ma ne promuovono anche la salute.<\/p><p>Che tu scelga la bellezza duratura dello Shellac, la stabilit\u00e0 delle unghie in gel o l'innovativa flessibilit\u00e0 dell'AcriGel, potrai essere certa che le tue unghie sono nelle mani migliori. Concediti un trattamento professionale per le unghie e scopri la variet\u00e0 di possibilit\u00e0 che ti offre la nail art! Unghie belle e curate non sono solo un segno di stile, ma anche un'espressione della vostra personalit\u00e0. Lasciati ispirare dalle varie tecniche e trova il look perfetto!<\/p>\t\t\t\t\t\t\t\t<\/div>\n\t\t\t\t<\/div>\n\t\t\t\t<div class=\"elementor-element elementor-element-edc4216 elementor-widget elementor-widget-spacer\" data-id=\"edc4216\" data-element_type=\"widget\" data-e-type=\"widget\" data-widget_type=\"spacer.default\">\n\t\t\t\t<div class=\"elementor-widget-container\">\n\t\t\t\t\t\t\t<div class=\"elementor-spacer\">\n\t\t\t<div class=\"elementor-spacer-inner\"><\/div>\n\t\t<\/div>\n\t\t\t\t\t\t<\/div>\n\t\t\t\t<\/div>\n\t\t\t\t\t<\/div>\n\t\t\t\t<\/div>\n\t\t<div class=\"elementor-element elementor-element-41ba41d e-flex e-con-boxed e-con e-parent\" data-id=\"41ba41d\" data-element_type=\"container\" data-e-type=\"container\">\n\t\t\t\t\t<div class=\"e-con-inner\">\n\t\t\t\t<div class=\"elementor-element elementor-element-fae1c4b elementor-align-center elementor-widget elementor-widget-button\" data-id=\"fae1c4b\" data-element_type=\"widget\" data-e-type=\"widget\" data-widget_type=\"button.default\">\n\t\t\t\t<div class=\"elementor-widget-container\">\n\t\t\t\t\t\t\t\t\t<div class=\"elementor-button-wrapper\">\n\t\t\t\t\t<a class=\"elementor-button elementor-button-link elementor-size-sm\" href=\"http:\/\/sumupbookings.com\/mariluxe-beauty\" target=\"_blank\" rel=\"noopener\">\n\t\t\t\t\t\t<span class=\"elementor-button-content-wrapper\">\n\t\t\t\t\t\t\t\t\t<span class=\"elementor-button-text\">Prenota un appuntamento<\/span>\n\t\t\t\t\t<\/span>\n\t\t\t\t\t<\/a>\n\t\t\t\t<\/div>\n\t\t\t\t\t\t\t\t<\/div>\n\t\t\t\t<\/div>\n\t\t\t\t<div class=\"elementor-element elementor-element-b496d61 elementor-widget elementor-widget-spacer\" data-id=\"b496d61\" data-element_type=\"widget\" data-e-type=\"widget\" data-widget_type=\"spacer.default\">\n\t\t\t\t<div class=\"elementor-widget-container\">\n\t\t\t\t\t\t\t<div class=\"elementor-spacer\">\n\t\t\t<div class=\"elementor-spacer-inner\"><\/div>\n\t\t<\/div>\n\t\t\t\t\t\t<\/div>\n\t\t\t\t<\/div>\n\t\t\t\t\t<\/div>\n\t\t\t\t<\/div>\n\t\t\t\t<\/div>","protected":false},"excerpt":{"rendered":"<p>Nails Shellac, Gel und Acrigel Wenn es um die Pflege und Gestaltung Ihrer N\u00e4gel geht, gibt es zahlreiche M\u00f6glichkeiten, um einen eleganten Look zu erzielen. Drei der gefragtesten Behandlungen sind Shellac, Gel-N\u00e4gel und AcriGel. Jede dieser Methoden hat ihre eigenen Vorteile und bietet die M\u00f6glichkeit, deine N\u00e4gel individuell zu gestalten. In diesem Beitrag erf\u00e4hrst du [&hellip;]<\/p>\n","protected":false},"author":1,"featured_media":0,"parent":0,"menu_order":0,"comment_status":"closed","ping_status":"closed","template":"","meta":{"footnotes":""},"class_list":["post-280","page","type-page","status-publish","hentry"],"_links":{"self":[{"href":"https:\/\/mariluxe-beauty.ch\/it\/wp-json\/wp\/v2\/pages\/280","targetHints":{"allow":["GET"]}}],"collection":[{"href":"https:\/\/mariluxe-beauty.ch\/it\/wp-json\/wp\/v2\/pages"}],"about":[{"href":"https:\/\/mariluxe-beauty.ch\/it\/wp-json\/wp\/v2\/types\/page"}],"author":[{"embeddable":true,"href":"https:\/\/mariluxe-beauty.ch\/it\/wp-json\/wp\/v2\/users\/1"}],"replies":[{"embeddable":true,"href":"https:\/\/mariluxe-beauty.ch\/it\/wp-json\/wp\/v2\/comments?post=280"}],"version-history":[{"count":10,"href":"https:\/\/mariluxe-beauty.ch\/it\/wp-json\/wp\/v2\/pages\/280\/revisions"}],"predecessor-version":[{"id":1852,"href":"https:\/\/mariluxe-beauty.ch\/it\/wp-json\/wp\/v2\/pages\/280\/revisions\/1852"}],"wp:attachment":[{"href":"https:\/\/mariluxe-beauty.ch\/it\/wp-json\/wp\/v2\/media?parent=280"}],"curies":[{"name":"wp","href":"https:\/\/api.w.org\/{rel}","templated":true}]}}