{"id":1368,"date":"2025-06-12T14:13:32","date_gmt":"2025-06-12T12:13:32","guid":{"rendered":"https:\/\/mariluxe-beauty.ch\/?page_id=1368"},"modified":"2025-11-10T12:20:53","modified_gmt":"2025-11-10T11:20:53","slug":"luxe-glow","status":"publish","type":"page","link":"https:\/\/mariluxe-beauty.ch\/it\/luxe-glow\/","title":{"rendered":"Luxe Glow"},"content":{"rendered":"<div data-elementor-type=\"wp-page\" data-elementor-id=\"1368\" class=\"elementor elementor-1368\" data-elementor-post-type=\"page\">\n\t\t\t\t<div class=\"elementor-element elementor-element-91b8707 e-flex e-con-boxed e-con e-parent\" data-id=\"91b8707\" data-element_type=\"container\" data-e-type=\"container\">\n\t\t\t\t\t<div class=\"e-con-inner\">\n\t\t\t\t<div class=\"elementor-element elementor-element-4f1c98f9 elementor-widget elementor-widget-spacer\" data-id=\"4f1c98f9\" data-element_type=\"widget\" data-e-type=\"widget\" data-widget_type=\"spacer.default\">\n\t\t\t\t<div class=\"elementor-widget-container\">\n\t\t\t\t\t\t\t<div class=\"elementor-spacer\">\n\t\t\t<div class=\"elementor-spacer-inner\"><\/div>\n\t\t<\/div>\n\t\t\t\t\t\t<\/div>\n\t\t\t\t<\/div>\n\t\t\t\t<div class=\"elementor-element elementor-element-362361a0 elementor-widget elementor-widget-heading\" data-id=\"362361a0\" data-element_type=\"widget\" data-e-type=\"widget\" data-widget_type=\"heading.default\">\n\t\t\t\t<div class=\"elementor-widget-container\">\n\t\t\t\t\t<h1 class=\"elementor-heading-title elementor-size-default\">Luxe Glow<\/h1>\t\t\t\t<\/div>\n\t\t\t\t<\/div>\n\t\t\t\t<div class=\"elementor-element elementor-element-3be7a516 elementor-widget elementor-widget-spacer\" data-id=\"3be7a516\" data-element_type=\"widget\" data-e-type=\"widget\" data-widget_type=\"spacer.default\">\n\t\t\t\t<div class=\"elementor-widget-container\">\n\t\t\t\t\t\t\t<div class=\"elementor-spacer\">\n\t\t\t<div class=\"elementor-spacer-inner\"><\/div>\n\t\t<\/div>\n\t\t\t\t\t\t<\/div>\n\t\t\t\t<\/div>\n\t\t\t\t<div class=\"elementor-element elementor-element-5da035c7 elementor-widget elementor-widget-heading\" data-id=\"5da035c7\" data-element_type=\"widget\" data-e-type=\"widget\" data-widget_type=\"heading.default\">\n\t\t\t\t<div class=\"elementor-widget-container\">\n\t\t\t\t\t<h2 class=\"elementor-heading-title elementor-size-default\">Il tuo trattamento di lusso per una pelle radiosa<\/h2>\t\t\t\t<\/div>\n\t\t\t\t<\/div>\n\t\t\t\t<div class=\"elementor-element elementor-element-85b52f1 elementor-widget elementor-widget-spacer\" data-id=\"85b52f1\" data-element_type=\"widget\" data-e-type=\"widget\" data-widget_type=\"spacer.default\">\n\t\t\t\t<div class=\"elementor-widget-container\">\n\t\t\t\t\t\t\t<div class=\"elementor-spacer\">\n\t\t\t<div class=\"elementor-spacer-inner\"><\/div>\n\t\t<\/div>\n\t\t\t\t\t\t<\/div>\n\t\t\t\t<\/div>\n\t\t\t\t<div class=\"elementor-element elementor-element-31ff60b0 elementor-widget elementor-widget-text-editor\" data-id=\"31ff60b0\" data-element_type=\"widget\" data-e-type=\"widget\" data-widget_type=\"text-editor.default\">\n\t\t\t\t<div class=\"elementor-widget-container\">\n\t\t\t\t\t\t\t\t\t<p data-start=\"370\" data-end=\"782\"><strong data-start=\"370\" data-end=\"383\">Luxe Glow<\/strong> \u00e8 pi\u00f9 di un semplice trattamento viso: \u00e8 un rituale di bellezza, relax e luminosit\u00e0. Questo lussuoso trattamento \u00e8 stato sviluppato per tutti coloro che vogliono regalare a se stessi e alla propria pelle qualcosa di speciale. Che sia prima di un evento, per dare splendore alla vita di tutti i giorni o semplicemente per una pausa di benessere dallo stress, Luxe Glow assicura che la pelle sia visibilmente radiosa e si senta completamente curata.<\/p><p>\u00a0<\/p><p data-start=\"784\" data-end=\"1043\">La nostra pelle ha bisogno non solo di pulizia, ma anche di cure intensive per apparire fresca, vitale e giovane. \u00c8 proprio qui che entra in gioco Luxe Glow: Combiniamo cosmetici ricchi di principi attivi con elementi rilassanti per armonizzare corpo e anima.<\/p>\t\t\t\t\t\t\t\t<\/div>\n\t\t\t\t<\/div>\n\t\t\t\t\t<\/div>\n\t\t\t\t<\/div>\n\t\t<div class=\"elementor-element elementor-element-671dff55 e-flex e-con-boxed e-con e-parent\" data-id=\"671dff55\" data-element_type=\"container\" data-e-type=\"container\">\n\t\t\t\t\t<div class=\"e-con-inner\">\n\t\t\t\t<div class=\"elementor-element elementor-element-7021414d elementor-align-center elementor-widget elementor-widget-button\" data-id=\"7021414d\" data-element_type=\"widget\" data-e-type=\"widget\" data-widget_type=\"button.default\">\n\t\t\t\t<div class=\"elementor-widget-container\">\n\t\t\t\t\t\t\t\t\t<div class=\"elementor-button-wrapper\">\n\t\t\t\t\t<a class=\"elementor-button elementor-button-link elementor-size-sm\" href=\"http:\/\/sumupbookings.com\/mariluxe-beauty\" target=\"_blank\" rel=\"noopener\">\n\t\t\t\t\t\t<span class=\"elementor-button-content-wrapper\">\n\t\t\t\t\t\t\t\t\t<span class=\"elementor-button-text\">Prenota un appuntamento<\/span>\n\t\t\t\t\t<\/span>\n\t\t\t\t\t<\/a>\n\t\t\t\t<\/div>\n\t\t\t\t\t\t\t\t<\/div>\n\t\t\t\t<\/div>\n\t\t\t\t<div class=\"elementor-element elementor-element-5f95529f elementor-widget elementor-widget-spacer\" data-id=\"5f95529f\" data-element_type=\"widget\" data-e-type=\"widget\" data-widget_type=\"spacer.default\">\n\t\t\t\t<div class=\"elementor-widget-container\">\n\t\t\t\t\t\t\t<div class=\"elementor-spacer\">\n\t\t\t<div class=\"elementor-spacer-inner\"><\/div>\n\t\t<\/div>\n\t\t\t\t\t\t<\/div>\n\t\t\t\t<\/div>\n\t\t\t\t\t<\/div>\n\t\t\t\t<\/div>\n\t\t<div class=\"elementor-element elementor-element-79bf50a1 e-flex e-con-boxed e-con e-parent\" data-id=\"79bf50a1\" data-element_type=\"container\" data-e-type=\"container\">\n\t\t\t\t\t<div class=\"e-con-inner\">\n\t\t\t\t<div class=\"elementor-element elementor-element-2632763 elementor-widget elementor-widget-spacer\" data-id=\"2632763\" data-element_type=\"widget\" data-e-type=\"widget\" data-widget_type=\"spacer.default\">\n\t\t\t\t<div class=\"elementor-widget-container\">\n\t\t\t\t\t\t\t<div class=\"elementor-spacer\">\n\t\t\t<div class=\"elementor-spacer-inner\"><\/div>\n\t\t<\/div>\n\t\t\t\t\t\t<\/div>\n\t\t\t\t<\/div>\n\t\t\t\t<div class=\"elementor-element elementor-element-66f18c65 elementor-widget elementor-widget-heading\" data-id=\"66f18c65\" data-element_type=\"widget\" data-e-type=\"widget\" data-widget_type=\"heading.default\">\n\t\t\t\t<div class=\"elementor-widget-container\">\n\t\t\t\t\t<h2 class=\"elementor-heading-title elementor-size-default\">Cure intensive con fattore di benessere<\/h2>\t\t\t\t<\/div>\n\t\t\t\t<\/div>\n\t\t\t\t<div class=\"elementor-element elementor-element-6afc0416 elementor-widget elementor-widget-text-editor\" data-id=\"6afc0416\" data-element_type=\"widget\" data-e-type=\"widget\" data-widget_type=\"text-editor.default\">\n\t\t\t\t<div class=\"elementor-widget-container\">\n\t\t\t\t\t\t\t\t\t<p data-start=\"1111\" data-end=\"1526\">Il trattamento inizia con una delicata pulizia e un'esfoliazione rivitalizzante. Il viso viene poi preparato con vapore caldo in modo che i pori si aprano e la pelle possa assorbire in modo ottimale i principi attivi. Dopo una pulizia facoltativa, segue il cuore del trattamento: un massaggio rilassante del viso con un siero adatto al tipo di pelle, ad esempio con acido ialuronico o vitamine.<\/p><p data-start=\"1528\" data-end=\"1758\">Viene quindi applicata una maschera lussuosa per nutrire, lenire e levigare la pelle in profondit\u00e0. Un ricco trattamento finale con crema da giorno completa il trattamento e assicura una carnagione radiosa con effetto glow.<\/p>\t\t\t\t\t\t\t\t<\/div>\n\t\t\t\t<\/div>\n\t\t\t\t<div class=\"elementor-element elementor-element-777e35f4 elementor-widget elementor-widget-spacer\" data-id=\"777e35f4\" data-element_type=\"widget\" data-e-type=\"widget\" data-widget_type=\"spacer.default\">\n\t\t\t\t<div class=\"elementor-widget-container\">\n\t\t\t\t\t\t\t<div class=\"elementor-spacer\">\n\t\t\t<div class=\"elementor-spacer-inner\"><\/div>\n\t\t<\/div>\n\t\t\t\t\t\t<\/div>\n\t\t\t\t<\/div>\n\t\t\t\t<div class=\"elementor-element elementor-element-7b627ffe elementor-widget elementor-widget-image\" data-id=\"7b627ffe\" data-element_type=\"widget\" data-e-type=\"widget\" data-widget_type=\"image.default\">\n\t\t\t\t<div class=\"elementor-widget-container\">\n\t\t\t\t\t\t\t\t\t\t\t\t\t\t\t<img fetchpriority=\"high\" decoding=\"async\" width=\"768\" height=\"1024\" src=\"https:\/\/mariluxe-beauty.ch\/wp-content\/uploads\/2025\/11\/IMG_8183-768x1024.jpeg\" class=\"attachment-medium_large size-medium_large wp-image-1878\" alt=\"\" srcset=\"https:\/\/mariluxe-beauty.ch\/wp-content\/uploads\/2025\/11\/IMG_8183-768x1024.jpeg 768w, https:\/\/mariluxe-beauty.ch\/wp-content\/uploads\/2025\/11\/IMG_8183-225x300.jpeg 225w, https:\/\/mariluxe-beauty.ch\/wp-content\/uploads\/2025\/11\/IMG_8183-1152x1536.jpeg 1152w, https:\/\/mariluxe-beauty.ch\/wp-content\/uploads\/2025\/11\/IMG_8183-1536x2048.jpeg 1536w, https:\/\/mariluxe-beauty.ch\/wp-content\/uploads\/2025\/11\/IMG_8183-9x12.jpeg 9w, https:\/\/mariluxe-beauty.ch\/wp-content\/uploads\/2025\/11\/IMG_8183-scaled.jpeg 1920w\" sizes=\"(max-width: 768px) 100vw, 768px\" \/>\t\t\t\t\t\t\t\t\t\t\t\t\t\t\t<\/div>\n\t\t\t\t<\/div>\n\t\t\t\t<div class=\"elementor-element elementor-element-57db1291 elementor-widget elementor-widget-spacer\" data-id=\"57db1291\" data-element_type=\"widget\" data-e-type=\"widget\" data-widget_type=\"spacer.default\">\n\t\t\t\t<div class=\"elementor-widget-container\">\n\t\t\t\t\t\t\t<div class=\"elementor-spacer\">\n\t\t\t<div class=\"elementor-spacer-inner\"><\/div>\n\t\t<\/div>\n\t\t\t\t\t\t<\/div>\n\t\t\t\t<\/div>\n\t\t\t\t\t<\/div>\n\t\t\t\t<\/div>\n\t\t<div class=\"elementor-element elementor-element-4e13ac0c e-flex e-con-boxed e-con e-parent\" data-id=\"4e13ac0c\" data-element_type=\"container\" data-e-type=\"container\">\n\t\t\t\t\t<div class=\"e-con-inner\">\n\t\t\t\t<div class=\"elementor-element elementor-element-b165048 elementor-widget elementor-widget-spacer\" data-id=\"b165048\" data-element_type=\"widget\" data-e-type=\"widget\" data-widget_type=\"spacer.default\">\n\t\t\t\t<div class=\"elementor-widget-container\">\n\t\t\t\t\t\t\t<div class=\"elementor-spacer\">\n\t\t\t<div class=\"elementor-spacer-inner\"><\/div>\n\t\t<\/div>\n\t\t\t\t\t\t<\/div>\n\t\t\t\t<\/div>\n\t\t\t\t<div class=\"elementor-element elementor-element-797d493d elementor-widget elementor-widget-heading\" data-id=\"797d493d\" data-element_type=\"widget\" data-e-type=\"widget\" data-widget_type=\"heading.default\">\n\t\t\t\t<div class=\"elementor-widget-container\">\n\t\t\t\t\t<h2 class=\"elementor-heading-title elementor-size-default\">Per chi \u00e8 adatto Luxe Glow?<\/h2>\t\t\t\t<\/div>\n\t\t\t\t<\/div>\n\t\t\t\t<div class=\"elementor-element elementor-element-160abbf8 elementor-widget elementor-widget-text-editor\" data-id=\"160abbf8\" data-element_type=\"widget\" data-e-type=\"widget\" data-widget_type=\"text-editor.default\">\n\t\t\t\t<div class=\"elementor-widget-container\">\n\t\t\t\t\t\t\t\t\t<p data-start=\"1809\" data-end=\"1840\">Questo trattamento \u00e8 ideale per:<\/p><ul data-start=\"1842\" data-end=\"2172\"><li data-start=\"1842\" data-end=\"1911\"><p data-start=\"1844\" data-end=\"1911\">Tutti i tipi di pelle, in particolare per la pelle stanca, spenta o stressata<\/p><\/li><li data-start=\"1912\" data-end=\"1985\"><p data-start=\"1914\" data-end=\"1985\">Chiunque voglia fare qualcosa di buono per se stesso, anche senza un'occasione speciale<\/p><\/li><li data-start=\"1986\" data-end=\"2034\"><p data-start=\"1988\" data-end=\"2034\">Spose o ospiti prima di un evento speciale<\/p><\/li><li data-start=\"2035\" data-end=\"2097\"><p data-start=\"2037\" data-end=\"2097\">Clienti che cercano risultati visibili e relax<\/p><\/li><li data-start=\"2098\" data-end=\"2172\"><p data-start=\"2100\" data-end=\"2172\">Tutti coloro che desiderano una cura lussuosa con ingredienti di alta qualit\u00e0<\/p><\/li><\/ul><p data-start=\"2174\" data-end=\"2275\">Luxe Glow \u00e8 come una breve visita in una spa, ma pi\u00f9 mirata e specifica per il vostro viso.<\/p>\t\t\t\t\t\t\t\t<\/div>\n\t\t\t\t<\/div>\n\t\t\t\t<div class=\"elementor-element elementor-element-778b064f elementor-widget elementor-widget-spacer\" data-id=\"778b064f\" data-element_type=\"widget\" data-e-type=\"widget\" data-widget_type=\"spacer.default\">\n\t\t\t\t<div class=\"elementor-widget-container\">\n\t\t\t\t\t\t\t<div class=\"elementor-spacer\">\n\t\t\t<div class=\"elementor-spacer-inner\"><\/div>\n\t\t<\/div>\n\t\t\t\t\t\t<\/div>\n\t\t\t\t<\/div>\n\t\t\t\t<div class=\"elementor-element elementor-element-25bcefb3 elementor-widget elementor-widget-image\" data-id=\"25bcefb3\" data-element_type=\"widget\" data-e-type=\"widget\" data-widget_type=\"image.default\">\n\t\t\t\t<div class=\"elementor-widget-container\">\n\t\t\t\t\t\t\t\t\t\t\t\t\t\t\t<img decoding=\"async\" src=\"https:\/\/mariluxe-beauty.ch\/wp-content\/uploads\/2025\/06\/Gesichtsbehandlung-9.jpg\" title=\"\" alt=\"\" loading=\"lazy\" \/>\t\t\t\t\t\t\t\t\t\t\t\t\t\t\t<\/div>\n\t\t\t\t<\/div>\n\t\t\t\t\t<\/div>\n\t\t\t\t<\/div>\n\t\t<div class=\"elementor-element elementor-element-2861a040 e-flex e-con-boxed e-con e-parent\" data-id=\"2861a040\" data-element_type=\"container\" data-e-type=\"container\">\n\t\t\t\t\t<div class=\"e-con-inner\">\n\t\t\t\t<div class=\"elementor-element elementor-element-676631ca elementor-align-center elementor-widget elementor-widget-button\" data-id=\"676631ca\" data-element_type=\"widget\" data-e-type=\"widget\" data-widget_type=\"button.default\">\n\t\t\t\t<div class=\"elementor-widget-container\">\n\t\t\t\t\t\t\t\t\t<div class=\"elementor-button-wrapper\">\n\t\t\t\t\t<a class=\"elementor-button elementor-button-link elementor-size-sm\" href=\"http:\/\/sumupbookings.com\/mariluxe-beauty\" target=\"_blank\" rel=\"noopener\">\n\t\t\t\t\t\t<span class=\"elementor-button-content-wrapper\">\n\t\t\t\t\t\t\t\t\t<span class=\"elementor-button-text\">Prenota un appuntamento<\/span>\n\t\t\t\t\t<\/span>\n\t\t\t\t\t<\/a>\n\t\t\t\t<\/div>\n\t\t\t\t\t\t\t\t<\/div>\n\t\t\t\t<\/div>\n\t\t\t\t<div class=\"elementor-element elementor-element-64f418dc elementor-widget elementor-widget-spacer\" data-id=\"64f418dc\" data-element_type=\"widget\" data-e-type=\"widget\" data-widget_type=\"spacer.default\">\n\t\t\t\t<div class=\"elementor-widget-container\">\n\t\t\t\t\t\t\t<div class=\"elementor-spacer\">\n\t\t\t<div class=\"elementor-spacer-inner\"><\/div>\n\t\t<\/div>\n\t\t\t\t\t\t<\/div>\n\t\t\t\t<\/div>\n\t\t\t\t\t<\/div>\n\t\t\t\t<\/div>\n\t\t<div class=\"elementor-element elementor-element-721a4cce e-flex e-con-boxed e-con e-parent\" data-id=\"721a4cce\" data-element_type=\"container\" data-e-type=\"container\">\n\t\t\t\t\t<div class=\"e-con-inner\">\n\t\t\t\t<div class=\"elementor-element elementor-element-4817102b elementor-widget elementor-widget-spacer\" data-id=\"4817102b\" data-element_type=\"widget\" data-e-type=\"widget\" data-widget_type=\"spacer.default\">\n\t\t\t\t<div class=\"elementor-widget-container\">\n\t\t\t\t\t\t\t<div class=\"elementor-spacer\">\n\t\t\t<div class=\"elementor-spacer-inner\"><\/div>\n\t\t<\/div>\n\t\t\t\t\t\t<\/div>\n\t\t\t\t<\/div>\n\t\t\t\t\t<\/div>\n\t\t\t\t<\/div>\n\t\t<div class=\"elementor-element elementor-element-7c02c4df e-flex e-con-boxed e-con e-parent\" data-id=\"7c02c4df\" data-element_type=\"container\" data-e-type=\"container\">\n\t\t\t\t\t<div class=\"e-con-inner\">\n\t\t\t\t<div class=\"elementor-element elementor-element-ee51587 elementor-widget elementor-widget-spacer\" data-id=\"ee51587\" data-element_type=\"widget\" data-e-type=\"widget\" data-widget_type=\"spacer.default\">\n\t\t\t\t<div class=\"elementor-widget-container\">\n\t\t\t\t\t\t\t<div class=\"elementor-spacer\">\n\t\t\t<div class=\"elementor-spacer-inner\"><\/div>\n\t\t<\/div>\n\t\t\t\t\t\t<\/div>\n\t\t\t\t<\/div>\n\t\t\t\t<div class=\"elementor-element elementor-element-195bb429 elementor-widget elementor-widget-heading\" data-id=\"195bb429\" data-element_type=\"widget\" data-e-type=\"widget\" data-widget_type=\"heading.default\">\n\t\t\t\t<div class=\"elementor-widget-container\">\n\t\t\t\t\t<h2 class=\"elementor-heading-title elementor-size-default\">Regalati il Glow con Mariluxe Beauty<\/h2>\t\t\t\t<\/div>\n\t\t\t\t<\/div>\n\t\t\t\t<div class=\"elementor-element elementor-element-5de75919 elementor-widget elementor-widget-text-editor\" data-id=\"5de75919\" data-element_type=\"widget\" data-e-type=\"widget\" data-widget_type=\"text-editor.default\">\n\t\t\t\t<div class=\"elementor-widget-container\">\n\t\t\t\t\t\t\t\t\t<p data-start=\"2335\" data-end=\"2599\">Concediti un'ora solo per te, con un trattamento che offre risultati visibili e allo stesso tempo permette al corpo e alla mente di rilassarsi. Potrai staccare la spina e lasciarti coccolare in un'atmosfera rilassante.<\/p><p data-start=\"2601\" data-end=\"2895\">Adotto un trattamento personalizzato per la tua pelle e scelgo solo i prodotti che si adattano perfettamente alle tue esigenze. <strong data-start=\"2729\" data-end=\"2742\">Luxe Glow<\/strong> non \u00e8 solo un trattamento, \u00e8 un'esperienza. E la cosa migliore \u00e8 che l'effetto \u00e8 immediatamente visibile: la pelle appare pi\u00f9 tonica, fresca e luminosa.<\/p><p data-start=\"2897\" data-end=\"2990\"><strong data-start=\"2900\" data-end=\"2943\">Prenota subito il tuo appuntamento per Luxe Glow<\/strong> e tira fuori il tuo splendore interiore.<\/p>\t\t\t\t\t\t\t\t<\/div>\n\t\t\t\t<\/div>\n\t\t\t\t<div class=\"elementor-element elementor-element-13c7aec elementor-widget elementor-widget-spacer\" data-id=\"13c7aec\" data-element_type=\"widget\" data-e-type=\"widget\" data-widget_type=\"spacer.default\">\n\t\t\t\t<div class=\"elementor-widget-container\">\n\t\t\t\t\t\t\t<div class=\"elementor-spacer\">\n\t\t\t<div class=\"elementor-spacer-inner\"><\/div>\n\t\t<\/div>\n\t\t\t\t\t\t<\/div>\n\t\t\t\t<\/div>\n\t\t\t\t<div class=\"elementor-element elementor-element-173140d elementor-widget elementor-widget-image\" data-id=\"173140d\" data-element_type=\"widget\" data-e-type=\"widget\" data-widget_type=\"image.default\">\n\t\t\t\t<div class=\"elementor-widget-container\">\n\t\t\t\t\t\t\t\t\t\t\t\t\t\t\t<img decoding=\"async\" width=\"768\" height=\"1024\" src=\"https:\/\/mariluxe-beauty.ch\/wp-content\/uploads\/2025\/11\/IMG_9453-768x1024.jpeg\" class=\"attachment-medium_large size-medium_large wp-image-1879\" alt=\"\" srcset=\"https:\/\/mariluxe-beauty.ch\/wp-content\/uploads\/2025\/11\/IMG_9453-768x1024.jpeg 768w, https:\/\/mariluxe-beauty.ch\/wp-content\/uploads\/2025\/11\/IMG_9453-225x300.jpeg 225w, https:\/\/mariluxe-beauty.ch\/wp-content\/uploads\/2025\/11\/IMG_9453-1152x1536.jpeg 1152w, https:\/\/mariluxe-beauty.ch\/wp-content\/uploads\/2025\/11\/IMG_9453-1536x2048.jpeg 1536w, https:\/\/mariluxe-beauty.ch\/wp-content\/uploads\/2025\/11\/IMG_9453-9x12.jpeg 9w, https:\/\/mariluxe-beauty.ch\/wp-content\/uploads\/2025\/11\/IMG_9453-scaled.jpeg 1920w\" sizes=\"(max-width: 768px) 100vw, 768px\" \/>\t\t\t\t\t\t\t\t\t\t\t\t\t\t\t<\/div>\n\t\t\t\t<\/div>\n\t\t\t\t<div class=\"elementor-element elementor-element-5de2f19e elementor-widget elementor-widget-spacer\" data-id=\"5de2f19e\" data-element_type=\"widget\" data-e-type=\"widget\" data-widget_type=\"spacer.default\">\n\t\t\t\t<div class=\"elementor-widget-container\">\n\t\t\t\t\t\t\t<div class=\"elementor-spacer\">\n\t\t\t<div class=\"elementor-spacer-inner\"><\/div>\n\t\t<\/div>\n\t\t\t\t\t\t<\/div>\n\t\t\t\t<\/div>\n\t\t\t\t<div class=\"elementor-element elementor-element-222ae9ca elementor-align-center elementor-widget elementor-widget-button\" data-id=\"222ae9ca\" data-element_type=\"widget\" data-e-type=\"widget\" data-widget_type=\"button.default\">\n\t\t\t\t<div class=\"elementor-widget-container\">\n\t\t\t\t\t\t\t\t\t<div class=\"elementor-button-wrapper\">\n\t\t\t\t\t<a class=\"elementor-button elementor-button-link elementor-size-sm\" href=\"http:\/\/sumupbookings.com\/mariluxe-beauty\" target=\"_blank\" rel=\"noopener\">\n\t\t\t\t\t\t<span class=\"elementor-button-content-wrapper\">\n\t\t\t\t\t\t\t\t\t<span class=\"elementor-button-text\">Prenota un appuntamento<\/span>\n\t\t\t\t\t<\/span>\n\t\t\t\t\t<\/a>\n\t\t\t\t<\/div>\n\t\t\t\t\t\t\t\t<\/div>\n\t\t\t\t<\/div>\n\t\t\t\t\t<\/div>\n\t\t\t\t<\/div>\n\t\t<div class=\"elementor-element elementor-element-66e94de4 e-flex e-con-boxed e-con e-parent\" data-id=\"66e94de4\" data-element_type=\"container\" data-e-type=\"container\">\n\t\t\t\t\t<div class=\"e-con-inner\">\n\t\t\t\t<div class=\"elementor-element elementor-element-4be66590 elementor-widget elementor-widget-spacer\" data-id=\"4be66590\" data-element_type=\"widget\" data-e-type=\"widget\" data-widget_type=\"spacer.default\">\n\t\t\t\t<div class=\"elementor-widget-container\">\n\t\t\t\t\t\t\t<div class=\"elementor-spacer\">\n\t\t\t<div class=\"elementor-spacer-inner\"><\/div>\n\t\t<\/div>\n\t\t\t\t\t\t<\/div>\n\t\t\t\t<\/div>\n\t\t\t\t\t<\/div>\n\t\t\t\t<\/div>\n\t\t\t\t<\/div>","protected":false},"excerpt":{"rendered":"<p>Luxe Glow Deine luxuri\u00f6se Behandlung f\u00fcr strahlende Haut Luxe Glow ist mehr als eine Gesichtsbehandlung \u2013 es ist ein Ritual f\u00fcr Sch\u00f6nheit, Entspannung und Ausstrahlung. Diese luxuri\u00f6se Behandlung wurde f\u00fcr alle entwickelt, die sich und ihrer Haut etwas Besonderes g\u00f6nnen m\u00f6chten. Ob vor einem Event, f\u00fcr den Glow im Alltag oder einfach als liebevolle Auszeit [&hellip;]<\/p>\n","protected":false},"author":1,"featured_media":0,"parent":0,"menu_order":0,"comment_status":"closed","ping_status":"closed","template":"","meta":{"footnotes":""},"class_list":["post-1368","page","type-page","status-publish","hentry"],"_links":{"self":[{"href":"https:\/\/mariluxe-beauty.ch\/it\/wp-json\/wp\/v2\/pages\/1368","targetHints":{"allow":["GET"]}}],"collection":[{"href":"https:\/\/mariluxe-beauty.ch\/it\/wp-json\/wp\/v2\/pages"}],"about":[{"href":"https:\/\/mariluxe-beauty.ch\/it\/wp-json\/wp\/v2\/types\/page"}],"author":[{"embeddable":true,"href":"https:\/\/mariluxe-beauty.ch\/it\/wp-json\/wp\/v2\/users\/1"}],"replies":[{"embeddable":true,"href":"https:\/\/mariluxe-beauty.ch\/it\/wp-json\/wp\/v2\/comments?post=1368"}],"version-history":[{"count":10,"href":"https:\/\/mariluxe-beauty.ch\/it\/wp-json\/wp\/v2\/pages\/1368\/revisions"}],"predecessor-version":[{"id":1882,"href":"https:\/\/mariluxe-beauty.ch\/it\/wp-json\/wp\/v2\/pages\/1368\/revisions\/1882"}],"wp:attachment":[{"href":"https:\/\/mariluxe-beauty.ch\/it\/wp-json\/wp\/v2\/media?parent=1368"}],"curies":[{"name":"wp","href":"https:\/\/api.w.org\/{rel}","templated":true}]}}