{"id":883,"date":"2024-11-06T13:20:13","date_gmt":"2024-11-06T12:20:13","guid":{"rendered":"https:\/\/mariluxe-beauty.ch\/?page_id=883"},"modified":"2025-06-25T11:52:43","modified_gmt":"2025-06-25T09:52:43","slug":"haarentfernung","status":"publish","type":"page","link":"https:\/\/mariluxe-beauty.ch\/de\/haarentfernung\/","title":{"rendered":"Haarentfernung"},"content":{"rendered":"\t\t<div data-elementor-type=\"wp-page\" data-elementor-id=\"883\" class=\"elementor elementor-883\" data-elementor-post-type=\"page\">\n\t\t\t\t<div class=\"elementor-element elementor-element-dc1362d e-flex e-con-boxed e-con e-parent\" data-id=\"dc1362d\" data-element_type=\"container\" data-e-type=\"container\">\n\t\t\t\t\t<div class=\"e-con-inner\">\n\t\t\t\t<div class=\"elementor-element elementor-element-0eb7c21 elementor-widget elementor-widget-spacer\" data-id=\"0eb7c21\" data-element_type=\"widget\" data-e-type=\"widget\" data-widget_type=\"spacer.default\">\n\t\t\t\t<div class=\"elementor-widget-container\">\n\t\t\t\t\t\t\t<div class=\"elementor-spacer\">\n\t\t\t<div class=\"elementor-spacer-inner\"><\/div>\n\t\t<\/div>\n\t\t\t\t\t\t<\/div>\n\t\t\t\t<\/div>\n\t\t\t\t<div class=\"elementor-element elementor-element-eef1104 elementor-widget elementor-widget-heading\" data-id=\"eef1104\" data-element_type=\"widget\" data-e-type=\"widget\" data-widget_type=\"heading.default\">\n\t\t\t\t<div class=\"elementor-widget-container\">\n\t\t\t\t\t<h1 class=\"elementor-heading-title elementor-size-default\">Haarentfernung<\/h1>\t\t\t\t<\/div>\n\t\t\t\t<\/div>\n\t\t\t\t<div class=\"elementor-element elementor-element-303512f elementor-widget elementor-widget-spacer\" data-id=\"303512f\" data-element_type=\"widget\" data-e-type=\"widget\" data-widget_type=\"spacer.default\">\n\t\t\t\t<div class=\"elementor-widget-container\">\n\t\t\t\t\t\t\t<div class=\"elementor-spacer\">\n\t\t\t<div class=\"elementor-spacer-inner\"><\/div>\n\t\t<\/div>\n\t\t\t\t\t\t<\/div>\n\t\t\t\t<\/div>\n\t\t\t\t<div class=\"elementor-element elementor-element-dd19508 elementor-widget elementor-widget-heading\" data-id=\"dd19508\" data-element_type=\"widget\" data-e-type=\"widget\" data-widget_type=\"heading.default\">\n\t\t\t\t<div class=\"elementor-widget-container\">\n\t\t\t\t\t<h2 class=\"elementor-heading-title elementor-size-default\">Glatte Haut durch professionelle Wachstechniken<\/h2>\t\t\t\t<\/div>\n\t\t\t\t<\/div>\n\t\t\t\t<div class=\"elementor-element elementor-element-fc428fa elementor-widget elementor-widget-spacer\" data-id=\"fc428fa\" data-element_type=\"widget\" data-e-type=\"widget\" data-widget_type=\"spacer.default\">\n\t\t\t\t<div class=\"elementor-widget-container\">\n\t\t\t\t\t\t\t<div class=\"elementor-spacer\">\n\t\t\t<div class=\"elementor-spacer-inner\"><\/div>\n\t\t<\/div>\n\t\t\t\t\t\t<\/div>\n\t\t\t\t<\/div>\n\t\t\t\t<div class=\"elementor-element elementor-element-8780db6 elementor-widget elementor-widget-text-editor\" data-id=\"8780db6\" data-element_type=\"widget\" data-e-type=\"widget\" data-widget_type=\"text-editor.default\">\n\t\t\t\t<div class=\"elementor-widget-container\">\n\t\t\t\t\t\t\t\t\t<p>Bei MariLuxe Beauty biete ich dir eine effektive und langanhaltende Methode zur Haarentfernung an: das Waxing. Im Gegensatz zu herk\u00f6mmlichen Rasurmethoden sorgt Waxing daf\u00fcr, dass die Haut l\u00e4nger glatt und seidig bleibt, da die Haare samt Wurzel entfernt werden. Das bedeutet weniger Stoppeln, weniger Hautirritationen und eine glatte Haut, die bis zu vier Wochen lang h\u00e4lt.<\/p>\t\t\t\t\t\t\t\t<\/div>\n\t\t\t\t<\/div>\n\t\t\t\t<div class=\"elementor-element elementor-element-b570e76 elementor-align-center elementor-widget elementor-widget-button\" data-id=\"b570e76\" data-element_type=\"widget\" data-e-type=\"widget\" data-widget_type=\"button.default\">\n\t\t\t\t<div class=\"elementor-widget-container\">\n\t\t\t\t\t\t\t\t\t<div class=\"elementor-button-wrapper\">\n\t\t\t\t\t<a class=\"elementor-button elementor-button-link elementor-size-sm\" href=\"http:\/\/sumupbookings.com\/mariluxe-beauty\" target=\"_blank\" rel=\"noopener\">\n\t\t\t\t\t\t<span class=\"elementor-button-content-wrapper\">\n\t\t\t\t\t\t\t\t\t<span class=\"elementor-button-text\">Jetzt Termin buchen<\/span>\n\t\t\t\t\t<\/span>\n\t\t\t\t\t<\/a>\n\t\t\t\t<\/div>\n\t\t\t\t\t\t\t\t<\/div>\n\t\t\t\t<\/div>\n\t\t\t\t<div class=\"elementor-element elementor-element-5175f1d elementor-widget elementor-widget-spacer\" data-id=\"5175f1d\" data-element_type=\"widget\" data-e-type=\"widget\" data-widget_type=\"spacer.default\">\n\t\t\t\t<div class=\"elementor-widget-container\">\n\t\t\t\t\t\t\t<div class=\"elementor-spacer\">\n\t\t\t<div class=\"elementor-spacer-inner\"><\/div>\n\t\t<\/div>\n\t\t\t\t\t\t<\/div>\n\t\t\t\t<\/div>\n\t\t\t\t\t<\/div>\n\t\t\t\t<\/div>\n\t\t<div class=\"elementor-element elementor-element-f96f1fa e-flex e-con-boxed e-con e-parent\" data-id=\"f96f1fa\" data-element_type=\"container\" data-e-type=\"container\" data-settings=\"{&quot;background_background&quot;:&quot;classic&quot;}\">\n\t\t\t\t\t<div class=\"e-con-inner\">\n\t\t\t\t<div class=\"elementor-element elementor-element-4e611f6 elementor-widget elementor-widget-spacer\" data-id=\"4e611f6\" data-element_type=\"widget\" data-e-type=\"widget\" data-widget_type=\"spacer.default\">\n\t\t\t\t<div class=\"elementor-widget-container\">\n\t\t\t\t\t\t\t<div class=\"elementor-spacer\">\n\t\t\t<div class=\"elementor-spacer-inner\"><\/div>\n\t\t<\/div>\n\t\t\t\t\t\t<\/div>\n\t\t\t\t<\/div>\n\t\t\t\t<div class=\"elementor-element elementor-element-1d26b66 elementor-widget elementor-widget-heading\" data-id=\"1d26b66\" data-element_type=\"widget\" data-e-type=\"widget\" data-widget_type=\"heading.default\">\n\t\t\t\t<div class=\"elementor-widget-container\">\n\t\t\t\t\t<h2 class=\"elementor-heading-title elementor-size-default\">Warum Waxing? Die Vorteile auf einen Blick<\/h2>\t\t\t\t<\/div>\n\t\t\t\t<\/div>\n\t\t\t\t<div class=\"elementor-element elementor-element-ac4fd2a elementor-widget elementor-widget-text-editor\" data-id=\"ac4fd2a\" data-element_type=\"widget\" data-e-type=\"widget\" data-widget_type=\"text-editor.default\">\n\t\t\t\t<div class=\"elementor-widget-container\">\n\t\t\t\t\t\t\t\t\t<p>Waxing ist eine der beliebtesten Methoden der Haarentfernung, da es im Vergleich zur Rasur viele Vorteile bietet. Durch das Entfernen der Haare an der Wurzel wachsen die Haare feiner und langsamer nach. Regelm\u00e4\u00dfiges Waxing kann sogar dazu f\u00fchren, dass das Haarwachstum insgesamt reduziert wird. Zudem entstehen bei dieser Methode keine Rasurpickel oder Hautreizungen, die oft bei der Verwendung von Rasierern auftreten.<\/p>\t\t\t\t\t\t\t\t<\/div>\n\t\t\t\t<\/div>\n\t\t\t\t<div class=\"elementor-element elementor-element-faeeb4f elementor-widget elementor-widget-spacer\" data-id=\"faeeb4f\" data-element_type=\"widget\" data-e-type=\"widget\" data-widget_type=\"spacer.default\">\n\t\t\t\t<div class=\"elementor-widget-container\">\n\t\t\t\t\t\t\t<div class=\"elementor-spacer\">\n\t\t\t<div class=\"elementor-spacer-inner\"><\/div>\n\t\t<\/div>\n\t\t\t\t\t\t<\/div>\n\t\t\t\t<\/div>\n\t\t\t\t<div class=\"elementor-element elementor-element-523f3ef elementor-widget elementor-widget-image\" data-id=\"523f3ef\" data-element_type=\"widget\" data-e-type=\"widget\" data-widget_type=\"image.default\">\n\t\t\t\t<div class=\"elementor-widget-container\">\n\t\t\t\t\t\t\t\t\t\t\t\t\t\t\t<img decoding=\"async\" src=\"https:\/\/mariluxe-beauty.ch\/wp-content\/uploads\/2024\/11\/Wachsen.jpg\" title=\"\" alt=\"\" loading=\"lazy\" \/>\t\t\t\t\t\t\t\t\t\t\t\t\t\t\t<\/div>\n\t\t\t\t<\/div>\n\t\t\t\t<div class=\"elementor-element elementor-element-29792e8 elementor-widget elementor-widget-spacer\" data-id=\"29792e8\" data-element_type=\"widget\" data-e-type=\"widget\" data-widget_type=\"spacer.default\">\n\t\t\t\t<div class=\"elementor-widget-container\">\n\t\t\t\t\t\t\t<div class=\"elementor-spacer\">\n\t\t\t<div class=\"elementor-spacer-inner\"><\/div>\n\t\t<\/div>\n\t\t\t\t\t\t<\/div>\n\t\t\t\t<\/div>\n\t\t\t\t\t<\/div>\n\t\t\t\t<\/div>\n\t\t<div class=\"elementor-element elementor-element-9151233 e-flex e-con-boxed e-con e-parent\" data-id=\"9151233\" data-element_type=\"container\" data-e-type=\"container\">\n\t\t\t\t\t<div class=\"e-con-inner\">\n\t\t\t\t<div class=\"elementor-element elementor-element-497f77d elementor-widget elementor-widget-spacer\" data-id=\"497f77d\" data-element_type=\"widget\" data-e-type=\"widget\" data-widget_type=\"spacer.default\">\n\t\t\t\t<div class=\"elementor-widget-container\">\n\t\t\t\t\t\t\t<div class=\"elementor-spacer\">\n\t\t\t<div class=\"elementor-spacer-inner\"><\/div>\n\t\t<\/div>\n\t\t\t\t\t\t<\/div>\n\t\t\t\t<\/div>\n\t\t\t\t<div class=\"elementor-element elementor-element-4543860 elementor-widget elementor-widget-heading\" data-id=\"4543860\" data-element_type=\"widget\" data-e-type=\"widget\" data-widget_type=\"heading.default\">\n\t\t\t\t<div class=\"elementor-widget-container\">\n\t\t\t\t\t<h2 class=\"elementor-heading-title elementor-size-default\">Meine Waxing-Dienstleistungen: Glatte Haut von Kopf bis Fu\u00df<\/h2>\t\t\t\t<\/div>\n\t\t\t\t<\/div>\n\t\t\t\t<div class=\"elementor-element elementor-element-d672137 elementor-widget elementor-widget-text-editor\" data-id=\"d672137\" data-element_type=\"widget\" data-e-type=\"widget\" data-widget_type=\"text-editor.default\">\n\t\t\t\t<div class=\"elementor-widget-container\">\n\t\t\t\t\t\t\t\t\t<p>Ich biete Haarentfernung mit Wachs f\u00fcr verschiedene K\u00f6rperbereiche an \u2013 damit du dich rundum wohlf\u00fchlen kannst. Hier sind die Bereiche, die du bei mir behandeln lassen kannst:<\/p><ul><li><span style=\"text-decoration: underline;\"><strong>Arme:<\/strong><\/span> Glatte Arme sind f\u00fcr viele Menschen ein Muss, besonders in den Sommermonaten, wenn kurze \u00c4rmel und \u00e4rmellose Tops angesagt sind. Mit dem Waxing der Arme sorgst du daf\u00fcr, dass die Haut frei von Haaren bleibt und sich glatt anf\u00fchlt. Das Waxing in diesem Bereich ist schnell und effektiv, und das Ergebnis h\u00e4lt mehrere Wochen an.<\/li><\/ul><div>\u00a0<\/div><ul><li><span style=\"text-decoration: underline;\"><strong>Beine:<\/strong><\/span> Das Waxing der Beine geh\u00f6rt zu den beliebtesten Behandlungen und sorgt daf\u00fcr, dass du \u00fcber einen l\u00e4ngeren Zeitraum hinweg glatte Beine genie\u00dfen kannst. Egal, ob du nur die Unterschenkel oder das gesamte Bein enthaaren lassen m\u00f6chten \u2013 durch das Entfernen der Haare an der Wurzel bleibt deine Haut l\u00e4nger glatt und gepflegt. Besonders in der Badesaison ist das Bein-Waxing eine beliebte Option, um sich rundum wohlzuf\u00fchlen und jederzeit bereit f\u00fcr Sommer-Outfits zu sein.<\/li><\/ul><div>\u00a0<\/div><ul><li><strong><span style=\"text-decoration: underline;\">Achseln:<\/span>\u00a0<\/strong>Das Waxing der Achseln ist nicht nur hygienisch, sondern sorgt auch f\u00fcr ein gepflegtes Erscheinungsbild. Durch die Haarentfernung mit Wachs bleiben die Achseln l\u00e4nger glatt und frisch. Rasieren f\u00fchrt oft zu kleinen Pickeln oder Hautirritationen, was bei regelm\u00e4\u00dfigen Waxing-Anwendungen vermieden werden kann. Nach ein paar Behandlungen werden die Haare oft feiner und wachsen langsamer nach.<\/li><\/ul><div>\u00a0<\/div><ul><li><p><span style=\"text-decoration: underline;\"><strong>Nase:<\/strong><\/span> Das Nasenwaxing ist eine eher unbekannte, aber sehr effektive Methode, um kleine H\u00e4rchen in der Nase zu entfernen. Diese Behandlung sorgt daf\u00fcr, dass sichtbare Nasenhaare verschwinden und ein gepflegtes Aussehen entsteht. Das Waxing in der Nase wird sanft und sicher durchgef\u00fchrt, sodass es kaum zu Unannehmlichkeiten kommt. Es ist eine schnelle und effektive L\u00f6sung, die dir f\u00fcr mehrere Wochen ein gepflegtes Erscheinungsbild verleiht.<\/p><\/li><\/ul>\t\t\t\t\t\t\t\t<\/div>\n\t\t\t\t<\/div>\n\t\t\t\t<div class=\"elementor-element elementor-element-6e3e6ce elementor-align-center elementor-widget elementor-widget-button\" data-id=\"6e3e6ce\" data-element_type=\"widget\" data-e-type=\"widget\" data-widget_type=\"button.default\">\n\t\t\t\t<div class=\"elementor-widget-container\">\n\t\t\t\t\t\t\t\t\t<div class=\"elementor-button-wrapper\">\n\t\t\t\t\t<a class=\"elementor-button elementor-button-link elementor-size-sm\" href=\"http:\/\/sumupbookings.com\/mariluxe-beauty\" target=\"_blank\" rel=\"noopener\">\n\t\t\t\t\t\t<span class=\"elementor-button-content-wrapper\">\n\t\t\t\t\t\t\t\t\t<span class=\"elementor-button-text\">Jetzt Termin buchen<\/span>\n\t\t\t\t\t<\/span>\n\t\t\t\t\t<\/a>\n\t\t\t\t<\/div>\n\t\t\t\t\t\t\t\t<\/div>\n\t\t\t\t<\/div>\n\t\t\t\t<div class=\"elementor-element elementor-element-46670f7 elementor-widget elementor-widget-spacer\" data-id=\"46670f7\" data-element_type=\"widget\" data-e-type=\"widget\" data-widget_type=\"spacer.default\">\n\t\t\t\t<div class=\"elementor-widget-container\">\n\t\t\t\t\t\t\t<div class=\"elementor-spacer\">\n\t\t\t<div class=\"elementor-spacer-inner\"><\/div>\n\t\t<\/div>\n\t\t\t\t\t\t<\/div>\n\t\t\t\t<\/div>\n\t\t\t\t\t<\/div>\n\t\t\t\t<\/div>\n\t\t<div class=\"elementor-element elementor-element-a9ffef8 e-flex e-con-boxed e-con e-parent\" data-id=\"a9ffef8\" data-element_type=\"container\" data-e-type=\"container\" data-settings=\"{&quot;background_background&quot;:&quot;classic&quot;}\">\n\t\t\t\t\t<div class=\"e-con-inner\">\n\t\t\t\t<div class=\"elementor-element elementor-element-7b3c74e elementor-widget elementor-widget-spacer\" data-id=\"7b3c74e\" data-element_type=\"widget\" data-e-type=\"widget\" data-widget_type=\"spacer.default\">\n\t\t\t\t<div class=\"elementor-widget-container\">\n\t\t\t\t\t\t\t<div class=\"elementor-spacer\">\n\t\t\t<div class=\"elementor-spacer-inner\"><\/div>\n\t\t<\/div>\n\t\t\t\t\t\t<\/div>\n\t\t\t\t<\/div>\n\t\t\t\t<div class=\"elementor-element elementor-element-fd6d106 elementor-widget elementor-widget-heading\" data-id=\"fd6d106\" data-element_type=\"widget\" data-e-type=\"widget\" data-widget_type=\"heading.default\">\n\t\t\t\t<div class=\"elementor-widget-container\">\n\t\t\t\t\t<h2 class=\"elementor-heading-title elementor-size-default\">Der Waxing-Prozess: Schritt f\u00fcr Schritt<\/h2>\t\t\t\t<\/div>\n\t\t\t\t<\/div>\n\t\t\t\t<div class=\"elementor-element elementor-element-06c66e7 elementor-widget elementor-widget-text-editor\" data-id=\"06c66e7\" data-element_type=\"widget\" data-e-type=\"widget\" data-widget_type=\"text-editor.default\">\n\t\t\t\t<div class=\"elementor-widget-container\">\n\t\t\t\t\t\t\t\t\t<p>Bei MariLuxe Beauty lege ich gro\u00dfen Wert darauf, dass sich meine Kundinnen und Kunden wohlf\u00fchlen und die Behandlung als angenehm empfinden. Hier ist ein \u00dcberblick \u00fcber den typischen Ablauf einer Waxing-Behandlung:<\/p><ul><li><span style=\"text-decoration: underline;\"><strong>Vorbereitung der Haut:<\/strong><\/span> Vor dem Waxing bereite ich die Haut sorgf\u00e4ltig vor. Dazu geh\u00f6rt das Reinigen und Desinfizieren des Behandlungsbereichs, um sicherzustellen, dass das Wachs gut haftet und das Ergebnis optimal wird. Ich achte darauf, dass die Haut frei von \u00d6len oder Cremes ist, damit das Wachs gleichm\u00e4\u00dfig aufgetragen werden kann.<br \/><br \/><\/li><li>\u00a0<strong><span style=\"text-decoration: underline;\">Auftragen des Wachses:<\/span>\u00a0<\/strong>Das Wachs wird auf die gew\u00fcnschte Hautpartie aufgetragen. Je nach Hauttyp und Empfindlichkeit verwende ich warmes oder hartes Wachs, das speziell f\u00fcr sanfte und effektive Haarentfernung entwickelt wurde. Das Wachs haftet an den Haaren und sorgt daf\u00fcr, dass sie mit der Wurzel entfernt werden.<\/li><\/ul><p>\u00a0<\/p><ul><li><span style=\"text-decoration: underline;\"><strong>Entfernen der Haare:<\/strong><\/span> Sobald das Wachs auf der Haut getrocknet ist, wird es in einer schnellen Bewegung entfernt. Dies kann bei empfindlichen Stellen wie der Nase oder den Achseln etwas unangenehm sein, aber der Effekt ist die kurze Unannehmlichkeit wert. Nach der Entfernung des Wachses wird die Haut sofort gegl\u00e4ttet und f\u00fchlt sich angenehm an.<\/li><\/ul><p>\u00a0<\/p><ul><li><span style=\"text-decoration: underline;\"><strong>Nachbehandlung der Haut:<\/strong><\/span> Nach dem Waxing wird die Haut mit beruhigenden Pflegeprodukten behandelt, um R\u00f6tungen zu minimieren und Hautirritationen vorzubeugen. Ich verwende hochwertige, hautschonende Produkte, die Feuchtigkeit spenden und der Haut helfen, sich schnell zu erholen. Auf diese Weise bleibt die Haut weich, glatt und frei von Reizungen.<\/li><\/ul>\t\t\t\t\t\t\t\t<\/div>\n\t\t\t\t<\/div>\n\t\t\t\t<div class=\"elementor-element elementor-element-b2c7458 elementor-widget elementor-widget-spacer\" data-id=\"b2c7458\" data-element_type=\"widget\" data-e-type=\"widget\" data-widget_type=\"spacer.default\">\n\t\t\t\t<div class=\"elementor-widget-container\">\n\t\t\t\t\t\t\t<div class=\"elementor-spacer\">\n\t\t\t<div class=\"elementor-spacer-inner\"><\/div>\n\t\t<\/div>\n\t\t\t\t\t\t<\/div>\n\t\t\t\t<\/div>\n\t\t\t\t<div class=\"elementor-element elementor-element-6640622 elementor-widget elementor-widget-image\" data-id=\"6640622\" data-element_type=\"widget\" data-e-type=\"widget\" data-widget_type=\"image.default\">\n\t\t\t\t<div class=\"elementor-widget-container\">\n\t\t\t\t\t\t\t\t\t\t\t\t\t\t\t<img decoding=\"async\" src=\"https:\/\/mariluxe-beauty.ch\/wp-content\/uploads\/2024\/11\/Wachsen-gesicht.jpg\" title=\"\" alt=\"\" loading=\"lazy\" \/>\t\t\t\t\t\t\t\t\t\t\t\t\t\t\t<\/div>\n\t\t\t\t<\/div>\n\t\t\t\t<div class=\"elementor-element elementor-element-521b71c elementor-widget elementor-widget-spacer\" data-id=\"521b71c\" data-element_type=\"widget\" data-e-type=\"widget\" data-widget_type=\"spacer.default\">\n\t\t\t\t<div class=\"elementor-widget-container\">\n\t\t\t\t\t\t\t<div class=\"elementor-spacer\">\n\t\t\t<div class=\"elementor-spacer-inner\"><\/div>\n\t\t<\/div>\n\t\t\t\t\t\t<\/div>\n\t\t\t\t<\/div>\n\t\t\t\t\t<\/div>\n\t\t\t\t<\/div>\n\t\t<div class=\"elementor-element elementor-element-82ba10e e-flex e-con-boxed e-con e-parent\" data-id=\"82ba10e\" data-element_type=\"container\" data-e-type=\"container\">\n\t\t\t\t\t<div class=\"e-con-inner\">\n\t\t\t\t<div class=\"elementor-element elementor-element-952161b elementor-widget elementor-widget-spacer\" data-id=\"952161b\" data-element_type=\"widget\" data-e-type=\"widget\" data-widget_type=\"spacer.default\">\n\t\t\t\t<div class=\"elementor-widget-container\">\n\t\t\t\t\t\t\t<div class=\"elementor-spacer\">\n\t\t\t<div class=\"elementor-spacer-inner\"><\/div>\n\t\t<\/div>\n\t\t\t\t\t\t<\/div>\n\t\t\t\t<\/div>\n\t\t\t\t<div class=\"elementor-element elementor-element-34ebbf2 elementor-widget elementor-widget-heading\" data-id=\"34ebbf2\" data-element_type=\"widget\" data-e-type=\"widget\" data-widget_type=\"heading.default\">\n\t\t\t\t<div class=\"elementor-widget-container\">\n\t\t\t\t\t<h2 class=\"elementor-heading-title elementor-size-default\">Tipps zur Pflege nach dem Waxing<\/h2>\t\t\t\t<\/div>\n\t\t\t\t<\/div>\n\t\t\t\t<div class=\"elementor-element elementor-element-24a4060 elementor-widget elementor-widget-text-editor\" data-id=\"24a4060\" data-element_type=\"widget\" data-e-type=\"widget\" data-widget_type=\"text-editor.default\">\n\t\t\t\t<div class=\"elementor-widget-container\">\n\t\t\t\t\t\t\t\t\t<p>Um das beste Ergebnis nach dem Waxing zu erzielen, solltest du einige Tipps beachten:<\/p><ul><li>Vermeide es, die Haut direkt nach der Behandlung Sonnenstrahlen auszusetzen, da diese die Haut reizen k\u00f6nnten.<\/li><\/ul><div>\u00a0<\/div><ul><li>Trage lockere Kleidung, um Reibung auf der frisch enthaarten Haut zu vermeiden.<\/li><\/ul><div>\u00a0<\/div><ul><li>Verzichte in den ersten 24 Stunden auf sehr hei\u00dfe Duschen, Saunag\u00e4nge oder intensive sportliche Aktivit\u00e4ten.<\/li><\/ul><div>\u00a0<\/div><ul><li>Halte die Haut feucht, indem du regelm\u00e4\u00dfig eine sanfte Feuchtigkeitscreme auftr\u00e4gst.<\/li><\/ul>\t\t\t\t\t\t\t\t<\/div>\n\t\t\t\t<\/div>\n\t\t\t\t<div class=\"elementor-element elementor-element-4bbc914 elementor-widget elementor-widget-spacer\" data-id=\"4bbc914\" data-element_type=\"widget\" data-e-type=\"widget\" data-widget_type=\"spacer.default\">\n\t\t\t\t<div class=\"elementor-widget-container\">\n\t\t\t\t\t\t\t<div class=\"elementor-spacer\">\n\t\t\t<div class=\"elementor-spacer-inner\"><\/div>\n\t\t<\/div>\n\t\t\t\t\t\t<\/div>\n\t\t\t\t<\/div>\n\t\t\t\t\t<\/div>\n\t\t\t\t<\/div>\n\t\t<div class=\"elementor-element elementor-element-e6248de e-flex e-con-boxed e-con e-parent\" data-id=\"e6248de\" data-element_type=\"container\" data-e-type=\"container\" data-settings=\"{&quot;background_background&quot;:&quot;classic&quot;}\">\n\t\t\t\t\t<div class=\"e-con-inner\">\n\t\t\t\t<div class=\"elementor-element elementor-element-478b54a elementor-widget elementor-widget-spacer\" data-id=\"478b54a\" data-element_type=\"widget\" data-e-type=\"widget\" data-widget_type=\"spacer.default\">\n\t\t\t\t<div class=\"elementor-widget-container\">\n\t\t\t\t\t\t\t<div class=\"elementor-spacer\">\n\t\t\t<div class=\"elementor-spacer-inner\"><\/div>\n\t\t<\/div>\n\t\t\t\t\t\t<\/div>\n\t\t\t\t<\/div>\n\t\t\t\t<div class=\"elementor-element elementor-element-4c786d3 elementor-widget elementor-widget-heading\" data-id=\"4c786d3\" data-element_type=\"widget\" data-e-type=\"widget\" data-widget_type=\"heading.default\">\n\t\t\t\t<div class=\"elementor-widget-container\">\n\t\t\t\t\t<h2 class=\"elementor-heading-title elementor-size-default\">Warum bei mir waxen lassen?<\/h2>\t\t\t\t<\/div>\n\t\t\t\t<\/div>\n\t\t\t\t<div class=\"elementor-element elementor-element-53e68bc elementor-widget elementor-widget-text-editor\" data-id=\"53e68bc\" data-element_type=\"widget\" data-e-type=\"widget\" data-widget_type=\"text-editor.default\">\n\t\t\t\t<div class=\"elementor-widget-container\">\n\t\t\t\t\t\t\t\t\t<p>Ich lege gro\u00dfen Wert auf Hygiene, Professionalit\u00e4t und das Wohlbefinden meiner Kundinnen und Kunden. Jede Behandlung wird mit gr\u00f6\u00dfter Sorgfalt durchgef\u00fchrt und verwende nur hochwertige Produkte, die f\u00fcr alle Hauttypen geeignet sind. Waxing bei mir bedeutet, dass du dich in sicheren H\u00e4nden f\u00fchlst und auf ein optimales Ergebnis freuen kannst. Mein Ziel ist es, dass du dich rundum wohl und gepflegt f\u00fchlst.<\/p>\t\t\t\t\t\t\t\t<\/div>\n\t\t\t\t<\/div>\n\t\t\t\t<div class=\"elementor-element elementor-element-b685155 elementor-widget elementor-widget-text-editor\" data-id=\"b685155\" data-element_type=\"widget\" data-e-type=\"widget\" data-widget_type=\"text-editor.default\">\n\t\t\t\t<div class=\"elementor-widget-container\">\n\t\t\t\t\t\t\t\t\t<p>Entscheide dich f\u00fcr eine professionelle Haarentfernung, die nicht nur effektiv, sondern auch schonend f\u00fcr deine Haut ist. Ich freue mich darauf, dir mit meinem Wissen und meiner Erfahrung ein angenehmes Waxing-Erlebnis zu bieten, das deine Haut geschmeidig und sch\u00f6n hinterl\u00e4sst.<\/p>\t\t\t\t\t\t\t\t<\/div>\n\t\t\t\t<\/div>\n\t\t\t\t<div class=\"elementor-element elementor-element-8da541f elementor-widget elementor-widget-spacer\" data-id=\"8da541f\" data-element_type=\"widget\" data-e-type=\"widget\" data-widget_type=\"spacer.default\">\n\t\t\t\t<div class=\"elementor-widget-container\">\n\t\t\t\t\t\t\t<div class=\"elementor-spacer\">\n\t\t\t<div class=\"elementor-spacer-inner\"><\/div>\n\t\t<\/div>\n\t\t\t\t\t\t<\/div>\n\t\t\t\t<\/div>\n\t\t\t\t<div class=\"elementor-element elementor-element-ceebeeb elementor-align-center elementor-widget elementor-widget-button\" data-id=\"ceebeeb\" data-element_type=\"widget\" data-e-type=\"widget\" data-widget_type=\"button.default\">\n\t\t\t\t<div class=\"elementor-widget-container\">\n\t\t\t\t\t\t\t\t\t<div class=\"elementor-button-wrapper\">\n\t\t\t\t\t<a class=\"elementor-button elementor-button-link elementor-size-sm\" href=\"http:\/\/sumupbookings.com\/mariluxe-beauty\" target=\"_blank\" rel=\"noopener\">\n\t\t\t\t\t\t<span class=\"elementor-button-content-wrapper\">\n\t\t\t\t\t\t\t\t\t<span class=\"elementor-button-text\">Jetzt Termin buchen<\/span>\n\t\t\t\t\t<\/span>\n\t\t\t\t\t<\/a>\n\t\t\t\t<\/div>\n\t\t\t\t\t\t\t\t<\/div>\n\t\t\t\t<\/div>\n\t\t\t\t<div class=\"elementor-element elementor-element-a9f4ce7 elementor-widget elementor-widget-spacer\" data-id=\"a9f4ce7\" data-element_type=\"widget\" data-e-type=\"widget\" data-widget_type=\"spacer.default\">\n\t\t\t\t<div class=\"elementor-widget-container\">\n\t\t\t\t\t\t\t<div class=\"elementor-spacer\">\n\t\t\t<div class=\"elementor-spacer-inner\"><\/div>\n\t\t<\/div>\n\t\t\t\t\t\t<\/div>\n\t\t\t\t<\/div>\n\t\t\t\t\t<\/div>\n\t\t\t\t<\/div>\n\t\t\t\t<\/div>\n\t\t","protected":false},"excerpt":{"rendered":"<p>Haarentfernung Glatte Haut durch professionelle Wachstechniken Bei MariLuxe Beauty biete ich dir eine effektive und langanhaltende Methode zur Haarentfernung an: das Waxing. Im Gegensatz zu herk\u00f6mmlichen Rasurmethoden sorgt Waxing daf\u00fcr, dass die Haut l\u00e4nger glatt und seidig bleibt, da die Haare samt Wurzel entfernt werden. Das bedeutet weniger Stoppeln, weniger Hautirritationen und eine glatte Haut, [&hellip;]<\/p>\n","protected":false},"author":1,"featured_media":0,"parent":0,"menu_order":0,"comment_status":"closed","ping_status":"closed","template":"","meta":{"footnotes":""},"class_list":["post-883","page","type-page","status-publish","hentry"],"_links":{"self":[{"href":"https:\/\/mariluxe-beauty.ch\/de\/wp-json\/wp\/v2\/pages\/883","targetHints":{"allow":["GET"]}}],"collection":[{"href":"https:\/\/mariluxe-beauty.ch\/de\/wp-json\/wp\/v2\/pages"}],"about":[{"href":"https:\/\/mariluxe-beauty.ch\/de\/wp-json\/wp\/v2\/types\/page"}],"author":[{"embeddable":true,"href":"https:\/\/mariluxe-beauty.ch\/de\/wp-json\/wp\/v2\/users\/1"}],"replies":[{"embeddable":true,"href":"https:\/\/mariluxe-beauty.ch\/de\/wp-json\/wp\/v2\/comments?post=883"}],"version-history":[{"count":10,"href":"https:\/\/mariluxe-beauty.ch\/de\/wp-json\/wp\/v2\/pages\/883\/revisions"}],"predecessor-version":[{"id":1763,"href":"https:\/\/mariluxe-beauty.ch\/de\/wp-json\/wp\/v2\/pages\/883\/revisions\/1763"}],"wp:attachment":[{"href":"https:\/\/mariluxe-beauty.ch\/de\/wp-json\/wp\/v2\/media?parent=883"}],"curies":[{"name":"wp","href":"https:\/\/api.w.org\/{rel}","templated":true}]}}