{"id":689,"date":"2025-03-30T13:42:58","date_gmt":"2025-03-30T11:42:58","guid":{"rendered":"https:\/\/mariluxe-beauty.ch\/?page_id=689"},"modified":"2025-11-10T11:32:50","modified_gmt":"2025-11-10T10:32:50","slug":"make-up","status":"publish","type":"page","link":"https:\/\/mariluxe-beauty.ch\/de\/make-up\/","title":{"rendered":"Make-Up"},"content":{"rendered":"\t\t<div data-elementor-type=\"wp-page\" data-elementor-id=\"689\" class=\"elementor elementor-689\" data-elementor-post-type=\"page\">\n\t\t\t\t<div class=\"elementor-element elementor-element-c039982 e-flex e-con-boxed e-con e-parent\" data-id=\"c039982\" data-element_type=\"container\" data-e-type=\"container\">\n\t\t\t\t\t<div class=\"e-con-inner\">\n\t\t\t\t<div class=\"elementor-element elementor-element-c870243 elementor-widget elementor-widget-spacer\" data-id=\"c870243\" data-element_type=\"widget\" data-e-type=\"widget\" data-widget_type=\"spacer.default\">\n\t\t\t\t<div class=\"elementor-widget-container\">\n\t\t\t\t\t\t\t<div class=\"elementor-spacer\">\n\t\t\t<div class=\"elementor-spacer-inner\"><\/div>\n\t\t<\/div>\n\t\t\t\t\t\t<\/div>\n\t\t\t\t<\/div>\n\t\t\t\t<div class=\"elementor-element elementor-element-123bcb7 elementor-widget elementor-widget-heading\" data-id=\"123bcb7\" data-element_type=\"widget\" data-e-type=\"widget\" data-widget_type=\"heading.default\">\n\t\t\t\t<div class=\"elementor-widget-container\">\n\t\t\t\t\t<h1 class=\"elementor-heading-title elementor-size-default\">make-Up<\/h1>\t\t\t\t<\/div>\n\t\t\t\t<\/div>\n\t\t\t\t<div class=\"elementor-element elementor-element-ae0ce06 elementor-widget elementor-widget-spacer\" data-id=\"ae0ce06\" data-element_type=\"widget\" data-e-type=\"widget\" data-widget_type=\"spacer.default\">\n\t\t\t\t<div class=\"elementor-widget-container\">\n\t\t\t\t\t\t\t<div class=\"elementor-spacer\">\n\t\t\t<div class=\"elementor-spacer-inner\"><\/div>\n\t\t<\/div>\n\t\t\t\t\t\t<\/div>\n\t\t\t\t<\/div>\n\t\t\t\t<div class=\"elementor-element elementor-element-67db051 elementor-widget elementor-widget-heading\" data-id=\"67db051\" data-element_type=\"widget\" data-e-type=\"widget\" data-widget_type=\"heading.default\">\n\t\t\t\t<div class=\"elementor-widget-container\">\n\t\t\t\t\t<h2 class=\"elementor-heading-title elementor-size-default\">Dein perfektes Styling f\u00fcr jeden Anlass<\/h2>\t\t\t\t<\/div>\n\t\t\t\t<\/div>\n\t\t\t\t<div class=\"elementor-element elementor-element-70667d6 elementor-widget elementor-widget-spacer\" data-id=\"70667d6\" data-element_type=\"widget\" data-e-type=\"widget\" data-widget_type=\"spacer.default\">\n\t\t\t\t<div class=\"elementor-widget-container\">\n\t\t\t\t\t\t\t<div class=\"elementor-spacer\">\n\t\t\t<div class=\"elementor-spacer-inner\"><\/div>\n\t\t<\/div>\n\t\t\t\t\t\t<\/div>\n\t\t\t\t<\/div>\n\t\t\t\t<div class=\"elementor-element elementor-element-852f5c8 elementor-widget elementor-widget-text-editor\" data-id=\"852f5c8\" data-element_type=\"widget\" data-e-type=\"widget\" data-widget_type=\"text-editor.default\">\n\t\t\t\t<div class=\"elementor-widget-container\">\n\t\t\t\t\t\t\t\t\t<p class=\"\" data-start=\"151\" data-end=\"558\">Ein professionelles Make-Up kann deine nat\u00fcrliche Sch\u00f6nheit hervorheben, deine Ausstrahlung unterstreichen und dein Selbstbewusstsein st\u00e4rken. Ich biete\u00a0dir individuell abgestimmte Make-Up-Dienstleistungen, die perfekt zu deinem Anlass passen. Ob dezent f\u00fcr den Alltag, glamour\u00f6s f\u00fcr den Abend oder professionell f\u00fcr Fotoshootings \u2013 ich sorge daf\u00fcr, dass du dich rundum wohlf\u00fchlst.<\/p>\t\t\t\t\t\t\t\t<\/div>\n\t\t\t\t<\/div>\n\t\t\t\t\t<\/div>\n\t\t\t\t<\/div>\n\t\t<div class=\"elementor-element elementor-element-4f0f6b4 e-flex e-con-boxed e-con e-parent\" data-id=\"4f0f6b4\" data-element_type=\"container\" data-e-type=\"container\">\n\t\t\t\t\t<div class=\"e-con-inner\">\n\t\t\t\t<div class=\"elementor-element elementor-element-68a988a elementor-align-center elementor-widget elementor-widget-button\" data-id=\"68a988a\" data-element_type=\"widget\" data-e-type=\"widget\" data-widget_type=\"button.default\">\n\t\t\t\t<div class=\"elementor-widget-container\">\n\t\t\t\t\t\t\t\t\t<div class=\"elementor-button-wrapper\">\n\t\t\t\t\t<a class=\"elementor-button elementor-button-link elementor-size-sm\" href=\"http:\/\/sumupbookings.com\/mariluxe-beauty\" target=\"_blank\" rel=\"noopener\">\n\t\t\t\t\t\t<span class=\"elementor-button-content-wrapper\">\n\t\t\t\t\t\t\t\t\t<span class=\"elementor-button-text\">Jetzt Termin buchen<\/span>\n\t\t\t\t\t<\/span>\n\t\t\t\t\t<\/a>\n\t\t\t\t<\/div>\n\t\t\t\t\t\t\t\t<\/div>\n\t\t\t\t<\/div>\n\t\t\t\t<div class=\"elementor-element elementor-element-99df180 elementor-widget elementor-widget-spacer\" data-id=\"99df180\" data-element_type=\"widget\" data-e-type=\"widget\" data-widget_type=\"spacer.default\">\n\t\t\t\t<div class=\"elementor-widget-container\">\n\t\t\t\t\t\t\t<div class=\"elementor-spacer\">\n\t\t\t<div class=\"elementor-spacer-inner\"><\/div>\n\t\t<\/div>\n\t\t\t\t\t\t<\/div>\n\t\t\t\t<\/div>\n\t\t\t\t\t<\/div>\n\t\t\t\t<\/div>\n\t\t<div class=\"elementor-element elementor-element-988ba15 e-flex e-con-boxed e-con e-parent\" data-id=\"988ba15\" data-element_type=\"container\" data-e-type=\"container\" data-settings=\"{&quot;background_background&quot;:&quot;classic&quot;}\">\n\t\t\t\t\t<div class=\"e-con-inner\">\n\t\t\t\t<div class=\"elementor-element elementor-element-50db2b3 elementor-widget elementor-widget-spacer\" data-id=\"50db2b3\" data-element_type=\"widget\" data-e-type=\"widget\" data-widget_type=\"spacer.default\">\n\t\t\t\t<div class=\"elementor-widget-container\">\n\t\t\t\t\t\t\t<div class=\"elementor-spacer\">\n\t\t\t<div class=\"elementor-spacer-inner\"><\/div>\n\t\t<\/div>\n\t\t\t\t\t\t<\/div>\n\t\t\t\t<\/div>\n\t\t\t\t<div class=\"elementor-element elementor-element-2698947 elementor-widget elementor-widget-heading\" data-id=\"2698947\" data-element_type=\"widget\" data-e-type=\"widget\" data-widget_type=\"heading.default\">\n\t\t\t\t<div class=\"elementor-widget-container\">\n\t\t\t\t\t<h2 class=\"elementor-heading-title elementor-size-default\">Tages Make-up<\/h2>\t\t\t\t<\/div>\n\t\t\t\t<\/div>\n\t\t\t\t<div class=\"elementor-element elementor-element-40ecff6 elementor-widget elementor-widget-text-editor\" data-id=\"40ecff6\" data-element_type=\"widget\" data-e-type=\"widget\" data-widget_type=\"text-editor.default\">\n\t\t\t\t<div class=\"elementor-widget-container\">\n\t\t\t\t\t\t\t\t\t<p>Ein leichtes, frisches Make-Up, das deine nat\u00fcrliche Sch\u00f6nheit betont, ist perfekt f\u00fcr den Alltag. Beim Tages-Make-Up setze ich auf dezente Farben, eine ebenm\u00e4\u00dfige Haut und strahlende Augen. Dabei achte ich darauf, dass dein Look leicht und unaufdringlich wirkt, aber trotzdem deine besten Gesichtsz\u00fcge hervorhebt.<\/p><p><strong data-start=\"936\" data-end=\"950\">Ideal f\u00fcr:<\/strong><\/p><ul><li>B\u00fcro, Meetings oder Business-Termine<\/li><li>Shopping-Tage oder Caf\u00e9-Besuche<\/li><li>Dezentes, gepflegtes Auftreten<\/li><\/ul><p>\u00a0<\/p><p>Ich verwende hochwertige, langanhaltende Produkte, die den ganzen Tag halten, ohne schwer auf der Haut zu liegen. So bleibst du den ganzen Tag frisch und strahlend!<\/p>\t\t\t\t\t\t\t\t<\/div>\n\t\t\t\t<\/div>\n\t\t\t\t<div class=\"elementor-element elementor-element-b727519 elementor-widget elementor-widget-image\" data-id=\"b727519\" data-element_type=\"widget\" data-e-type=\"widget\" data-widget_type=\"image.default\">\n\t\t\t\t<div class=\"elementor-widget-container\">\n\t\t\t\t\t\t\t\t\t\t\t\t\t\t\t<img decoding=\"async\" src=\"https:\/\/mariluxe-beauty.ch\/wp-content\/uploads\/2025\/03\/Tages-make-up.jpg\" title=\"\" alt=\"\" loading=\"lazy\" \/>\t\t\t\t\t\t\t\t\t\t\t\t\t\t\t<\/div>\n\t\t\t\t<\/div>\n\t\t\t\t<div class=\"elementor-element elementor-element-dc7f338 elementor-widget elementor-widget-spacer\" data-id=\"dc7f338\" data-element_type=\"widget\" data-e-type=\"widget\" data-widget_type=\"spacer.default\">\n\t\t\t\t<div class=\"elementor-widget-container\">\n\t\t\t\t\t\t\t<div class=\"elementor-spacer\">\n\t\t\t<div class=\"elementor-spacer-inner\"><\/div>\n\t\t<\/div>\n\t\t\t\t\t\t<\/div>\n\t\t\t\t<\/div>\n\t\t\t\t\t<\/div>\n\t\t\t\t<\/div>\n\t\t<div class=\"elementor-element elementor-element-bb6cdd5 e-flex e-con-boxed e-con e-parent\" data-id=\"bb6cdd5\" data-element_type=\"container\" data-e-type=\"container\">\n\t\t\t\t\t<div class=\"e-con-inner\">\n\t\t\t\t<div class=\"elementor-element elementor-element-77c80ee elementor-widget elementor-widget-spacer\" data-id=\"77c80ee\" data-element_type=\"widget\" data-e-type=\"widget\" data-widget_type=\"spacer.default\">\n\t\t\t\t<div class=\"elementor-widget-container\">\n\t\t\t\t\t\t\t<div class=\"elementor-spacer\">\n\t\t\t<div class=\"elementor-spacer-inner\"><\/div>\n\t\t<\/div>\n\t\t\t\t\t\t<\/div>\n\t\t\t\t<\/div>\n\t\t\t\t<div class=\"elementor-element elementor-element-90345e4 elementor-widget elementor-widget-heading\" data-id=\"90345e4\" data-element_type=\"widget\" data-e-type=\"widget\" data-widget_type=\"heading.default\">\n\t\t\t\t<div class=\"elementor-widget-container\">\n\t\t\t\t\t<h2 class=\"elementor-heading-title elementor-size-default\">Abend Make-Up<\/h2>\t\t\t\t<\/div>\n\t\t\t\t<\/div>\n\t\t\t\t<div class=\"elementor-element elementor-element-ebcd773 elementor-widget elementor-widget-text-editor\" data-id=\"ebcd773\" data-element_type=\"widget\" data-e-type=\"widget\" data-widget_type=\"text-editor.default\">\n\t\t\t\t<div class=\"elementor-widget-container\">\n\t\t\t\t\t\t\t\t\t<p class=\"\" data-start=\"1300\" data-end=\"1512\">Ein Abend-Make-Up darf intensiver sein und deine Ausstrahlung betonen. Ob sinnliche Smokey Eyes, ein atemberaubender Glow oder ein eleganter Lippenstift \u2013 ich kreiere einen Look, der dich ins beste Licht r\u00fcckt.<\/p><p><strong data-start=\"1516\" data-end=\"1532\">Perfekt f\u00fcr:<\/strong><\/p><ul><li>Partys und Events<\/li><li>Hochzeiten als Gast<\/li><li>Gala, Theater- oder Restaurantbesuche<\/li><\/ul><p>\u00a0<\/p><p>Ich stimme dein Make-Up auf dein Outfit und den Anlass ab, damit du dich rundum wohlf\u00fchlst und einen bleibenden Eindruck hinterl\u00e4sst.<\/p>\t\t\t\t\t\t\t\t<\/div>\n\t\t\t\t<\/div>\n\t\t\t\t<div class=\"elementor-element elementor-element-2ff7c74 elementor-widget elementor-widget-image\" data-id=\"2ff7c74\" data-element_type=\"widget\" data-e-type=\"widget\" data-widget_type=\"image.default\">\n\t\t\t\t<div class=\"elementor-widget-container\">\n\t\t\t\t\t\t\t\t\t\t\t\t\t\t\t<img decoding=\"async\" src=\"https:\/\/mariluxe-beauty.ch\/wp-content\/uploads\/2025\/03\/abend-make-up.jpg\" title=\"\" alt=\"\" loading=\"lazy\" \/>\t\t\t\t\t\t\t\t\t\t\t\t\t\t\t<\/div>\n\t\t\t\t<\/div>\n\t\t\t\t<div class=\"elementor-element elementor-element-e515a72 elementor-align-center elementor-widget elementor-widget-button\" data-id=\"e515a72\" data-element_type=\"widget\" data-e-type=\"widget\" data-widget_type=\"button.default\">\n\t\t\t\t<div class=\"elementor-widget-container\">\n\t\t\t\t\t\t\t\t\t<div class=\"elementor-button-wrapper\">\n\t\t\t\t\t<a class=\"elementor-button elementor-button-link elementor-size-sm\" href=\"http:\/\/sumupbookings.com\/mariluxe-beauty\" target=\"_blank\" rel=\"noopener\">\n\t\t\t\t\t\t<span class=\"elementor-button-content-wrapper\">\n\t\t\t\t\t\t\t\t\t<span class=\"elementor-button-text\">Jetzt Termin buchen<\/span>\n\t\t\t\t\t<\/span>\n\t\t\t\t\t<\/a>\n\t\t\t\t<\/div>\n\t\t\t\t\t\t\t\t<\/div>\n\t\t\t\t<\/div>\n\t\t\t\t<div class=\"elementor-element elementor-element-e7c8d55 elementor-widget elementor-widget-spacer\" data-id=\"e7c8d55\" data-element_type=\"widget\" data-e-type=\"widget\" data-widget_type=\"spacer.default\">\n\t\t\t\t<div class=\"elementor-widget-container\">\n\t\t\t\t\t\t\t<div class=\"elementor-spacer\">\n\t\t\t<div class=\"elementor-spacer-inner\"><\/div>\n\t\t<\/div>\n\t\t\t\t\t\t<\/div>\n\t\t\t\t<\/div>\n\t\t\t\t\t<\/div>\n\t\t\t\t<\/div>\n\t\t<div class=\"elementor-element elementor-element-6796fe3 e-flex e-con-boxed e-con e-parent\" data-id=\"6796fe3\" data-element_type=\"container\" data-e-type=\"container\" data-settings=\"{&quot;background_background&quot;:&quot;classic&quot;}\">\n\t\t\t\t\t<div class=\"e-con-inner\">\n\t\t\t\t<div class=\"elementor-element elementor-element-c12f704 elementor-widget elementor-widget-spacer\" data-id=\"c12f704\" data-element_type=\"widget\" data-e-type=\"widget\" data-widget_type=\"spacer.default\">\n\t\t\t\t<div class=\"elementor-widget-container\">\n\t\t\t\t\t\t\t<div class=\"elementor-spacer\">\n\t\t\t<div class=\"elementor-spacer-inner\"><\/div>\n\t\t<\/div>\n\t\t\t\t\t\t<\/div>\n\t\t\t\t<\/div>\n\t\t\t\t<div class=\"elementor-element elementor-element-e6bb7e2 elementor-widget elementor-widget-heading\" data-id=\"e6bb7e2\" data-element_type=\"widget\" data-e-type=\"widget\" data-widget_type=\"heading.default\">\n\t\t\t\t<div class=\"elementor-widget-container\">\n\t\t\t\t\t<h2 class=\"elementor-heading-title elementor-size-default\">Braut Make-Up<\/h2>\t\t\t\t<\/div>\n\t\t\t\t<\/div>\n\t\t\t\t<div class=\"elementor-element elementor-element-befcef4 elementor-widget elementor-widget-text-editor\" data-id=\"befcef4\" data-element_type=\"widget\" data-e-type=\"widget\" data-widget_type=\"text-editor.default\">\n\t\t\t\t<div class=\"elementor-widget-container\">\n\t\t\t\t\t\t\t\t\t<p class=\"\" data-start=\"1824\" data-end=\"2049\">Deine Hochzeit ist ein ganz besonderer Tag \u2013 und dein Make-Up sollte genauso perfekt sein! Ich sorge daf\u00fcr, dass dein Make-Up den ganzen Tag h\u00e4lt, auf Fotos wundersch\u00f6n aussieht und deine nat\u00fcrliche Sch\u00f6nheit unterstreicht.<\/p><p class=\"\" data-start=\"2051\" data-end=\"2224\"><strong data-start=\"2053\" data-end=\"2085\">Meine Leistungen f\u00fcr Br\u00e4ute:<\/strong><\/p><ul><li data-start=\"2051\" data-end=\"2224\">Individuelle Beratung &amp; Probetermin<\/li><li data-start=\"2051\" data-end=\"2224\">Langanhaltendes, wasserfestes Make-Up<\/li><li data-start=\"2051\" data-end=\"2224\">Perfekt abgestimmt auf dein Brautkleid und Styling<\/li><\/ul><p>\u00a0<\/p><p>Ein professionelles Braut-Make-Up sorgt daf\u00fcr, dass du dich den ganzen Tag \u00fcber wundersch\u00f6n f\u00fchlst \u2013 vom Ja-Wort bis zur letzten Tanzrunde!<\/p>\t\t\t\t\t\t\t\t<\/div>\n\t\t\t\t<\/div>\n\t\t\t\t<div class=\"elementor-element elementor-element-e32af07 elementor-widget elementor-widget-image\" data-id=\"e32af07\" data-element_type=\"widget\" data-e-type=\"widget\" data-widget_type=\"image.default\">\n\t\t\t\t<div class=\"elementor-widget-container\">\n\t\t\t\t\t\t\t\t\t\t\t\t\t\t\t<img decoding=\"async\" src=\"https:\/\/mariluxe-beauty.ch\/wp-content\/uploads\/2025\/03\/Braut-Make-Up.jpg\" title=\"\" alt=\"\" loading=\"lazy\" \/>\t\t\t\t\t\t\t\t\t\t\t\t\t\t\t<\/div>\n\t\t\t\t<\/div>\n\t\t\t\t<div class=\"elementor-element elementor-element-7d04bdc elementor-widget elementor-widget-spacer\" data-id=\"7d04bdc\" data-element_type=\"widget\" data-e-type=\"widget\" data-widget_type=\"spacer.default\">\n\t\t\t\t<div class=\"elementor-widget-container\">\n\t\t\t\t\t\t\t<div class=\"elementor-spacer\">\n\t\t\t<div class=\"elementor-spacer-inner\"><\/div>\n\t\t<\/div>\n\t\t\t\t\t\t<\/div>\n\t\t\t\t<\/div>\n\t\t\t\t\t<\/div>\n\t\t\t\t<\/div>\n\t\t<div class=\"elementor-element elementor-element-bdcbae1 e-flex e-con-boxed e-con e-parent\" data-id=\"bdcbae1\" data-element_type=\"container\" data-e-type=\"container\">\n\t\t\t\t\t<div class=\"e-con-inner\">\n\t\t\t\t<div class=\"elementor-element elementor-element-ba52c37 elementor-widget elementor-widget-spacer\" data-id=\"ba52c37\" data-element_type=\"widget\" data-e-type=\"widget\" data-widget_type=\"spacer.default\">\n\t\t\t\t<div class=\"elementor-widget-container\">\n\t\t\t\t\t\t\t<div class=\"elementor-spacer\">\n\t\t\t<div class=\"elementor-spacer-inner\"><\/div>\n\t\t<\/div>\n\t\t\t\t\t\t<\/div>\n\t\t\t\t<\/div>\n\t\t\t\t<div class=\"elementor-element elementor-element-555cf02 elementor-widget elementor-widget-heading\" data-id=\"555cf02\" data-element_type=\"widget\" data-e-type=\"widget\" data-widget_type=\"heading.default\">\n\t\t\t\t<div class=\"elementor-widget-container\">\n\t\t\t\t\t<h2 class=\"elementor-heading-title elementor-size-default\">Fotoshooting Make-Up<\/h2>\t\t\t\t<\/div>\n\t\t\t\t<\/div>\n\t\t\t\t<div class=\"elementor-element elementor-element-7079dcf elementor-widget elementor-widget-text-editor\" data-id=\"7079dcf\" data-element_type=\"widget\" data-e-type=\"widget\" data-widget_type=\"text-editor.default\">\n\t\t\t\t<div class=\"elementor-widget-container\">\n\t\t\t\t\t\t\t\t\t<p>Ein Make-Up f\u00fcr ein Fotoshooting muss besonders gut auf Licht, Kamera und Blitz abgestimmt sein. Ich achte darauf, dass deine Haut ebenm\u00e4\u00dfig wirkt, deine Gesichtsz\u00fcge optimal betont werden und dein Look auf Fotos perfekt zur Geltung kommt.<\/p><p data-start=\"2668\" data-end=\"2780\"><strong data-start=\"2670\" data-end=\"2687\">Geeignet f\u00fcr:<\/strong><\/p><ul><li data-start=\"2668\" data-end=\"2780\">Portrait-Shootings<\/li><li data-start=\"2668\" data-end=\"2780\">Business- und Bewerbungsfotos<\/li><li data-start=\"2668\" data-end=\"2780\">Beauty- und Fashion-Shootings<\/li><\/ul><p data-start=\"2782\" data-end=\"2918\">Ich arbeite mit speziellen Techniken, um dein Gesicht perfekt in Szene zu setzen und sicherzustellen, dass du auf jedem Bild strahlst.<\/p>\t\t\t\t\t\t\t\t<\/div>\n\t\t\t\t<\/div>\n\t\t\t\t<div class=\"elementor-element elementor-element-94370e9 elementor-widget elementor-widget-image\" data-id=\"94370e9\" data-element_type=\"widget\" data-e-type=\"widget\" data-widget_type=\"image.default\">\n\t\t\t\t<div class=\"elementor-widget-container\">\n\t\t\t\t\t\t\t\t\t\t\t\t\t\t\t<img decoding=\"async\" src=\"https:\/\/mariluxe-beauty.ch\/wp-content\/uploads\/2025\/03\/schwarz-weiss-Make-Up.jpg\" title=\"\" alt=\"\" loading=\"lazy\" \/>\t\t\t\t\t\t\t\t\t\t\t\t\t\t\t<\/div>\n\t\t\t\t<\/div>\n\t\t\t\t<div class=\"elementor-element elementor-element-bac0b1c elementor-align-center elementor-widget elementor-widget-button\" data-id=\"bac0b1c\" data-element_type=\"widget\" data-e-type=\"widget\" data-widget_type=\"button.default\">\n\t\t\t\t<div class=\"elementor-widget-container\">\n\t\t\t\t\t\t\t\t\t<div class=\"elementor-button-wrapper\">\n\t\t\t\t\t<a class=\"elementor-button elementor-button-link elementor-size-sm\" href=\"http:\/\/sumupbookings.com\/mariluxe-beauty\" target=\"_blank\" rel=\"noopener\">\n\t\t\t\t\t\t<span class=\"elementor-button-content-wrapper\">\n\t\t\t\t\t\t\t\t\t<span class=\"elementor-button-text\">Jetzt Termin buchen<\/span>\n\t\t\t\t\t<\/span>\n\t\t\t\t\t<\/a>\n\t\t\t\t<\/div>\n\t\t\t\t\t\t\t\t<\/div>\n\t\t\t\t<\/div>\n\t\t\t\t<div class=\"elementor-element elementor-element-49fbdad elementor-widget elementor-widget-spacer\" data-id=\"49fbdad\" data-element_type=\"widget\" data-e-type=\"widget\" data-widget_type=\"spacer.default\">\n\t\t\t\t<div class=\"elementor-widget-container\">\n\t\t\t\t\t\t\t<div class=\"elementor-spacer\">\n\t\t\t<div class=\"elementor-spacer-inner\"><\/div>\n\t\t<\/div>\n\t\t\t\t\t\t<\/div>\n\t\t\t\t<\/div>\n\t\t\t\t\t<\/div>\n\t\t\t\t<\/div>\n\t\t<div class=\"elementor-element elementor-element-7906951 e-flex e-con-boxed e-con e-parent\" data-id=\"7906951\" data-element_type=\"container\" data-e-type=\"container\" data-settings=\"{&quot;background_background&quot;:&quot;classic&quot;}\">\n\t\t\t\t\t<div class=\"e-con-inner\">\n\t\t\t\t<div class=\"elementor-element elementor-element-b69e162 elementor-widget elementor-widget-spacer\" data-id=\"b69e162\" data-element_type=\"widget\" data-e-type=\"widget\" data-widget_type=\"spacer.default\">\n\t\t\t\t<div class=\"elementor-widget-container\">\n\t\t\t\t\t\t\t<div class=\"elementor-spacer\">\n\t\t\t<div class=\"elementor-spacer-inner\"><\/div>\n\t\t<\/div>\n\t\t\t\t\t\t<\/div>\n\t\t\t\t<\/div>\n\t\t\t\t<div class=\"elementor-element elementor-element-548acb2 elementor-widget elementor-widget-heading\" data-id=\"548acb2\" data-element_type=\"widget\" data-e-type=\"widget\" data-widget_type=\"heading.default\">\n\t\t\t\t<div class=\"elementor-widget-container\">\n\t\t\t\t\t<h2 class=\"elementor-heading-title elementor-size-default\">Warum MariLuxe Beauty?<\/h2>\t\t\t\t<\/div>\n\t\t\t\t<\/div>\n\t\t\t\t<div class=\"elementor-element elementor-element-3fd4103 elementor-widget elementor-widget-text-editor\" data-id=\"3fd4103\" data-element_type=\"widget\" data-e-type=\"widget\" data-widget_type=\"text-editor.default\">\n\t\t\t\t<div class=\"elementor-widget-container\">\n\t\t\t\t\t\t\t\t\t<ul>\n<li><span style=\"text-decoration: underline;\"><strong data-start=\"2956\" data-end=\"2982\">Individuelle Beratung:<\/strong><\/span> Dein Gesicht ist einzigartig \u2013 deshalb passe ich das Make-Up perfekt an deine Haut, deine W\u00fcnsche und den Anlass an.<\/li><\/ul><div><br><\/div><ul>\n<li><span style=\"text-decoration: underline;\"><strong data-start=\"3105\" data-end=\"3130\">Hochwertige Produkte:<\/strong><\/span> Ich verwende nur hochwertige, langanhaltende und hautfreundliche Produkte f\u00fcr ein makelloses Finish.<\/li><\/ul><div><br><\/div><ul>\n<li><span style=\"text-decoration: underline;\"><strong data-start=\"3237\" data-end=\"3266\">Erfahrung &amp; Leidenschaft:<\/strong><\/span> Make-Up ist meine Leidenschaft \u2013 und das spiegelt sich in jedem Look wider.<\/li><\/ul><div><br><\/div><ul>\n<li><span style=\"text-decoration: underline;\"><strong>Flexibilit\u00e4t:<\/strong><\/span> Ob bei mir im Studio oder mobil \u2013 ich passe mich deinen W\u00fcnschen an.<\/li>\n<\/ul>\t\t\t\t\t\t\t\t<\/div>\n\t\t\t\t<\/div>\n\t\t\t\t<div class=\"elementor-element elementor-element-0cc7f8b elementor-widget elementor-widget-spacer\" data-id=\"0cc7f8b\" data-element_type=\"widget\" data-e-type=\"widget\" data-widget_type=\"spacer.default\">\n\t\t\t\t<div class=\"elementor-widget-container\">\n\t\t\t\t\t\t\t<div class=\"elementor-spacer\">\n\t\t\t<div class=\"elementor-spacer-inner\"><\/div>\n\t\t<\/div>\n\t\t\t\t\t\t<\/div>\n\t\t\t\t<\/div>\n\t\t\t\t\t<\/div>\n\t\t\t\t<\/div>\n\t\t<div class=\"elementor-element elementor-element-a792d88 e-flex e-con-boxed e-con e-parent\" data-id=\"a792d88\" data-element_type=\"container\" data-e-type=\"container\">\n\t\t\t\t\t<div class=\"e-con-inner\">\n\t\t\t\t<div class=\"elementor-element elementor-element-3a5f9df elementor-widget elementor-widget-spacer\" data-id=\"3a5f9df\" data-element_type=\"widget\" data-e-type=\"widget\" data-widget_type=\"spacer.default\">\n\t\t\t\t<div class=\"elementor-widget-container\">\n\t\t\t\t\t\t\t<div class=\"elementor-spacer\">\n\t\t\t<div class=\"elementor-spacer-inner\"><\/div>\n\t\t<\/div>\n\t\t\t\t\t\t<\/div>\n\t\t\t\t<\/div>\n\t\t\t\t<div class=\"elementor-element elementor-element-60593a5 elementor-widget elementor-widget-heading\" data-id=\"60593a5\" data-element_type=\"widget\" data-e-type=\"widget\" data-widget_type=\"heading.default\">\n\t\t\t\t<div class=\"elementor-widget-container\">\n\t\t\t\t\t<h2 class=\"elementor-heading-title elementor-size-default\">fazit<\/h2>\t\t\t\t<\/div>\n\t\t\t\t<\/div>\n\t\t\t\t<div class=\"elementor-element elementor-element-1720104 elementor-widget elementor-widget-text-editor\" data-id=\"1720104\" data-element_type=\"widget\" data-e-type=\"widget\" data-widget_type=\"text-editor.default\">\n\t\t\t\t<div class=\"elementor-widget-container\">\n\t\t\t\t\t\t\t\t\t<p>Egal, ob du ein dezentes Tages-Make-Up, einen glamour\u00f6sen Look f\u00fcr den Abend, ein perfektes Braut-Styling oder ein professionelles Make-Up f\u00fcr ein Shooting suchst \u2013 bei mir bist du in den besten H\u00e4nden. Lass dich verw\u00f6hnen und buche jetzt deinen Termin f\u00fcr ein Make-Up, das deine Sch\u00f6nheit perfekt zur Geltung bringt!\u00a0<\/p>\t\t\t\t\t\t\t\t<\/div>\n\t\t\t\t<\/div>\n\t\t\t\t<div class=\"elementor-element elementor-element-84287a8 elementor-align-center elementor-widget elementor-widget-button\" data-id=\"84287a8\" data-element_type=\"widget\" data-e-type=\"widget\" data-widget_type=\"button.default\">\n\t\t\t\t<div class=\"elementor-widget-container\">\n\t\t\t\t\t\t\t\t\t<div class=\"elementor-button-wrapper\">\n\t\t\t\t\t<a class=\"elementor-button elementor-button-link elementor-size-sm\" href=\"http:\/\/sumupbookings.com\/mariluxe-beauty\" target=\"_blank\" rel=\"noopener\">\n\t\t\t\t\t\t<span class=\"elementor-button-content-wrapper\">\n\t\t\t\t\t\t\t\t\t<span class=\"elementor-button-text\">Jetzt Termin buchen<\/span>\n\t\t\t\t\t<\/span>\n\t\t\t\t\t<\/a>\n\t\t\t\t<\/div>\n\t\t\t\t\t\t\t\t<\/div>\n\t\t\t\t<\/div>\n\t\t\t\t<div class=\"elementor-element elementor-element-f53e080 elementor-widget elementor-widget-spacer\" data-id=\"f53e080\" data-element_type=\"widget\" data-e-type=\"widget\" data-widget_type=\"spacer.default\">\n\t\t\t\t<div class=\"elementor-widget-container\">\n\t\t\t\t\t\t\t<div class=\"elementor-spacer\">\n\t\t\t<div class=\"elementor-spacer-inner\"><\/div>\n\t\t<\/div>\n\t\t\t\t\t\t<\/div>\n\t\t\t\t<\/div>\n\t\t\t\t\t<\/div>\n\t\t\t\t<\/div>\n\t\t\t\t<\/div>\n\t\t","protected":false},"excerpt":{"rendered":"<p>make-Up Dein perfektes Styling f\u00fcr jeden Anlass Ein professionelles Make-Up kann deine nat\u00fcrliche Sch\u00f6nheit hervorheben, deine Ausstrahlung unterstreichen und dein Selbstbewusstsein st\u00e4rken. Ich biete\u00a0dir individuell abgestimmte Make-Up-Dienstleistungen, die perfekt zu deinem Anlass passen. Ob dezent f\u00fcr den Alltag, glamour\u00f6s f\u00fcr den Abend oder professionell f\u00fcr Fotoshootings \u2013 ich sorge daf\u00fcr, dass du dich rundum wohlf\u00fchlst. [&hellip;]<\/p>\n","protected":false},"author":1,"featured_media":0,"parent":0,"menu_order":0,"comment_status":"closed","ping_status":"closed","template":"","meta":{"footnotes":""},"class_list":["post-689","page","type-page","status-publish","hentry"],"_links":{"self":[{"href":"https:\/\/mariluxe-beauty.ch\/de\/wp-json\/wp\/v2\/pages\/689","targetHints":{"allow":["GET"]}}],"collection":[{"href":"https:\/\/mariluxe-beauty.ch\/de\/wp-json\/wp\/v2\/pages"}],"about":[{"href":"https:\/\/mariluxe-beauty.ch\/de\/wp-json\/wp\/v2\/types\/page"}],"author":[{"embeddable":true,"href":"https:\/\/mariluxe-beauty.ch\/de\/wp-json\/wp\/v2\/users\/1"}],"replies":[{"embeddable":true,"href":"https:\/\/mariluxe-beauty.ch\/de\/wp-json\/wp\/v2\/comments?post=689"}],"version-history":[{"count":10,"href":"https:\/\/mariluxe-beauty.ch\/de\/wp-json\/wp\/v2\/pages\/689\/revisions"}],"predecessor-version":[{"id":1860,"href":"https:\/\/mariluxe-beauty.ch\/de\/wp-json\/wp\/v2\/pages\/689\/revisions\/1860"}],"wp:attachment":[{"href":"https:\/\/mariluxe-beauty.ch\/de\/wp-json\/wp\/v2\/media?parent=689"}],"curies":[{"name":"wp","href":"https:\/\/api.w.org\/{rel}","templated":true}]}}