{"id":326,"date":"2024-09-24T14:58:56","date_gmt":"2024-09-24T12:58:56","guid":{"rendered":"https:\/\/mariluxe-beauty.ch\/?page_id=326"},"modified":"2026-04-07T16:07:08","modified_gmt":"2026-04-07T14:07:08","slug":"ueber-mich","status":"publish","type":"page","link":"https:\/\/mariluxe-beauty.ch\/de\/ueber-mich\/","title":{"rendered":"\u00dcber mich"},"content":{"rendered":"\t\t<div data-elementor-type=\"wp-page\" data-elementor-id=\"326\" class=\"elementor elementor-326\" data-elementor-post-type=\"page\">\n\t\t\t\t<div class=\"elementor-element elementor-element-142ece6c e-flex e-con-boxed e-con e-parent\" data-id=\"142ece6c\" data-element_type=\"container\" data-e-type=\"container\">\n\t\t\t\t\t<div class=\"e-con-inner\">\n\t\t\t\t<div class=\"elementor-element elementor-element-3fe1dd1 elementor-widget elementor-widget-spacer\" data-id=\"3fe1dd1\" data-element_type=\"widget\" data-e-type=\"widget\" data-widget_type=\"spacer.default\">\n\t\t\t\t<div class=\"elementor-widget-container\">\n\t\t\t\t\t\t\t<div class=\"elementor-spacer\">\n\t\t\t<div class=\"elementor-spacer-inner\"><\/div>\n\t\t<\/div>\n\t\t\t\t\t\t<\/div>\n\t\t\t\t<\/div>\n\t\t\t\t<div class=\"elementor-element elementor-element-12746b31 elementor-widget elementor-widget-heading\" data-id=\"12746b31\" data-element_type=\"widget\" data-e-type=\"widget\" data-widget_type=\"heading.default\">\n\t\t\t\t<div class=\"elementor-widget-container\">\n\t\t\t\t\t<h1 class=\"elementor-heading-title elementor-size-default\">\u00dcber mich<\/h1>\t\t\t\t<\/div>\n\t\t\t\t<\/div>\n\t\t\t\t<div class=\"elementor-element elementor-element-996348e elementor-widget elementor-widget-spacer\" data-id=\"996348e\" data-element_type=\"widget\" data-e-type=\"widget\" data-widget_type=\"spacer.default\">\n\t\t\t\t<div class=\"elementor-widget-container\">\n\t\t\t\t\t\t\t<div class=\"elementor-spacer\">\n\t\t\t<div class=\"elementor-spacer-inner\"><\/div>\n\t\t<\/div>\n\t\t\t\t\t\t<\/div>\n\t\t\t\t<\/div>\n\t\t\t\t<div class=\"elementor-element elementor-element-38a79ed9 elementor-widget elementor-widget-heading\" data-id=\"38a79ed9\" data-element_type=\"widget\" data-e-type=\"widget\" data-widget_type=\"heading.default\">\n\t\t\t\t<div class=\"elementor-widget-container\">\n\t\t\t\t\t<h2 class=\"elementor-heading-title elementor-size-default\">Meine Reise in die Welt der Sch\u00f6nheit<\/h2>\t\t\t\t<\/div>\n\t\t\t\t<\/div>\n\t\t\t\t<div class=\"elementor-element elementor-element-a7483f4 elementor-widget elementor-widget-spacer\" data-id=\"a7483f4\" data-element_type=\"widget\" data-e-type=\"widget\" data-widget_type=\"spacer.default\">\n\t\t\t\t<div class=\"elementor-widget-container\">\n\t\t\t\t\t\t\t<div class=\"elementor-spacer\">\n\t\t\t<div class=\"elementor-spacer-inner\"><\/div>\n\t\t<\/div>\n\t\t\t\t\t\t<\/div>\n\t\t\t\t<\/div>\n\t\t\t\t<div class=\"elementor-element elementor-element-567c9973 elementor-widget elementor-widget-text-editor\" data-id=\"567c9973\" data-element_type=\"widget\" data-e-type=\"widget\" data-widget_type=\"text-editor.default\">\n\t\t\t\t<div class=\"elementor-widget-container\">\n\t\t\t\t\t\t\t\t\t<p>Mein Name ist Marilena, ich bin 25 Jahre alt und komme aus Italien. Schon seit meiner Kindheit habe ich einen besonderen Bezug zur Sch\u00f6nheit und \u00c4sthetik gehabt. Aufgewachsen in einer Umgebung, in der Stil und Eleganz zum Alltag geh\u00f6ren, war es f\u00fcr mich selbstverst\u00e4ndlich, mich f\u00fcr das Sch\u00f6ne zu interessieren. Doch was mich wirklich begeistert hat, war die Welt der Beauty-Dienstleistungen \u2013 insbesondere N\u00e4gel und Wimpern. Dies hat schlie\u00dflich dazu gef\u00fchrt, dass ich meinen Traum, selbstst\u00e4ndig zu werden und in dieser Branche zu arbeiten, in die Realit\u00e4t umsetzen konnte.<\/p>\t\t\t\t\t\t\t\t<\/div>\n\t\t\t\t<\/div>\n\t\t\t\t\t<\/div>\n\t\t\t\t<\/div>\n\t\t<div class=\"elementor-element elementor-element-11324030 e-flex e-con-boxed e-con e-parent\" data-id=\"11324030\" data-element_type=\"container\" data-e-type=\"container\">\n\t\t\t\t\t<div class=\"e-con-inner\">\n\t\t\t\t<div class=\"elementor-element elementor-element-3688d9da elementor-align-center elementor-widget elementor-widget-button\" data-id=\"3688d9da\" data-element_type=\"widget\" data-e-type=\"widget\" data-widget_type=\"button.default\">\n\t\t\t\t<div class=\"elementor-widget-container\">\n\t\t\t\t\t\t\t\t\t<div class=\"elementor-button-wrapper\">\n\t\t\t\t\t<a class=\"elementor-button elementor-button-link elementor-size-sm\" href=\"http:\/\/sumupbookings.com\/mariluxe-beauty\" target=\"_blank\" rel=\"noopener\">\n\t\t\t\t\t\t<span class=\"elementor-button-content-wrapper\">\n\t\t\t\t\t\t\t\t\t<span class=\"elementor-button-text\">Jetzt Termin buchen<\/span>\n\t\t\t\t\t<\/span>\n\t\t\t\t\t<\/a>\n\t\t\t\t<\/div>\n\t\t\t\t\t\t\t\t<\/div>\n\t\t\t\t<\/div>\n\t\t\t\t<div class=\"elementor-element elementor-element-758f4a83 elementor-widget elementor-widget-spacer\" data-id=\"758f4a83\" data-element_type=\"widget\" data-e-type=\"widget\" data-widget_type=\"spacer.default\">\n\t\t\t\t<div class=\"elementor-widget-container\">\n\t\t\t\t\t\t\t<div class=\"elementor-spacer\">\n\t\t\t<div class=\"elementor-spacer-inner\"><\/div>\n\t\t<\/div>\n\t\t\t\t\t\t<\/div>\n\t\t\t\t<\/div>\n\t\t\t\t\t<\/div>\n\t\t\t\t<\/div>\n\t\t<div class=\"elementor-element elementor-element-28cb4ed3 e-flex e-con-boxed e-con e-parent\" data-id=\"28cb4ed3\" data-element_type=\"container\" data-e-type=\"container\">\n\t\t\t\t\t<div class=\"e-con-inner\">\n\t\t\t\t<div class=\"elementor-element elementor-element-2d50f8b elementor-widget elementor-widget-spacer\" data-id=\"2d50f8b\" data-element_type=\"widget\" data-e-type=\"widget\" data-widget_type=\"spacer.default\">\n\t\t\t\t<div class=\"elementor-widget-container\">\n\t\t\t\t\t\t\t<div class=\"elementor-spacer\">\n\t\t\t<div class=\"elementor-spacer-inner\"><\/div>\n\t\t<\/div>\n\t\t\t\t\t\t<\/div>\n\t\t\t\t<\/div>\n\t\t\t\t<div class=\"elementor-element elementor-element-728c7d7 elementor-widget elementor-widget-heading\" data-id=\"728c7d7\" data-element_type=\"widget\" data-e-type=\"widget\" data-widget_type=\"heading.default\">\n\t\t\t\t<div class=\"elementor-widget-container\">\n\t\t\t\t\t<h2 class=\"elementor-heading-title elementor-size-default\">Die Leidenschaft f\u00fcr Details<\/h2>\t\t\t\t<\/div>\n\t\t\t\t<\/div>\n\t\t\t\t<div class=\"elementor-element elementor-element-6895a7bd elementor-widget elementor-widget-text-editor\" data-id=\"6895a7bd\" data-element_type=\"widget\" data-e-type=\"widget\" data-widget_type=\"text-editor.default\">\n\t\t\t\t<div class=\"elementor-widget-container\">\n\t\t\t\t\t\t\t\t\t<p>Eine meiner gr\u00f6\u00dften St\u00e4rken ist meine Liebe zum Detail. Schon fr\u00fch habe ich erkannt, dass Perfektion und Sch\u00f6nheit in den kleinen Dingen liegen. Diese \u00dcberzeugung hat mich dazu gebracht, alles, was ich tue, mit \u00e4u\u00dferster Pr\u00e4zision und Hingabe anzugehen. Egal, ob es darum geht, den perfekten Schwung bei Wimpernverl\u00e4ngerungen zu erzielen oder makellose N\u00e4gel zu gestalten \u2013 ich arbeite stets mit der Vision, jedes Detail so perfekt wie m\u00f6glich zu machen.<\/p><p>Das Streben nach Perfektion begleitet mich in meiner Arbeit als Beauty-Spezialistin jeden Tag. Ich sehe jede Behandlung als ein Kunstwerk, bei dem jedes kleinste Detail z\u00e4hlt, um ein makelloses Ergebnis zu erzielen. Diese Liebe zu den Feinheiten hat mich nicht nur in meinem Handwerk weitergebracht, sondern auch viele meiner Kundinnen begeistert, die meine Pr\u00e4zision und Hingabe sch\u00e4tzen.<\/p>\t\t\t\t\t\t\t\t<\/div>\n\t\t\t\t<\/div>\n\t\t\t\t<div class=\"elementor-element elementor-element-31304ed elementor-widget elementor-widget-spacer\" data-id=\"31304ed\" data-element_type=\"widget\" data-e-type=\"widget\" data-widget_type=\"spacer.default\">\n\t\t\t\t<div class=\"elementor-widget-container\">\n\t\t\t\t\t\t\t<div class=\"elementor-spacer\">\n\t\t\t<div class=\"elementor-spacer-inner\"><\/div>\n\t\t<\/div>\n\t\t\t\t\t\t<\/div>\n\t\t\t\t<\/div>\n\t\t\t\t<div class=\"elementor-element elementor-element-2af733f5 elementor-widget elementor-widget-image\" data-id=\"2af733f5\" data-element_type=\"widget\" data-e-type=\"widget\" data-widget_type=\"image.default\">\n\t\t\t\t<div class=\"elementor-widget-container\">\n\t\t\t\t\t\t\t\t\t\t\t\t\t\t\t<img fetchpriority=\"high\" decoding=\"async\" width=\"683\" height=\"1024\" src=\"https:\/\/mariluxe-beauty.ch\/wp-content\/uploads\/2025\/04\/IMG_2626-2-683x1024.jpg\" class=\"attachment-large size-large wp-image-1245\" alt=\"\" srcset=\"https:\/\/mariluxe-beauty.ch\/wp-content\/uploads\/2025\/04\/IMG_2626-2-683x1024.jpg 683w, https:\/\/mariluxe-beauty.ch\/wp-content\/uploads\/2025\/04\/IMG_2626-2-200x300.jpg 200w, https:\/\/mariluxe-beauty.ch\/wp-content\/uploads\/2025\/04\/IMG_2626-2-768x1152.jpg 768w, https:\/\/mariluxe-beauty.ch\/wp-content\/uploads\/2025\/04\/IMG_2626-2-1024x1536.jpg 1024w, https:\/\/mariluxe-beauty.ch\/wp-content\/uploads\/2025\/04\/IMG_2626-2-1365x2048.jpg 1365w, https:\/\/mariluxe-beauty.ch\/wp-content\/uploads\/2025\/04\/IMG_2626-2-8x12.jpg 8w, https:\/\/mariluxe-beauty.ch\/wp-content\/uploads\/2025\/04\/IMG_2626-2-scaled.jpg 1707w\" sizes=\"(max-width: 683px) 100vw, 683px\" \/>\t\t\t\t\t\t\t\t\t\t\t\t\t\t\t<\/div>\n\t\t\t\t<\/div>\n\t\t\t\t<div class=\"elementor-element elementor-element-c17e71f elementor-widget elementor-widget-spacer\" data-id=\"c17e71f\" data-element_type=\"widget\" data-e-type=\"widget\" data-widget_type=\"spacer.default\">\n\t\t\t\t<div class=\"elementor-widget-container\">\n\t\t\t\t\t\t\t<div class=\"elementor-spacer\">\n\t\t\t<div class=\"elementor-spacer-inner\"><\/div>\n\t\t<\/div>\n\t\t\t\t\t\t<\/div>\n\t\t\t\t<\/div>\n\t\t\t\t\t<\/div>\n\t\t\t\t<\/div>\n\t\t<div class=\"elementor-element elementor-element-5dc46f54 e-flex e-con-boxed e-con e-parent\" data-id=\"5dc46f54\" data-element_type=\"container\" data-e-type=\"container\">\n\t\t\t\t\t<div class=\"e-con-inner\">\n\t\t\t\t<div class=\"elementor-element elementor-element-75be30d elementor-widget elementor-widget-spacer\" data-id=\"75be30d\" data-element_type=\"widget\" data-e-type=\"widget\" data-widget_type=\"spacer.default\">\n\t\t\t\t<div class=\"elementor-widget-container\">\n\t\t\t\t\t\t\t<div class=\"elementor-spacer\">\n\t\t\t<div class=\"elementor-spacer-inner\"><\/div>\n\t\t<\/div>\n\t\t\t\t\t\t<\/div>\n\t\t\t\t<\/div>\n\t\t\t\t<div class=\"elementor-element elementor-element-7f1757c0 elementor-widget elementor-widget-heading\" data-id=\"7f1757c0\" data-element_type=\"widget\" data-e-type=\"widget\" data-widget_type=\"heading.default\">\n\t\t\t\t<div class=\"elementor-widget-container\">\n\t\t\t\t\t<h2 class=\"elementor-heading-title elementor-size-default\">Der Weg in die Selbstst\u00e4ndigkeit<\/h2>\t\t\t\t<\/div>\n\t\t\t\t<\/div>\n\t\t\t\t<div class=\"elementor-element elementor-element-28bed54 elementor-widget elementor-widget-text-editor\" data-id=\"28bed54\" data-element_type=\"widget\" data-e-type=\"widget\" data-widget_type=\"text-editor.default\">\n\t\t\t\t<div class=\"elementor-widget-container\">\n\t\t\t\t\t\t\t\t\t<p>Schon fr\u00fch wusste ich, dass ich eines Tages mein eigenes Unternehmen haben m\u00f6chte. Die Vorstellung, unabh\u00e4ngig zu sein und meine eigenen Entscheidungen zu treffen, hat mich stets fasziniert. Nat\u00fcrlich war der Weg dorthin nicht immer einfach, aber meine Leidenschaft f\u00fcr Sch\u00f6nheit und meine Liebe zum Detail haben mich immer wieder motiviert, weiterzumachen und meinen Traum zu verfolgen.<\/p>\n<p>Nach mehreren Schulungen in der Beauty-Branche war ich bereit, den Schritt in die Selbstst\u00e4ndigkeit zu wagen. Ich habe mich intensiv weitergebildet, um sicherzustellen, dass ich die neuesten Techniken und Trends beherrsche. Meine Kundinnen k\u00f6nnen sich darauf verlassen, dass ich immer auf dem neuesten Stand der Beauty-Entwicklungen bin.<\/p>\t\t\t\t\t\t\t\t<\/div>\n\t\t\t\t<\/div>\n\t\t\t\t\t<\/div>\n\t\t\t\t<\/div>\n\t\t<div class=\"elementor-element elementor-element-26108f3b e-flex e-con-boxed e-con e-parent\" data-id=\"26108f3b\" data-element_type=\"container\" data-e-type=\"container\">\n\t\t\t\t\t<div class=\"e-con-inner\">\n\t\t\t\t<div class=\"elementor-element elementor-element-11d56b72 elementor-widget elementor-widget-spacer\" data-id=\"11d56b72\" data-element_type=\"widget\" data-e-type=\"widget\" data-widget_type=\"spacer.default\">\n\t\t\t\t<div class=\"elementor-widget-container\">\n\t\t\t\t\t\t\t<div class=\"elementor-spacer\">\n\t\t\t<div class=\"elementor-spacer-inner\"><\/div>\n\t\t<\/div>\n\t\t\t\t\t\t<\/div>\n\t\t\t\t<\/div>\n\t\t\t\t\t<\/div>\n\t\t\t\t<\/div>\n\t\t<div class=\"elementor-element elementor-element-f752c75 e-flex e-con-boxed e-con e-parent\" data-id=\"f752c75\" data-element_type=\"container\" data-e-type=\"container\">\n\t\t\t\t\t<div class=\"e-con-inner\">\n\t\t\t\t<div class=\"elementor-element elementor-element-51ff5fc elementor-widget elementor-widget-spacer\" data-id=\"51ff5fc\" data-element_type=\"widget\" data-e-type=\"widget\" data-widget_type=\"spacer.default\">\n\t\t\t\t<div class=\"elementor-widget-container\">\n\t\t\t\t\t\t\t<div class=\"elementor-spacer\">\n\t\t\t<div class=\"elementor-spacer-inner\"><\/div>\n\t\t<\/div>\n\t\t\t\t\t\t<\/div>\n\t\t\t\t<\/div>\n\t\t\t\t<div class=\"elementor-element elementor-element-12108000 elementor-widget elementor-widget-heading\" data-id=\"12108000\" data-element_type=\"widget\" data-e-type=\"widget\" data-widget_type=\"heading.default\">\n\t\t\t\t<div class=\"elementor-widget-container\">\n\t\t\t\t\t<h2 class=\"elementor-heading-title elementor-size-default\">Beauty als Leidenschaft<\/h2>\t\t\t\t<\/div>\n\t\t\t\t<\/div>\n\t\t\t\t<div class=\"elementor-element elementor-element-7af79494 elementor-widget elementor-widget-text-editor\" data-id=\"7af79494\" data-element_type=\"widget\" data-e-type=\"widget\" data-widget_type=\"text-editor.default\">\n\t\t\t\t<div class=\"elementor-widget-container\">\n\t\t\t\t\t\t\t\t\t<p>Meine Arbeit vereint mehrere Behandlungsbereiche, die meine Leidenschaft f\u00fcr Sch\u00f6nheit, Pflege und Pr\u00e4zision widerspiegeln: N\u00e4gel, Wimpern, Brauen, Gesichtsbehandlungen und Laser-Haarentfernung. Jeder dieser Bereiche fasziniert mich auf seine eigene Weise, denn alle tragen dazu bei, das Wohlbefinden, die Ausstrahlung und das Selbstbewusstsein meiner Kundinnen zu unterstreichen.<\/p><p><strong>N\u00e4gel<\/strong><br \/>Ich habe mich auf verschiedene Nageldesigns und Techniken spezialisiert, darunter Shellac, Gel-N\u00e4gel und AcriGel. F\u00fcr mich sind N\u00e4gel weit mehr als nur ein Detail \u2013 sie sind Ausdruck von Pers\u00f6nlichkeit, Stil und Kreativit\u00e4t. Ob nat\u00fcrliche, elegante Looks oder auff\u00e4llige Designs: Ich liebe es, individuelle W\u00fcnsche umzusetzen und jeder Kundin ein Ergebnis zu schenken, das perfekt zu ihr passt.<\/p><p>Dabei lege ich gro\u00dfen Wert auf hochwertige Produkte und eine sorgf\u00e4ltige Arbeitsweise, damit die N\u00e4gel nicht nur sch\u00f6n aussehen, sondern auch gesund bleiben. Ich nehme mir bewusst Zeit f\u00fcr jede Behandlung, um pr\u00e4zise und saubere Ergebnisse zu erzielen.<\/p><p><strong>Wimpern und Brauen<\/strong><br \/>Auch der Bereich Wimpern und Brauen liegt mir besonders am Herzen. Mich begeistert, wie sehr Wimpernverl\u00e4ngerungen, Lash- oder Brow-Lift den Blick \u00f6ffnen und die nat\u00fcrliche Sch\u00f6nheit betonen k\u00f6nnen. Ich arbeite mit unterschiedlichen Techniken, um auf die individuellen W\u00fcnsche meiner Kundinnen einzugehen \u2013 von dezenten, nat\u00fcrlichen Ergebnissen bis hin zu ausdrucksstarken, volumin\u00f6sen Looks.<\/p><p>Gerade bei Wimpern und Brauen ist Pr\u00e4zision besonders wichtig. Diese Arbeit erfordert Geduld, eine ruhige Hand und viel Sorgfalt \u2013 und genau das macht sie f\u00fcr mich so besonders. Es erf\u00fcllt mich jedes Mal aufs Neue, wenn meine Kundinnen sich \u00fcber ihr Ergebnis freuen.<\/p><p><strong>Gesichtsbehandlungen<\/strong><br \/>Gesichtsbehandlungen sind f\u00fcr mich ein wichtiger Teil ganzheitlicher Sch\u00f6nheitspflege. Eine gepflegte, strahlende Haut tr\u00e4gt wesentlich zum Wohlbefinden und zur Ausstrahlung bei. Deshalb ist es mir wichtig, jede Behandlung individuell auf die Bed\u00fcrfnisse der Haut abzustimmen und mit viel Sorgfalt durchzuf\u00fchren.<\/p><p>Mein Ziel ist es, meiner Kundschaft nicht nur sichtbare Ergebnisse zu bieten, sondern auch einen Moment der Entspannung und des Wohlf\u00fchlens zu schenken. Professionelle Gesichtsbehandlungen verbinden Pflege, Regeneration und Sch\u00f6nheit auf besondere Weise.<\/p><p><strong>Laser-Haarentfernung<\/strong><br \/>Ein weiterer Schwerpunkt meiner Arbeit ist die Laser-Haarentfernung. Ich sch\u00e4tze an dieser Behandlung besonders, dass sie Komfort, Pr\u00e4zision und langfristige Ergebnisse miteinander verbindet. F\u00fcr viele Kundinnen ist sie eine gro\u00dfe Erleichterung im Alltag und ein wichtiger Schritt zu mehr Wohlbefinden.<\/p><p>Gerade in diesem Bereich sind Fachwissen, Sicherheit und Professionalit\u00e4t besonders wichtig. Deshalb verf\u00fcge ich \u00fcber das VNISSG-Zertifikat, das meine Qualifikation in diesem Bereich best\u00e4tigt. So kann ich die Behandlung verantwortungsvoll, professionell und mit dem n\u00f6tigen Know-how durchf\u00fchren.<\/p><p>In all meinen Behandlungen stehen Qualit\u00e4t, Pr\u00e4zision und das Wohlbefinden meiner Kundinnen im Mittelpunkt. Es ist meine Leidenschaft, Sch\u00f6nheit auf individuelle Weise zu unterstreichen und jeder Kundin ein gutes Gef\u00fchl zu schenken \u2013 mit Professionalit\u00e4t, Hingabe und viel Liebe zum Detail.<\/p>\t\t\t\t\t\t\t\t<\/div>\n\t\t\t\t<\/div>\n\t\t\t\t<div class=\"elementor-element elementor-element-74605d4 elementor-widget elementor-widget-spacer\" data-id=\"74605d4\" data-element_type=\"widget\" data-e-type=\"widget\" data-widget_type=\"spacer.default\">\n\t\t\t\t<div class=\"elementor-widget-container\">\n\t\t\t\t\t\t\t<div class=\"elementor-spacer\">\n\t\t\t<div class=\"elementor-spacer-inner\"><\/div>\n\t\t<\/div>\n\t\t\t\t\t\t<\/div>\n\t\t\t\t<\/div>\n\t\t\t\t<div class=\"elementor-element elementor-element-66fb2de3 elementor-widget elementor-widget-image\" data-id=\"66fb2de3\" data-element_type=\"widget\" data-e-type=\"widget\" data-widget_type=\"image.default\">\n\t\t\t\t<div class=\"elementor-widget-container\">\n\t\t\t\t\t\t\t\t\t\t\t\t\t\t\t<img decoding=\"async\" width=\"1290\" height=\"1470\" src=\"https:\/\/mariluxe-beauty.ch\/wp-content\/uploads\/2025\/11\/IMG_2205.jpeg\" class=\"attachment-2048x2048 size-2048x2048 wp-image-1890\" alt=\"\" srcset=\"https:\/\/mariluxe-beauty.ch\/wp-content\/uploads\/2025\/11\/IMG_2205.jpeg 1290w, https:\/\/mariluxe-beauty.ch\/wp-content\/uploads\/2025\/11\/IMG_2205-263x300.jpeg 263w, https:\/\/mariluxe-beauty.ch\/wp-content\/uploads\/2025\/11\/IMG_2205-899x1024.jpeg 899w, https:\/\/mariluxe-beauty.ch\/wp-content\/uploads\/2025\/11\/IMG_2205-768x875.jpeg 768w, https:\/\/mariluxe-beauty.ch\/wp-content\/uploads\/2025\/11\/IMG_2205-11x12.jpeg 11w\" sizes=\"(max-width: 1290px) 100vw, 1290px\" \/>\t\t\t\t\t\t\t\t\t\t\t\t\t\t\t<\/div>\n\t\t\t\t<\/div>\n\t\t\t\t<div class=\"elementor-element elementor-element-e6079b3 elementor-widget elementor-widget-spacer\" data-id=\"e6079b3\" data-element_type=\"widget\" data-e-type=\"widget\" data-widget_type=\"spacer.default\">\n\t\t\t\t<div class=\"elementor-widget-container\">\n\t\t\t\t\t\t\t<div class=\"elementor-spacer\">\n\t\t\t<div class=\"elementor-spacer-inner\"><\/div>\n\t\t<\/div>\n\t\t\t\t\t\t<\/div>\n\t\t\t\t<\/div>\n\t\t\t\t\t<\/div>\n\t\t\t\t<\/div>\n\t\t<div class=\"elementor-element elementor-element-947c1af e-flex e-con-boxed e-con e-parent\" data-id=\"947c1af\" data-element_type=\"container\" data-e-type=\"container\">\n\t\t\t\t\t<div class=\"e-con-inner\">\n\t\t\t\t<div class=\"elementor-element elementor-element-30e687e elementor-widget elementor-widget-spacer\" data-id=\"30e687e\" data-element_type=\"widget\" data-e-type=\"widget\" data-widget_type=\"spacer.default\">\n\t\t\t\t<div class=\"elementor-widget-container\">\n\t\t\t\t\t\t\t<div class=\"elementor-spacer\">\n\t\t\t<div class=\"elementor-spacer-inner\"><\/div>\n\t\t<\/div>\n\t\t\t\t\t\t<\/div>\n\t\t\t\t<\/div>\n\t\t\t\t<div class=\"elementor-element elementor-element-6e664344 elementor-widget elementor-widget-heading\" data-id=\"6e664344\" data-element_type=\"widget\" data-e-type=\"widget\" data-widget_type=\"heading.default\">\n\t\t\t\t<div class=\"elementor-widget-container\">\n\t\t\t\t\t<h2 class=\"elementor-heading-title elementor-size-default\">Warum ich meinen Job liebe<\/h2>\t\t\t\t<\/div>\n\t\t\t\t<\/div>\n\t\t\t\t<div class=\"elementor-element elementor-element-253ef253 elementor-widget elementor-widget-text-editor\" data-id=\"253ef253\" data-element_type=\"widget\" data-e-type=\"widget\" data-widget_type=\"text-editor.default\">\n\t\t\t\t<div class=\"elementor-widget-container\">\n\t\t\t\t\t\t\t\t\t<p>Was mich an meiner Arbeit am meisten erf\u00fcllt, ist die M\u00f6glichkeit, das Selbstbewusstsein meiner Kundinnen zu steigern. Oft kommen Frauen zu mir, die sich eine kleine Ver\u00e4nderung w\u00fcnschen, und wenn wir unser Termin mit einem L\u00e4cheln beenden, wei\u00df ich, dass ich meinen Job gut gemacht habe. Es sind diese Momente, die mich motivieren, mich st\u00e4ndig weiterzubilden und mein Handwerk zu perfektionieren.<\/p><p>Meine Arbeit gibt mir die Freiheit, kreativ zu sein, aber auch die Verantwortung, jedem Kunden ein einzigartiges und perfektes Erlebnis zu bieten. Die Sch\u00f6nheit liegt f\u00fcr mich in den Details, und ich freue mich jeden Tag darauf, meine Leidenschaft in die Realit\u00e4t umzusetzen.<\/p>\t\t\t\t\t\t\t\t<\/div>\n\t\t\t\t<\/div>\n\t\t\t\t\t<\/div>\n\t\t\t\t<\/div>\n\t\t<div class=\"elementor-element elementor-element-67d32922 e-flex e-con-boxed e-con e-parent\" data-id=\"67d32922\" data-element_type=\"container\" data-e-type=\"container\">\n\t\t\t\t\t<div class=\"e-con-inner\">\n\t\t\t\t<div class=\"elementor-element elementor-element-135663b3 elementor-widget elementor-widget-spacer\" data-id=\"135663b3\" data-element_type=\"widget\" data-e-type=\"widget\" data-widget_type=\"spacer.default\">\n\t\t\t\t<div class=\"elementor-widget-container\">\n\t\t\t\t\t\t\t<div class=\"elementor-spacer\">\n\t\t\t<div class=\"elementor-spacer-inner\"><\/div>\n\t\t<\/div>\n\t\t\t\t\t\t<\/div>\n\t\t\t\t<\/div>\n\t\t\t\t\t<\/div>\n\t\t\t\t<\/div>\n\t\t<div class=\"elementor-element elementor-element-3b656b9 e-flex e-con-boxed e-con e-parent\" data-id=\"3b656b9\" data-element_type=\"container\" data-e-type=\"container\">\n\t\t\t\t\t<div class=\"e-con-inner\">\n\t\t\t\t<div class=\"elementor-element elementor-element-63d7e29 elementor-widget elementor-widget-spacer\" data-id=\"63d7e29\" data-element_type=\"widget\" data-e-type=\"widget\" data-widget_type=\"spacer.default\">\n\t\t\t\t<div class=\"elementor-widget-container\">\n\t\t\t\t\t\t\t<div class=\"elementor-spacer\">\n\t\t\t<div class=\"elementor-spacer-inner\"><\/div>\n\t\t<\/div>\n\t\t\t\t\t\t<\/div>\n\t\t\t\t<\/div>\n\t\t\t\t<div class=\"elementor-element elementor-element-2db5aa13 elementor-widget elementor-widget-heading\" data-id=\"2db5aa13\" data-element_type=\"widget\" data-e-type=\"widget\" data-widget_type=\"heading.default\">\n\t\t\t\t<div class=\"elementor-widget-container\">\n\t\t\t\t\t<h2 class=\"elementor-heading-title elementor-size-default\">Ein Blick in die Zukunft<\/h2>\t\t\t\t<\/div>\n\t\t\t\t<\/div>\n\t\t\t\t<div class=\"elementor-element elementor-element-1892bd6 elementor-widget elementor-widget-text-editor\" data-id=\"1892bd6\" data-element_type=\"widget\" data-e-type=\"widget\" data-widget_type=\"text-editor.default\">\n\t\t\t\t<div class=\"elementor-widget-container\">\n\t\t\t\t\t\t\t\t\t<p>Ich habe noch viele Pl\u00e4ne f\u00fcr die Zukunft. Mein Ziel ist es, mein eigener Beauty-Studio zu er\u00f6ffnen und noch mehr Dienstleistungen anzubieten, die meinen Kundinnen helfen, sich wohl in ihrer Haut zu f\u00fchlen. Dabei werde ich immer auf Qualit\u00e4t, Pr\u00e4zision und Liebe zum Detail setzen \u2013 Werte, die mich von Anfang an begleitet haben und die f\u00fcr mich in der Welt der Sch\u00f6nheit unverzichtbar sind.<\/p>\t\t\t\t\t\t\t\t<\/div>\n\t\t\t\t<\/div>\n\t\t\t\t\t<\/div>\n\t\t\t\t<\/div>\n\t\t<div class=\"elementor-element elementor-element-28d8e20e e-flex e-con-boxed e-con e-parent\" data-id=\"28d8e20e\" data-element_type=\"container\" data-e-type=\"container\">\n\t\t\t\t\t<div class=\"e-con-inner\">\n\t\t\t\t<div class=\"elementor-element elementor-element-64f83cc5 elementor-widget elementor-widget-spacer\" data-id=\"64f83cc5\" data-element_type=\"widget\" data-e-type=\"widget\" data-widget_type=\"spacer.default\">\n\t\t\t\t<div class=\"elementor-widget-container\">\n\t\t\t\t\t\t\t<div class=\"elementor-spacer\">\n\t\t\t<div class=\"elementor-spacer-inner\"><\/div>\n\t\t<\/div>\n\t\t\t\t\t\t<\/div>\n\t\t\t\t<\/div>\n\t\t\t\t<div class=\"elementor-element elementor-element-54c2ebf elementor-align-center elementor-widget elementor-widget-button\" data-id=\"54c2ebf\" data-element_type=\"widget\" data-e-type=\"widget\" data-widget_type=\"button.default\">\n\t\t\t\t<div class=\"elementor-widget-container\">\n\t\t\t\t\t\t\t\t\t<div class=\"elementor-button-wrapper\">\n\t\t\t\t\t<a class=\"elementor-button elementor-button-link elementor-size-sm\" href=\"http:\/\/sumupbookings.com\/mariluxe-beauty\" target=\"_blank\" rel=\"noopener\">\n\t\t\t\t\t\t<span class=\"elementor-button-content-wrapper\">\n\t\t\t\t\t\t\t\t\t<span class=\"elementor-button-text\">Jetzt Termin buchen<\/span>\n\t\t\t\t\t<\/span>\n\t\t\t\t\t<\/a>\n\t\t\t\t<\/div>\n\t\t\t\t\t\t\t\t<\/div>\n\t\t\t\t<\/div>\n\t\t\t\t\t<\/div>\n\t\t\t\t<\/div>\n\t\t<div class=\"elementor-element elementor-element-a3adaa9 e-flex e-con-boxed e-con e-parent\" data-id=\"a3adaa9\" data-element_type=\"container\" data-e-type=\"container\">\n\t\t\t\t\t<div class=\"e-con-inner\">\n\t\t\t\t\t<\/div>\n\t\t\t\t<\/div>\n\t\t\t\t<\/div>\n\t\t","protected":false},"excerpt":{"rendered":"<p>\u00dcber mich Meine Reise in die Welt der Sch\u00f6nheit Mein Name ist Marilena, ich bin 25 Jahre alt und komme aus Italien. Schon seit meiner Kindheit habe ich einen besonderen Bezug zur Sch\u00f6nheit und \u00c4sthetik gehabt. Aufgewachsen in einer Umgebung, in der Stil und Eleganz zum Alltag geh\u00f6ren, war es f\u00fcr mich selbstverst\u00e4ndlich, mich f\u00fcr [&hellip;]<\/p>\n","protected":false},"author":1,"featured_media":0,"parent":0,"menu_order":0,"comment_status":"closed","ping_status":"closed","template":"","meta":{"footnotes":""},"class_list":["post-326","page","type-page","status-publish","hentry"],"_links":{"self":[{"href":"https:\/\/mariluxe-beauty.ch\/de\/wp-json\/wp\/v2\/pages\/326","targetHints":{"allow":["GET"]}}],"collection":[{"href":"https:\/\/mariluxe-beauty.ch\/de\/wp-json\/wp\/v2\/pages"}],"about":[{"href":"https:\/\/mariluxe-beauty.ch\/de\/wp-json\/wp\/v2\/types\/page"}],"author":[{"embeddable":true,"href":"https:\/\/mariluxe-beauty.ch\/de\/wp-json\/wp\/v2\/users\/1"}],"replies":[{"embeddable":true,"href":"https:\/\/mariluxe-beauty.ch\/de\/wp-json\/wp\/v2\/comments?post=326"}],"version-history":[{"count":10,"href":"https:\/\/mariluxe-beauty.ch\/de\/wp-json\/wp\/v2\/pages\/326\/revisions"}],"predecessor-version":[{"id":1930,"href":"https:\/\/mariluxe-beauty.ch\/de\/wp-json\/wp\/v2\/pages\/326\/revisions\/1930"}],"wp:attachment":[{"href":"https:\/\/mariluxe-beauty.ch\/de\/wp-json\/wp\/v2\/media?parent=326"}],"curies":[{"name":"wp","href":"https:\/\/api.w.org\/{rel}","templated":true}]}}