{"id":305,"date":"2024-09-24T14:39:43","date_gmt":"2024-09-24T12:39:43","guid":{"rendered":"https:\/\/mariluxe-beauty.ch\/?page_id=305"},"modified":"2025-11-10T11:31:46","modified_gmt":"2025-11-10T10:31:46","slug":"coming-soon","status":"publish","type":"page","link":"https:\/\/mariluxe-beauty.ch\/de\/coming-soon\/","title":{"rendered":"Coming soon"},"content":{"rendered":"\t\t<div data-elementor-type=\"wp-page\" data-elementor-id=\"305\" class=\"elementor elementor-305\" data-elementor-post-type=\"page\">\n\t\t\t\t<div class=\"elementor-element elementor-element-17afece4 e-flex e-con-boxed e-con e-parent\" data-id=\"17afece4\" data-element_type=\"container\" data-e-type=\"container\">\n\t\t\t\t\t<div class=\"e-con-inner\">\n\t\t\t\t<div class=\"elementor-element elementor-element-8b26353 elementor-widget elementor-widget-spacer\" data-id=\"8b26353\" data-element_type=\"widget\" data-e-type=\"widget\" data-widget_type=\"spacer.default\">\n\t\t\t\t<div class=\"elementor-widget-container\">\n\t\t\t\t\t\t\t<div class=\"elementor-spacer\">\n\t\t\t<div class=\"elementor-spacer-inner\"><\/div>\n\t\t<\/div>\n\t\t\t\t\t\t<\/div>\n\t\t\t\t<\/div>\n\t\t\t\t<div class=\"elementor-element elementor-element-3a6505ef elementor-widget elementor-widget-heading\" data-id=\"3a6505ef\" data-element_type=\"widget\" data-e-type=\"widget\" data-widget_type=\"heading.default\">\n\t\t\t\t<div class=\"elementor-widget-container\">\n\t\t\t\t\t<h1 class=\"elementor-heading-title elementor-size-default\">Coming soon!<\/h1>\t\t\t\t<\/div>\n\t\t\t\t<\/div>\n\t\t\t\t<div class=\"elementor-element elementor-element-0086aed elementor-widget elementor-widget-spacer\" data-id=\"0086aed\" data-element_type=\"widget\" data-e-type=\"widget\" data-widget_type=\"spacer.default\">\n\t\t\t\t<div class=\"elementor-widget-container\">\n\t\t\t\t\t\t\t<div class=\"elementor-spacer\">\n\t\t\t<div class=\"elementor-spacer-inner\"><\/div>\n\t\t<\/div>\n\t\t\t\t\t\t<\/div>\n\t\t\t\t<\/div>\n\t\t\t\t<div class=\"elementor-element elementor-element-135260f7 elementor-widget elementor-widget-text-editor\" data-id=\"135260f7\" data-element_type=\"widget\" data-e-type=\"widget\" data-widget_type=\"text-editor.default\">\n\t\t\t\t<div class=\"elementor-widget-container\">\n\t\t\t\t\t\t\t\t\t<p>Ich freue mich, dir bald spannende Neuigkeiten bei MariLuxe Beauty vorstellen zu d\u00fcrfen! Aktuell arbeite ich intensiv daran, mein Angebot zu erweitern, um dir noch mehr moderne und innovative Sch\u00f6nheitsanwendungen zu bieten. Bald kannst du dich auf neue Behandlungen freuen, die speziell darauf ausgerichtet sind, deine nat\u00fcrliche Sch\u00f6nheit zu unterstreichen und dir ein rundum strahlendes Aussehen zu verleihen.<\/p>\t\t\t\t\t\t\t\t<\/div>\n\t\t\t\t<\/div>\n\t\t\t\t\t<\/div>\n\t\t\t\t<\/div>\n\t\t<div class=\"elementor-element elementor-element-1b6d9c e-flex e-con-boxed e-con e-parent\" data-id=\"1b6d9c\" data-element_type=\"container\" data-e-type=\"container\">\n\t\t\t\t\t<div class=\"e-con-inner\">\n\t\t\t\t<div class=\"elementor-element elementor-element-78abf7af elementor-align-center elementor-widget elementor-widget-button\" data-id=\"78abf7af\" data-element_type=\"widget\" data-e-type=\"widget\" data-widget_type=\"button.default\">\n\t\t\t\t<div class=\"elementor-widget-container\">\n\t\t\t\t\t\t\t\t\t<div class=\"elementor-button-wrapper\">\n\t\t\t\t\t<a class=\"elementor-button elementor-button-link elementor-size-sm\" href=\"http:\/\/sumupbookings.com\/mariluxe-beauty\" target=\"_blank\" rel=\"noopener\">\n\t\t\t\t\t\t<span class=\"elementor-button-content-wrapper\">\n\t\t\t\t\t\t\t\t\t<span class=\"elementor-button-text\">Jetzt Termin buchen<\/span>\n\t\t\t\t\t<\/span>\n\t\t\t\t\t<\/a>\n\t\t\t\t<\/div>\n\t\t\t\t\t\t\t\t<\/div>\n\t\t\t\t<\/div>\n\t\t\t\t<div class=\"elementor-element elementor-element-667a0090 elementor-widget elementor-widget-spacer\" data-id=\"667a0090\" data-element_type=\"widget\" data-e-type=\"widget\" data-widget_type=\"spacer.default\">\n\t\t\t\t<div class=\"elementor-widget-container\">\n\t\t\t\t\t\t\t<div class=\"elementor-spacer\">\n\t\t\t<div class=\"elementor-spacer-inner\"><\/div>\n\t\t<\/div>\n\t\t\t\t\t\t<\/div>\n\t\t\t\t<\/div>\n\t\t\t\t\t<\/div>\n\t\t\t\t<\/div>\n\t\t<div class=\"elementor-element elementor-element-17be744c e-flex e-con-boxed e-con e-parent\" data-id=\"17be744c\" data-element_type=\"container\" data-e-type=\"container\">\n\t\t\t\t\t<div class=\"e-con-inner\">\n\t\t\t\t<div class=\"elementor-element elementor-element-d00bbca elementor-widget elementor-widget-spacer\" data-id=\"d00bbca\" data-element_type=\"widget\" data-e-type=\"widget\" data-widget_type=\"spacer.default\">\n\t\t\t\t<div class=\"elementor-widget-container\">\n\t\t\t\t\t\t\t<div class=\"elementor-spacer\">\n\t\t\t<div class=\"elementor-spacer-inner\"><\/div>\n\t\t<\/div>\n\t\t\t\t\t\t<\/div>\n\t\t\t\t<\/div>\n\t\t\t\t<div class=\"elementor-element elementor-element-95a28a6 elementor-widget elementor-widget-heading\" data-id=\"95a28a6\" data-element_type=\"widget\" data-e-type=\"widget\" data-widget_type=\"heading.default\">\n\t\t\t\t<div class=\"elementor-widget-container\">\n\t\t\t\t\t<h2 class=\"elementor-heading-title elementor-size-default\">Nano-\/Microneedling<\/h2>\t\t\t\t<\/div>\n\t\t\t\t<\/div>\n\t\t\t\t<div class=\"elementor-element elementor-element-3baac86b elementor-widget elementor-widget-text-editor\" data-id=\"3baac86b\" data-element_type=\"widget\" data-e-type=\"widget\" data-widget_type=\"text-editor.default\">\n\t\t\t\t<div class=\"elementor-widget-container\">\n\t\t\t\t\t\t\t\t\t<p data-start=\"231\" data-end=\"363\">Bald ist es so weit! Bei MariLuxe Beauty kannst du dich auf eine neue, hochwirksame Behandlung freuen: <strong data-start=\"335\" data-end=\"362\">Nano- und Microneedling<\/strong>!<\/p><p data-start=\"365\" data-end=\"677\">Diese innovative Beauty-Technologie regt die <strong data-start=\"410\" data-end=\"432\">kollagenproduktion<\/strong> an, verbessert sichtbar das <strong data-start=\"461\" data-end=\"473\">Hautbild<\/strong> und schenkt dir einen jugendlichen, frischen Glow.<\/p><p data-start=\"365\" data-end=\"677\"><br data-start=\"524\" data-end=\"527\" \/>Ob feine Linien, vergr\u00f6\u00dferte Poren, Pigmentflecken oder m\u00fcde Haut \u2013 Mikroneedling hilft dir dabei, deine Haut nat\u00fcrlich zu erneuern und zu verfeinern.<\/p><p data-start=\"679\" data-end=\"704\"><strong data-start=\"682\" data-end=\"704\">Vorteile f\u00fcr dich:<\/strong><\/p><ul data-start=\"705\" data-end=\"872\"><li data-start=\"705\" data-end=\"750\"><p data-start=\"707\" data-end=\"750\">Verfeinertes Hautbild &amp; strahlender Teint<\/p><\/li><li data-start=\"751\" data-end=\"797\"><p data-start=\"753\" data-end=\"797\">Verbesserung von Narben &amp; Pigmentst\u00f6rungen<\/p><\/li><li data-start=\"798\" data-end=\"841\"><p data-start=\"800\" data-end=\"841\">Anregung der k\u00f6rpereigenen Regeneration<\/p><\/li><li data-start=\"842\" data-end=\"872\"><p data-start=\"844\" data-end=\"872\">Schmerzarm &amp; minimal invasiv<\/p><\/li><\/ul><p data-start=\"874\" data-end=\"976\">Du wirst es lieben, wie glatt, frisch und revitalisiert sich deine Haut nach jeder Behandlung anf\u00fchlt.<\/p><p data-start=\"874\" data-end=\"976\">\u00a0<\/p>\t\t\t\t\t\t\t\t<\/div>\n\t\t\t\t<\/div>\n\t\t\t\t<div class=\"elementor-element elementor-element-cd29fbd elementor-widget elementor-widget-spacer\" data-id=\"cd29fbd\" data-element_type=\"widget\" data-e-type=\"widget\" data-widget_type=\"spacer.default\">\n\t\t\t\t<div class=\"elementor-widget-container\">\n\t\t\t\t\t\t\t<div class=\"elementor-spacer\">\n\t\t\t<div class=\"elementor-spacer-inner\"><\/div>\n\t\t<\/div>\n\t\t\t\t\t\t<\/div>\n\t\t\t\t<\/div>\n\t\t\t\t<div class=\"elementor-element elementor-element-2641de20 elementor-widget elementor-widget-image\" data-id=\"2641de20\" data-element_type=\"widget\" data-e-type=\"widget\" data-widget_type=\"image.default\">\n\t\t\t\t<div class=\"elementor-widget-container\">\n\t\t\t\t\t\t\t\t\t\t\t\t\t\t\t<img fetchpriority=\"high\" decoding=\"async\" width=\"768\" height=\"1318\" src=\"https:\/\/mariluxe-beauty.ch\/wp-content\/uploads\/2025\/11\/Visualizza-foto-recenti-768x1318.png\" class=\"attachment-medium_large size-medium_large wp-image-1853\" alt=\"\" srcset=\"https:\/\/mariluxe-beauty.ch\/wp-content\/uploads\/2025\/11\/Visualizza-foto-recenti-768x1318.png 768w, https:\/\/mariluxe-beauty.ch\/wp-content\/uploads\/2025\/11\/Visualizza-foto-recenti-175x300.png 175w, https:\/\/mariluxe-beauty.ch\/wp-content\/uploads\/2025\/11\/Visualizza-foto-recenti-597x1024.png 597w, https:\/\/mariluxe-beauty.ch\/wp-content\/uploads\/2025\/11\/Visualizza-foto-recenti-895x1536.png 895w, https:\/\/mariluxe-beauty.ch\/wp-content\/uploads\/2025\/11\/Visualizza-foto-recenti-7x12.png 7w, https:\/\/mariluxe-beauty.ch\/wp-content\/uploads\/2025\/11\/Visualizza-foto-recenti.png 1179w\" sizes=\"(max-width: 768px) 100vw, 768px\" \/>\t\t\t\t\t\t\t\t\t\t\t\t\t\t\t<\/div>\n\t\t\t\t<\/div>\n\t\t\t\t<div class=\"elementor-element elementor-element-8c01944 elementor-widget elementor-widget-spacer\" data-id=\"8c01944\" data-element_type=\"widget\" data-e-type=\"widget\" data-widget_type=\"spacer.default\">\n\t\t\t\t<div class=\"elementor-widget-container\">\n\t\t\t\t\t\t\t<div class=\"elementor-spacer\">\n\t\t\t<div class=\"elementor-spacer-inner\"><\/div>\n\t\t<\/div>\n\t\t\t\t\t\t<\/div>\n\t\t\t\t<\/div>\n\t\t\t\t\t<\/div>\n\t\t\t\t<\/div>\n\t\t<div class=\"elementor-element elementor-element-7eb799b6 e-flex e-con-boxed e-con e-parent\" data-id=\"7eb799b6\" data-element_type=\"container\" data-e-type=\"container\">\n\t\t\t\t\t<div class=\"e-con-inner\">\n\t\t\t\t<div class=\"elementor-element elementor-element-1445a2e elementor-widget elementor-widget-spacer\" data-id=\"1445a2e\" data-element_type=\"widget\" data-e-type=\"widget\" data-widget_type=\"spacer.default\">\n\t\t\t\t<div class=\"elementor-widget-container\">\n\t\t\t\t\t\t\t<div class=\"elementor-spacer\">\n\t\t\t<div class=\"elementor-spacer-inner\"><\/div>\n\t\t<\/div>\n\t\t\t\t\t\t<\/div>\n\t\t\t\t<\/div>\n\t\t\t\t<div class=\"elementor-element elementor-element-1b2d3f2d elementor-widget elementor-widget-heading\" data-id=\"1b2d3f2d\" data-element_type=\"widget\" data-e-type=\"widget\" data-widget_type=\"heading.default\">\n\t\t\t\t<div class=\"elementor-widget-container\">\n\t\t\t\t\t<h2 class=\"elementor-heading-title elementor-size-default\">LED Face Maske<\/h2>\t\t\t\t<\/div>\n\t\t\t\t<\/div>\n\t\t\t\t<div class=\"elementor-element elementor-element-555020ab elementor-widget elementor-widget-text-editor\" data-id=\"555020ab\" data-element_type=\"widget\" data-e-type=\"widget\" data-widget_type=\"text-editor.default\">\n\t\t\t\t<div class=\"elementor-widget-container\">\n\t\t\t\t\t\t\t\t\t<p data-start=\"214\" data-end=\"314\">Freu dich auf eine neue Beauty-Innovation bei MariLuxe Beauty: die <strong data-start=\"281\" data-end=\"302\">LED-Gesichtsmaske<\/strong> kommt bald!<\/p><p data-start=\"316\" data-end=\"474\">Diese moderne Behandlung nutzt sanftes <strong data-start=\"355\" data-end=\"394\">Licht in verschiedenen Wellenl\u00e4ngen<\/strong>, um gezielt Hautprobleme zu bek\u00e4mpfen \u2013 ganz ohne Schmerzen oder Ausfallzeiten.<\/p><p data-start=\"476\" data-end=\"512\"><strong data-start=\"479\" data-end=\"512\">Was bringt dir die LED-Maske?<\/strong><\/p><ul data-start=\"513\" data-end=\"780\"><li data-start=\"513\" data-end=\"584\"><p data-start=\"515\" data-end=\"584\"><strong data-start=\"515\" data-end=\"531\">Rotes Licht:<\/strong> f\u00f6rdert die Kollagenbildung &amp; wirkt gegen F\u00e4ltchen<\/p><\/li><li data-start=\"585\" data-end=\"653\"><p data-start=\"587\" data-end=\"653\"><strong data-start=\"587\" data-end=\"604\">Blaues Licht:<\/strong> hilft bei unreiner Haut &amp; wirkt antibakteriell<\/p><\/li><li data-start=\"654\" data-end=\"716\"><p data-start=\"656\" data-end=\"716\"><strong data-start=\"656\" data-end=\"673\">Gr\u00fcnes Licht:<\/strong> beruhigt ger\u00f6tete oder empfindliche Haut<\/p><\/li><li data-start=\"717\" data-end=\"780\"><p data-start=\"719\" data-end=\"780\"><strong data-start=\"719\" data-end=\"736\">Gelbes Licht:<\/strong> verbessert die Hautelastizit\u00e4t und den Glow<\/p><\/li><\/ul><p>\u00a0<\/p><p data-start=\"782\" data-end=\"980\">Ganz gleich, ob du nach einem nat\u00fcrlichen Glow suchst, Unreinheiten loswerden willst oder einfach deine Hautpflegeroutine auf das n\u00e4chste Level bringen m\u00f6chtest \u2013 diese Maske unterst\u00fctzt dich dabei.<\/p>\t\t\t\t\t\t\t\t<\/div>\n\t\t\t\t<\/div>\n\t\t\t\t<div class=\"elementor-element elementor-element-2276451 elementor-widget elementor-widget-spacer\" data-id=\"2276451\" data-element_type=\"widget\" data-e-type=\"widget\" data-widget_type=\"spacer.default\">\n\t\t\t\t<div class=\"elementor-widget-container\">\n\t\t\t\t\t\t\t<div class=\"elementor-spacer\">\n\t\t\t<div class=\"elementor-spacer-inner\"><\/div>\n\t\t<\/div>\n\t\t\t\t\t\t<\/div>\n\t\t\t\t<\/div>\n\t\t\t\t\t<\/div>\n\t\t\t\t<\/div>\n\t\t<div class=\"elementor-element elementor-element-74c6a093 e-flex e-con-boxed e-con e-parent\" data-id=\"74c6a093\" data-element_type=\"container\" data-e-type=\"container\">\n\t\t\t\t\t<div class=\"e-con-inner\">\n\t\t\t\t<div class=\"elementor-element elementor-element-57f8e1c0 elementor-widget elementor-widget-image\" data-id=\"57f8e1c0\" data-element_type=\"widget\" data-e-type=\"widget\" data-widget_type=\"image.default\">\n\t\t\t\t<div class=\"elementor-widget-container\">\n\t\t\t\t\t\t\t\t\t\t\t\t\t\t\t<img decoding=\"async\" width=\"768\" height=\"1024\" src=\"https:\/\/mariluxe-beauty.ch\/wp-content\/uploads\/2025\/11\/IMG_8724-768x1024.jpeg\" class=\"attachment-medium_large size-medium_large wp-image-1854\" alt=\"\" srcset=\"https:\/\/mariluxe-beauty.ch\/wp-content\/uploads\/2025\/11\/IMG_8724-768x1024.jpeg 768w, https:\/\/mariluxe-beauty.ch\/wp-content\/uploads\/2025\/11\/IMG_8724-225x300.jpeg 225w, https:\/\/mariluxe-beauty.ch\/wp-content\/uploads\/2025\/11\/IMG_8724-1152x1536.jpeg 1152w, https:\/\/mariluxe-beauty.ch\/wp-content\/uploads\/2025\/11\/IMG_8724-1536x2048.jpeg 1536w, https:\/\/mariluxe-beauty.ch\/wp-content\/uploads\/2025\/11\/IMG_8724-9x12.jpeg 9w, https:\/\/mariluxe-beauty.ch\/wp-content\/uploads\/2025\/11\/IMG_8724-scaled.jpeg 1920w\" sizes=\"(max-width: 768px) 100vw, 768px\" \/>\t\t\t\t\t\t\t\t\t\t\t\t\t\t\t<\/div>\n\t\t\t\t<\/div>\n\t\t\t\t<div class=\"elementor-element elementor-element-66f84cf elementor-widget elementor-widget-spacer\" data-id=\"66f84cf\" data-element_type=\"widget\" data-e-type=\"widget\" data-widget_type=\"spacer.default\">\n\t\t\t\t<div class=\"elementor-widget-container\">\n\t\t\t\t\t\t\t<div class=\"elementor-spacer\">\n\t\t\t<div class=\"elementor-spacer-inner\"><\/div>\n\t\t<\/div>\n\t\t\t\t\t\t<\/div>\n\t\t\t\t<\/div>\n\t\t\t\t\t<\/div>\n\t\t\t\t<\/div>\n\t\t<div class=\"elementor-element elementor-element-4364457 e-flex e-con-boxed e-con e-parent\" data-id=\"4364457\" data-element_type=\"container\" data-e-type=\"container\">\n\t\t\t\t\t<div class=\"e-con-inner\">\n\t\t\t\t<div class=\"elementor-element elementor-element-142e6a9 elementor-widget elementor-widget-spacer\" data-id=\"142e6a9\" data-element_type=\"widget\" data-e-type=\"widget\" data-widget_type=\"spacer.default\">\n\t\t\t\t<div class=\"elementor-widget-container\">\n\t\t\t\t\t\t\t<div class=\"elementor-spacer\">\n\t\t\t<div class=\"elementor-spacer-inner\"><\/div>\n\t\t<\/div>\n\t\t\t\t\t\t<\/div>\n\t\t\t\t<\/div>\n\t\t\t\t<div class=\"elementor-element elementor-element-5720500 elementor-widget elementor-widget-heading\" data-id=\"5720500\" data-element_type=\"widget\" data-e-type=\"widget\" data-widget_type=\"heading.default\">\n\t\t\t\t<div class=\"elementor-widget-container\">\n\t\t\t\t\t<h2 class=\"elementor-heading-title elementor-size-default\">Laser Haarentfernung<\/h2>\t\t\t\t<\/div>\n\t\t\t\t<\/div>\n\t\t\t\t<div class=\"elementor-element elementor-element-6d15b45 elementor-widget elementor-widget-text-editor\" data-id=\"6d15b45\" data-element_type=\"widget\" data-e-type=\"widget\" data-widget_type=\"text-editor.default\">\n\t\t\t\t<div class=\"elementor-widget-container\">\n\t\t\t\t\t\t\t\t\t<p data-start=\"231\" data-end=\"363\">Deine glatte Haut ist nur noch einen Moment entfernt! Bei MariLuxe Beauty kannst du\u00a0dich \u00fcber eine neue Premium-Behandlung freuen:<br data-start=\"315\" data-end=\"318\" \/><strong data-start=\"320\" data-end=\"355\">Dauerhafte Laser-Haarentfernung!<\/strong><\/p><p data-start=\"361\" data-end=\"609\">Sag Rasierer, Wachs und Stoppeln Lebewohl!<br data-start=\"403\" data-end=\"406\" \/>Mit <strong>modernster Laser-Technologie<\/strong> biete ich dir schon bald eine sichere, hautschonende und effektive Methode, um unerw\u00fcnschte Haare langfristig zu entfernen \u2013 f\u00fcr seidenglatte Haut das ganze Jahr \u00fcber.<\/p><p data-start=\"679\" data-end=\"704\"><strong data-start=\"682\" data-end=\"704\">Vorteile f\u00fcr dich:<\/strong><\/p><ul><li data-start=\"705\" data-end=\"750\"><p data-start=\"707\" data-end=\"750\"><strong>Langfristig glatte Haut: <\/strong>Genie\u00df wochen- und monatelang seidig glatte Haut, ganz ohne st\u00e4ndiges Rasieren oder Wachsen.<\/p><\/li><li data-start=\"705\" data-end=\"750\"><p data-start=\"707\" data-end=\"750\"><strong data-start=\"456\" data-end=\"480\">Hautschonend &amp; sanft:<\/strong> Die moderne Technologie entfernt Haare effektiv, ohne die Haut zu reizen.<\/p><\/li><li data-start=\"705\" data-end=\"750\"><p data-start=\"707\" data-end=\"750\"><strong data-start=\"565\" data-end=\"586\">Schnell &amp; pr\u00e4zise: <\/strong>Dank fortschrittlicher Ger\u00e4te werden selbst gr\u00f6\u00dfere K\u00f6rperbereiche in kurzer Zeit behandelt.<\/p><\/li><li data-start=\"705\" data-end=\"750\"><p data-start=\"707\" data-end=\"750\"><strong data-start=\"688\" data-end=\"714\">Individuell abgestimmt: <\/strong>Jede Behandlung wird auf deinen Haut- und Haartyp abgestimmt, f\u00fcr maximale Wirksamkeit und Sicherheit.<\/p><\/li><li data-start=\"705\" data-end=\"750\"><p data-start=\"707\" data-end=\"750\"><strong data-start=\"826\" data-end=\"866\">Nie wieder Stoppeln oder Rasurpickel: <\/strong>Kein l\u00e4stiger Schatten, keine Hautirritationen \u2013 nur samtweiche Haut.<\/p><\/li><li><strong data-start=\"945\" data-end=\"971\">Nachhaltige Ergebnisse: <\/strong>Mit jeder Sitzung wachsen die Haare feiner, langsamer \u2013 oder gar nicht mehr nach.<\/li><\/ul><p data-start=\"874\" data-end=\"976\">Wir bereiten derzeit alles f\u00fcr den Start vor, um dir das beste Ergebnis und den h\u00f6chsten Komfort zu bieten.<\/p>\t\t\t\t\t\t\t\t<\/div>\n\t\t\t\t<\/div>\n\t\t\t\t<div class=\"elementor-element elementor-element-f699e39 elementor-widget elementor-widget-spacer\" data-id=\"f699e39\" data-element_type=\"widget\" data-e-type=\"widget\" data-widget_type=\"spacer.default\">\n\t\t\t\t<div class=\"elementor-widget-container\">\n\t\t\t\t\t\t\t<div class=\"elementor-spacer\">\n\t\t\t<div class=\"elementor-spacer-inner\"><\/div>\n\t\t<\/div>\n\t\t\t\t\t\t<\/div>\n\t\t\t\t<\/div>\n\t\t\t\t<div class=\"elementor-element elementor-element-aac61c6 elementor-widget elementor-widget-image\" data-id=\"aac61c6\" data-element_type=\"widget\" data-e-type=\"widget\" data-widget_type=\"image.default\">\n\t\t\t\t<div class=\"elementor-widget-container\">\n\t\t\t\t\t\t\t\t\t\t\t\t\t\t\t<img decoding=\"async\" src=\"https:\/\/mariluxe-beauty.ch\/wp-content\/uploads\/2025\/10\/Screenshot-2025-10-26-alle-14.08.51-scaled-e1761484214868.png\" title=\"\" alt=\"\" loading=\"lazy\" \/>\t\t\t\t\t\t\t\t\t\t\t\t\t\t\t<\/div>\n\t\t\t\t<\/div>\n\t\t\t\t<div class=\"elementor-element elementor-element-fbbd314 elementor-widget elementor-widget-spacer\" data-id=\"fbbd314\" data-element_type=\"widget\" data-e-type=\"widget\" data-widget_type=\"spacer.default\">\n\t\t\t\t<div class=\"elementor-widget-container\">\n\t\t\t\t\t\t\t<div class=\"elementor-spacer\">\n\t\t\t<div class=\"elementor-spacer-inner\"><\/div>\n\t\t<\/div>\n\t\t\t\t\t\t<\/div>\n\t\t\t\t<\/div>\n\t\t\t\t\t<\/div>\n\t\t\t\t<\/div>\n\t\t<div class=\"elementor-element elementor-element-7fe221ee e-flex e-con-boxed e-con e-parent\" data-id=\"7fe221ee\" data-element_type=\"container\" data-e-type=\"container\" data-settings=\"{&quot;background_background&quot;:&quot;classic&quot;}\">\n\t\t\t\t\t<div class=\"e-con-inner\">\n\t\t\t\t<div class=\"elementor-element elementor-element-69bab16 elementor-widget elementor-widget-spacer\" data-id=\"69bab16\" data-element_type=\"widget\" data-e-type=\"widget\" data-widget_type=\"spacer.default\">\n\t\t\t\t<div class=\"elementor-widget-container\">\n\t\t\t\t\t\t\t<div class=\"elementor-spacer\">\n\t\t\t<div class=\"elementor-spacer-inner\"><\/div>\n\t\t<\/div>\n\t\t\t\t\t\t<\/div>\n\t\t\t\t<\/div>\n\t\t\t\t<div class=\"elementor-element elementor-element-d92f869 elementor-widget elementor-widget-heading\" data-id=\"d92f869\" data-element_type=\"widget\" data-e-type=\"widget\" data-widget_type=\"heading.default\">\n\t\t\t\t<div class=\"elementor-widget-container\">\n\t\t\t\t\t<h2 class=\"elementor-heading-title elementor-size-default\">Bleibe gespannt!<\/h2>\t\t\t\t<\/div>\n\t\t\t\t<\/div>\n\t\t\t\t<div class=\"elementor-element elementor-element-69c5f7a1 elementor-widget elementor-widget-text-editor\" data-id=\"69c5f7a1\" data-element_type=\"widget\" data-e-type=\"widget\" data-widget_type=\"text-editor.default\">\n\t\t\t\t<div class=\"elementor-widget-container\">\n\t\t\t\t\t\t\t\t\t<p>Der genaue Starttermin f\u00fcr die neuen Behandlungen werden bald bekannt gegeben \u2013 und ich kann es kaum erwarten, dir mit diesen erweiterten Angeboten zu verw\u00f6hnen! Folge mir auf Social Media, um alle Updates zu erhalten und Einblicke in die neuen Anwendungen zu gewinnen. Dort werde ich auch exklusive Aktionen und Specials rund um die neuen Behandlungen ank\u00fcndigen, die du nicht verpassen sollten.<\/p><p>Bei MariLuxe Beauty ist Sch\u00f6nheit immer in Entwicklung. Ich freue mich darauf, dir bald neue, exklusive Behandlungen anbieten zu k\u00f6nnen, die deine nat\u00fcrliche Ausstrahlung noch mehr zum Leuchten bringen.\u00a0<\/p>\t\t\t\t\t\t\t\t<\/div>\n\t\t\t\t<\/div>\n\t\t\t\t<div class=\"elementor-element elementor-element-7044dc3 elementor-widget elementor-widget-spacer\" data-id=\"7044dc3\" data-element_type=\"widget\" data-e-type=\"widget\" data-widget_type=\"spacer.default\">\n\t\t\t\t<div class=\"elementor-widget-container\">\n\t\t\t\t\t\t\t<div class=\"elementor-spacer\">\n\t\t\t<div class=\"elementor-spacer-inner\"><\/div>\n\t\t<\/div>\n\t\t\t\t\t\t<\/div>\n\t\t\t\t<\/div>\n\t\t\t\t<div class=\"elementor-element elementor-element-bc0ff07 elementor-align-center elementor-widget elementor-widget-button\" data-id=\"bc0ff07\" data-element_type=\"widget\" data-e-type=\"widget\" data-widget_type=\"button.default\">\n\t\t\t\t<div class=\"elementor-widget-container\">\n\t\t\t\t\t\t\t\t\t<div class=\"elementor-button-wrapper\">\n\t\t\t\t\t<a class=\"elementor-button elementor-button-link elementor-size-sm\" href=\"http:\/\/sumupbookings.com\/mariluxe-beauty\" target=\"_blank\" rel=\"noopener\">\n\t\t\t\t\t\t<span class=\"elementor-button-content-wrapper\">\n\t\t\t\t\t\t\t\t\t<span class=\"elementor-button-text\">Jetzt Termin buchen<\/span>\n\t\t\t\t\t<\/span>\n\t\t\t\t\t<\/a>\n\t\t\t\t<\/div>\n\t\t\t\t\t\t\t\t<\/div>\n\t\t\t\t<\/div>\n\t\t\t\t\t<\/div>\n\t\t\t\t<\/div>\n\t\t<div class=\"elementor-element elementor-element-56453d9b e-flex e-con-boxed e-con e-parent\" data-id=\"56453d9b\" data-element_type=\"container\" data-e-type=\"container\">\n\t\t\t\t\t<div class=\"e-con-inner\">\n\t\t\t\t<div class=\"elementor-element elementor-element-28a07f3d elementor-widget elementor-widget-spacer\" data-id=\"28a07f3d\" data-element_type=\"widget\" data-e-type=\"widget\" data-widget_type=\"spacer.default\">\n\t\t\t\t<div class=\"elementor-widget-container\">\n\t\t\t\t\t\t\t<div class=\"elementor-spacer\">\n\t\t\t<div class=\"elementor-spacer-inner\"><\/div>\n\t\t<\/div>\n\t\t\t\t\t\t<\/div>\n\t\t\t\t<\/div>\n\t\t\t\t\t<\/div>\n\t\t\t\t<\/div>\n\t\t\t\t<\/div>\n\t\t","protected":false},"excerpt":{"rendered":"<p>Coming soon! Ich freue mich, dir bald spannende Neuigkeiten bei MariLuxe Beauty vorstellen zu d\u00fcrfen! Aktuell arbeite ich intensiv daran, mein Angebot zu erweitern, um dir noch mehr moderne und innovative Sch\u00f6nheitsanwendungen zu bieten. Bald kannst du dich auf neue Behandlungen freuen, die speziell darauf ausgerichtet sind, deine nat\u00fcrliche Sch\u00f6nheit zu unterstreichen und dir ein [&hellip;]<\/p>\n","protected":false},"author":1,"featured_media":0,"parent":0,"menu_order":0,"comment_status":"closed","ping_status":"closed","template":"","meta":{"footnotes":""},"class_list":["post-305","page","type-page","status-publish","hentry"],"_links":{"self":[{"href":"https:\/\/mariluxe-beauty.ch\/de\/wp-json\/wp\/v2\/pages\/305","targetHints":{"allow":["GET"]}}],"collection":[{"href":"https:\/\/mariluxe-beauty.ch\/de\/wp-json\/wp\/v2\/pages"}],"about":[{"href":"https:\/\/mariluxe-beauty.ch\/de\/wp-json\/wp\/v2\/types\/page"}],"author":[{"embeddable":true,"href":"https:\/\/mariluxe-beauty.ch\/de\/wp-json\/wp\/v2\/users\/1"}],"replies":[{"embeddable":true,"href":"https:\/\/mariluxe-beauty.ch\/de\/wp-json\/wp\/v2\/comments?post=305"}],"version-history":[{"count":10,"href":"https:\/\/mariluxe-beauty.ch\/de\/wp-json\/wp\/v2\/pages\/305\/revisions"}],"predecessor-version":[{"id":1857,"href":"https:\/\/mariluxe-beauty.ch\/de\/wp-json\/wp\/v2\/pages\/305\/revisions\/1857"}],"wp:attachment":[{"href":"https:\/\/mariluxe-beauty.ch\/de\/wp-json\/wp\/v2\/media?parent=305"}],"curies":[{"name":"wp","href":"https:\/\/api.w.org\/{rel}","templated":true}]}}