{"id":280,"date":"2024-09-24T13:42:02","date_gmt":"2024-09-24T11:42:02","guid":{"rendered":"https:\/\/mariluxe-beauty.ch\/?page_id=280"},"modified":"2025-11-10T11:29:50","modified_gmt":"2025-11-10T10:29:50","slug":"nails","status":"publish","type":"page","link":"https:\/\/mariluxe-beauty.ch\/de\/nails\/","title":{"rendered":"Nails"},"content":{"rendered":"\t\t<div data-elementor-type=\"wp-page\" data-elementor-id=\"280\" class=\"elementor elementor-280\" data-elementor-post-type=\"page\">\n\t\t\t\t<div class=\"elementor-element elementor-element-34a441cc e-flex e-con-boxed e-con e-parent\" data-id=\"34a441cc\" data-element_type=\"container\" data-e-type=\"container\">\n\t\t\t\t\t<div class=\"e-con-inner\">\n\t\t\t\t<div class=\"elementor-element elementor-element-7aecdad elementor-widget elementor-widget-spacer\" data-id=\"7aecdad\" data-element_type=\"widget\" data-e-type=\"widget\" data-widget_type=\"spacer.default\">\n\t\t\t\t<div class=\"elementor-widget-container\">\n\t\t\t\t\t\t\t<div class=\"elementor-spacer\">\n\t\t\t<div class=\"elementor-spacer-inner\"><\/div>\n\t\t<\/div>\n\t\t\t\t\t\t<\/div>\n\t\t\t\t<\/div>\n\t\t\t\t<div class=\"elementor-element elementor-element-37fa7257 elementor-widget elementor-widget-heading\" data-id=\"37fa7257\" data-element_type=\"widget\" data-e-type=\"widget\" data-widget_type=\"heading.default\">\n\t\t\t\t<div class=\"elementor-widget-container\">\n\t\t\t\t\t<h1 class=\"elementor-heading-title elementor-size-default\">Nails<\/h1>\t\t\t\t<\/div>\n\t\t\t\t<\/div>\n\t\t\t\t<div class=\"elementor-element elementor-element-2791d8e elementor-widget elementor-widget-spacer\" data-id=\"2791d8e\" data-element_type=\"widget\" data-e-type=\"widget\" data-widget_type=\"spacer.default\">\n\t\t\t\t<div class=\"elementor-widget-container\">\n\t\t\t\t\t\t\t<div class=\"elementor-spacer\">\n\t\t\t<div class=\"elementor-spacer-inner\"><\/div>\n\t\t<\/div>\n\t\t\t\t\t\t<\/div>\n\t\t\t\t<\/div>\n\t\t\t\t<div class=\"elementor-element elementor-element-f3b0845 elementor-widget elementor-widget-heading\" data-id=\"f3b0845\" data-element_type=\"widget\" data-e-type=\"widget\" data-widget_type=\"heading.default\">\n\t\t\t\t<div class=\"elementor-widget-container\">\n\t\t\t\t\t<h2 class=\"elementor-heading-title elementor-size-default\">Shellac, Gel und Acrigel<\/h2>\t\t\t\t<\/div>\n\t\t\t\t<\/div>\n\t\t\t\t<div class=\"elementor-element elementor-element-a732b2e elementor-widget elementor-widget-spacer\" data-id=\"a732b2e\" data-element_type=\"widget\" data-e-type=\"widget\" data-widget_type=\"spacer.default\">\n\t\t\t\t<div class=\"elementor-widget-container\">\n\t\t\t\t\t\t\t<div class=\"elementor-spacer\">\n\t\t\t<div class=\"elementor-spacer-inner\"><\/div>\n\t\t<\/div>\n\t\t\t\t\t\t<\/div>\n\t\t\t\t<\/div>\n\t\t\t\t<div class=\"elementor-element elementor-element-d0c36e8 elementor-widget elementor-widget-text-editor\" data-id=\"d0c36e8\" data-element_type=\"widget\" data-e-type=\"widget\" data-widget_type=\"text-editor.default\">\n\t\t\t\t<div class=\"elementor-widget-container\">\n\t\t\t\t\t\t\t\t\t<p>Wenn es um die Pflege und Gestaltung Ihrer N\u00e4gel geht, gibt es zahlreiche M\u00f6glichkeiten, um einen eleganten Look zu erzielen. Drei der gefragtesten Behandlungen sind Shellac, Gel-N\u00e4gel und AcriGel. Jede dieser Methoden hat ihre eigenen Vorteile und bietet die M\u00f6glichkeit, deine N\u00e4gel individuell zu gestalten. In diesem Beitrag erf\u00e4hrst du mehr \u00fcber die verschiedenen Techniken und ihre spezifischen Vorz\u00fcge.<\/p>\t\t\t\t\t\t\t\t<\/div>\n\t\t\t\t<\/div>\n\t\t\t\t\t<\/div>\n\t\t\t\t<\/div>\n\t\t<div class=\"elementor-element elementor-element-292495af e-flex e-con-boxed e-con e-parent\" data-id=\"292495af\" data-element_type=\"container\" data-e-type=\"container\">\n\t\t\t\t\t<div class=\"e-con-inner\">\n\t\t\t\t<div class=\"elementor-element elementor-element-6f8be6ec elementor-align-center elementor-widget elementor-widget-button\" data-id=\"6f8be6ec\" data-element_type=\"widget\" data-e-type=\"widget\" data-widget_type=\"button.default\">\n\t\t\t\t<div class=\"elementor-widget-container\">\n\t\t\t\t\t\t\t\t\t<div class=\"elementor-button-wrapper\">\n\t\t\t\t\t<a class=\"elementor-button elementor-button-link elementor-size-sm\" href=\"http:\/\/sumupbookings.com\/mariluxe-beauty\" target=\"_blank\" rel=\"noopener\">\n\t\t\t\t\t\t<span class=\"elementor-button-content-wrapper\">\n\t\t\t\t\t\t\t\t\t<span class=\"elementor-button-text\">Jetzt Termin buchen<\/span>\n\t\t\t\t\t<\/span>\n\t\t\t\t\t<\/a>\n\t\t\t\t<\/div>\n\t\t\t\t\t\t\t\t<\/div>\n\t\t\t\t<\/div>\n\t\t\t\t<div class=\"elementor-element elementor-element-662c2176 elementor-widget elementor-widget-spacer\" data-id=\"662c2176\" data-element_type=\"widget\" data-e-type=\"widget\" data-widget_type=\"spacer.default\">\n\t\t\t\t<div class=\"elementor-widget-container\">\n\t\t\t\t\t\t\t<div class=\"elementor-spacer\">\n\t\t\t<div class=\"elementor-spacer-inner\"><\/div>\n\t\t<\/div>\n\t\t\t\t\t\t<\/div>\n\t\t\t\t<\/div>\n\t\t\t\t\t<\/div>\n\t\t\t\t<\/div>\n\t\t<div class=\"elementor-element elementor-element-10ebad44 e-flex e-con-boxed e-con e-parent\" data-id=\"10ebad44\" data-element_type=\"container\" data-e-type=\"container\">\n\t\t\t\t\t<div class=\"e-con-inner\">\n\t\t\t\t<div class=\"elementor-element elementor-element-9fb66a8 elementor-widget elementor-widget-spacer\" data-id=\"9fb66a8\" data-element_type=\"widget\" data-e-type=\"widget\" data-widget_type=\"spacer.default\">\n\t\t\t\t<div class=\"elementor-widget-container\">\n\t\t\t\t\t\t\t<div class=\"elementor-spacer\">\n\t\t\t<div class=\"elementor-spacer-inner\"><\/div>\n\t\t<\/div>\n\t\t\t\t\t\t<\/div>\n\t\t\t\t<\/div>\n\t\t\t\t<div class=\"elementor-element elementor-element-311a0e43 elementor-widget elementor-widget-heading\" data-id=\"311a0e43\" data-element_type=\"widget\" data-e-type=\"widget\" data-widget_type=\"heading.default\">\n\t\t\t\t<div class=\"elementor-widget-container\">\n\t\t\t\t\t<h2 class=\"elementor-heading-title elementor-size-default\">Shellac: Glanz und Haltbarkeit<\/h2>\t\t\t\t<\/div>\n\t\t\t\t<\/div>\n\t\t\t\t<div class=\"elementor-element elementor-element-470008af elementor-widget elementor-widget-text-editor\" data-id=\"470008af\" data-element_type=\"widget\" data-e-type=\"widget\" data-widget_type=\"text-editor.default\">\n\t\t\t\t<div class=\"elementor-widget-container\">\n\t\t\t\t\t\t\t\t\t<p>Shellac ist eine revolution\u00e4re Nagellack-Technologie, die die besten Eigenschaften von traditionellem Nagellack und Gel vereint. Hier sind drei der Hauptvorteile von Shellac:<\/p><ul><li><span style=\"text-decoration: underline;\">Langanhaltende Sch\u00f6nheit:<\/span> Shellac bietet eine au\u00dfergew\u00f6hnliche Haltbarkeit von bis zu zwei Wochen, ohne dass es zu Absplitterungen oder Verf\u00e4rbungen kommt. Dank seiner kratzfesten Oberfl\u00e4che bleibt Ihr Look makellos, egal wie aktiv du bist.<\/li><\/ul><div>\u00a0<\/div><ul><li><span style=\"text-decoration: underline;\">Schnelle Aush\u00e4rtung:<\/span> Die Anwendung von Shellac erfolgt unter UV-Licht, wodurch der Nagellack innerhalb k\u00fcrzester Zeit aush\u00e4rtet. Dies bedeutet, dass du nicht lange warten m\u00fcssen, bis deine N\u00e4gel wieder einsatzbereit sind \u2013 ideal f\u00fcr Frauen mit einem vollen Terminkalender.<\/li><\/ul><div>\u00a0<\/div><ul><li><span style=\"text-decoration: underline;\">Einfache Entfernung:<\/span> Im Vergleich zu herk\u00f6mmlichen Geln\u00e4geln l\u00e4sst sich Shellac einfach und schonend entfernen. Mit einem speziellen Entferner kann der Lack in wenigen Minuten abgetragen werden, ohne die nat\u00fcrlichen N\u00e4gel zu sch\u00e4digen.<\/li><\/ul>\t\t\t\t\t\t\t\t<\/div>\n\t\t\t\t<\/div>\n\t\t\t\t<div class=\"elementor-element elementor-element-10f67c7 elementor-widget elementor-widget-spacer\" data-id=\"10f67c7\" data-element_type=\"widget\" data-e-type=\"widget\" data-widget_type=\"spacer.default\">\n\t\t\t\t<div class=\"elementor-widget-container\">\n\t\t\t\t\t\t\t<div class=\"elementor-spacer\">\n\t\t\t<div class=\"elementor-spacer-inner\"><\/div>\n\t\t<\/div>\n\t\t\t\t\t\t<\/div>\n\t\t\t\t<\/div>\n\t\t\t\t<div class=\"elementor-element elementor-element-6470d0cf elementor-widget elementor-widget-image\" data-id=\"6470d0cf\" data-element_type=\"widget\" data-e-type=\"widget\" data-widget_type=\"image.default\">\n\t\t\t\t<div class=\"elementor-widget-container\">\n\t\t\t\t\t\t\t\t\t\t\t\t\t\t\t<img fetchpriority=\"high\" decoding=\"async\" width=\"768\" height=\"768\" src=\"https:\/\/mariluxe-beauty.ch\/wp-content\/uploads\/2025\/01\/72574ee7-79b5-4e4c-9166-639e1e671175-768x768.jpg\" class=\"attachment-medium_large size-medium_large wp-image-1016\" alt=\"\" srcset=\"https:\/\/mariluxe-beauty.ch\/wp-content\/uploads\/2025\/01\/72574ee7-79b5-4e4c-9166-639e1e671175-768x768.jpg 768w, https:\/\/mariluxe-beauty.ch\/wp-content\/uploads\/2025\/01\/72574ee7-79b5-4e4c-9166-639e1e671175-300x300.jpg 300w, https:\/\/mariluxe-beauty.ch\/wp-content\/uploads\/2025\/01\/72574ee7-79b5-4e4c-9166-639e1e671175-1024x1024.jpg 1024w, https:\/\/mariluxe-beauty.ch\/wp-content\/uploads\/2025\/01\/72574ee7-79b5-4e4c-9166-639e1e671175-150x150.jpg 150w, https:\/\/mariluxe-beauty.ch\/wp-content\/uploads\/2025\/01\/72574ee7-79b5-4e4c-9166-639e1e671175-12x12.jpg 12w, https:\/\/mariluxe-beauty.ch\/wp-content\/uploads\/2025\/01\/72574ee7-79b5-4e4c-9166-639e1e671175.jpg 1079w\" sizes=\"(max-width: 768px) 100vw, 768px\" \/>\t\t\t\t\t\t\t\t\t\t\t\t\t\t\t<\/div>\n\t\t\t\t<\/div>\n\t\t\t\t<div class=\"elementor-element elementor-element-a182bef elementor-widget elementor-widget-spacer\" data-id=\"a182bef\" data-element_type=\"widget\" data-e-type=\"widget\" data-widget_type=\"spacer.default\">\n\t\t\t\t<div class=\"elementor-widget-container\">\n\t\t\t\t\t\t\t<div class=\"elementor-spacer\">\n\t\t\t<div class=\"elementor-spacer-inner\"><\/div>\n\t\t<\/div>\n\t\t\t\t\t\t<\/div>\n\t\t\t\t<\/div>\n\t\t\t\t\t<\/div>\n\t\t\t\t<\/div>\n\t\t<div class=\"elementor-element elementor-element-56aff189 e-flex e-con-boxed e-con e-parent\" data-id=\"56aff189\" data-element_type=\"container\" data-e-type=\"container\">\n\t\t\t\t\t<div class=\"e-con-inner\">\n\t\t\t\t<div class=\"elementor-element elementor-element-d0d89f3 elementor-widget elementor-widget-spacer\" data-id=\"d0d89f3\" data-element_type=\"widget\" data-e-type=\"widget\" data-widget_type=\"spacer.default\">\n\t\t\t\t<div class=\"elementor-widget-container\">\n\t\t\t\t\t\t\t<div class=\"elementor-spacer\">\n\t\t\t<div class=\"elementor-spacer-inner\"><\/div>\n\t\t<\/div>\n\t\t\t\t\t\t<\/div>\n\t\t\t\t<\/div>\n\t\t\t\t<div class=\"elementor-element elementor-element-5c83cf37 elementor-widget elementor-widget-heading\" data-id=\"5c83cf37\" data-element_type=\"widget\" data-e-type=\"widget\" data-widget_type=\"heading.default\">\n\t\t\t\t<div class=\"elementor-widget-container\">\n\t\t\t\t\t<h2 class=\"elementor-heading-title elementor-size-default\">Gel-N\u00e4gel: Stabilit\u00e4t und Flexibilit\u00e4t<\/h2>\t\t\t\t<\/div>\n\t\t\t\t<\/div>\n\t\t\t\t<div class=\"elementor-element elementor-element-c7659d4 elementor-widget elementor-widget-text-editor\" data-id=\"c7659d4\" data-element_type=\"widget\" data-e-type=\"widget\" data-widget_type=\"text-editor.default\">\n\t\t\t\t<div class=\"elementor-widget-container\">\n\t\t\t\t\t\t\t\t\t<p>Die Gel-N\u00e4gel mit Folienverl\u00e4ngerung sind eine hervorragende Option f\u00fcr diejenigen, die l\u00e4ngere N\u00e4gel w\u00fcnschen, ohne auf die Gesundheit ihrer N\u00e4gel zu verzichten. Hier sind drei Vorteile dieser Technik:<\/p><ul><li><span style=\"text-decoration: underline;\">Nat\u00fcrliche \u00c4sthetik:<\/span> Gel-N\u00e4gel bieten ein nat\u00fcrliches Aussehen und f\u00fchlen sich angenehm an. Die transparenten Gele passen sich perfekt an die nat\u00fcrliche Nagelform an, sodass sie sehr realistisch wirken.<\/li><\/ul><div>\u00a0<\/div><ul><li><span style=\"text-decoration: underline;\">Langlebigkeit:<\/span> Die Folienverl\u00e4ngerung sorgt f\u00fcr eine starke und stabile Basis, die die Haltbarkeit der N\u00e4gel erh\u00f6ht. Gel-N\u00e4gel sind widerstandsf\u00e4hig gegen Br\u00fcche und Risse, sodass du l\u00e4nger Freude an deinem Look hast.<\/li><\/ul><div>\u00a0<\/div><ul><li><span style=\"text-decoration: underline;\">Vielseitige Gestaltungsm\u00f6glichkeiten:<\/span> Gel-N\u00e4gel bieten eine hervorragende Grundlage f\u00fcr verschiedene Designs. Du kannst aus einer Vielzahl von Farben und Effekten w\u00e4hlen, von klassischen French Nails bis hin zu kreativen Nail Art Designs. Gel-N\u00e4gel sind perfekt f\u00fcr alle, die Individualit\u00e4t und Stil sch\u00e4tzen.<\/li><\/ul>\t\t\t\t\t\t\t\t<\/div>\n\t\t\t\t<\/div>\n\t\t\t\t<div class=\"elementor-element elementor-element-7615cd0 elementor-widget elementor-widget-spacer\" data-id=\"7615cd0\" data-element_type=\"widget\" data-e-type=\"widget\" data-widget_type=\"spacer.default\">\n\t\t\t\t<div class=\"elementor-widget-container\">\n\t\t\t\t\t\t\t<div class=\"elementor-spacer\">\n\t\t\t<div class=\"elementor-spacer-inner\"><\/div>\n\t\t<\/div>\n\t\t\t\t\t\t<\/div>\n\t\t\t\t<\/div>\n\t\t\t\t<div class=\"elementor-element elementor-element-6df5b13 elementor-widget elementor-widget-image\" data-id=\"6df5b13\" data-element_type=\"widget\" data-e-type=\"widget\" data-widget_type=\"image.default\">\n\t\t\t\t<div class=\"elementor-widget-container\">\n\t\t\t\t\t\t\t\t\t\t\t\t\t\t\t<img decoding=\"async\" width=\"768\" height=\"1024\" src=\"https:\/\/mariluxe-beauty.ch\/wp-content\/uploads\/2025\/11\/IMG_0098-768x1024.jpeg\" class=\"attachment-medium_large size-medium_large wp-image-1849\" alt=\"\" srcset=\"https:\/\/mariluxe-beauty.ch\/wp-content\/uploads\/2025\/11\/IMG_0098-768x1024.jpeg 768w, https:\/\/mariluxe-beauty.ch\/wp-content\/uploads\/2025\/11\/IMG_0098-225x300.jpeg 225w, https:\/\/mariluxe-beauty.ch\/wp-content\/uploads\/2025\/11\/IMG_0098-1152x1536.jpeg 1152w, https:\/\/mariluxe-beauty.ch\/wp-content\/uploads\/2025\/11\/IMG_0098-1536x2048.jpeg 1536w, https:\/\/mariluxe-beauty.ch\/wp-content\/uploads\/2025\/11\/IMG_0098-9x12.jpeg 9w, https:\/\/mariluxe-beauty.ch\/wp-content\/uploads\/2025\/11\/IMG_0098-scaled.jpeg 1920w\" sizes=\"(max-width: 768px) 100vw, 768px\" \/>\t\t\t\t\t\t\t\t\t\t\t\t\t\t\t<\/div>\n\t\t\t\t<\/div>\n\t\t\t\t\t<\/div>\n\t\t\t\t<\/div>\n\t\t<div class=\"elementor-element elementor-element-deaeac7 e-flex e-con-boxed e-con e-parent\" data-id=\"deaeac7\" data-element_type=\"container\" data-e-type=\"container\">\n\t\t\t\t\t<div class=\"e-con-inner\">\n\t\t\t\t<div class=\"elementor-element elementor-element-ab2c8b5 elementor-align-center elementor-widget elementor-widget-button\" data-id=\"ab2c8b5\" data-element_type=\"widget\" data-e-type=\"widget\" data-widget_type=\"button.default\">\n\t\t\t\t<div class=\"elementor-widget-container\">\n\t\t\t\t\t\t\t\t\t<div class=\"elementor-button-wrapper\">\n\t\t\t\t\t<a class=\"elementor-button elementor-button-link elementor-size-sm\" href=\"http:\/\/sumupbookings.com\/mariluxe-beauty\" target=\"_blank\" rel=\"noopener\">\n\t\t\t\t\t\t<span class=\"elementor-button-content-wrapper\">\n\t\t\t\t\t\t\t\t\t<span class=\"elementor-button-text\">Jetzt Termin buchen<\/span>\n\t\t\t\t\t<\/span>\n\t\t\t\t\t<\/a>\n\t\t\t\t<\/div>\n\t\t\t\t\t\t\t\t<\/div>\n\t\t\t\t<\/div>\n\t\t\t\t<div class=\"elementor-element elementor-element-82070de elementor-widget elementor-widget-spacer\" data-id=\"82070de\" data-element_type=\"widget\" data-e-type=\"widget\" data-widget_type=\"spacer.default\">\n\t\t\t\t<div class=\"elementor-widget-container\">\n\t\t\t\t\t\t\t<div class=\"elementor-spacer\">\n\t\t\t<div class=\"elementor-spacer-inner\"><\/div>\n\t\t<\/div>\n\t\t\t\t\t\t<\/div>\n\t\t\t\t<\/div>\n\t\t\t\t\t<\/div>\n\t\t\t\t<\/div>\n\t\t<div class=\"elementor-element elementor-element-4c4e6628 e-flex e-con-boxed e-con e-parent\" data-id=\"4c4e6628\" data-element_type=\"container\" data-e-type=\"container\">\n\t\t\t\t\t<div class=\"e-con-inner\">\n\t\t\t\t<div class=\"elementor-element elementor-element-25536f1d elementor-widget elementor-widget-spacer\" data-id=\"25536f1d\" data-element_type=\"widget\" data-e-type=\"widget\" data-widget_type=\"spacer.default\">\n\t\t\t\t<div class=\"elementor-widget-container\">\n\t\t\t\t\t\t\t<div class=\"elementor-spacer\">\n\t\t\t<div class=\"elementor-spacer-inner\"><\/div>\n\t\t<\/div>\n\t\t\t\t\t\t<\/div>\n\t\t\t\t<\/div>\n\t\t\t\t\t<\/div>\n\t\t\t\t<\/div>\n\t\t<div class=\"elementor-element elementor-element-13bca265 e-flex e-con-boxed e-con e-parent\" data-id=\"13bca265\" data-element_type=\"container\" data-e-type=\"container\">\n\t\t\t\t\t<div class=\"e-con-inner\">\n\t\t\t\t<div class=\"elementor-element elementor-element-068ee9a elementor-widget elementor-widget-spacer\" data-id=\"068ee9a\" data-element_type=\"widget\" data-e-type=\"widget\" data-widget_type=\"spacer.default\">\n\t\t\t\t<div class=\"elementor-widget-container\">\n\t\t\t\t\t\t\t<div class=\"elementor-spacer\">\n\t\t\t<div class=\"elementor-spacer-inner\"><\/div>\n\t\t<\/div>\n\t\t\t\t\t\t<\/div>\n\t\t\t\t<\/div>\n\t\t\t\t<div class=\"elementor-element elementor-element-672e8715 elementor-widget elementor-widget-heading\" data-id=\"672e8715\" data-element_type=\"widget\" data-e-type=\"widget\" data-widget_type=\"heading.default\">\n\t\t\t\t<div class=\"elementor-widget-container\">\n\t\t\t\t\t<h2 class=\"elementor-heading-title elementor-size-default\">AcriGel: Die perfekte Kombination<\/h2>\t\t\t\t<\/div>\n\t\t\t\t<\/div>\n\t\t\t\t<div class=\"elementor-element elementor-element-e681195 elementor-widget elementor-widget-text-editor\" data-id=\"e681195\" data-element_type=\"widget\" data-e-type=\"widget\" data-widget_type=\"text-editor.default\">\n\t\t\t\t<div class=\"elementor-widget-container\">\n\t\t\t\t\t\t\t\t\t<p>AcriGel vereint die besten Eigenschaften von Gel und Acryl und bietet eine innovative L\u00f6sung f\u00fcr N\u00e4gel, die sowohl leicht als auch robust sind. Hier sind drei Vorteile von AcriGel:<\/p><ul><li><span style=\"text-decoration: underline;\">Leichtigkeit und Flexibilit\u00e4t:<\/span> AcriGel ist d\u00fcnn und leicht, was bedeutet, dass deine N\u00e4gel sich nat\u00fcrlich anf\u00fchlen. Diese Methode erm\u00f6glicht es, die N\u00e4gel mit minimalem Gewicht und maximaler Stabilit\u00e4t zu gestalten.<\/li><\/ul><div>\u00a0<\/div><ul><li><span style=\"text-decoration: underline;\">Vielseitige Anwendung:<\/span> AcriGel kann sowohl f\u00fcr die Verl\u00e4ngerung der N\u00e4gel als auch f\u00fcr die St\u00e4rkung der nat\u00fcrlichen N\u00e4gel verwendet werden. Diese Flexibilit\u00e4t macht es zu einer idealen Wahl f\u00fcr alle, die ihre N\u00e4gel individuell gestalten m\u00f6chten.<\/li><\/ul><div>\u00a0<\/div><ul><li><span style=\"text-decoration: underline;\">Minimaler Geruch und weniger D\u00e4mpfe:<\/span> Ein weiterer Vorteil von AcriGel ist, dass es im Vergleich zu traditionellen Acrylmethoden weniger unangenehme Ger\u00fcche und D\u00e4mpfe verursacht. Dies sorgt f\u00fcr ein angenehmeres Erlebnis w\u00e4hrend der Behandlung.<\/li><\/ul>\t\t\t\t\t\t\t\t<\/div>\n\t\t\t\t<\/div>\n\t\t\t\t<div class=\"elementor-element elementor-element-37ea4f2 elementor-widget elementor-widget-spacer\" data-id=\"37ea4f2\" data-element_type=\"widget\" data-e-type=\"widget\" data-widget_type=\"spacer.default\">\n\t\t\t\t<div class=\"elementor-widget-container\">\n\t\t\t\t\t\t\t<div class=\"elementor-spacer\">\n\t\t\t<div class=\"elementor-spacer-inner\"><\/div>\n\t\t<\/div>\n\t\t\t\t\t\t<\/div>\n\t\t\t\t<\/div>\n\t\t\t\t<div class=\"elementor-element elementor-element-6a6e7adc elementor-widget elementor-widget-image\" data-id=\"6a6e7adc\" data-element_type=\"widget\" data-e-type=\"widget\" data-widget_type=\"image.default\">\n\t\t\t\t<div class=\"elementor-widget-container\">\n\t\t\t\t\t\t\t\t\t\t\t\t\t\t\t<img decoding=\"async\" width=\"768\" height=\"768\" src=\"https:\/\/mariluxe-beauty.ch\/wp-content\/uploads\/2025\/06\/Acrigel-Nails.png-768x768.png\" class=\"attachment-medium_large size-medium_large wp-image-1782\" alt=\"\" srcset=\"https:\/\/mariluxe-beauty.ch\/wp-content\/uploads\/2025\/06\/Acrigel-Nails.png-768x768.png 768w, https:\/\/mariluxe-beauty.ch\/wp-content\/uploads\/2025\/06\/Acrigel-Nails.png-300x300.png 300w, https:\/\/mariluxe-beauty.ch\/wp-content\/uploads\/2025\/06\/Acrigel-Nails.png-1024x1024.png 1024w, https:\/\/mariluxe-beauty.ch\/wp-content\/uploads\/2025\/06\/Acrigel-Nails.png-150x150.png 150w, https:\/\/mariluxe-beauty.ch\/wp-content\/uploads\/2025\/06\/Acrigel-Nails.png-1536x1536.png 1536w, https:\/\/mariluxe-beauty.ch\/wp-content\/uploads\/2025\/06\/Acrigel-Nails.png-2048x2048.png 2048w, https:\/\/mariluxe-beauty.ch\/wp-content\/uploads\/2025\/06\/Acrigel-Nails.png-12x12.png 12w\" sizes=\"(max-width: 768px) 100vw, 768px\" \/>\t\t\t\t\t\t\t\t\t\t\t\t\t\t\t<\/div>\n\t\t\t\t<\/div>\n\t\t\t\t<div class=\"elementor-element elementor-element-bfe63a0 elementor-widget elementor-widget-spacer\" data-id=\"bfe63a0\" data-element_type=\"widget\" data-e-type=\"widget\" data-widget_type=\"spacer.default\">\n\t\t\t\t<div class=\"elementor-widget-container\">\n\t\t\t\t\t\t\t<div class=\"elementor-spacer\">\n\t\t\t<div class=\"elementor-spacer-inner\"><\/div>\n\t\t<\/div>\n\t\t\t\t\t\t<\/div>\n\t\t\t\t<\/div>\n\t\t\t\t\t<\/div>\n\t\t\t\t<\/div>\n\t\t<div class=\"elementor-element elementor-element-446c35f8 e-flex e-con-boxed e-con e-parent\" data-id=\"446c35f8\" data-element_type=\"container\" data-e-type=\"container\">\n\t\t\t\t\t<div class=\"e-con-inner\">\n\t\t\t\t<div class=\"elementor-element elementor-element-e470043 elementor-widget elementor-widget-spacer\" data-id=\"e470043\" data-element_type=\"widget\" data-e-type=\"widget\" data-widget_type=\"spacer.default\">\n\t\t\t\t<div class=\"elementor-widget-container\">\n\t\t\t\t\t\t\t<div class=\"elementor-spacer\">\n\t\t\t<div class=\"elementor-spacer-inner\"><\/div>\n\t\t<\/div>\n\t\t\t\t\t\t<\/div>\n\t\t\t\t<\/div>\n\t\t\t\t<div class=\"elementor-element elementor-element-4ff1a7b1 elementor-widget elementor-widget-heading\" data-id=\"4ff1a7b1\" data-element_type=\"widget\" data-e-type=\"widget\" data-widget_type=\"heading.default\">\n\t\t\t\t<div class=\"elementor-widget-container\">\n\t\t\t\t\t<h2 class=\"elementor-heading-title elementor-size-default\">Fazit<\/h2>\t\t\t\t<\/div>\n\t\t\t\t<\/div>\n\t\t\t\t<div class=\"elementor-element elementor-element-694fc63f elementor-widget elementor-widget-text-editor\" data-id=\"694fc63f\" data-element_type=\"widget\" data-e-type=\"widget\" data-widget_type=\"text-editor.default\">\n\t\t\t\t<div class=\"elementor-widget-container\">\n\t\t\t\t\t\t\t\t\t<p>Die Wahl zwischen Shellac, Gel-N\u00e4gel mit Folienverl\u00e4ngerung und AcriGel h\u00e4ngt von deinen individuellen Bed\u00fcrfnissen und Vorlieben ab. Jede dieser Methoden bietet spezifische Vorteile, die deine N\u00e4gel nicht nur versch\u00f6nern, sondern auch die Gesundheit f\u00f6rdern kann.<\/p><p>Egal, ob du dich f\u00fcr die langanhaltende Sch\u00f6nheit von Shellac, die Stabilit\u00e4t der Gel-N\u00e4gel oder die innovative Flexibilit\u00e4t von AcriGel entscheidest, du kannst sicher sein, dass deine N\u00e4gel in besten H\u00e4nden sind. G\u00f6nn dir eine professionelle Nagelbehandlung und entdecke die Vielfalt der M\u00f6glichkeiten, die dir die Nagelkunst bietet! Sch\u00f6ne und gepflegte N\u00e4gel sind nicht nur ein Zeichen f\u00fcr Stil, sondern auch ein Ausdruck deiner Pers\u00f6nlichkeit. Lass dich von den verschiedenen Techniken inspirieren und finde den perfekten Look f\u00fcr dich!<\/p>\t\t\t\t\t\t\t\t<\/div>\n\t\t\t\t<\/div>\n\t\t\t\t<div class=\"elementor-element elementor-element-edc4216 elementor-widget elementor-widget-spacer\" data-id=\"edc4216\" data-element_type=\"widget\" data-e-type=\"widget\" data-widget_type=\"spacer.default\">\n\t\t\t\t<div class=\"elementor-widget-container\">\n\t\t\t\t\t\t\t<div class=\"elementor-spacer\">\n\t\t\t<div class=\"elementor-spacer-inner\"><\/div>\n\t\t<\/div>\n\t\t\t\t\t\t<\/div>\n\t\t\t\t<\/div>\n\t\t\t\t\t<\/div>\n\t\t\t\t<\/div>\n\t\t<div class=\"elementor-element elementor-element-41ba41d e-flex e-con-boxed e-con e-parent\" data-id=\"41ba41d\" data-element_type=\"container\" data-e-type=\"container\">\n\t\t\t\t\t<div class=\"e-con-inner\">\n\t\t\t\t<div class=\"elementor-element elementor-element-fae1c4b elementor-align-center elementor-widget elementor-widget-button\" data-id=\"fae1c4b\" data-element_type=\"widget\" data-e-type=\"widget\" data-widget_type=\"button.default\">\n\t\t\t\t<div class=\"elementor-widget-container\">\n\t\t\t\t\t\t\t\t\t<div class=\"elementor-button-wrapper\">\n\t\t\t\t\t<a class=\"elementor-button elementor-button-link elementor-size-sm\" href=\"http:\/\/sumupbookings.com\/mariluxe-beauty\" target=\"_blank\" rel=\"noopener\">\n\t\t\t\t\t\t<span class=\"elementor-button-content-wrapper\">\n\t\t\t\t\t\t\t\t\t<span class=\"elementor-button-text\">Jetzt Termin buchen<\/span>\n\t\t\t\t\t<\/span>\n\t\t\t\t\t<\/a>\n\t\t\t\t<\/div>\n\t\t\t\t\t\t\t\t<\/div>\n\t\t\t\t<\/div>\n\t\t\t\t<div class=\"elementor-element elementor-element-b496d61 elementor-widget elementor-widget-spacer\" data-id=\"b496d61\" data-element_type=\"widget\" data-e-type=\"widget\" data-widget_type=\"spacer.default\">\n\t\t\t\t<div class=\"elementor-widget-container\">\n\t\t\t\t\t\t\t<div class=\"elementor-spacer\">\n\t\t\t<div class=\"elementor-spacer-inner\"><\/div>\n\t\t<\/div>\n\t\t\t\t\t\t<\/div>\n\t\t\t\t<\/div>\n\t\t\t\t\t<\/div>\n\t\t\t\t<\/div>\n\t\t\t\t<\/div>\n\t\t","protected":false},"excerpt":{"rendered":"<p>Nails Shellac, Gel und Acrigel Wenn es um die Pflege und Gestaltung Ihrer N\u00e4gel geht, gibt es zahlreiche M\u00f6glichkeiten, um einen eleganten Look zu erzielen. Drei der gefragtesten Behandlungen sind Shellac, Gel-N\u00e4gel und AcriGel. Jede dieser Methoden hat ihre eigenen Vorteile und bietet die M\u00f6glichkeit, deine N\u00e4gel individuell zu gestalten. In diesem Beitrag erf\u00e4hrst du [&hellip;]<\/p>\n","protected":false},"author":1,"featured_media":0,"parent":0,"menu_order":0,"comment_status":"closed","ping_status":"closed","template":"","meta":{"footnotes":""},"class_list":["post-280","page","type-page","status-publish","hentry"],"_links":{"self":[{"href":"https:\/\/mariluxe-beauty.ch\/de\/wp-json\/wp\/v2\/pages\/280","targetHints":{"allow":["GET"]}}],"collection":[{"href":"https:\/\/mariluxe-beauty.ch\/de\/wp-json\/wp\/v2\/pages"}],"about":[{"href":"https:\/\/mariluxe-beauty.ch\/de\/wp-json\/wp\/v2\/types\/page"}],"author":[{"embeddable":true,"href":"https:\/\/mariluxe-beauty.ch\/de\/wp-json\/wp\/v2\/users\/1"}],"replies":[{"embeddable":true,"href":"https:\/\/mariluxe-beauty.ch\/de\/wp-json\/wp\/v2\/comments?post=280"}],"version-history":[{"count":10,"href":"https:\/\/mariluxe-beauty.ch\/de\/wp-json\/wp\/v2\/pages\/280\/revisions"}],"predecessor-version":[{"id":1852,"href":"https:\/\/mariluxe-beauty.ch\/de\/wp-json\/wp\/v2\/pages\/280\/revisions\/1852"}],"wp:attachment":[{"href":"https:\/\/mariluxe-beauty.ch\/de\/wp-json\/wp\/v2\/media?parent=280"}],"curies":[{"name":"wp","href":"https:\/\/api.w.org\/{rel}","templated":true}]}}