{"id":2,"date":"2024-09-20T09:24:42","date_gmt":"2024-09-20T09:24:42","guid":{"rendered":"http:\/\/mariluxe-beauty.ch\/?page_id=2"},"modified":"2025-11-10T12:14:37","modified_gmt":"2025-11-10T11:14:37","slug":"brow-lift-3","status":"publish","type":"page","link":"https:\/\/mariluxe-beauty.ch\/de\/brow-lift-3\/","title":{"rendered":"Brow Lift"},"content":{"rendered":"\t\t<div data-elementor-type=\"wp-page\" data-elementor-id=\"2\" class=\"elementor elementor-2\" data-elementor-post-type=\"page\">\n\t\t\t\t<div class=\"elementor-element elementor-element-170f46e1 e-flex e-con-boxed e-con e-parent\" data-id=\"170f46e1\" data-element_type=\"container\" data-e-type=\"container\">\n\t\t\t\t\t<div class=\"e-con-inner\">\n\t\t\t\t<div class=\"elementor-element elementor-element-c346cfb elementor-widget elementor-widget-spacer\" data-id=\"c346cfb\" data-element_type=\"widget\" data-e-type=\"widget\" data-widget_type=\"spacer.default\">\n\t\t\t\t<div class=\"elementor-widget-container\">\n\t\t\t\t\t\t\t<div class=\"elementor-spacer\">\n\t\t\t<div class=\"elementor-spacer-inner\"><\/div>\n\t\t<\/div>\n\t\t\t\t\t\t<\/div>\n\t\t\t\t<\/div>\n\t\t\t\t<div class=\"elementor-element elementor-element-3e60d3ce elementor-widget elementor-widget-heading\" data-id=\"3e60d3ce\" data-element_type=\"widget\" data-e-type=\"widget\" data-widget_type=\"heading.default\">\n\t\t\t\t<div class=\"elementor-widget-container\">\n\t\t\t\t\t<h1 class=\"elementor-heading-title elementor-size-default\">Brow Lift<\/h1>\t\t\t\t<\/div>\n\t\t\t\t<\/div>\n\t\t\t\t<div class=\"elementor-element elementor-element-41496aa elementor-widget elementor-widget-spacer\" data-id=\"41496aa\" data-element_type=\"widget\" data-e-type=\"widget\" data-widget_type=\"spacer.default\">\n\t\t\t\t<div class=\"elementor-widget-container\">\n\t\t\t\t\t\t\t<div class=\"elementor-spacer\">\n\t\t\t<div class=\"elementor-spacer-inner\"><\/div>\n\t\t<\/div>\n\t\t\t\t\t\t<\/div>\n\t\t\t\t<\/div>\n\t\t\t\t<div class=\"elementor-element elementor-element-22f95e31 elementor-widget elementor-widget-heading\" data-id=\"22f95e31\" data-element_type=\"widget\" data-e-type=\"widget\" data-widget_type=\"heading.default\">\n\t\t\t\t<div class=\"elementor-widget-container\">\n\t\t\t\t\t<h2 class=\"elementor-heading-title elementor-size-default\">Perfekt geformte Augenbrauen f\u00fcr einen nat\u00fcrlichen Look<\/h2>\t\t\t\t<\/div>\n\t\t\t\t<\/div>\n\t\t\t\t<div class=\"elementor-element elementor-element-2ec0c6e elementor-widget elementor-widget-spacer\" data-id=\"2ec0c6e\" data-element_type=\"widget\" data-e-type=\"widget\" data-widget_type=\"spacer.default\">\n\t\t\t\t<div class=\"elementor-widget-container\">\n\t\t\t\t\t\t\t<div class=\"elementor-spacer\">\n\t\t\t<div class=\"elementor-spacer-inner\"><\/div>\n\t\t<\/div>\n\t\t\t\t\t\t<\/div>\n\t\t\t\t<\/div>\n\t\t\t\t<div class=\"elementor-element elementor-element-788b9aff elementor-widget elementor-widget-text-editor\" data-id=\"788b9aff\" data-element_type=\"widget\" data-e-type=\"widget\" data-widget_type=\"text-editor.default\">\n\t\t\t\t<div class=\"elementor-widget-container\">\n\t\t\t\t\t\t\t\t\t<p><span style=\"text-align: var(--text-align); color: var( --e-global-color-text ); font-family: var( --e-global-typography-text-font-family ), Sans-serif; font-size: var( --e-global-typography-text-font-size ); font-style: var( --e-global-typography-text-font-style ); font-weight: var( --e-global-typography-text-font-weight ); letter-spacing: var( --e-global-typography-text-letter-spacing ); text-transform: var( --e-global-typography-text-text-transform );\">Das Brow Lift, auch als Augenbrauenlaminierung bekannt, ist eine innovative Beauty-Behandlung, die in den letzten Jahren immer mehr an Beliebtheit gewonnen hat. W\u00e4hrend sch\u00f6n geformte und volle Augenbrauen schon lange ein Trend sind, bietet das Brow Lift eine einfache und effektive Methode, um genau diesen Look zu erreichen \u2013 und das ganz ohne invasive Eingriffe oder das st\u00e4ndige Nachziehen der Brauen mit Make-up.<\/span><\/p>\t\t\t\t\t\t\t\t<\/div>\n\t\t\t\t<\/div>\n\t\t\t\t\t<\/div>\n\t\t\t\t<\/div>\n\t\t<div class=\"elementor-element elementor-element-72ae1a4e e-flex e-con-boxed e-con e-parent\" data-id=\"72ae1a4e\" data-element_type=\"container\" data-e-type=\"container\">\n\t\t\t\t\t<div class=\"e-con-inner\">\n\t\t\t\t<div class=\"elementor-element elementor-element-7b3d40e7 elementor-align-center elementor-widget elementor-widget-button\" data-id=\"7b3d40e7\" data-element_type=\"widget\" data-e-type=\"widget\" data-widget_type=\"button.default\">\n\t\t\t\t<div class=\"elementor-widget-container\">\n\t\t\t\t\t\t\t\t\t<div class=\"elementor-button-wrapper\">\n\t\t\t\t\t<a class=\"elementor-button elementor-button-link elementor-size-sm\" href=\"http:\/\/sumupbookings.com\/mariluxe-beauty\" target=\"_blank\" rel=\"noopener\">\n\t\t\t\t\t\t<span class=\"elementor-button-content-wrapper\">\n\t\t\t\t\t\t\t\t\t<span class=\"elementor-button-text\">Jetzt Termin buchen<\/span>\n\t\t\t\t\t<\/span>\n\t\t\t\t\t<\/a>\n\t\t\t\t<\/div>\n\t\t\t\t\t\t\t\t<\/div>\n\t\t\t\t<\/div>\n\t\t\t\t<div class=\"elementor-element elementor-element-33bee385 elementor-widget elementor-widget-spacer\" data-id=\"33bee385\" data-element_type=\"widget\" data-e-type=\"widget\" data-widget_type=\"spacer.default\">\n\t\t\t\t<div class=\"elementor-widget-container\">\n\t\t\t\t\t\t\t<div class=\"elementor-spacer\">\n\t\t\t<div class=\"elementor-spacer-inner\"><\/div>\n\t\t<\/div>\n\t\t\t\t\t\t<\/div>\n\t\t\t\t<\/div>\n\t\t\t\t\t<\/div>\n\t\t\t\t<\/div>\n\t\t<div class=\"elementor-element elementor-element-5ee83a9b e-flex e-con-boxed e-con e-parent\" data-id=\"5ee83a9b\" data-element_type=\"container\" data-e-type=\"container\">\n\t\t\t\t\t<div class=\"e-con-inner\">\n\t\t\t\t<div class=\"elementor-element elementor-element-4b76963 elementor-widget elementor-widget-spacer\" data-id=\"4b76963\" data-element_type=\"widget\" data-e-type=\"widget\" data-widget_type=\"spacer.default\">\n\t\t\t\t<div class=\"elementor-widget-container\">\n\t\t\t\t\t\t\t<div class=\"elementor-spacer\">\n\t\t\t<div class=\"elementor-spacer-inner\"><\/div>\n\t\t<\/div>\n\t\t\t\t\t\t<\/div>\n\t\t\t\t<\/div>\n\t\t\t\t<div class=\"elementor-element elementor-element-7b76114d elementor-widget elementor-widget-heading\" data-id=\"7b76114d\" data-element_type=\"widget\" data-e-type=\"widget\" data-widget_type=\"heading.default\">\n\t\t\t\t<div class=\"elementor-widget-container\">\n\t\t\t\t\t<h2 class=\"elementor-heading-title elementor-size-default\">Was ist ein Brow Lift?\n<\/h2>\t\t\t\t<\/div>\n\t\t\t\t<\/div>\n\t\t\t\t<div class=\"elementor-element elementor-element-3b10f2bb elementor-widget elementor-widget-text-editor\" data-id=\"3b10f2bb\" data-element_type=\"widget\" data-e-type=\"widget\" data-widget_type=\"text-editor.default\">\n\t\t\t\t<div class=\"elementor-widget-container\">\n\t\t\t\t\t\t\t\t\t<p>Beim Brow Lift handelt es sich um eine Technik, die die nat\u00fcrliche Form und den Schwung der Augenbrauen optimiert. Durch das Anheben und Fixieren der Brauenh\u00e4rchen werden sie so positioniert, dass die Brauen voller und symmetrischer wirken. Oft werden die Haare in eine aufrechte Position geb\u00fcrstet und fixiert, was den Brauen mehr Volumen verleiht und L\u00fccken kaschiert. Dies sorgt f\u00fcr einen gepflegten und gleichzeitig nat\u00fcrlich wirkenden Look, der besonders lange h\u00e4lt.<\/p>\t\t\t\t\t\t\t\t<\/div>\n\t\t\t\t<\/div>\n\t\t\t\t<div class=\"elementor-element elementor-element-09b0d31 elementor-widget elementor-widget-spacer\" data-id=\"09b0d31\" data-element_type=\"widget\" data-e-type=\"widget\" data-widget_type=\"spacer.default\">\n\t\t\t\t<div class=\"elementor-widget-container\">\n\t\t\t\t\t\t\t<div class=\"elementor-spacer\">\n\t\t\t<div class=\"elementor-spacer-inner\"><\/div>\n\t\t<\/div>\n\t\t\t\t\t\t<\/div>\n\t\t\t\t<\/div>\n\t\t\t\t<div class=\"elementor-element elementor-element-53628150 elementor-widget elementor-widget-image\" data-id=\"53628150\" data-element_type=\"widget\" data-e-type=\"widget\" data-widget_type=\"image.default\">\n\t\t\t\t<div class=\"elementor-widget-container\">\n\t\t\t\t\t\t\t\t\t\t\t\t\t\t\t<img decoding=\"async\" src=\"https:\/\/mariluxe-beauty.ch\/wp-content\/uploads\/2024\/11\/Brow-Lift.jpg\" title=\"\" alt=\"\" loading=\"lazy\" \/>\t\t\t\t\t\t\t\t\t\t\t\t\t\t\t<\/div>\n\t\t\t\t<\/div>\n\t\t\t\t<div class=\"elementor-element elementor-element-24d6bdb elementor-widget elementor-widget-spacer\" data-id=\"24d6bdb\" data-element_type=\"widget\" data-e-type=\"widget\" data-widget_type=\"spacer.default\">\n\t\t\t\t<div class=\"elementor-widget-container\">\n\t\t\t\t\t\t\t<div class=\"elementor-spacer\">\n\t\t\t<div class=\"elementor-spacer-inner\"><\/div>\n\t\t<\/div>\n\t\t\t\t\t\t<\/div>\n\t\t\t\t<\/div>\n\t\t\t\t\t<\/div>\n\t\t\t\t<\/div>\n\t\t<div class=\"elementor-element elementor-element-2d28f3a0 e-flex e-con-boxed e-con e-parent\" data-id=\"2d28f3a0\" data-element_type=\"container\" data-e-type=\"container\">\n\t\t\t\t\t<div class=\"e-con-inner\">\n\t\t\t\t<div class=\"elementor-element elementor-element-b5a4337 elementor-widget elementor-widget-spacer\" data-id=\"b5a4337\" data-element_type=\"widget\" data-e-type=\"widget\" data-widget_type=\"spacer.default\">\n\t\t\t\t<div class=\"elementor-widget-container\">\n\t\t\t\t\t\t\t<div class=\"elementor-spacer\">\n\t\t\t<div class=\"elementor-spacer-inner\"><\/div>\n\t\t<\/div>\n\t\t\t\t\t\t<\/div>\n\t\t\t\t<\/div>\n\t\t\t\t<div class=\"elementor-element elementor-element-57917dc8 elementor-widget elementor-widget-heading\" data-id=\"57917dc8\" data-element_type=\"widget\" data-e-type=\"widget\" data-widget_type=\"heading.default\">\n\t\t\t\t<div class=\"elementor-widget-container\">\n\t\t\t\t\t<h2 class=\"elementor-heading-title elementor-size-default\">Wie funktioniert ein Brow Lift?\n<\/h2>\t\t\t\t<\/div>\n\t\t\t\t<\/div>\n\t\t\t\t<div class=\"elementor-element elementor-element-211864ac elementor-widget elementor-widget-text-editor\" data-id=\"211864ac\" data-element_type=\"widget\" data-e-type=\"widget\" data-widget_type=\"text-editor.default\">\n\t\t\t\t<div class=\"elementor-widget-container\">\n\t\t\t\t\t\t\t\t\t<p>Das Brow Lift wird in mehreren Schritten durchgef\u00fchrt. Zuerst werden die Augenbrauen mit einem speziellen Kleber in die gew\u00fcnschte Form gebracht. Danach wird eine Lotion aufgetragen, die das Haar aufweicht, damit es leichter in der neuen Position bleibt. Anschlie\u00dfend wird eine Neutralisationsl\u00f6sung verwendet, um die Haare zu fixieren und sie die gew\u00fcnschte Form zu verleihen.<\/p><p>Die gesamte Behandlung dauert in der Regel 30 bis 45 Minuten und h\u00e4lt je nach Haarstruktur und Pflege bis zu sechs Wochen. In Kombination mit einem Brauen-Tint (F\u00e4rben der Brauen) kann der Effekt sogar noch intensiver wirken, da auch hellere oder d\u00fcnnere H\u00e4rchen deutlicher zur Geltung kommen.<\/p>\t\t\t\t\t\t\t\t<\/div>\n\t\t\t\t<\/div>\n\t\t\t\t\t<\/div>\n\t\t\t\t<\/div>\n\t\t<div class=\"elementor-element elementor-element-b9f5344 e-flex e-con-boxed e-con e-parent\" data-id=\"b9f5344\" data-element_type=\"container\" data-e-type=\"container\">\n\t\t\t\t\t<div class=\"e-con-inner\">\n\t\t\t\t<div class=\"elementor-element elementor-element-8e31eb0 elementor-align-center elementor-widget elementor-widget-button\" data-id=\"8e31eb0\" data-element_type=\"widget\" data-e-type=\"widget\" data-widget_type=\"button.default\">\n\t\t\t\t<div class=\"elementor-widget-container\">\n\t\t\t\t\t\t\t\t\t<div class=\"elementor-button-wrapper\">\n\t\t\t\t\t<a class=\"elementor-button elementor-button-link elementor-size-sm\" href=\"http:\/\/sumupbookings.com\/mariluxe-beauty\" target=\"_blank\" rel=\"noopener\">\n\t\t\t\t\t\t<span class=\"elementor-button-content-wrapper\">\n\t\t\t\t\t\t\t\t\t<span class=\"elementor-button-text\">Jetzt Termin buchen<\/span>\n\t\t\t\t\t<\/span>\n\t\t\t\t\t<\/a>\n\t\t\t\t<\/div>\n\t\t\t\t\t\t\t\t<\/div>\n\t\t\t\t<\/div>\n\t\t\t\t<div class=\"elementor-element elementor-element-f65dd98 elementor-widget elementor-widget-spacer\" data-id=\"f65dd98\" data-element_type=\"widget\" data-e-type=\"widget\" data-widget_type=\"spacer.default\">\n\t\t\t\t<div class=\"elementor-widget-container\">\n\t\t\t\t\t\t\t<div class=\"elementor-spacer\">\n\t\t\t<div class=\"elementor-spacer-inner\"><\/div>\n\t\t<\/div>\n\t\t\t\t\t\t<\/div>\n\t\t\t\t<\/div>\n\t\t\t\t\t<\/div>\n\t\t\t\t<\/div>\n\t\t<div class=\"elementor-element elementor-element-372db130 e-flex e-con-boxed e-con e-parent\" data-id=\"372db130\" data-element_type=\"container\" data-e-type=\"container\">\n\t\t\t\t\t<div class=\"e-con-inner\">\n\t\t\t\t<div class=\"elementor-element elementor-element-66b8f1b elementor-widget elementor-widget-spacer\" data-id=\"66b8f1b\" data-element_type=\"widget\" data-e-type=\"widget\" data-widget_type=\"spacer.default\">\n\t\t\t\t<div class=\"elementor-widget-container\">\n\t\t\t\t\t\t\t<div class=\"elementor-spacer\">\n\t\t\t<div class=\"elementor-spacer-inner\"><\/div>\n\t\t<\/div>\n\t\t\t\t\t\t<\/div>\n\t\t\t\t<\/div>\n\t\t\t\t<div class=\"elementor-element elementor-element-463e748 elementor-widget elementor-widget-heading\" data-id=\"463e748\" data-element_type=\"widget\" data-e-type=\"widget\" data-widget_type=\"heading.default\">\n\t\t\t\t<div class=\"elementor-widget-container\">\n\t\t\t\t\t<h2 class=\"elementor-heading-title elementor-size-default\">Vorteile des Brow Lifts<\/h2>\t\t\t\t<\/div>\n\t\t\t\t<\/div>\n\t\t\t\t<div class=\"elementor-element elementor-element-37a84c9b elementor-widget elementor-widget-text-editor\" data-id=\"37a84c9b\" data-element_type=\"widget\" data-e-type=\"widget\" data-widget_type=\"text-editor.default\">\n\t\t\t\t<div class=\"elementor-widget-container\">\n\t\t\t\t\t\t\t\t\t<p>Ein Brow Lift bietet zahlreiche Vorteile, die es zu einer beliebten Wahl f\u00fcr Menschen machen, die nach einer unkomplizierten M\u00f6glichkeit suchen, ihre Augenbrauen zu verbessern:<\/p><ul><li><span style=\"text-decoration: underline;\">Nat\u00fcrlicher Look:<\/span> Im Gegensatz zu Permanent-Make-up oder Microblading wirkt das Brow Lift sehr nat\u00fcrlich. Es werden keine zus\u00e4tzlichen Pigmente oder Nadeln verwendet, sondern nur die eigenen Brauenh\u00e4rchen in die perfekte Form gebracht.<\/li><\/ul><p>\u00a0<\/p><ul><li><span style=\"text-decoration: underline;\">Langanhaltendes Ergebnis:<\/span> Nach der Behandlung bleiben die Brauen f\u00fcr mehrere Wochen in der gew\u00fcnschten Form, ohne dass t\u00e4glich nachgezupft oder geschminkt werden muss. Besonders f\u00fcr Menschen mit widerspenstigen oder d\u00fcnnen Augenbrauen ist dies eine gro\u00dfe Erleichterung.<\/li><\/ul><p>\u00a0<\/p><ul><li><span style=\"text-decoration: underline;\">Schmerzfreie Behandlung:<\/span> Das Brow Lift ist v\u00f6llig schmerzfrei und nicht invasiv denn es wird nur mit den vorhandenen Haaren gearbeitet.<\/li><\/ul><p>\u00a0<\/p><ul><li><span style=\"text-decoration: underline;\">Vielseitig:<\/span> Egal, ob Sie von Natur aus volle oder eher d\u00fcnne Augenbrauen haben \u2013 das Brow Lift ist f\u00fcr jeden Haartyp geeignet. Es eignet sich besonders gut f\u00fcr Menschen, die ihre Brauen voller und definierter wirken lassen m\u00f6chten, ohne k\u00fcnstlich zu wirken.<\/li><\/ul>\t\t\t\t\t\t\t\t<\/div>\n\t\t\t\t<\/div>\n\t\t\t\t<div class=\"elementor-element elementor-element-ac87d22 elementor-widget elementor-widget-spacer\" data-id=\"ac87d22\" data-element_type=\"widget\" data-e-type=\"widget\" data-widget_type=\"spacer.default\">\n\t\t\t\t<div class=\"elementor-widget-container\">\n\t\t\t\t\t\t\t<div class=\"elementor-spacer\">\n\t\t\t<div class=\"elementor-spacer-inner\"><\/div>\n\t\t<\/div>\n\t\t\t\t\t\t<\/div>\n\t\t\t\t<\/div>\n\t\t\t\t<div class=\"elementor-element elementor-element-9bf4a11 elementor-widget elementor-widget-image\" data-id=\"9bf4a11\" data-element_type=\"widget\" data-e-type=\"widget\" data-widget_type=\"image.default\">\n\t\t\t\t<div class=\"elementor-widget-container\">\n\t\t\t\t\t\t\t\t\t\t\t\t\t\t\t<img decoding=\"async\" src=\"https:\/\/mariluxe-beauty.ch\/wp-content\/uploads\/2024\/11\/Brow-Lifting.jpg\" title=\"\" alt=\"\" loading=\"lazy\" \/>\t\t\t\t\t\t\t\t\t\t\t\t\t\t\t<\/div>\n\t\t\t\t<\/div>\n\t\t\t\t<div class=\"elementor-element elementor-element-cfff135 elementor-widget elementor-widget-spacer\" data-id=\"cfff135\" data-element_type=\"widget\" data-e-type=\"widget\" data-widget_type=\"spacer.default\">\n\t\t\t\t<div class=\"elementor-widget-container\">\n\t\t\t\t\t\t\t<div class=\"elementor-spacer\">\n\t\t\t<div class=\"elementor-spacer-inner\"><\/div>\n\t\t<\/div>\n\t\t\t\t\t\t<\/div>\n\t\t\t\t<\/div>\n\t\t\t\t\t<\/div>\n\t\t\t\t<\/div>\n\t\t<div class=\"elementor-element elementor-element-6b2cbc60 e-flex e-con-boxed e-con e-parent\" data-id=\"6b2cbc60\" data-element_type=\"container\" data-e-type=\"container\">\n\t\t\t\t\t<div class=\"e-con-inner\">\n\t\t\t\t<div class=\"elementor-element elementor-element-0a411a4 elementor-widget elementor-widget-spacer\" data-id=\"0a411a4\" data-element_type=\"widget\" data-e-type=\"widget\" data-widget_type=\"spacer.default\">\n\t\t\t\t<div class=\"elementor-widget-container\">\n\t\t\t\t\t\t\t<div class=\"elementor-spacer\">\n\t\t\t<div class=\"elementor-spacer-inner\"><\/div>\n\t\t<\/div>\n\t\t\t\t\t\t<\/div>\n\t\t\t\t<\/div>\n\t\t\t\t<div class=\"elementor-element elementor-element-731fc061 elementor-widget elementor-widget-heading\" data-id=\"731fc061\" data-element_type=\"widget\" data-e-type=\"widget\" data-widget_type=\"heading.default\">\n\t\t\t\t<div class=\"elementor-widget-container\">\n\t\t\t\t\t<h2 class=\"elementor-heading-title elementor-size-default\">F\u00fcr wen ist ein Brow Lift geeignet?\n<\/h2>\t\t\t\t<\/div>\n\t\t\t\t<\/div>\n\t\t\t\t<div class=\"elementor-element elementor-element-b6e1685 elementor-widget elementor-widget-text-editor\" data-id=\"b6e1685\" data-element_type=\"widget\" data-e-type=\"widget\" data-widget_type=\"text-editor.default\">\n\t\t\t\t<div class=\"elementor-widget-container\">\n\t\t\t\t\t\t\t\t\t<p>Ein Brow Lift ist ideal f\u00fcr jeden, der sich vollere, geformte Augenbrauen w\u00fcnscht, ohne st\u00e4ndig Make-up aufzutragen. Es ist besonders n\u00fctzlich f\u00fcr Menschen mit d\u00fcnnen oder sp\u00e4rlichen Brauen, da es die Haare anhebt und ihnen mehr Volumen verleiht. Auch f\u00fcr Personen mit asymmetrischen Augenbrauen kann ein Brow Lift helfen, die Form zu harmonisieren.<\/p><p>Ebenso ist es eine tolle Option f\u00fcr Menschen mit widerspenstigen Brauenh\u00e4rchen, die oft in verschiedene Richtungen wachsen. Nach einem Brow Lift bleiben die Haare in der gew\u00fcnschten Position, was einen gepflegten und symmetrischen Look verleiht.<\/p>\t\t\t\t\t\t\t\t<\/div>\n\t\t\t\t<\/div>\n\t\t\t\t\t<\/div>\n\t\t\t\t<\/div>\n\t\t<div class=\"elementor-element elementor-element-40a70da e-flex e-con-boxed e-con e-parent\" data-id=\"40a70da\" data-element_type=\"container\" data-e-type=\"container\">\n\t\t\t\t\t<div class=\"e-con-inner\">\n\t\t\t\t<div class=\"elementor-element elementor-element-3361882 elementor-align-center elementor-widget elementor-widget-button\" data-id=\"3361882\" data-element_type=\"widget\" data-e-type=\"widget\" data-widget_type=\"button.default\">\n\t\t\t\t<div class=\"elementor-widget-container\">\n\t\t\t\t\t\t\t\t\t<div class=\"elementor-button-wrapper\">\n\t\t\t\t\t<a class=\"elementor-button elementor-button-link elementor-size-sm\" href=\"http:\/\/sumupbookings.com\/mariluxe-beauty\" target=\"_blank\" rel=\"noopener\">\n\t\t\t\t\t\t<span class=\"elementor-button-content-wrapper\">\n\t\t\t\t\t\t\t\t\t<span class=\"elementor-button-text\">Jetzt Termin buchen<\/span>\n\t\t\t\t\t<\/span>\n\t\t\t\t\t<\/a>\n\t\t\t\t<\/div>\n\t\t\t\t\t\t\t\t<\/div>\n\t\t\t\t<\/div>\n\t\t\t\t<div class=\"elementor-element elementor-element-59c9f45 elementor-widget elementor-widget-spacer\" data-id=\"59c9f45\" data-element_type=\"widget\" data-e-type=\"widget\" data-widget_type=\"spacer.default\">\n\t\t\t\t<div class=\"elementor-widget-container\">\n\t\t\t\t\t\t\t<div class=\"elementor-spacer\">\n\t\t\t<div class=\"elementor-spacer-inner\"><\/div>\n\t\t<\/div>\n\t\t\t\t\t\t<\/div>\n\t\t\t\t<\/div>\n\t\t\t\t\t<\/div>\n\t\t\t\t<\/div>\n\t\t<div class=\"elementor-element elementor-element-555e5a08 e-flex e-con-boxed e-con e-parent\" data-id=\"555e5a08\" data-element_type=\"container\" data-e-type=\"container\">\n\t\t\t\t\t<div class=\"e-con-inner\">\n\t\t\t\t<div class=\"elementor-element elementor-element-379f5e9 elementor-widget elementor-widget-spacer\" data-id=\"379f5e9\" data-element_type=\"widget\" data-e-type=\"widget\" data-widget_type=\"spacer.default\">\n\t\t\t\t<div class=\"elementor-widget-container\">\n\t\t\t\t\t\t\t<div class=\"elementor-spacer\">\n\t\t\t<div class=\"elementor-spacer-inner\"><\/div>\n\t\t<\/div>\n\t\t\t\t\t\t<\/div>\n\t\t\t\t<\/div>\n\t\t\t\t<div class=\"elementor-element elementor-element-49ae7699 elementor-widget elementor-widget-heading\" data-id=\"49ae7699\" data-element_type=\"widget\" data-e-type=\"widget\" data-widget_type=\"heading.default\">\n\t\t\t\t<div class=\"elementor-widget-container\">\n\t\t\t\t\t<h2 class=\"elementor-heading-title elementor-size-default\">Nach der Behandlung: Pflege und Tipps<\/h2>\t\t\t\t<\/div>\n\t\t\t\t<\/div>\n\t\t\t\t<div class=\"elementor-element elementor-element-2f56e558 elementor-widget elementor-widget-text-editor\" data-id=\"2f56e558\" data-element_type=\"widget\" data-e-type=\"widget\" data-widget_type=\"text-editor.default\">\n\t\t\t\t<div class=\"elementor-widget-container\">\n\t\t\t\t\t\t\t\t\t<p>Nach dem Brow Lift ist die Pflege relativ einfach. In den ersten 24 Stunden nach der Behandlung sollten die Brauen nicht nass werden, um sicherzustellen, dass die Form richtig fixiert ist. Vermeide auch intensive Hitze oder Saunag\u00e4nge in den ersten Tagen. Nach dieser Phase ist es wichtig, die Brauen regelm\u00e4\u00dfig zu b\u00fcrsten und mit einem pflegenden Serum oder \u00d6l zu versorgen, um sie gesund und gl\u00e4nzend zu halten.<\/p>\t\t\t\t\t\t\t\t<\/div>\n\t\t\t\t<\/div>\n\t\t\t\t\t<\/div>\n\t\t\t\t<\/div>\n\t\t<div class=\"elementor-element elementor-element-4d19a897 e-flex e-con-boxed e-con e-parent\" data-id=\"4d19a897\" data-element_type=\"container\" data-e-type=\"container\">\n\t\t\t\t\t<div class=\"e-con-inner\">\n\t\t\t\t<div class=\"elementor-element elementor-element-e43bd94 elementor-widget elementor-widget-spacer\" data-id=\"e43bd94\" data-element_type=\"widget\" data-e-type=\"widget\" data-widget_type=\"spacer.default\">\n\t\t\t\t<div class=\"elementor-widget-container\">\n\t\t\t\t\t\t\t<div class=\"elementor-spacer\">\n\t\t\t<div class=\"elementor-spacer-inner\"><\/div>\n\t\t<\/div>\n\t\t\t\t\t\t<\/div>\n\t\t\t\t<\/div>\n\t\t\t\t\t<\/div>\n\t\t\t\t<\/div>\n\t\t<div class=\"elementor-element elementor-element-157f8971 e-flex e-con-boxed e-con e-parent\" data-id=\"157f8971\" data-element_type=\"container\" data-e-type=\"container\">\n\t\t\t\t\t<div class=\"e-con-inner\">\n\t\t\t\t<div class=\"elementor-element elementor-element-f2cdab2 elementor-widget elementor-widget-spacer\" data-id=\"f2cdab2\" data-element_type=\"widget\" data-e-type=\"widget\" data-widget_type=\"spacer.default\">\n\t\t\t\t<div class=\"elementor-widget-container\">\n\t\t\t\t\t\t\t<div class=\"elementor-spacer\">\n\t\t\t<div class=\"elementor-spacer-inner\"><\/div>\n\t\t<\/div>\n\t\t\t\t\t\t<\/div>\n\t\t\t\t<\/div>\n\t\t\t\t<div class=\"elementor-element elementor-element-7de57370 elementor-widget elementor-widget-heading\" data-id=\"7de57370\" data-element_type=\"widget\" data-e-type=\"widget\" data-widget_type=\"heading.default\">\n\t\t\t\t<div class=\"elementor-widget-container\">\n\t\t\t\t\t<h2 class=\"elementor-heading-title elementor-size-default\">Fazit<\/h2>\t\t\t\t<\/div>\n\t\t\t\t<\/div>\n\t\t\t\t<div class=\"elementor-element elementor-element-6372d206 elementor-widget elementor-widget-text-editor\" data-id=\"6372d206\" data-element_type=\"widget\" data-e-type=\"widget\" data-widget_type=\"text-editor.default\">\n\t\t\t\t<div class=\"elementor-widget-container\">\n\t\t\t\t\t\t\t\t\t<p>Das Brow Lift ist eine schnelle und schmerzfreie M\u00f6glichkeit, Ihre Augenbrauen auf nat\u00fcrliche Weise in die perfekte Form zu bringen. Es bietet langanhaltende Ergebnisse und eignet sich f\u00fcr nahezu jeden Haartyp. Wenn du auf der Suche nach einem Beauty-Treatment bist, das deine Augenbrauen voll, gepflegt und perfekt geformt erscheinen l\u00e4sst, ist das Brow Lift genau das Richtige f\u00fcr dich!<\/p>\t\t\t\t\t\t\t\t<\/div>\n\t\t\t\t<\/div>\n\t\t\t\t<div class=\"elementor-element elementor-element-30119e7 elementor-widget elementor-widget-spacer\" data-id=\"30119e7\" data-element_type=\"widget\" data-e-type=\"widget\" data-widget_type=\"spacer.default\">\n\t\t\t\t<div class=\"elementor-widget-container\">\n\t\t\t\t\t\t\t<div class=\"elementor-spacer\">\n\t\t\t<div class=\"elementor-spacer-inner\"><\/div>\n\t\t<\/div>\n\t\t\t\t\t\t<\/div>\n\t\t\t\t<\/div>\n\t\t\t\t<div class=\"elementor-element elementor-element-600ed840 elementor-align-center elementor-widget elementor-widget-button\" data-id=\"600ed840\" data-element_type=\"widget\" data-e-type=\"widget\" data-widget_type=\"button.default\">\n\t\t\t\t<div class=\"elementor-widget-container\">\n\t\t\t\t\t\t\t\t\t<div class=\"elementor-button-wrapper\">\n\t\t\t\t\t<a class=\"elementor-button elementor-button-link elementor-size-sm\" href=\"http:\/\/sumupbookings.com\/mariluxe-beauty\" target=\"_blank\" rel=\"noopener\">\n\t\t\t\t\t\t<span class=\"elementor-button-content-wrapper\">\n\t\t\t\t\t\t\t\t\t<span class=\"elementor-button-text\">Jetzt Termin buchen<\/span>\n\t\t\t\t\t<\/span>\n\t\t\t\t\t<\/a>\n\t\t\t\t<\/div>\n\t\t\t\t\t\t\t\t<\/div>\n\t\t\t\t<\/div>\n\t\t\t\t<div class=\"elementor-element elementor-element-0794826 elementor-widget elementor-widget-spacer\" data-id=\"0794826\" data-element_type=\"widget\" data-e-type=\"widget\" data-widget_type=\"spacer.default\">\n\t\t\t\t<div class=\"elementor-widget-container\">\n\t\t\t\t\t\t\t<div class=\"elementor-spacer\">\n\t\t\t<div class=\"elementor-spacer-inner\"><\/div>\n\t\t<\/div>\n\t\t\t\t\t\t<\/div>\n\t\t\t\t<\/div>\n\t\t\t\t\t<\/div>\n\t\t\t\t<\/div>\n\t\t\t\t<\/div>\n\t\t","protected":false},"excerpt":{"rendered":"<p>Brow Lift Perfekt geformte Augenbrauen f\u00fcr einen nat\u00fcrlichen Look Das Brow Lift, auch als Augenbrauenlaminierung bekannt, ist eine innovative Beauty-Behandlung, die in den letzten Jahren immer mehr an Beliebtheit gewonnen hat. W\u00e4hrend sch\u00f6n geformte und volle Augenbrauen schon lange ein Trend sind, bietet das Brow Lift eine einfache und effektive Methode, um genau diesen Look [&hellip;]<\/p>\n","protected":false},"author":1,"featured_media":0,"parent":0,"menu_order":0,"comment_status":"closed","ping_status":"closed","template":"","meta":{"footnotes":""},"class_list":["post-2","page","type-page","status-publish","hentry"],"_links":{"self":[{"href":"https:\/\/mariluxe-beauty.ch\/de\/wp-json\/wp\/v2\/pages\/2","targetHints":{"allow":["GET"]}}],"collection":[{"href":"https:\/\/mariluxe-beauty.ch\/de\/wp-json\/wp\/v2\/pages"}],"about":[{"href":"https:\/\/mariluxe-beauty.ch\/de\/wp-json\/wp\/v2\/types\/page"}],"author":[{"embeddable":true,"href":"https:\/\/mariluxe-beauty.ch\/de\/wp-json\/wp\/v2\/users\/1"}],"replies":[{"embeddable":true,"href":"https:\/\/mariluxe-beauty.ch\/de\/wp-json\/wp\/v2\/comments?post=2"}],"version-history":[{"count":10,"href":"https:\/\/mariluxe-beauty.ch\/de\/wp-json\/wp\/v2\/pages\/2\/revisions"}],"predecessor-version":[{"id":1874,"href":"https:\/\/mariluxe-beauty.ch\/de\/wp-json\/wp\/v2\/pages\/2\/revisions\/1874"}],"wp:attachment":[{"href":"https:\/\/mariluxe-beauty.ch\/de\/wp-json\/wp\/v2\/media?parent=2"}],"curies":[{"name":"wp","href":"https:\/\/api.w.org\/{rel}","templated":true}]}}