{"id":1363,"date":"2025-06-12T14:13:00","date_gmt":"2025-06-12T12:13:00","guid":{"rendered":"https:\/\/mariluxe-beauty.ch\/?page_id=1363"},"modified":"2025-11-10T12:21:50","modified_gmt":"2025-11-10T11:21:50","slug":"luxe-purity","status":"publish","type":"page","link":"https:\/\/mariluxe-beauty.ch\/de\/luxe-purity\/","title":{"rendered":"Luxe Purity"},"content":{"rendered":"\t\t<div data-elementor-type=\"wp-page\" data-elementor-id=\"1363\" class=\"elementor elementor-1363\" data-elementor-post-type=\"page\">\n\t\t\t\t<div class=\"elementor-element elementor-element-605046d2 e-flex e-con-boxed e-con e-parent\" data-id=\"605046d2\" data-element_type=\"container\" data-e-type=\"container\">\n\t\t\t\t\t<div class=\"e-con-inner\">\n\t\t\t\t<div class=\"elementor-element elementor-element-4f1d1ccd elementor-widget elementor-widget-spacer\" data-id=\"4f1d1ccd\" data-element_type=\"widget\" data-e-type=\"widget\" data-widget_type=\"spacer.default\">\n\t\t\t\t<div class=\"elementor-widget-container\">\n\t\t\t\t\t\t\t<div class=\"elementor-spacer\">\n\t\t\t<div class=\"elementor-spacer-inner\"><\/div>\n\t\t<\/div>\n\t\t\t\t\t\t<\/div>\n\t\t\t\t<\/div>\n\t\t\t\t<div class=\"elementor-element elementor-element-240c7c9f elementor-widget elementor-widget-heading\" data-id=\"240c7c9f\" data-element_type=\"widget\" data-e-type=\"widget\" data-widget_type=\"heading.default\">\n\t\t\t\t<div class=\"elementor-widget-container\">\n\t\t\t\t\t<h1 class=\"elementor-heading-title elementor-size-default\">Luxe Purity<\/h1>\t\t\t\t<\/div>\n\t\t\t\t<\/div>\n\t\t\t\t<div class=\"elementor-element elementor-element-5256f2df elementor-widget elementor-widget-spacer\" data-id=\"5256f2df\" data-element_type=\"widget\" data-e-type=\"widget\" data-widget_type=\"spacer.default\">\n\t\t\t\t<div class=\"elementor-widget-container\">\n\t\t\t\t\t\t\t<div class=\"elementor-spacer\">\n\t\t\t<div class=\"elementor-spacer-inner\"><\/div>\n\t\t<\/div>\n\t\t\t\t\t\t<\/div>\n\t\t\t\t<\/div>\n\t\t\t\t<div class=\"elementor-element elementor-element-37e64893 elementor-widget elementor-widget-heading\" data-id=\"37e64893\" data-element_type=\"widget\" data-e-type=\"widget\" data-widget_type=\"heading.default\">\n\t\t\t\t<div class=\"elementor-widget-container\">\n\t\t\t\t\t<h2 class=\"elementor-heading-title elementor-size-default\">Tiefe Reinigung f\u00fcr klare, gesunde Haut<\/h2>\t\t\t\t<\/div>\n\t\t\t\t<\/div>\n\t\t\t\t<div class=\"elementor-element elementor-element-5da81425 elementor-widget elementor-widget-spacer\" data-id=\"5da81425\" data-element_type=\"widget\" data-e-type=\"widget\" data-widget_type=\"spacer.default\">\n\t\t\t\t<div class=\"elementor-widget-container\">\n\t\t\t\t\t\t\t<div class=\"elementor-spacer\">\n\t\t\t<div class=\"elementor-spacer-inner\"><\/div>\n\t\t<\/div>\n\t\t\t\t\t\t<\/div>\n\t\t\t\t<\/div>\n\t\t\t\t<div class=\"elementor-element elementor-element-386d1ffe elementor-widget elementor-widget-text-editor\" data-id=\"386d1ffe\" data-element_type=\"widget\" data-e-type=\"widget\" data-widget_type=\"text-editor.default\">\n\t\t\t\t<div class=\"elementor-widget-container\">\n\t\t\t\t\t\t\t\t\t<p data-start=\"3133\" data-end=\"3483\">Unreine Haut, verstopfte Poren oder ein unruhiges Hautbild k\u00f6nnen viele Ursachen haben: Stress, Hormone, Umweltbelastung oder falsche Pflege. Die <strong data-start=\"3282\" data-end=\"3297\">Luxe Purity<\/strong> Behandlung geht gezielt auf diese Probleme ein. Sie bietet dir eine professionelle, porentiefe Reinigung, die deine Haut nicht nur sichtbar kl\u00e4rt, sondern ihr auch neue Balance schenkt.<\/p><p data-start=\"3485\" data-end=\"3755\">Diese Behandlung ist besonders beliebt bei jungen Frauen, die mit Unreinheiten k\u00e4mpfen, aber auch bei allen, die ihrer Haut regelm\u00e4\u00dfig eine Tiefenreinigung g\u00f6nnen m\u00f6chten. Denn reine Haut f\u00fchlt sich nicht nur gut an \u2013 sie ist die Basis f\u00fcr einen sch\u00f6nen, gesunden Teint.<\/p>\t\t\t\t\t\t\t\t<\/div>\n\t\t\t\t<\/div>\n\t\t\t\t\t<\/div>\n\t\t\t\t<\/div>\n\t\t<div class=\"elementor-element elementor-element-563ee956 e-flex e-con-boxed e-con e-parent\" data-id=\"563ee956\" data-element_type=\"container\" data-e-type=\"container\">\n\t\t\t\t\t<div class=\"e-con-inner\">\n\t\t\t\t<div class=\"elementor-element elementor-element-41e5a918 elementor-align-center elementor-widget elementor-widget-button\" data-id=\"41e5a918\" data-element_type=\"widget\" data-e-type=\"widget\" data-widget_type=\"button.default\">\n\t\t\t\t<div class=\"elementor-widget-container\">\n\t\t\t\t\t\t\t\t\t<div class=\"elementor-button-wrapper\">\n\t\t\t\t\t<a class=\"elementor-button elementor-button-link elementor-size-sm\" href=\"http:\/\/sumupbookings.com\/mariluxe-beauty\" target=\"_blank\" rel=\"noopener\">\n\t\t\t\t\t\t<span class=\"elementor-button-content-wrapper\">\n\t\t\t\t\t\t\t\t\t<span class=\"elementor-button-text\">Jetzt Termin buchen<\/span>\n\t\t\t\t\t<\/span>\n\t\t\t\t\t<\/a>\n\t\t\t\t<\/div>\n\t\t\t\t\t\t\t\t<\/div>\n\t\t\t\t<\/div>\n\t\t\t\t<div class=\"elementor-element elementor-element-3a3d7af3 elementor-widget elementor-widget-spacer\" data-id=\"3a3d7af3\" data-element_type=\"widget\" data-e-type=\"widget\" data-widget_type=\"spacer.default\">\n\t\t\t\t<div class=\"elementor-widget-container\">\n\t\t\t\t\t\t\t<div class=\"elementor-spacer\">\n\t\t\t<div class=\"elementor-spacer-inner\"><\/div>\n\t\t<\/div>\n\t\t\t\t\t\t<\/div>\n\t\t\t\t<\/div>\n\t\t\t\t\t<\/div>\n\t\t\t\t<\/div>\n\t\t<div class=\"elementor-element elementor-element-553463bd e-flex e-con-boxed e-con e-parent\" data-id=\"553463bd\" data-element_type=\"container\" data-e-type=\"container\">\n\t\t\t\t\t<div class=\"e-con-inner\">\n\t\t\t\t<div class=\"elementor-element elementor-element-5e4e2ab3 elementor-widget elementor-widget-spacer\" data-id=\"5e4e2ab3\" data-element_type=\"widget\" data-e-type=\"widget\" data-widget_type=\"spacer.default\">\n\t\t\t\t<div class=\"elementor-widget-container\">\n\t\t\t\t\t\t\t<div class=\"elementor-spacer\">\n\t\t\t<div class=\"elementor-spacer-inner\"><\/div>\n\t\t<\/div>\n\t\t\t\t\t\t<\/div>\n\t\t\t\t<\/div>\n\t\t\t\t<div class=\"elementor-element elementor-element-7be2298d elementor-widget elementor-widget-heading\" data-id=\"7be2298d\" data-element_type=\"widget\" data-e-type=\"widget\" data-widget_type=\"heading.default\">\n\t\t\t\t<div class=\"elementor-widget-container\">\n\t\t\t\t\t<h2 class=\"elementor-heading-title elementor-size-default\">gezielt &amp; wirksam<\/h2>\t\t\t\t<\/div>\n\t\t\t\t<\/div>\n\t\t\t\t<div class=\"elementor-element elementor-element-1528f9d0 elementor-widget elementor-widget-text-editor\" data-id=\"1528f9d0\" data-element_type=\"widget\" data-e-type=\"widget\" data-widget_type=\"text-editor.default\">\n\t\t\t\t<div class=\"elementor-widget-container\">\n\t\t\t\t\t\t\t\t\t<p data-start=\"3821\" data-end=\"4149\">Zu Beginn reinige ich deine Haut gr\u00fcndlich, um Make-up, Schmutz und \u00fcbersch\u00fcssiges Fett zu entfernen. Anschlie\u00dfend folgt ein sanftes Peeling sowie eine Dampfbehandlung, um die Poren zu \u00f6ffnen. Danach f\u00fchren wir eine <strong data-start=\"4038\" data-end=\"4063\">manuelle Ausreinigung<\/strong> durch, bei der wir Mitesser, Talgansammlungen und Unreinheiten fachgerecht entfernen.<\/p><p data-start=\"4151\" data-end=\"4382\">Im Anschluss wird die Haut mit einer kl\u00e4renden Maske beruhigt, die entz\u00fcndungshemmend wirkt und R\u00f6tungen lindert. Ein spezielles Serum und eine leichte Abschlusspflege helfen der Haut, sich zu regenerieren, ohne sie zu \u00fcberfordern.<\/p>\t\t\t\t\t\t\t\t<\/div>\n\t\t\t\t<\/div>\n\t\t\t\t<div class=\"elementor-element elementor-element-7e7d94c5 elementor-widget elementor-widget-spacer\" data-id=\"7e7d94c5\" data-element_type=\"widget\" data-e-type=\"widget\" data-widget_type=\"spacer.default\">\n\t\t\t\t<div class=\"elementor-widget-container\">\n\t\t\t\t\t\t\t<div class=\"elementor-spacer\">\n\t\t\t<div class=\"elementor-spacer-inner\"><\/div>\n\t\t<\/div>\n\t\t\t\t\t\t<\/div>\n\t\t\t\t<\/div>\n\t\t\t\t<div class=\"elementor-element elementor-element-1f804c07 elementor-widget elementor-widget-image\" data-id=\"1f804c07\" data-element_type=\"widget\" data-e-type=\"widget\" data-widget_type=\"image.default\">\n\t\t\t\t<div class=\"elementor-widget-container\">\n\t\t\t\t\t\t\t\t\t\t\t\t\t\t\t<img fetchpriority=\"high\" decoding=\"async\" width=\"768\" height=\"1024\" src=\"https:\/\/mariluxe-beauty.ch\/wp-content\/uploads\/2025\/11\/IMG_8183-768x1024.jpeg\" class=\"attachment-medium_large size-medium_large wp-image-1878\" alt=\"\" srcset=\"https:\/\/mariluxe-beauty.ch\/wp-content\/uploads\/2025\/11\/IMG_8183-768x1024.jpeg 768w, https:\/\/mariluxe-beauty.ch\/wp-content\/uploads\/2025\/11\/IMG_8183-225x300.jpeg 225w, https:\/\/mariluxe-beauty.ch\/wp-content\/uploads\/2025\/11\/IMG_8183-1152x1536.jpeg 1152w, https:\/\/mariluxe-beauty.ch\/wp-content\/uploads\/2025\/11\/IMG_8183-1536x2048.jpeg 1536w, https:\/\/mariluxe-beauty.ch\/wp-content\/uploads\/2025\/11\/IMG_8183-9x12.jpeg 9w, https:\/\/mariluxe-beauty.ch\/wp-content\/uploads\/2025\/11\/IMG_8183-scaled.jpeg 1920w\" sizes=\"(max-width: 768px) 100vw, 768px\" \/>\t\t\t\t\t\t\t\t\t\t\t\t\t\t\t<\/div>\n\t\t\t\t<\/div>\n\t\t\t\t<div class=\"elementor-element elementor-element-12406ae7 elementor-widget elementor-widget-spacer\" data-id=\"12406ae7\" data-element_type=\"widget\" data-e-type=\"widget\" data-widget_type=\"spacer.default\">\n\t\t\t\t<div class=\"elementor-widget-container\">\n\t\t\t\t\t\t\t<div class=\"elementor-spacer\">\n\t\t\t<div class=\"elementor-spacer-inner\"><\/div>\n\t\t<\/div>\n\t\t\t\t\t\t<\/div>\n\t\t\t\t<\/div>\n\t\t\t\t\t<\/div>\n\t\t\t\t<\/div>\n\t\t<div class=\"elementor-element elementor-element-71394ad8 e-flex e-con-boxed e-con e-parent\" data-id=\"71394ad8\" data-element_type=\"container\" data-e-type=\"container\">\n\t\t\t\t\t<div class=\"e-con-inner\">\n\t\t\t\t<div class=\"elementor-element elementor-element-47786fb elementor-widget elementor-widget-spacer\" data-id=\"47786fb\" data-element_type=\"widget\" data-e-type=\"widget\" data-widget_type=\"spacer.default\">\n\t\t\t\t<div class=\"elementor-widget-container\">\n\t\t\t\t\t\t\t<div class=\"elementor-spacer\">\n\t\t\t<div class=\"elementor-spacer-inner\"><\/div>\n\t\t<\/div>\n\t\t\t\t\t\t<\/div>\n\t\t\t\t<\/div>\n\t\t\t\t<div class=\"elementor-element elementor-element-6f288b5a elementor-widget elementor-widget-heading\" data-id=\"6f288b5a\" data-element_type=\"widget\" data-e-type=\"widget\" data-widget_type=\"heading.default\">\n\t\t\t\t<div class=\"elementor-widget-container\">\n\t\t\t\t\t<h2 class=\"elementor-heading-title elementor-size-default\">F\u00fcr wen ist Luxe Purity ideal?<\/h2>\t\t\t\t<\/div>\n\t\t\t\t<\/div>\n\t\t\t\t<div class=\"elementor-element elementor-element-27876306 elementor-widget elementor-widget-text-editor\" data-id=\"27876306\" data-element_type=\"widget\" data-e-type=\"widget\" data-widget_type=\"text-editor.default\">\n\t\t\t\t<div class=\"elementor-widget-container\">\n\t\t\t\t\t\t\t\t\t<p data-start=\"4432\" data-end=\"4474\"><strong data-start=\"4432\" data-end=\"4447\">Luxe Purity<\/strong> eignet sich besonders f\u00fcr:<\/p><ul data-start=\"4476\" data-end=\"4748\"><li data-start=\"4476\" data-end=\"4530\"><p data-start=\"4478\" data-end=\"4530\">Fettige oder Mischhaut mit Neigung zu Unreinheiten<\/p><\/li><li data-start=\"4531\" data-end=\"4568\"><p data-start=\"4533\" data-end=\"4568\">Vergr\u00f6\u00dferte oder verstopfte Poren<\/p><\/li><li data-start=\"4569\" data-end=\"4629\"><p data-start=\"4571\" data-end=\"4629\">Haut mit Talg\u00fcberschuss, Pickelchen oder Unterlagerungen<\/p><\/li><li data-start=\"4630\" data-end=\"4678\"><p data-start=\"4632\" data-end=\"4678\">Teenagerhaut oder gestresste Erwachsenenhaut<\/p><\/li><li data-start=\"4679\" data-end=\"4748\"><p data-start=\"4681\" data-end=\"4748\">Kundinnen, die auf nat\u00fcrliche Weise das Hautbild verbessern m\u00f6chten<\/p><\/li><\/ul><p data-start=\"4750\" data-end=\"4838\">Diese Behandlung ist auch als regelm\u00e4\u00dfiger &#8222;Skin Reset&#8220; perfekt \u2013 z.\u202fB. einmal im Monat.<\/p>\t\t\t\t\t\t\t\t<\/div>\n\t\t\t\t<\/div>\n\t\t\t\t<div class=\"elementor-element elementor-element-27b9a687 elementor-widget elementor-widget-spacer\" data-id=\"27b9a687\" data-element_type=\"widget\" data-e-type=\"widget\" data-widget_type=\"spacer.default\">\n\t\t\t\t<div class=\"elementor-widget-container\">\n\t\t\t\t\t\t\t<div class=\"elementor-spacer\">\n\t\t\t<div class=\"elementor-spacer-inner\"><\/div>\n\t\t<\/div>\n\t\t\t\t\t\t<\/div>\n\t\t\t\t<\/div>\n\t\t\t\t<div class=\"elementor-element elementor-element-10bece71 elementor-widget elementor-widget-image\" data-id=\"10bece71\" data-element_type=\"widget\" data-e-type=\"widget\" data-widget_type=\"image.default\">\n\t\t\t\t<div class=\"elementor-widget-container\">\n\t\t\t\t\t\t\t\t\t\t\t\t\t\t\t<img decoding=\"async\" src=\"https:\/\/mariluxe-beauty.ch\/wp-content\/uploads\/2025\/06\/Gesichtsbehandlung-4.jpg\" title=\"\" alt=\"\" loading=\"lazy\" \/>\t\t\t\t\t\t\t\t\t\t\t\t\t\t\t<\/div>\n\t\t\t\t<\/div>\n\t\t\t\t\t<\/div>\n\t\t\t\t<\/div>\n\t\t<div class=\"elementor-element elementor-element-46db72f6 e-flex e-con-boxed e-con e-parent\" data-id=\"46db72f6\" data-element_type=\"container\" data-e-type=\"container\">\n\t\t\t\t\t<div class=\"e-con-inner\">\n\t\t\t\t<div class=\"elementor-element elementor-element-29d43ae elementor-align-center elementor-widget elementor-widget-button\" data-id=\"29d43ae\" data-element_type=\"widget\" data-e-type=\"widget\" data-widget_type=\"button.default\">\n\t\t\t\t<div class=\"elementor-widget-container\">\n\t\t\t\t\t\t\t\t\t<div class=\"elementor-button-wrapper\">\n\t\t\t\t\t<a class=\"elementor-button elementor-button-link elementor-size-sm\" href=\"http:\/\/sumupbookings.com\/mariluxe-beauty\" target=\"_blank\" rel=\"noopener\">\n\t\t\t\t\t\t<span class=\"elementor-button-content-wrapper\">\n\t\t\t\t\t\t\t\t\t<span class=\"elementor-button-text\">Jetzt Termin buchen<\/span>\n\t\t\t\t\t<\/span>\n\t\t\t\t\t<\/a>\n\t\t\t\t<\/div>\n\t\t\t\t\t\t\t\t<\/div>\n\t\t\t\t<\/div>\n\t\t\t\t<div class=\"elementor-element elementor-element-2c543b48 elementor-widget elementor-widget-spacer\" data-id=\"2c543b48\" data-element_type=\"widget\" data-e-type=\"widget\" data-widget_type=\"spacer.default\">\n\t\t\t\t<div class=\"elementor-widget-container\">\n\t\t\t\t\t\t\t<div class=\"elementor-spacer\">\n\t\t\t<div class=\"elementor-spacer-inner\"><\/div>\n\t\t<\/div>\n\t\t\t\t\t\t<\/div>\n\t\t\t\t<\/div>\n\t\t\t\t\t<\/div>\n\t\t\t\t<\/div>\n\t\t<div class=\"elementor-element elementor-element-329afe19 e-flex e-con-boxed e-con e-parent\" data-id=\"329afe19\" data-element_type=\"container\" data-e-type=\"container\">\n\t\t\t\t\t<div class=\"e-con-inner\">\n\t\t\t\t<div class=\"elementor-element elementor-element-69f567bc elementor-widget elementor-widget-spacer\" data-id=\"69f567bc\" data-element_type=\"widget\" data-e-type=\"widget\" data-widget_type=\"spacer.default\">\n\t\t\t\t<div class=\"elementor-widget-container\">\n\t\t\t\t\t\t\t<div class=\"elementor-spacer\">\n\t\t\t<div class=\"elementor-spacer-inner\"><\/div>\n\t\t<\/div>\n\t\t\t\t\t\t<\/div>\n\t\t\t\t<\/div>\n\t\t\t\t\t<\/div>\n\t\t\t\t<\/div>\n\t\t<div class=\"elementor-element elementor-element-41daed7c e-flex e-con-boxed e-con e-parent\" data-id=\"41daed7c\" data-element_type=\"container\" data-e-type=\"container\">\n\t\t\t\t\t<div class=\"e-con-inner\">\n\t\t\t\t<div class=\"elementor-element elementor-element-5a4ed84c elementor-widget elementor-widget-spacer\" data-id=\"5a4ed84c\" data-element_type=\"widget\" data-e-type=\"widget\" data-widget_type=\"spacer.default\">\n\t\t\t\t<div class=\"elementor-widget-container\">\n\t\t\t\t\t\t\t<div class=\"elementor-spacer\">\n\t\t\t<div class=\"elementor-spacer-inner\"><\/div>\n\t\t<\/div>\n\t\t\t\t\t\t<\/div>\n\t\t\t\t<\/div>\n\t\t\t\t<div class=\"elementor-element elementor-element-17d0960f elementor-widget elementor-widget-heading\" data-id=\"17d0960f\" data-element_type=\"widget\" data-e-type=\"widget\" data-widget_type=\"heading.default\">\n\t\t\t\t<div class=\"elementor-widget-container\">\n\t\t\t\t\t<h2 class=\"elementor-heading-title elementor-size-default\">Dein neues Hautgef\u00fchl<\/h2>\t\t\t\t<\/div>\n\t\t\t\t<\/div>\n\t\t\t\t<div class=\"elementor-element elementor-element-4c4760b6 elementor-widget elementor-widget-text-editor\" data-id=\"4c4760b6\" data-element_type=\"widget\" data-e-type=\"widget\" data-widget_type=\"text-editor.default\">\n\t\t\t\t<div class=\"elementor-widget-container\">\n\t\t\t\t\t\t\t\t\t<p data-start=\"4920\" data-end=\"5260\">Unsere Haut verdient es, sauber und frei zu atmen. Mit <strong data-start=\"4975\" data-end=\"4990\">Luxe Purity<\/strong> bieten wir dir eine gezielte L\u00f6sung f\u00fcr unreine Haut, kombiniert mit der Expertise und dem Wohlf\u00fchlservice von Mariluxe Beauty. Ich nehme mir Zeit f\u00fcr dich und berate dich individuell \u2013 damit du mit einem reinen Gef\u00fchl und sichtbar verbesserter Haut nach Hause gehst.<\/p><p data-start=\"5262\" data-end=\"5438\">Erlebe die perfekte Kombination aus professioneller Ausreinigung und wohltuender Pflege \u2013 in entspannter Atmosph\u00e4re und mit hochwertigen Produkten, die deine Haut respektieren.<\/p><p data-start=\"5440\" data-end=\"5565\"><strong data-start=\"5443\" data-end=\"5482\">Jetzt Termin f\u00fcr Luxe Purity buchen<\/strong> und der Haut das geben, was sie wirklich braucht: Reinheit, Ruhe und neue Balance.<\/p>\t\t\t\t\t\t\t\t<\/div>\n\t\t\t\t<\/div>\n\t\t\t\t<div class=\"elementor-element elementor-element-12e243c3 elementor-widget elementor-widget-spacer\" data-id=\"12e243c3\" data-element_type=\"widget\" data-e-type=\"widget\" data-widget_type=\"spacer.default\">\n\t\t\t\t<div class=\"elementor-widget-container\">\n\t\t\t\t\t\t\t<div class=\"elementor-spacer\">\n\t\t\t<div class=\"elementor-spacer-inner\"><\/div>\n\t\t<\/div>\n\t\t\t\t\t\t<\/div>\n\t\t\t\t<\/div>\n\t\t\t\t<div class=\"elementor-element elementor-element-5d9dfaa elementor-widget elementor-widget-image\" data-id=\"5d9dfaa\" data-element_type=\"widget\" data-e-type=\"widget\" data-widget_type=\"image.default\">\n\t\t\t\t<div class=\"elementor-widget-container\">\n\t\t\t\t\t\t\t\t\t\t\t\t\t\t\t<img decoding=\"async\" width=\"1920\" height=\"2560\" src=\"https:\/\/mariluxe-beauty.ch\/wp-content\/uploads\/2025\/11\/IMG_9453-scaled.jpeg\" class=\"attachment-full size-full wp-image-1879\" alt=\"\" srcset=\"https:\/\/mariluxe-beauty.ch\/wp-content\/uploads\/2025\/11\/IMG_9453-scaled.jpeg 1920w, https:\/\/mariluxe-beauty.ch\/wp-content\/uploads\/2025\/11\/IMG_9453-225x300.jpeg 225w, https:\/\/mariluxe-beauty.ch\/wp-content\/uploads\/2025\/11\/IMG_9453-768x1024.jpeg 768w, https:\/\/mariluxe-beauty.ch\/wp-content\/uploads\/2025\/11\/IMG_9453-1152x1536.jpeg 1152w, https:\/\/mariluxe-beauty.ch\/wp-content\/uploads\/2025\/11\/IMG_9453-1536x2048.jpeg 1536w, https:\/\/mariluxe-beauty.ch\/wp-content\/uploads\/2025\/11\/IMG_9453-9x12.jpeg 9w\" sizes=\"(max-width: 1920px) 100vw, 1920px\" \/>\t\t\t\t\t\t\t\t\t\t\t\t\t\t\t<\/div>\n\t\t\t\t<\/div>\n\t\t\t\t<div class=\"elementor-element elementor-element-4ad2788e elementor-widget elementor-widget-spacer\" data-id=\"4ad2788e\" data-element_type=\"widget\" data-e-type=\"widget\" data-widget_type=\"spacer.default\">\n\t\t\t\t<div class=\"elementor-widget-container\">\n\t\t\t\t\t\t\t<div class=\"elementor-spacer\">\n\t\t\t<div class=\"elementor-spacer-inner\"><\/div>\n\t\t<\/div>\n\t\t\t\t\t\t<\/div>\n\t\t\t\t<\/div>\n\t\t\t\t<div class=\"elementor-element elementor-element-7d294658 elementor-align-center elementor-widget elementor-widget-button\" data-id=\"7d294658\" data-element_type=\"widget\" data-e-type=\"widget\" data-widget_type=\"button.default\">\n\t\t\t\t<div class=\"elementor-widget-container\">\n\t\t\t\t\t\t\t\t\t<div class=\"elementor-button-wrapper\">\n\t\t\t\t\t<a class=\"elementor-button elementor-button-link elementor-size-sm\" href=\"http:\/\/sumupbookings.com\/mariluxe-beauty\" target=\"_blank\" rel=\"noopener\">\n\t\t\t\t\t\t<span class=\"elementor-button-content-wrapper\">\n\t\t\t\t\t\t\t\t\t<span class=\"elementor-button-text\">Jetzt Termin buchen<\/span>\n\t\t\t\t\t<\/span>\n\t\t\t\t\t<\/a>\n\t\t\t\t<\/div>\n\t\t\t\t\t\t\t\t<\/div>\n\t\t\t\t<\/div>\n\t\t\t\t\t<\/div>\n\t\t\t\t<\/div>\n\t\t<div class=\"elementor-element elementor-element-1e357d8d e-flex e-con-boxed e-con e-parent\" data-id=\"1e357d8d\" data-element_type=\"container\" data-e-type=\"container\">\n\t\t\t\t\t<div class=\"e-con-inner\">\n\t\t\t\t<div class=\"elementor-element elementor-element-4a539765 elementor-widget elementor-widget-spacer\" data-id=\"4a539765\" data-element_type=\"widget\" data-e-type=\"widget\" data-widget_type=\"spacer.default\">\n\t\t\t\t<div class=\"elementor-widget-container\">\n\t\t\t\t\t\t\t<div class=\"elementor-spacer\">\n\t\t\t<div class=\"elementor-spacer-inner\"><\/div>\n\t\t<\/div>\n\t\t\t\t\t\t<\/div>\n\t\t\t\t<\/div>\n\t\t\t\t\t<\/div>\n\t\t\t\t<\/div>\n\t\t\t\t<\/div>\n\t\t","protected":false},"excerpt":{"rendered":"<p>Luxe Purity Tiefe Reinigung f\u00fcr klare, gesunde Haut Unreine Haut, verstopfte Poren oder ein unruhiges Hautbild k\u00f6nnen viele Ursachen haben: Stress, Hormone, Umweltbelastung oder falsche Pflege. Die Luxe Purity Behandlung geht gezielt auf diese Probleme ein. Sie bietet dir eine professionelle, porentiefe Reinigung, die deine Haut nicht nur sichtbar kl\u00e4rt, sondern ihr auch neue Balance [&hellip;]<\/p>\n","protected":false},"author":1,"featured_media":0,"parent":0,"menu_order":0,"comment_status":"closed","ping_status":"closed","template":"","meta":{"footnotes":""},"class_list":["post-1363","page","type-page","status-publish","hentry"],"_links":{"self":[{"href":"https:\/\/mariluxe-beauty.ch\/de\/wp-json\/wp\/v2\/pages\/1363","targetHints":{"allow":["GET"]}}],"collection":[{"href":"https:\/\/mariluxe-beauty.ch\/de\/wp-json\/wp\/v2\/pages"}],"about":[{"href":"https:\/\/mariluxe-beauty.ch\/de\/wp-json\/wp\/v2\/types\/page"}],"author":[{"embeddable":true,"href":"https:\/\/mariluxe-beauty.ch\/de\/wp-json\/wp\/v2\/users\/1"}],"replies":[{"embeddable":true,"href":"https:\/\/mariluxe-beauty.ch\/de\/wp-json\/wp\/v2\/comments?post=1363"}],"version-history":[{"count":10,"href":"https:\/\/mariluxe-beauty.ch\/de\/wp-json\/wp\/v2\/pages\/1363\/revisions"}],"predecessor-version":[{"id":1885,"href":"https:\/\/mariluxe-beauty.ch\/de\/wp-json\/wp\/v2\/pages\/1363\/revisions\/1885"}],"wp:attachment":[{"href":"https:\/\/mariluxe-beauty.ch\/de\/wp-json\/wp\/v2\/media?parent=1363"}],"curies":[{"name":"wp","href":"https:\/\/api.w.org\/{rel}","templated":true}]}}