{"id":1358,"date":"2025-06-12T14:11:22","date_gmt":"2025-06-12T12:11:22","guid":{"rendered":"https:\/\/mariluxe-beauty.ch\/?page_id=1358"},"modified":"2025-11-10T12:22:41","modified_gmt":"2025-11-10T11:22:41","slug":"luxe-fresh","status":"publish","type":"page","link":"https:\/\/mariluxe-beauty.ch\/de\/luxe-fresh\/","title":{"rendered":"Luxe Fresh"},"content":{"rendered":"\t\t<div data-elementor-type=\"wp-page\" data-elementor-id=\"1358\" class=\"elementor elementor-1358\" data-elementor-post-type=\"page\">\n\t\t\t\t<div class=\"elementor-element elementor-element-4d90957e e-flex e-con-boxed e-con e-parent\" data-id=\"4d90957e\" data-element_type=\"container\" data-e-type=\"container\">\n\t\t\t\t\t<div class=\"e-con-inner\">\n\t\t\t\t<div class=\"elementor-element elementor-element-1496b269 elementor-widget elementor-widget-spacer\" data-id=\"1496b269\" data-element_type=\"widget\" data-e-type=\"widget\" data-widget_type=\"spacer.default\">\n\t\t\t\t<div class=\"elementor-widget-container\">\n\t\t\t\t\t\t\t<div class=\"elementor-spacer\">\n\t\t\t<div class=\"elementor-spacer-inner\"><\/div>\n\t\t<\/div>\n\t\t\t\t\t\t<\/div>\n\t\t\t\t<\/div>\n\t\t\t\t<div class=\"elementor-element elementor-element-1df2eb50 elementor-widget elementor-widget-heading\" data-id=\"1df2eb50\" data-element_type=\"widget\" data-e-type=\"widget\" data-widget_type=\"heading.default\">\n\t\t\t\t<div class=\"elementor-widget-container\">\n\t\t\t\t\t<h1 class=\"elementor-heading-title elementor-size-default\">Luxe Fresh<\/h1>\t\t\t\t<\/div>\n\t\t\t\t<\/div>\n\t\t\t\t<div class=\"elementor-element elementor-element-58dfde17 elementor-widget elementor-widget-spacer\" data-id=\"58dfde17\" data-element_type=\"widget\" data-e-type=\"widget\" data-widget_type=\"spacer.default\">\n\t\t\t\t<div class=\"elementor-widget-container\">\n\t\t\t\t\t\t\t<div class=\"elementor-spacer\">\n\t\t\t<div class=\"elementor-spacer-inner\"><\/div>\n\t\t<\/div>\n\t\t\t\t\t\t<\/div>\n\t\t\t\t<\/div>\n\t\t\t\t<div class=\"elementor-element elementor-element-1402f512 elementor-widget elementor-widget-heading\" data-id=\"1402f512\" data-element_type=\"widget\" data-e-type=\"widget\" data-widget_type=\"heading.default\">\n\t\t\t\t<div class=\"elementor-widget-container\">\n\t\t\t\t\t<h2 class=\"elementor-heading-title elementor-size-default\">Deine schnelle Auszeit f\u00fcr frische, strahlende Haut<\/h2>\t\t\t\t<\/div>\n\t\t\t\t<\/div>\n\t\t\t\t<div class=\"elementor-element elementor-element-519c76c1 elementor-widget elementor-widget-spacer\" data-id=\"519c76c1\" data-element_type=\"widget\" data-e-type=\"widget\" data-widget_type=\"spacer.default\">\n\t\t\t\t<div class=\"elementor-widget-container\">\n\t\t\t\t\t\t\t<div class=\"elementor-spacer\">\n\t\t\t<div class=\"elementor-spacer-inner\"><\/div>\n\t\t<\/div>\n\t\t\t\t\t\t<\/div>\n\t\t\t\t<\/div>\n\t\t\t\t<div class=\"elementor-element elementor-element-1707c4ad elementor-widget elementor-widget-text-editor\" data-id=\"1707c4ad\" data-element_type=\"widget\" data-e-type=\"widget\" data-widget_type=\"text-editor.default\">\n\t\t\t\t<div class=\"elementor-widget-container\">\n\t\t\t\t\t\t\t\t\t<p data-start=\"353\" data-end=\"808\">In unserer schnelllebigen Welt bleibt oft wenig Zeit f\u00fcr Selbstf\u00fcrsorge. Doch gerade unsere Haut braucht regelm\u00e4\u00dfige Aufmerksamkeit, um gesund, strahlend und gepflegt zu bleiben. Die <strong data-start=\"536\" data-end=\"550\">Luxe Fresh<\/strong> Behandlung bei <strong data-start=\"566\" data-end=\"585\">Mariluxe Beauty<\/strong> wurde genau daf\u00fcr entwickelt: eine effektive Gesichtsreinigung f\u00fcr zwischendurch \u2013 ideal f\u00fcr alle, die viel unterwegs sind, wenig Zeit haben oder sich einfach einen kurzen, aber wirkungsvollen Beauty-Moment g\u00f6nnen m\u00f6chten.<\/p><p data-start=\"810\" data-end=\"1097\">Diese 30-min\u00fctige Behandlung ist der perfekte Einstieg in deine Hautpflegeroutine oder ein schneller Frischekick nach einem stressigen Tag. Sie vereint das Wesentliche: sanfte Reinigung, sanftes Peeling und feuchtigkeitsspendende Pflege \u2013 alles in einer kompakten, entspannenden Sitzung.<\/p>\t\t\t\t\t\t\t\t<\/div>\n\t\t\t\t<\/div>\n\t\t\t\t\t<\/div>\n\t\t\t\t<\/div>\n\t\t<div class=\"elementor-element elementor-element-58e5d815 e-flex e-con-boxed e-con e-parent\" data-id=\"58e5d815\" data-element_type=\"container\" data-e-type=\"container\">\n\t\t\t\t\t<div class=\"e-con-inner\">\n\t\t\t\t<div class=\"elementor-element elementor-element-632fb04e elementor-align-center elementor-widget elementor-widget-button\" data-id=\"632fb04e\" data-element_type=\"widget\" data-e-type=\"widget\" data-widget_type=\"button.default\">\n\t\t\t\t<div class=\"elementor-widget-container\">\n\t\t\t\t\t\t\t\t\t<div class=\"elementor-button-wrapper\">\n\t\t\t\t\t<a class=\"elementor-button elementor-button-link elementor-size-sm\" href=\"http:\/\/sumupbookings.com\/mariluxe-beauty\" target=\"_blank\" rel=\"noopener\">\n\t\t\t\t\t\t<span class=\"elementor-button-content-wrapper\">\n\t\t\t\t\t\t\t\t\t<span class=\"elementor-button-text\">Jetzt Termin buchen<\/span>\n\t\t\t\t\t<\/span>\n\t\t\t\t\t<\/a>\n\t\t\t\t<\/div>\n\t\t\t\t\t\t\t\t<\/div>\n\t\t\t\t<\/div>\n\t\t\t\t<div class=\"elementor-element elementor-element-9016644 elementor-widget elementor-widget-spacer\" data-id=\"9016644\" data-element_type=\"widget\" data-e-type=\"widget\" data-widget_type=\"spacer.default\">\n\t\t\t\t<div class=\"elementor-widget-container\">\n\t\t\t\t\t\t\t<div class=\"elementor-spacer\">\n\t\t\t<div class=\"elementor-spacer-inner\"><\/div>\n\t\t<\/div>\n\t\t\t\t\t\t<\/div>\n\t\t\t\t<\/div>\n\t\t\t\t\t<\/div>\n\t\t\t\t<\/div>\n\t\t<div class=\"elementor-element elementor-element-4eb9a5d3 e-flex e-con-boxed e-con e-parent\" data-id=\"4eb9a5d3\" data-element_type=\"container\" data-e-type=\"container\">\n\t\t\t\t\t<div class=\"e-con-inner\">\n\t\t\t\t<div class=\"elementor-element elementor-element-5f3c596a elementor-widget elementor-widget-spacer\" data-id=\"5f3c596a\" data-element_type=\"widget\" data-e-type=\"widget\" data-widget_type=\"spacer.default\">\n\t\t\t\t<div class=\"elementor-widget-container\">\n\t\t\t\t\t\t\t<div class=\"elementor-spacer\">\n\t\t\t<div class=\"elementor-spacer-inner\"><\/div>\n\t\t<\/div>\n\t\t\t\t\t\t<\/div>\n\t\t\t\t<\/div>\n\t\t\t\t<div class=\"elementor-element elementor-element-477ec91f elementor-widget elementor-widget-heading\" data-id=\"477ec91f\" data-element_type=\"widget\" data-e-type=\"widget\" data-widget_type=\"heading.default\">\n\t\t\t\t<div class=\"elementor-widget-container\">\n\t\t\t\t\t<h2 class=\"elementor-heading-title elementor-size-default\">Sanft, Schnell, Wirkungsvoll<\/h2>\t\t\t\t<\/div>\n\t\t\t\t<\/div>\n\t\t\t\t<div class=\"elementor-element elementor-element-3fdea14 elementor-widget elementor-widget-text-editor\" data-id=\"3fdea14\" data-element_type=\"widget\" data-e-type=\"widget\" data-widget_type=\"text-editor.default\">\n\t\t\t\t<div class=\"elementor-widget-container\">\n\t\t\t\t\t\t\t\t\t<p data-start=\"1173\" data-end=\"1627\">Die <strong data-start=\"1177\" data-end=\"1191\">Luxe Fresh<\/strong> Behandlung beginnt mit einer gr\u00fcndlichen Reinigung, um Make-up, Schmutzpartikel und \u00fcbersch\u00fcssigen Talg von der Haut zu entfernen. Anschlie\u00dfend folgt ein mildes Enzympeeling, das abgestorbene Hautzellen schonend l\u00f6st und die Haut glatter und aufnahmef\u00e4higer macht. Auf Wunsch kann ein Gesichtstonic zur Beruhigung und Kl\u00e4rung eingesetzt werden, bevor eine leichte, feuchtigkeitsspendende Maske oder ein frisches Serum aufgetragen wird.<\/p>\n<p data-start=\"1629\" data-end=\"1864\">Den Abschluss bildet eine pflegende Tagescreme, die die Haut sch\u00fctzt und geschmeidig h\u00e4lt. Die verwendeten Produkte sind hautfreundlich und auf alle Hauttypen abgestimmt \u2013 auch empfindliche Haut profitiert von dieser Behandlung.<\/p>\t\t\t\t\t\t\t\t<\/div>\n\t\t\t\t<\/div>\n\t\t\t\t<div class=\"elementor-element elementor-element-631d3354 elementor-widget elementor-widget-spacer\" data-id=\"631d3354\" data-element_type=\"widget\" data-e-type=\"widget\" data-widget_type=\"spacer.default\">\n\t\t\t\t<div class=\"elementor-widget-container\">\n\t\t\t\t\t\t\t<div class=\"elementor-spacer\">\n\t\t\t<div class=\"elementor-spacer-inner\"><\/div>\n\t\t<\/div>\n\t\t\t\t\t\t<\/div>\n\t\t\t\t<\/div>\n\t\t\t\t<div class=\"elementor-element elementor-element-6d4a7035 elementor-widget elementor-widget-image\" data-id=\"6d4a7035\" data-element_type=\"widget\" data-e-type=\"widget\" data-widget_type=\"image.default\">\n\t\t\t\t<div class=\"elementor-widget-container\">\n\t\t\t\t\t\t\t\t\t\t\t\t\t\t\t<img fetchpriority=\"high\" decoding=\"async\" width=\"768\" height=\"1024\" src=\"https:\/\/mariluxe-beauty.ch\/wp-content\/uploads\/2025\/11\/IMG_8183-768x1024.jpeg\" class=\"attachment-medium_large size-medium_large wp-image-1878\" alt=\"\" srcset=\"https:\/\/mariluxe-beauty.ch\/wp-content\/uploads\/2025\/11\/IMG_8183-768x1024.jpeg 768w, https:\/\/mariluxe-beauty.ch\/wp-content\/uploads\/2025\/11\/IMG_8183-225x300.jpeg 225w, https:\/\/mariluxe-beauty.ch\/wp-content\/uploads\/2025\/11\/IMG_8183-1152x1536.jpeg 1152w, https:\/\/mariluxe-beauty.ch\/wp-content\/uploads\/2025\/11\/IMG_8183-1536x2048.jpeg 1536w, https:\/\/mariluxe-beauty.ch\/wp-content\/uploads\/2025\/11\/IMG_8183-9x12.jpeg 9w, https:\/\/mariluxe-beauty.ch\/wp-content\/uploads\/2025\/11\/IMG_8183-scaled.jpeg 1920w\" sizes=\"(max-width: 768px) 100vw, 768px\" \/>\t\t\t\t\t\t\t\t\t\t\t\t\t\t\t<\/div>\n\t\t\t\t<\/div>\n\t\t\t\t<div class=\"elementor-element elementor-element-5681563a elementor-widget elementor-widget-spacer\" data-id=\"5681563a\" data-element_type=\"widget\" data-e-type=\"widget\" data-widget_type=\"spacer.default\">\n\t\t\t\t<div class=\"elementor-widget-container\">\n\t\t\t\t\t\t\t<div class=\"elementor-spacer\">\n\t\t\t<div class=\"elementor-spacer-inner\"><\/div>\n\t\t<\/div>\n\t\t\t\t\t\t<\/div>\n\t\t\t\t<\/div>\n\t\t\t\t\t<\/div>\n\t\t\t\t<\/div>\n\t\t<div class=\"elementor-element elementor-element-fb6ef1c e-flex e-con-boxed e-con e-parent\" data-id=\"fb6ef1c\" data-element_type=\"container\" data-e-type=\"container\">\n\t\t\t\t\t<div class=\"e-con-inner\">\n\t\t\t\t<div class=\"elementor-element elementor-element-5b2effa6 elementor-widget elementor-widget-spacer\" data-id=\"5b2effa6\" data-element_type=\"widget\" data-e-type=\"widget\" data-widget_type=\"spacer.default\">\n\t\t\t\t<div class=\"elementor-widget-container\">\n\t\t\t\t\t\t\t<div class=\"elementor-spacer\">\n\t\t\t<div class=\"elementor-spacer-inner\"><\/div>\n\t\t<\/div>\n\t\t\t\t\t\t<\/div>\n\t\t\t\t<\/div>\n\t\t\t\t<div class=\"elementor-element elementor-element-268fb312 elementor-widget elementor-widget-heading\" data-id=\"268fb312\" data-element_type=\"widget\" data-e-type=\"widget\" data-widget_type=\"heading.default\">\n\t\t\t\t<div class=\"elementor-widget-container\">\n\t\t\t\t\t<h2 class=\"elementor-heading-title elementor-size-default\">F\u00fcr wen ist Luxe Fresh geeignet?\n<\/h2>\t\t\t\t<\/div>\n\t\t\t\t<\/div>\n\t\t\t\t<div class=\"elementor-element elementor-element-2440611 elementor-widget elementor-widget-text-editor\" data-id=\"2440611\" data-element_type=\"widget\" data-e-type=\"widget\" data-widget_type=\"text-editor.default\">\n\t\t\t\t<div class=\"elementor-widget-container\">\n\t\t\t\t\t\t\t\t\t<p data-start=\"1917\" data-end=\"2006\"><strong data-start=\"1917\" data-end=\"1931\">Luxe Fresh<\/strong> ist f\u00fcr <strong data-start=\"1940\" data-end=\"1958\">alle Hauttypen<\/strong> geeignet und besonders empfehlenswert, wenn du\u2026<\/p><ul data-start=\"2008\" data-end=\"2298\"><li data-start=\"2008\" data-end=\"2060\"><p data-start=\"2010\" data-end=\"2060\">\u2026eine schnelle, aber gr\u00fcndliche Reinigung suchst<\/p><\/li><li data-start=\"2061\" data-end=\"2123\"><p data-start=\"2063\" data-end=\"2123\">\u2026regelm\u00e4\u00dfig Make-up tr\u00e4gst und deine Haut entlasten willst<\/p><\/li><li data-start=\"2124\" data-end=\"2196\"><p data-start=\"2126\" data-end=\"2196\">\u2026eine Behandlung suchst, die deine Haut sofort frischer wirken l\u00e4sst<\/p><\/li><li data-start=\"2197\" data-end=\"2245\"><p data-start=\"2199\" data-end=\"2245\">\u2026eine milde, hautschonende Pflege bevorzugst<\/p><\/li><li data-start=\"2246\" data-end=\"2298\"><p data-start=\"2248\" data-end=\"2298\">\u2026eine sanfte L\u00f6sung f\u00fcr empfindliche Haut brauchst<\/p><\/li><\/ul><p data-start=\"2300\" data-end=\"2490\">Die Behandlung eignet sich auch hervorragend vor besonderen Anl\u00e4ssen, Fotoshootings oder Events \u2013 als perfekte Grundlage f\u00fcr dein Make-up oder als nat\u00fcrlicher Glow ohne zus\u00e4tzlichen Aufwand.<\/p>\t\t\t\t\t\t\t\t<\/div>\n\t\t\t\t<\/div>\n\t\t\t\t<div class=\"elementor-element elementor-element-399d9f9c elementor-widget elementor-widget-spacer\" data-id=\"399d9f9c\" data-element_type=\"widget\" data-e-type=\"widget\" data-widget_type=\"spacer.default\">\n\t\t\t\t<div class=\"elementor-widget-container\">\n\t\t\t\t\t\t\t<div class=\"elementor-spacer\">\n\t\t\t<div class=\"elementor-spacer-inner\"><\/div>\n\t\t<\/div>\n\t\t\t\t\t\t<\/div>\n\t\t\t\t<\/div>\n\t\t\t\t\t<\/div>\n\t\t\t\t<\/div>\n\t\t<div class=\"elementor-element elementor-element-7f5be39a e-flex e-con-boxed e-con e-parent\" data-id=\"7f5be39a\" data-element_type=\"container\" data-e-type=\"container\">\n\t\t\t\t\t<div class=\"e-con-inner\">\n\t\t\t\t<div class=\"elementor-element elementor-element-1da9fb32 elementor-align-center elementor-widget elementor-widget-button\" data-id=\"1da9fb32\" data-element_type=\"widget\" data-e-type=\"widget\" data-widget_type=\"button.default\">\n\t\t\t\t<div class=\"elementor-widget-container\">\n\t\t\t\t\t\t\t\t\t<div class=\"elementor-button-wrapper\">\n\t\t\t\t\t<a class=\"elementor-button elementor-button-link elementor-size-sm\" href=\"http:\/\/sumupbookings.com\/mariluxe-beauty\" target=\"_blank\" rel=\"noopener\">\n\t\t\t\t\t\t<span class=\"elementor-button-content-wrapper\">\n\t\t\t\t\t\t\t\t\t<span class=\"elementor-button-text\">Jetzt Termin buchen<\/span>\n\t\t\t\t\t<\/span>\n\t\t\t\t\t<\/a>\n\t\t\t\t<\/div>\n\t\t\t\t\t\t\t\t<\/div>\n\t\t\t\t<\/div>\n\t\t\t\t<div class=\"elementor-element elementor-element-646beb95 elementor-widget elementor-widget-spacer\" data-id=\"646beb95\" data-element_type=\"widget\" data-e-type=\"widget\" data-widget_type=\"spacer.default\">\n\t\t\t\t<div class=\"elementor-widget-container\">\n\t\t\t\t\t\t\t<div class=\"elementor-spacer\">\n\t\t\t<div class=\"elementor-spacer-inner\"><\/div>\n\t\t<\/div>\n\t\t\t\t\t\t<\/div>\n\t\t\t\t<\/div>\n\t\t\t\t\t<\/div>\n\t\t\t\t<\/div>\n\t\t<div class=\"elementor-element elementor-element-52ad2b3d e-flex e-con-boxed e-con e-parent\" data-id=\"52ad2b3d\" data-element_type=\"container\" data-e-type=\"container\">\n\t\t\t\t\t<div class=\"e-con-inner\">\n\t\t\t\t<div class=\"elementor-element elementor-element-1798fac2 elementor-widget elementor-widget-spacer\" data-id=\"1798fac2\" data-element_type=\"widget\" data-e-type=\"widget\" data-widget_type=\"spacer.default\">\n\t\t\t\t<div class=\"elementor-widget-container\">\n\t\t\t\t\t\t\t<div class=\"elementor-spacer\">\n\t\t\t<div class=\"elementor-spacer-inner\"><\/div>\n\t\t<\/div>\n\t\t\t\t\t\t<\/div>\n\t\t\t\t<\/div>\n\t\t\t\t\t<\/div>\n\t\t\t\t<\/div>\n\t\t<div class=\"elementor-element elementor-element-4f86e087 e-flex e-con-boxed e-con e-parent\" data-id=\"4f86e087\" data-element_type=\"container\" data-e-type=\"container\">\n\t\t\t\t\t<div class=\"e-con-inner\">\n\t\t\t\t<div class=\"elementor-element elementor-element-baa1782 elementor-widget elementor-widget-spacer\" data-id=\"baa1782\" data-element_type=\"widget\" data-e-type=\"widget\" data-widget_type=\"spacer.default\">\n\t\t\t\t<div class=\"elementor-widget-container\">\n\t\t\t\t\t\t\t<div class=\"elementor-spacer\">\n\t\t\t<div class=\"elementor-spacer-inner\"><\/div>\n\t\t<\/div>\n\t\t\t\t\t\t<\/div>\n\t\t\t\t<\/div>\n\t\t\t\t<div class=\"elementor-element elementor-element-ba955fe elementor-widget elementor-widget-heading\" data-id=\"ba955fe\" data-element_type=\"widget\" data-e-type=\"widget\" data-widget_type=\"heading.default\">\n\t\t\t\t<div class=\"elementor-widget-container\">\n\t\t\t\t\t<h2 class=\"elementor-heading-title elementor-size-default\">Dein Moment der Frische bei Mariluxe Beauty\n<\/h2>\t\t\t\t<\/div>\n\t\t\t\t<\/div>\n\t\t\t\t<div class=\"elementor-element elementor-element-41aca9c elementor-widget elementor-widget-text-editor\" data-id=\"41aca9c\" data-element_type=\"widget\" data-e-type=\"widget\" data-widget_type=\"text-editor.default\">\n\t\t\t\t<div class=\"elementor-widget-container\">\n\t\t\t\t\t\t\t\t\t<p data-start=\"2554\" data-end=\"2885\">Ob in deiner Mittagspause, nach dem B\u00fcro oder einfach, weil du es dir verdient hast \u2013 mit <strong data-start=\"2644\" data-end=\"2658\">Luxe Fresh<\/strong> schenkst du dir selbst und deiner Haut einen kleinen Luxusmoment. Bei mir erwartet dich nicht nur eine wohltuende Behandlung, sondern auch eine entspannte Atmosph\u00e4re, in der du dich sofort wohlf\u00fchlst.<\/p><p data-start=\"2887\" data-end=\"3119\">Ich werde dich gerne beraten und werde die Produkte genau fu deinen Hauttyp anpassen \u2013 f\u00fcr ein optimales Ergebnis mit sichtbarem Sofort-Effekt. G\u00f6nn dir die Pflege, die deine Haut verdient \u2013 auch wenn es mal schnell gehen muss.<\/p><p data-start=\"2887\" data-end=\"3119\"><strong data-start=\"3124\" data-end=\"3168\">Buche jetzt deinen Termin f\u00fcr Luxe Fresh<\/strong> und erlebe, wie gut sich 30 Minuten Auszeit anf\u00fchlen k\u00f6nnen.<br data-start=\"3229\" data-end=\"3232\" \/>Deine Haut wird es dir danken \u2013 und du wirst es sehen.<\/p>\t\t\t\t\t\t\t\t<\/div>\n\t\t\t\t<\/div>\n\t\t\t\t<div class=\"elementor-element elementor-element-40b465f1 elementor-widget elementor-widget-spacer\" data-id=\"40b465f1\" data-element_type=\"widget\" data-e-type=\"widget\" data-widget_type=\"spacer.default\">\n\t\t\t\t<div class=\"elementor-widget-container\">\n\t\t\t\t\t\t\t<div class=\"elementor-spacer\">\n\t\t\t<div class=\"elementor-spacer-inner\"><\/div>\n\t\t<\/div>\n\t\t\t\t\t\t<\/div>\n\t\t\t\t<\/div>\n\t\t\t\t<div class=\"elementor-element elementor-element-229761e1 elementor-widget elementor-widget-image\" data-id=\"229761e1\" data-element_type=\"widget\" data-e-type=\"widget\" data-widget_type=\"image.default\">\n\t\t\t\t<div class=\"elementor-widget-container\">\n\t\t\t\t\t\t\t\t\t\t\t\t\t\t\t<img decoding=\"async\" width=\"768\" height=\"1024\" src=\"https:\/\/mariluxe-beauty.ch\/wp-content\/uploads\/2025\/11\/IMG_9453-768x1024.jpeg\" class=\"attachment-medium_large size-medium_large wp-image-1879\" alt=\"\" srcset=\"https:\/\/mariluxe-beauty.ch\/wp-content\/uploads\/2025\/11\/IMG_9453-768x1024.jpeg 768w, https:\/\/mariluxe-beauty.ch\/wp-content\/uploads\/2025\/11\/IMG_9453-225x300.jpeg 225w, https:\/\/mariluxe-beauty.ch\/wp-content\/uploads\/2025\/11\/IMG_9453-1152x1536.jpeg 1152w, https:\/\/mariluxe-beauty.ch\/wp-content\/uploads\/2025\/11\/IMG_9453-1536x2048.jpeg 1536w, https:\/\/mariluxe-beauty.ch\/wp-content\/uploads\/2025\/11\/IMG_9453-9x12.jpeg 9w, https:\/\/mariluxe-beauty.ch\/wp-content\/uploads\/2025\/11\/IMG_9453-scaled.jpeg 1920w\" sizes=\"(max-width: 768px) 100vw, 768px\" \/>\t\t\t\t\t\t\t\t\t\t\t\t\t\t\t<\/div>\n\t\t\t\t<\/div>\n\t\t\t\t<div class=\"elementor-element elementor-element-2946d4b7 elementor-widget elementor-widget-spacer\" data-id=\"2946d4b7\" data-element_type=\"widget\" data-e-type=\"widget\" data-widget_type=\"spacer.default\">\n\t\t\t\t<div class=\"elementor-widget-container\">\n\t\t\t\t\t\t\t<div class=\"elementor-spacer\">\n\t\t\t<div class=\"elementor-spacer-inner\"><\/div>\n\t\t<\/div>\n\t\t\t\t\t\t<\/div>\n\t\t\t\t<\/div>\n\t\t\t\t<div class=\"elementor-element elementor-element-107f2f03 elementor-align-center elementor-widget elementor-widget-button\" data-id=\"107f2f03\" data-element_type=\"widget\" data-e-type=\"widget\" data-widget_type=\"button.default\">\n\t\t\t\t<div class=\"elementor-widget-container\">\n\t\t\t\t\t\t\t\t\t<div class=\"elementor-button-wrapper\">\n\t\t\t\t\t<a class=\"elementor-button elementor-button-link elementor-size-sm\" href=\"http:\/\/sumupbookings.com\/mariluxe-beauty\" target=\"_blank\" rel=\"noopener\">\n\t\t\t\t\t\t<span class=\"elementor-button-content-wrapper\">\n\t\t\t\t\t\t\t\t\t<span class=\"elementor-button-text\">Jetzt Termin buchen<\/span>\n\t\t\t\t\t<\/span>\n\t\t\t\t\t<\/a>\n\t\t\t\t<\/div>\n\t\t\t\t\t\t\t\t<\/div>\n\t\t\t\t<\/div>\n\t\t\t\t\t<\/div>\n\t\t\t\t<\/div>\n\t\t<div class=\"elementor-element elementor-element-ded1b0d e-flex e-con-boxed e-con e-parent\" data-id=\"ded1b0d\" data-element_type=\"container\" data-e-type=\"container\">\n\t\t\t\t\t<div class=\"e-con-inner\">\n\t\t\t\t<div class=\"elementor-element elementor-element-1299667a elementor-widget elementor-widget-spacer\" data-id=\"1299667a\" data-element_type=\"widget\" data-e-type=\"widget\" data-widget_type=\"spacer.default\">\n\t\t\t\t<div class=\"elementor-widget-container\">\n\t\t\t\t\t\t\t<div class=\"elementor-spacer\">\n\t\t\t<div class=\"elementor-spacer-inner\"><\/div>\n\t\t<\/div>\n\t\t\t\t\t\t<\/div>\n\t\t\t\t<\/div>\n\t\t\t\t\t<\/div>\n\t\t\t\t<\/div>\n\t\t\t\t<\/div>\n\t\t","protected":false},"excerpt":{"rendered":"<p>Luxe Fresh Deine schnelle Auszeit f\u00fcr frische, strahlende Haut In unserer schnelllebigen Welt bleibt oft wenig Zeit f\u00fcr Selbstf\u00fcrsorge. Doch gerade unsere Haut braucht regelm\u00e4\u00dfige Aufmerksamkeit, um gesund, strahlend und gepflegt zu bleiben. Die Luxe Fresh Behandlung bei Mariluxe Beauty wurde genau daf\u00fcr entwickelt: eine effektive Gesichtsreinigung f\u00fcr zwischendurch \u2013 ideal f\u00fcr alle, die viel [&hellip;]<\/p>\n","protected":false},"author":1,"featured_media":0,"parent":0,"menu_order":0,"comment_status":"closed","ping_status":"closed","template":"","meta":{"footnotes":""},"class_list":["post-1358","page","type-page","status-publish","hentry"],"_links":{"self":[{"href":"https:\/\/mariluxe-beauty.ch\/de\/wp-json\/wp\/v2\/pages\/1358","targetHints":{"allow":["GET"]}}],"collection":[{"href":"https:\/\/mariluxe-beauty.ch\/de\/wp-json\/wp\/v2\/pages"}],"about":[{"href":"https:\/\/mariluxe-beauty.ch\/de\/wp-json\/wp\/v2\/types\/page"}],"author":[{"embeddable":true,"href":"https:\/\/mariluxe-beauty.ch\/de\/wp-json\/wp\/v2\/users\/1"}],"replies":[{"embeddable":true,"href":"https:\/\/mariluxe-beauty.ch\/de\/wp-json\/wp\/v2\/comments?post=1358"}],"version-history":[{"count":10,"href":"https:\/\/mariluxe-beauty.ch\/de\/wp-json\/wp\/v2\/pages\/1358\/revisions"}],"predecessor-version":[{"id":1888,"href":"https:\/\/mariluxe-beauty.ch\/de\/wp-json\/wp\/v2\/pages\/1358\/revisions\/1888"}],"wp:attachment":[{"href":"https:\/\/mariluxe-beauty.ch\/de\/wp-json\/wp\/v2\/media?parent=1358"}],"curies":[{"name":"wp","href":"https:\/\/api.w.org\/{rel}","templated":true}]}}